{"id":2753,"date":"2021-01-27T14:32:03","date_gmt":"2021-01-27T13:32:03","guid":{"rendered":"https:\/\/blogsaverroes.juntadeandalucia.es\/iessanisidro\/?page_id=2753"},"modified":"2021-03-30T11:19:43","modified_gmt":"2021-03-30T10:19:43","slug":"impulsa","status":"publish","type":"page","link":"https:\/\/blogsaverroes.juntadeandalucia.es\/iessanisidro\/impulsa\/","title":{"rendered":"PROGRAMA IMPULSA 1"},"content":{"rendered":"<h3><img loading=\"lazy\" decoding=\"async\" class=\"wp-image-2710 alignleft\" src=\"https:\/\/blogsaverroes.juntadeandalucia.es\/iessanisidro\/files\/2020\/12\/Cartel-Impulsa-San-Isidro-Modificado-723x1024.jpg\" alt=\"\" width=\"527\" height=\"747\" srcset=\"https:\/\/blogsaverroes.juntadeandalucia.es\/iessanisidro\/files\/2020\/12\/Cartel-Impulsa-San-Isidro-Modificado-723x1024.jpg 723w, https:\/\/blogsaverroes.juntadeandalucia.es\/iessanisidro\/files\/2020\/12\/Cartel-Impulsa-San-Isidro-Modificado-212x300.jpg 212w, https:\/\/blogsaverroes.juntadeandalucia.es\/iessanisidro\/files\/2020\/12\/Cartel-Impulsa-San-Isidro-Modificado-768x1087.jpg 768w, https:\/\/blogsaverroes.juntadeandalucia.es\/iessanisidro\/files\/2020\/12\/Cartel-Impulsa-San-Isidro-Modificado-1085x1536.jpg 1085w, https:\/\/blogsaverroes.juntadeandalucia.es\/iessanisidro\/files\/2020\/12\/Cartel-Impulsa-San-Isidro-Modificado-1447x2048.jpg 1447w, https:\/\/blogsaverroes.juntadeandalucia.es\/iessanisidro\/files\/2020\/12\/Cartel-Impulsa-San-Isidro-Modificado-17x24.jpg 17w, https:\/\/blogsaverroes.juntadeandalucia.es\/iessanisidro\/files\/2020\/12\/Cartel-Impulsa-San-Isidro-Modificado-25x36.jpg 25w, https:\/\/blogsaverroes.juntadeandalucia.es\/iessanisidro\/files\/2020\/12\/Cartel-Impulsa-San-Isidro-Modificado-34x48.jpg 34w, https:\/\/blogsaverroes.juntadeandalucia.es\/iessanisidro\/files\/2020\/12\/Cartel-Impulsa-San-Isidro-Modificado-scaled.jpg 1809w\" sizes=\"(max-width: 527px) 100vw, 527px\" \/><\/h3>\n<p>Les comunicamos que la pr\u00f3xima semana (del 23 al 27 noviembre de 2020) van a desarrollarse en el centro una serie de TORNEOS para el alumnado de 2\u00ba ESO y 3\u00ba de ESO, en el marco del PROGRAMA IMPULSA aprobado en Consejo Escolar el 3 de febrero de 2020.<\/p>\n<p>La <strong>participaci\u00f3n del alumnado<\/strong>, dado que se trata de una actividad complementaria que se va a desarrollar en horario lectivo ser\u00e1 <strong>obligatoria<\/strong> y <u>no ocupar\u00e1 m\u00e1s de 2 horas cada d\u00eda de la semana a cada uno de los grupos<\/u>. El resto de horas de clase se desarrollar\u00e1n con normalidad.<\/p>\n<p>Descripci\u00f3n detallada de las medidas previstas:<\/p>\n<p>Realizaci\u00f3n de Semana de Torneos para el alumnado de <strong>2\u00ba y 3\u00ba ESO<\/strong> para conseguir un premio grupal.<\/p>\n<p>El car\u00e1cter l\u00fadico de estos torneos podr\u00eda favorecer el inter\u00e9s por la asistencia y participaci\u00f3n del alumnado en general, aunque ser\u00eda un elemento motivador para el alumnado de car\u00e1cter absentista al ofrecerle la posibilidad de integrarse en el grupo a la vez que se refuerzan las competencias clave y el compa\u00f1erismo que requiere el trabajo colaborativo para lograr un fin com\u00fan.<\/p>\n<p>Una vez obtenidas las puntuaciones finales, la clase que obtenga mejores resultados, recibir\u00e1 un premio:<\/p>\n<p>Salida de la clase (o clases) ganadora a una actividad Multi-aventura en AVENTURA AMAZONIA. (se desarrrollar\u00e1 con las debidas garant\u00edas sanitarias y siempre que lo permitan las autoridades en materia de sanidad).<\/p>\n<p>&nbsp;<\/p>\n<p>&nbsp;<\/p>\n<p><span style=\"color: #ff0000\">CALENDARIO DE TORNEOS:<\/span><\/p>\n<p><img loading=\"lazy\" decoding=\"async\" class=\"wp-image-2680 aligncenter\" src=\"https:\/\/blogsaverroes.juntadeandalucia.es\/iessanisidro\/files\/2020\/11\/Calendario-Torneos.jpg\" alt=\"\" width=\"525\" height=\"552\" srcset=\"https:\/\/blogsaverroes.juntadeandalucia.es\/iessanisidro\/files\/2020\/11\/Calendario-Torneos.jpg 781w, https:\/\/blogsaverroes.juntadeandalucia.es\/iessanisidro\/files\/2020\/11\/Calendario-Torneos-285x300.jpg 285w, https:\/\/blogsaverroes.juntadeandalucia.es\/iessanisidro\/files\/2020\/11\/Calendario-Torneos-768x808.jpg 768w, https:\/\/blogsaverroes.juntadeandalucia.es\/iessanisidro\/files\/2020\/11\/Calendario-Torneos-24x24.jpg 24w, https:\/\/blogsaverroes.juntadeandalucia.es\/iessanisidro\/files\/2020\/11\/Calendario-Torneos-34x36.jpg 34w, https:\/\/blogsaverroes.juntadeandalucia.es\/iessanisidro\/files\/2020\/11\/Calendario-Torneos-46x48.jpg 46w\" sizes=\"(max-width: 525px) 100vw, 525px\" \/><\/p>\n<p><span style=\"color: #ff0000\">TORNEOS POR GRUPOS: <a href=\"https:\/\/blogsaverroes.juntadeandalucia.es\/iessanisidro\/files\/2020\/11\/Torneos-por-grupos.pdf\">Torneos por grupos<\/a><\/span><\/p>\n<p>&nbsp;<\/p>\n<p><img loading=\"lazy\" decoding=\"async\" class=\"aligncenter size-large wp-image-2622\" src=\"https:\/\/blogsaverroes.juntadeandalucia.es\/iessanisidro\/files\/2020\/10\/Impulsa-premio-1024x724.jpg\" alt=\"\" width=\"1024\" height=\"724\" srcset=\"https:\/\/blogsaverroes.juntadeandalucia.es\/iessanisidro\/files\/2020\/10\/Impulsa-premio-1024x724.jpg 1024w, https:\/\/blogsaverroes.juntadeandalucia.es\/iessanisidro\/files\/2020\/10\/Impulsa-premio-300x212.jpg 300w, https:\/\/blogsaverroes.juntadeandalucia.es\/iessanisidro\/files\/2020\/10\/Impulsa-premio-768x543.jpg 768w, https:\/\/blogsaverroes.juntadeandalucia.es\/iessanisidro\/files\/2020\/10\/Impulsa-premio-1536x1086.jpg 1536w, https:\/\/blogsaverroes.juntadeandalucia.es\/iessanisidro\/files\/2020\/10\/Impulsa-premio-2048x1448.jpg 2048w, https:\/\/blogsaverroes.juntadeandalucia.es\/iessanisidro\/files\/2020\/10\/Impulsa-premio-24x17.jpg 24w, https:\/\/blogsaverroes.juntadeandalucia.es\/iessanisidro\/files\/2020\/10\/Impulsa-premio-36x25.jpg 36w, https:\/\/blogsaverroes.juntadeandalucia.es\/iessanisidro\/files\/2020\/10\/Impulsa-premio-48x34.jpg 48w\" sizes=\"(max-width: 1024px) 100vw, 1024px\" \/><\/p>\n<p>&nbsp;<\/p>\n<h3 style=\"text-align: center\">LAS CLASES GANADORAS HAN SIDO:&nbsp;&nbsp;<\/h3>\n<h1 style=\"text-align: center\">2\u00baD y 3\u00baD<\/h1>\n<h1 style=\"text-align: center\"><span style=\"color: #ff0000\">\u00a1FELICIDADES!<\/span><\/h1>\n<h3>&nbsp;<\/h3>\n<div style=\"width: 1920px;\" class=\"wp-video\"><!--[if lt IE 9]><script>document.createElement('video');<\/script><![endif]-->\n<video class=\"wp-video-shortcode\" id=\"video-2753-1\" width=\"1920\" height=\"1080\" preload=\"metadata\" controls=\"controls\"><source type=\"video\/mp4\" src=\"https:\/\/blogsaverroes.juntadeandalucia.es\/iessanisidro\/files\/2021\/03\/Impulsa-1-IES-SAN-ISIDRO.mp4?_=1\" \/><a href=\"https:\/\/blogsaverroes.juntadeandalucia.es\/iessanisidro\/files\/2021\/03\/Impulsa-1-IES-SAN-ISIDRO.mp4\">https:\/\/blogsaverroes.juntadeandalucia.es\/iessanisidro\/files\/2021\/03\/Impulsa-1-IES-SAN-ISIDRO.mp4<\/a><\/video><\/div>\n<h3>&nbsp;<\/h3>\n<p>&nbsp;<\/p>\n","protected":false},"excerpt":{"rendered":"<p>Les comunicamos que la pr\u00f3xima semana (del 23 al 27 noviembre de 2020) van a desarrollarse en el centro una serie de TORNEOS para el alumnado de 2\u00ba ESO y 3\u00ba de ESO, en&#46;&#46;&#46;<\/p>\n","protected":false},"author":10042,"featured_media":0,"parent":0,"menu_order":0,"comment_status":"closed","ping_status":"closed","template":"","meta":{"ngg_post_thumbnail":0,"footnotes":"","_mc_calendar":[]},"aioseo_notices":[],"_links":{"self":[{"href":"https:\/\/blogsaverroes.juntadeandalucia.es\/iessanisidro\/wp-json\/wp\/v2\/pages\/2753"}],"collection":[{"href":"https:\/\/blogsaverroes.juntadeandalucia.es\/iessanisidro\/wp-json\/wp\/v2\/pages"}],"about":[{"href":"https:\/\/blogsaverroes.juntadeandalucia.es\/iessanisidro\/wp-json\/wp\/v2\/types\/page"}],"author":[{"embeddable":true,"href":"https:\/\/blogsaverroes.juntadeandalucia.es\/iessanisidro\/wp-json\/wp\/v2\/users\/10042"}],"replies":[{"embeddable":true,"href":"https:\/\/blogsaverroes.juntadeandalucia.es\/iessanisidro\/wp-json\/wp\/v2\/comments?post=2753"}],"version-history":[{"count":4,"href":"https:\/\/blogsaverroes.juntadeandalucia.es\/iessanisidro\/wp-json\/wp\/v2\/pages\/2753\/revisions"}],"predecessor-version":[{"id":2921,"href":"https:\/\/blogsaverroes.juntadeandalucia.es\/iessanisidro\/wp-json\/wp\/v2\/pages\/2753\/revisions\/2921"}],"wp:attachment":[{"href":"https:\/\/blogsaverroes.juntadeandalucia.es\/iessanisidro\/wp-json\/wp\/v2\/media?parent=2753"}],"curies":[{"name":"wp","href":"https:\/\/api.w.org\/{rel}","templated":true}]}}