{"id":2783,"date":"2021-03-08T11:27:12","date_gmt":"2021-03-08T10:27:12","guid":{"rendered":"https:\/\/blogsaverroes.juntadeandalucia.es\/iessanisidro\/?page_id=2783"},"modified":"2021-06-25T10:06:48","modified_gmt":"2021-06-25T09:06:48","slug":"programa-impulsa-2","status":"publish","type":"page","link":"https:\/\/blogsaverroes.juntadeandalucia.es\/iessanisidro\/programa-impulsa-2\/","title":{"rendered":"Programa IMPULSA 2"},"content":{"rendered":"<div style=\"width: 848px;\" class=\"wp-video\"><!--[if lt IE 9]><script>document.createElement('video');<\/script><![endif]-->\n<video class=\"wp-video-shortcode\" id=\"video-2783-1\" width=\"848\" height=\"480\" preload=\"metadata\" controls=\"controls\"><source type=\"video\/mp4\" src=\"https:\/\/blogsaverroes.juntadeandalucia.es\/iessanisidro\/files\/2021\/06\/VIDEO_TU_ROBOT.mp4?_=1\" \/><a href=\"https:\/\/blogsaverroes.juntadeandalucia.es\/iessanisidro\/files\/2021\/06\/VIDEO_TU_ROBOT.mp4\">https:\/\/blogsaverroes.juntadeandalucia.es\/iessanisidro\/files\/2021\/06\/VIDEO_TU_ROBOT.mp4<\/a><\/video><\/div>\n<p><img loading=\"lazy\" decoding=\"async\" class=\"aligncenter size-large wp-image-2786\" src=\"https:\/\/blogsaverroes.juntadeandalucia.es\/iessanisidro\/files\/2021\/03\/cartel-tu-robot-723x1024.jpg\" alt=\"\" width=\"723\" height=\"1024\" srcset=\"https:\/\/blogsaverroes.juntadeandalucia.es\/iessanisidro\/files\/2021\/03\/cartel-tu-robot-723x1024.jpg 723w, https:\/\/blogsaverroes.juntadeandalucia.es\/iessanisidro\/files\/2021\/03\/cartel-tu-robot-212x300.jpg 212w, https:\/\/blogsaverroes.juntadeandalucia.es\/iessanisidro\/files\/2021\/03\/cartel-tu-robot-768x1087.jpg 768w, https:\/\/blogsaverroes.juntadeandalucia.es\/iessanisidro\/files\/2021\/03\/cartel-tu-robot-1085x1536.jpg 1085w, https:\/\/blogsaverroes.juntadeandalucia.es\/iessanisidro\/files\/2021\/03\/cartel-tu-robot-1447x2048.jpg 1447w, https:\/\/blogsaverroes.juntadeandalucia.es\/iessanisidro\/files\/2021\/03\/cartel-tu-robot-scaled.jpg 1809w\" sizes=\"(max-width: 723px) 100vw, 723px\" \/><\/p>\n<p>Para el presente curso 2020\/21 se va a desarrollar el Programa IMPULSA 2 que se va a enfocar en el campo de la <strong>PROGRAMACI\u00d3N, ROB\u00d3TICA E IMPRESI\u00d3N 3D<\/strong>. Se van a realizar una serie de talleres para iniciarse en este campo de la tecnolog\u00eda dirigidos al alumnado de <strong>3\u00ba ESO y 4\u00ba ESO,<\/strong> que tendr\u00e1n lugar en el propio centro, dentro del horario lectivo y a lo largo de los meses de marzo, abril y mayo.<\/p>\n<p>La <strong>participaci\u00f3n del alumnado<\/strong>, dado que se trata de una actividad complementaria que se va a desarrollar en horario lectivo ser\u00e1 <strong>obligatoria<\/strong> y ocupar\u00e1 un total de 8 horas&nbsp;<span lang=\"ES\">repartidas en 4 sesiones de 2 horas <\/span>a lo largo del 3er. trimestre.<\/p>\n<p><span lang=\"ES\">Consideramos que e<\/span>l car\u00e1cter pr\u00e1ctico<span lang=\"ES\"> de estos talleres<\/span>, el uso de nuevas tecnolog\u00edas y la innovaci\u00f3n digital, as\u00ed como el desarrollo de la iniciativa y el esp\u00edritu emprendedor favorecen la motivaci\u00f3n<span lang=\"ES\"> del alumnado para adentrarse en este campo del conocimiento cient\u00edfico-tecnol\u00f3gico que, cada vez m\u00e1s, impregna la actividad socio-econ\u00f3mica de nuestro entorno.<\/span><\/p>\n<p>Es por ello que desde el IES San Isidro esperamos que sea un Programa que ayude a completar la formaci\u00f3n de los alumnos y alumnas, que promueva y desarrolle su aprendizaje en el \u00e1mbito STEAM (ciencia, tecnolog\u00eda, ingenier\u00eda, arte y matem\u00e1ticas) y favorezca un enfoque cr\u00edtico y conocedor del funcionamiento de las nuevas tecnolog\u00edas.<\/p>\n<p><a href=\"https:\/\/blogsaverroes.juntadeandalucia.es\/iessanisidro\/3d0f325c-3231-4da0-b594-da2ea634c985_1_105_c\/\"><img loading=\"lazy\" decoding=\"async\" class=\"aligncenter size-large wp-image-3094\" src=\"https:\/\/blogsaverroes.juntadeandalucia.es\/iessanisidro\/files\/2021\/06\/3D0F325C-3231-4DA0-B594-DA2EA634C985_1_105_c-1024x576.jpeg\" alt=\"\" width=\"1024\" height=\"576\" srcset=\"https:\/\/blogsaverroes.juntadeandalucia.es\/iessanisidro\/files\/2021\/06\/3D0F325C-3231-4DA0-B594-DA2EA634C985_1_105_c-1024x576.jpeg 1024w, https:\/\/blogsaverroes.juntadeandalucia.es\/iessanisidro\/files\/2021\/06\/3D0F325C-3231-4DA0-B594-DA2EA634C985_1_105_c-300x169.jpeg 300w, https:\/\/blogsaverroes.juntadeandalucia.es\/iessanisidro\/files\/2021\/06\/3D0F325C-3231-4DA0-B594-DA2EA634C985_1_105_c-768x432.jpeg 768w, https:\/\/blogsaverroes.juntadeandalucia.es\/iessanisidro\/files\/2021\/06\/3D0F325C-3231-4DA0-B594-DA2EA634C985_1_105_c.jpeg 1182w\" sizes=\"(max-width: 1024px) 100vw, 1024px\" \/><\/a><a href=\"https:\/\/blogsaverroes.juntadeandalucia.es\/iessanisidro\/179d24ea-dc82-419a-893c-3b9ebee74a09_1_105_c\/\"><img loading=\"lazy\" decoding=\"async\" class=\"aligncenter size-large wp-image-3093\" src=\"https:\/\/blogsaverroes.juntadeandalucia.es\/iessanisidro\/files\/2021\/06\/179D24EA-DC82-419A-893C-3B9EBEE74A09_1_105_c-1024x576.jpeg\" alt=\"\" width=\"1024\" height=\"576\" srcset=\"https:\/\/blogsaverroes.juntadeandalucia.es\/iessanisidro\/files\/2021\/06\/179D24EA-DC82-419A-893C-3B9EBEE74A09_1_105_c-1024x576.jpeg 1024w, https:\/\/blogsaverroes.juntadeandalucia.es\/iessanisidro\/files\/2021\/06\/179D24EA-DC82-419A-893C-3B9EBEE74A09_1_105_c-300x169.jpeg 300w, https:\/\/blogsaverroes.juntadeandalucia.es\/iessanisidro\/files\/2021\/06\/179D24EA-DC82-419A-893C-3B9EBEE74A09_1_105_c-768x432.jpeg 768w, https:\/\/blogsaverroes.juntadeandalucia.es\/iessanisidro\/files\/2021\/06\/179D24EA-DC82-419A-893C-3B9EBEE74A09_1_105_c.jpeg 1182w\" sizes=\"(max-width: 1024px) 100vw, 1024px\" \/><\/a><\/p>\n<p><a href=\"https:\/\/blogsaverroes.juntadeandalucia.es\/iessanisidro\/a2cf2356-cc67-4b5c-afe9-d17105687060_1_105_c\/\"><img loading=\"lazy\" decoding=\"async\" class=\"aligncenter size-full wp-image-3100\" src=\"https:\/\/blogsaverroes.juntadeandalucia.es\/iessanisidro\/files\/2021\/06\/A2CF2356-CC67-4B5C-AFE9-D17105687060_1_105_c.jpeg\" alt=\"\" width=\"1024\" height=\"768\" srcset=\"https:\/\/blogsaverroes.juntadeandalucia.es\/iessanisidro\/files\/2021\/06\/A2CF2356-CC67-4B5C-AFE9-D17105687060_1_105_c.jpeg 1024w, https:\/\/blogsaverroes.juntadeandalucia.es\/iessanisidro\/files\/2021\/06\/A2CF2356-CC67-4B5C-AFE9-D17105687060_1_105_c-300x225.jpeg 300w, https:\/\/blogsaverroes.juntadeandalucia.es\/iessanisidro\/files\/2021\/06\/A2CF2356-CC67-4B5C-AFE9-D17105687060_1_105_c-768x576.jpeg 768w\" sizes=\"(max-width: 1024px) 100vw, 1024px\" \/><\/a><\/p>\n<p><a href=\"https:\/\/blogsaverroes.juntadeandalucia.es\/iessanisidro\/9b81ba10-4f30-4816-afab-bbda49f83f74_1_105_c\/\"><img loading=\"lazy\" decoding=\"async\" class=\"aligncenter size-full wp-image-3097\" src=\"https:\/\/blogsaverroes.juntadeandalucia.es\/iessanisidro\/files\/2021\/06\/9B81BA10-4F30-4816-AFAB-BBDA49F83F74_1_105_c.jpeg\" alt=\"\" width=\"768\" height=\"1024\" srcset=\"https:\/\/blogsaverroes.juntadeandalucia.es\/iessanisidro\/files\/2021\/06\/9B81BA10-4F30-4816-AFAB-BBDA49F83F74_1_105_c.jpeg 768w, https:\/\/blogsaverroes.juntadeandalucia.es\/iessanisidro\/files\/2021\/06\/9B81BA10-4F30-4816-AFAB-BBDA49F83F74_1_105_c-225x300.jpeg 225w\" sizes=\"(max-width: 768px) 100vw, 768px\" \/><\/a><\/p>\n<p><a href=\"https:\/\/blogsaverroes.juntadeandalucia.es\/iessanisidro\/8231212a-668b-48e7-b817-4686c782877d_1_105_c\/\"><img loading=\"lazy\" decoding=\"async\" class=\"aligncenter size-large wp-image-3102\" src=\"https:\/\/blogsaverroes.juntadeandalucia.es\/iessanisidro\/files\/2021\/06\/8231212A-668B-48E7-B817-4686C782877D_1_105_c-576x1024.jpeg\" alt=\"\" width=\"576\" height=\"1024\" srcset=\"https:\/\/blogsaverroes.juntadeandalucia.es\/iessanisidro\/files\/2021\/06\/8231212A-668B-48E7-B817-4686C782877D_1_105_c-576x1024.jpeg 576w, https:\/\/blogsaverroes.juntadeandalucia.es\/iessanisidro\/files\/2021\/06\/8231212A-668B-48E7-B817-4686C782877D_1_105_c-169x300.jpeg 169w, https:\/\/blogsaverroes.juntadeandalucia.es\/iessanisidro\/files\/2021\/06\/8231212A-668B-48E7-B817-4686C782877D_1_105_c.jpeg 665w\" sizes=\"(max-width: 576px) 100vw, 576px\" \/><\/a><\/p>\n<p><a href=\"https:\/\/blogsaverroes.juntadeandalucia.es\/iessanisidro\/c2e44298-1103-4311-ab87-e3719dba1f8e_1_105_c\/\"><img loading=\"lazy\" decoding=\"async\" class=\"aligncenter size-full wp-image-3098\" src=\"https:\/\/blogsaverroes.juntadeandalucia.es\/iessanisidro\/files\/2021\/06\/C2E44298-1103-4311-AB87-E3719DBA1F8E_1_105_c.jpeg\" alt=\"\" width=\"1024\" height=\"768\" srcset=\"https:\/\/blogsaverroes.juntadeandalucia.es\/iessanisidro\/files\/2021\/06\/C2E44298-1103-4311-AB87-E3719DBA1F8E_1_105_c.jpeg 1024w, https:\/\/blogsaverroes.juntadeandalucia.es\/iessanisidro\/files\/2021\/06\/C2E44298-1103-4311-AB87-E3719DBA1F8E_1_105_c-300x225.jpeg 300w, https:\/\/blogsaverroes.juntadeandalucia.es\/iessanisidro\/files\/2021\/06\/C2E44298-1103-4311-AB87-E3719DBA1F8E_1_105_c-768x576.jpeg 768w\" sizes=\"(max-width: 1024px) 100vw, 1024px\" \/><\/a><\/p>\n","protected":false},"excerpt":{"rendered":"<p>Para el presente curso 2020\/21 se va a desarrollar el Programa IMPULSA 2 que se va a enfocar en el campo de la PROGRAMACI\u00d3N, ROB\u00d3TICA E IMPRESI\u00d3N 3D. Se van a realizar una serie&#46;&#46;&#46;<\/p>\n","protected":false},"author":10042,"featured_media":0,"parent":0,"menu_order":0,"comment_status":"closed","ping_status":"closed","template":"","meta":{"ngg_post_thumbnail":0,"footnotes":"","_mc_calendar":[]},"aioseo_notices":[],"_links":{"self":[{"href":"https:\/\/blogsaverroes.juntadeandalucia.es\/iessanisidro\/wp-json\/wp\/v2\/pages\/2783"}],"collection":[{"href":"https:\/\/blogsaverroes.juntadeandalucia.es\/iessanisidro\/wp-json\/wp\/v2\/pages"}],"about":[{"href":"https:\/\/blogsaverroes.juntadeandalucia.es\/iessanisidro\/wp-json\/wp\/v2\/types\/page"}],"author":[{"embeddable":true,"href":"https:\/\/blogsaverroes.juntadeandalucia.es\/iessanisidro\/wp-json\/wp\/v2\/users\/10042"}],"replies":[{"embeddable":true,"href":"https:\/\/blogsaverroes.juntadeandalucia.es\/iessanisidro\/wp-json\/wp\/v2\/comments?post=2783"}],"version-history":[{"count":9,"href":"https:\/\/blogsaverroes.juntadeandalucia.es\/iessanisidro\/wp-json\/wp\/v2\/pages\/2783\/revisions"}],"predecessor-version":[{"id":3103,"href":"https:\/\/blogsaverroes.juntadeandalucia.es\/iessanisidro\/wp-json\/wp\/v2\/pages\/2783\/revisions\/3103"}],"wp:attachment":[{"href":"https:\/\/blogsaverroes.juntadeandalucia.es\/iessanisidro\/wp-json\/wp\/v2\/media?parent=2783"}],"curies":[{"name":"wp","href":"https:\/\/api.w.org\/{rel}","templated":true}]}}