{"id":35,"date":"2015-03-13T08:21:43","date_gmt":"2015-03-13T08:21:43","guid":{"rendered":"http:\/\/blogsaverroes.juntadeandalucia.es\/pre\/ceip\/?page_id=35"},"modified":"2022-03-04T13:09:38","modified_gmt":"2022-03-04T12:09:38","slug":"el-centro-2","status":"publish","type":"page","link":"https:\/\/blogsaverroes.juntadeandalucia.es\/iessanisidro\/el-centro-2\/","title":{"rendered":"Datos del centro"},"content":{"rendered":"<p>[googlemaps https:\/\/www.google.com\/maps\/embed?pb=!1m18!1m12!1m3!1d2761.2264635852875!2d-2.1670260887771366!3d36.90971027263945!2m3!1f0!2f0!3f0!3m2!1i1024!2i768!4f13.1!3m3!1m2!1s0xd7add899d06a7a3%3A0x425e47aaf1c82e7f!2sInstituto%20de%20Educaci%C3%B3n%20Secundaria%20de%20San%20Isidro%20de%20N%C3%ADjar!5e0!3m2!1ses!2ses!4v1589453782863!5m2!1ses!2ses&amp;w=600&amp;h=450]<\/p>\n<h4>Datos de contacto<\/h4>\n<p>IES San Isidro<\/p>\n<p><strong>Direcci\u00f3n:<\/strong>&nbsp; Paraje El Cerrillo s\/n 04117 San Isidro de N\u00edjar (Almer\u00eda)<\/p>\n<p><strong>Tel\u00e9fono \/ FAX: <\/strong>950156900\/950156902<\/p>\n<p><strong>Email:<\/strong> 04000122.edu@juntadeandalucia.es<\/p>\n<h4><strong>Horarios<\/strong><\/h4>\n<p>Horario lectivo: Lunes a Viernes 8:15 a 14:45<\/p>\n<p>Horario Secretar\u00eda: Lunes a Viernes de 9:00 a 14:00<\/p>\n<h4><strong>Oferta educativa<\/strong><\/h4>\n<p>Educaci\u00f3n Secundaria Obligatoria (E.S.O.)<\/p>\n<p>Formaci\u00f3n Profesional B\u00e1sica<\/p>\n<p>Educaci\u00f3n Especial<\/p>\n<h4>Instalaciones<\/h4>\n<p>&nbsp;<\/p>\n<p><a href=\"https:\/\/blogsaverroes.juntadeandalucia.es\/iessanisidro\/files\/2020\/05\/Portada-1.gif\"><img loading=\"lazy\" decoding=\"async\" class=\"alignnone size-medium wp-image-2283\" src=\"https:\/\/blogsaverroes.juntadeandalucia.es\/iessanisidro\/files\/2020\/05\/Portada-1-300x225.gif\" alt=\"\" width=\"300\" height=\"225\" srcset=\"https:\/\/blogsaverroes.juntadeandalucia.es\/iessanisidro\/files\/2020\/05\/Portada-1-300x225.gif 300w, https:\/\/blogsaverroes.juntadeandalucia.es\/iessanisidro\/files\/2020\/05\/Portada-1-768x575.gif 768w, https:\/\/blogsaverroes.juntadeandalucia.es\/iessanisidro\/files\/2020\/05\/Portada-1-24x18.gif 24w, https:\/\/blogsaverroes.juntadeandalucia.es\/iessanisidro\/files\/2020\/05\/Portada-1-36x27.gif 36w, https:\/\/blogsaverroes.juntadeandalucia.es\/iessanisidro\/files\/2020\/05\/Portada-1-48x36.gif 48w\" sizes=\"(max-width: 300px) 100vw, 300px\" \/><\/a><a href=\"https:\/\/blogsaverroes.juntadeandalucia.es\/iessanisidro\/files\/2020\/05\/WhatsApp-Image-2020-04-15-at-22.40.18.jpeg\"><img loading=\"lazy\" decoding=\"async\" class=\"alignnone size-medium wp-image-2285\" src=\"https:\/\/blogsaverroes.juntadeandalucia.es\/iessanisidro\/files\/2020\/05\/WhatsApp-Image-2020-04-15-at-22.40.18-300x169.jpeg\" alt=\"\" width=\"300\" height=\"169\" srcset=\"https:\/\/blogsaverroes.juntadeandalucia.es\/iessanisidro\/files\/2020\/05\/WhatsApp-Image-2020-04-15-at-22.40.18-300x169.jpeg 300w, https:\/\/blogsaverroes.juntadeandalucia.es\/iessanisidro\/files\/2020\/05\/WhatsApp-Image-2020-04-15-at-22.40.18-768x432.jpeg 768w, https:\/\/blogsaverroes.juntadeandalucia.es\/iessanisidro\/files\/2020\/05\/WhatsApp-Image-2020-04-15-at-22.40.18-1024x576.jpeg 1024w, https:\/\/blogsaverroes.juntadeandalucia.es\/iessanisidro\/files\/2020\/05\/WhatsApp-Image-2020-04-15-at-22.40.18-24x14.jpeg 24w, https:\/\/blogsaverroes.juntadeandalucia.es\/iessanisidro\/files\/2020\/05\/WhatsApp-Image-2020-04-15-at-22.40.18-36x20.jpeg 36w, https:\/\/blogsaverroes.juntadeandalucia.es\/iessanisidro\/files\/2020\/05\/WhatsApp-Image-2020-04-15-at-22.40.18-48x27.jpeg 48w, https:\/\/blogsaverroes.juntadeandalucia.es\/iessanisidro\/files\/2020\/05\/WhatsApp-Image-2020-04-15-at-22.40.18.jpeg 1600w\" sizes=\"(max-width: 300px) 100vw, 300px\" \/><\/a><\/p>\n<p><a href=\"https:\/\/blogsaverroes.juntadeandalucia.es\/iessanisidro\/files\/2020\/05\/IMG-20190412-WA0008-1.jpg\"><img loading=\"lazy\" decoding=\"async\" class=\"alignnone size-medium wp-image-2317\" src=\"https:\/\/blogsaverroes.juntadeandalucia.es\/iessanisidro\/files\/2020\/05\/IMG-20190412-WA0008-1-300x225.jpg\" alt=\"\" width=\"300\" height=\"225\" srcset=\"https:\/\/blogsaverroes.juntadeandalucia.es\/iessanisidro\/files\/2020\/05\/IMG-20190412-WA0008-1-300x225.jpg 300w, https:\/\/blogsaverroes.juntadeandalucia.es\/iessanisidro\/files\/2020\/05\/IMG-20190412-WA0008-1-768x576.jpg 768w, https:\/\/blogsaverroes.juntadeandalucia.es\/iessanisidro\/files\/2020\/05\/IMG-20190412-WA0008-1-1024x768.jpg 1024w, https:\/\/blogsaverroes.juntadeandalucia.es\/iessanisidro\/files\/2020\/05\/IMG-20190412-WA0008-1-24x18.jpg 24w, https:\/\/blogsaverroes.juntadeandalucia.es\/iessanisidro\/files\/2020\/05\/IMG-20190412-WA0008-1-36x27.jpg 36w, https:\/\/blogsaverroes.juntadeandalucia.es\/iessanisidro\/files\/2020\/05\/IMG-20190412-WA0008-1-48x36.jpg 48w, https:\/\/blogsaverroes.juntadeandalucia.es\/iessanisidro\/files\/2020\/05\/IMG-20190412-WA0008-1.jpg 1600w\" sizes=\"(max-width: 300px) 100vw, 300px\" \/><\/a> <a href=\"https:\/\/blogsaverroes.juntadeandalucia.es\/iessanisidro\/files\/2020\/05\/IMG-20190411-WA0019-1.jpg\"><img loading=\"lazy\" decoding=\"async\" class=\"alignnone size-medium wp-image-2315\" src=\"https:\/\/blogsaverroes.juntadeandalucia.es\/iessanisidro\/files\/2020\/05\/IMG-20190411-WA0019-1-300x225.jpg\" alt=\"\" width=\"300\" height=\"225\" srcset=\"https:\/\/blogsaverroes.juntadeandalucia.es\/iessanisidro\/files\/2020\/05\/IMG-20190411-WA0019-1-300x225.jpg 300w, https:\/\/blogsaverroes.juntadeandalucia.es\/iessanisidro\/files\/2020\/05\/IMG-20190411-WA0019-1-768x576.jpg 768w, https:\/\/blogsaverroes.juntadeandalucia.es\/iessanisidro\/files\/2020\/05\/IMG-20190411-WA0019-1-1024x768.jpg 1024w, https:\/\/blogsaverroes.juntadeandalucia.es\/iessanisidro\/files\/2020\/05\/IMG-20190411-WA0019-1-24x18.jpg 24w, https:\/\/blogsaverroes.juntadeandalucia.es\/iessanisidro\/files\/2020\/05\/IMG-20190411-WA0019-1-36x27.jpg 36w, https:\/\/blogsaverroes.juntadeandalucia.es\/iessanisidro\/files\/2020\/05\/IMG-20190411-WA0019-1-48x36.jpg 48w, https:\/\/blogsaverroes.juntadeandalucia.es\/iessanisidro\/files\/2020\/05\/IMG-20190411-WA0019-1.jpg 1600w\" sizes=\"(max-width: 300px) 100vw, 300px\" \/><\/a> <a href=\"https:\/\/blogsaverroes.juntadeandalucia.es\/iessanisidro\/files\/2020\/05\/IMG-20190411-WA0017-1.jpg\"><img loading=\"lazy\" decoding=\"async\" class=\"alignnone size-medium wp-image-2314\" src=\"https:\/\/blogsaverroes.juntadeandalucia.es\/iessanisidro\/files\/2020\/05\/IMG-20190411-WA0017-1-300x225.jpg\" alt=\"\" width=\"300\" height=\"225\" srcset=\"https:\/\/blogsaverroes.juntadeandalucia.es\/iessanisidro\/files\/2020\/05\/IMG-20190411-WA0017-1-300x225.jpg 300w, https:\/\/blogsaverroes.juntadeandalucia.es\/iessanisidro\/files\/2020\/05\/IMG-20190411-WA0017-1-768x576.jpg 768w, https:\/\/blogsaverroes.juntadeandalucia.es\/iessanisidro\/files\/2020\/05\/IMG-20190411-WA0017-1-1024x768.jpg 1024w, https:\/\/blogsaverroes.juntadeandalucia.es\/iessanisidro\/files\/2020\/05\/IMG-20190411-WA0017-1-24x18.jpg 24w, https:\/\/blogsaverroes.juntadeandalucia.es\/iessanisidro\/files\/2020\/05\/IMG-20190411-WA0017-1-36x27.jpg 36w, https:\/\/blogsaverroes.juntadeandalucia.es\/iessanisidro\/files\/2020\/05\/IMG-20190411-WA0017-1-48x36.jpg 48w, https:\/\/blogsaverroes.juntadeandalucia.es\/iessanisidro\/files\/2020\/05\/IMG-20190411-WA0017-1.jpg 1600w\" sizes=\"(max-width: 300px) 100vw, 300px\" \/><\/a> <a href=\"https:\/\/blogsaverroes.juntadeandalucia.es\/iessanisidro\/files\/2020\/05\/IMG-20190411-WA0007-1.jpg\"><img loading=\"lazy\" decoding=\"async\" class=\"alignnone size-medium wp-image-2313\" src=\"https:\/\/blogsaverroes.juntadeandalucia.es\/iessanisidro\/files\/2020\/05\/IMG-20190411-WA0007-1-300x225.jpg\" alt=\"\" width=\"300\" height=\"225\" srcset=\"https:\/\/blogsaverroes.juntadeandalucia.es\/iessanisidro\/files\/2020\/05\/IMG-20190411-WA0007-1-300x225.jpg 300w, https:\/\/blogsaverroes.juntadeandalucia.es\/iessanisidro\/files\/2020\/05\/IMG-20190411-WA0007-1-768x576.jpg 768w, https:\/\/blogsaverroes.juntadeandalucia.es\/iessanisidro\/files\/2020\/05\/IMG-20190411-WA0007-1-1024x768.jpg 1024w, https:\/\/blogsaverroes.juntadeandalucia.es\/iessanisidro\/files\/2020\/05\/IMG-20190411-WA0007-1-24x18.jpg 24w, https:\/\/blogsaverroes.juntadeandalucia.es\/iessanisidro\/files\/2020\/05\/IMG-20190411-WA0007-1-36x27.jpg 36w, https:\/\/blogsaverroes.juntadeandalucia.es\/iessanisidro\/files\/2020\/05\/IMG-20190411-WA0007-1-48x36.jpg 48w, https:\/\/blogsaverroes.juntadeandalucia.es\/iessanisidro\/files\/2020\/05\/IMG-20190411-WA0007-1.jpg 1600w\" sizes=\"(max-width: 300px) 100vw, 300px\" \/><\/a> <a href=\"https:\/\/blogsaverroes.juntadeandalucia.es\/iessanisidro\/files\/2020\/05\/IMG-20190411-WA0002-1.jpg\"><img loading=\"lazy\" decoding=\"async\" class=\"alignnone size-medium wp-image-2312\" src=\"https:\/\/blogsaverroes.juntadeandalucia.es\/iessanisidro\/files\/2020\/05\/IMG-20190411-WA0002-1-300x225.jpg\" alt=\"\" width=\"300\" height=\"225\" srcset=\"https:\/\/blogsaverroes.juntadeandalucia.es\/iessanisidro\/files\/2020\/05\/IMG-20190411-WA0002-1-300x225.jpg 300w, https:\/\/blogsaverroes.juntadeandalucia.es\/iessanisidro\/files\/2020\/05\/IMG-20190411-WA0002-1-768x575.jpg 768w, https:\/\/blogsaverroes.juntadeandalucia.es\/iessanisidro\/files\/2020\/05\/IMG-20190411-WA0002-1-1024x767.jpg 1024w, https:\/\/blogsaverroes.juntadeandalucia.es\/iessanisidro\/files\/2020\/05\/IMG-20190411-WA0002-1-24x18.jpg 24w, https:\/\/blogsaverroes.juntadeandalucia.es\/iessanisidro\/files\/2020\/05\/IMG-20190411-WA0002-1-36x27.jpg 36w, https:\/\/blogsaverroes.juntadeandalucia.es\/iessanisidro\/files\/2020\/05\/IMG-20190411-WA0002-1-48x36.jpg 48w, https:\/\/blogsaverroes.juntadeandalucia.es\/iessanisidro\/files\/2020\/05\/IMG-20190411-WA0002-1.jpg 1600w\" sizes=\"(max-width: 300px) 100vw, 300px\" \/><\/a> <a href=\"https:\/\/blogsaverroes.juntadeandalucia.es\/iessanisidro\/files\/2020\/05\/DSC_0050_1-1.jpg\"><img loading=\"lazy\" decoding=\"async\" class=\"alignnone size-medium wp-image-2311\" src=\"https:\/\/blogsaverroes.juntadeandalucia.es\/iessanisidro\/files\/2020\/05\/DSC_0050_1-1-300x169.jpg\" alt=\"\" width=\"300\" height=\"169\" srcset=\"https:\/\/blogsaverroes.juntadeandalucia.es\/iessanisidro\/files\/2020\/05\/DSC_0050_1-1-300x169.jpg 300w, https:\/\/blogsaverroes.juntadeandalucia.es\/iessanisidro\/files\/2020\/05\/DSC_0050_1-1-768x432.jpg 768w, https:\/\/blogsaverroes.juntadeandalucia.es\/iessanisidro\/files\/2020\/05\/DSC_0050_1-1-1024x576.jpg 1024w, https:\/\/blogsaverroes.juntadeandalucia.es\/iessanisidro\/files\/2020\/05\/DSC_0050_1-1-24x14.jpg 24w, https:\/\/blogsaverroes.juntadeandalucia.es\/iessanisidro\/files\/2020\/05\/DSC_0050_1-1-36x20.jpg 36w, https:\/\/blogsaverroes.juntadeandalucia.es\/iessanisidro\/files\/2020\/05\/DSC_0050_1-1-48x27.jpg 48w, https:\/\/blogsaverroes.juntadeandalucia.es\/iessanisidro\/files\/2020\/05\/DSC_0050_1-1.jpg 1600w\" sizes=\"(max-width: 300px) 100vw, 300px\" \/><\/a><\/p>\n<p><a href=\"https:\/\/blogsaverroes.juntadeandalucia.es\/iessanisidro\/files\/2020\/05\/WhatsApp-Image-2020-05-19-at-10.23.18.jpeg\"><img loading=\"lazy\" decoding=\"async\" class=\"alignnone size-medium wp-image-2415\" src=\"https:\/\/blogsaverroes.juntadeandalucia.es\/iessanisidro\/files\/2020\/05\/WhatsApp-Image-2020-05-19-at-10.23.18-300x225.jpeg\" alt=\"\" width=\"300\" height=\"225\" srcset=\"https:\/\/blogsaverroes.juntadeandalucia.es\/iessanisidro\/files\/2020\/05\/WhatsApp-Image-2020-05-19-at-10.23.18-300x225.jpeg 300w, https:\/\/blogsaverroes.juntadeandalucia.es\/iessanisidro\/files\/2020\/05\/WhatsApp-Image-2020-05-19-at-10.23.18-768x576.jpeg 768w, https:\/\/blogsaverroes.juntadeandalucia.es\/iessanisidro\/files\/2020\/05\/WhatsApp-Image-2020-05-19-at-10.23.18-1024x768.jpeg 1024w, https:\/\/blogsaverroes.juntadeandalucia.es\/iessanisidro\/files\/2020\/05\/WhatsApp-Image-2020-05-19-at-10.23.18-24x18.jpeg 24w, https:\/\/blogsaverroes.juntadeandalucia.es\/iessanisidro\/files\/2020\/05\/WhatsApp-Image-2020-05-19-at-10.23.18-36x27.jpeg 36w, https:\/\/blogsaverroes.juntadeandalucia.es\/iessanisidro\/files\/2020\/05\/WhatsApp-Image-2020-05-19-at-10.23.18-48x36.jpeg 48w, https:\/\/blogsaverroes.juntadeandalucia.es\/iessanisidro\/files\/2020\/05\/WhatsApp-Image-2020-05-19-at-10.23.18.jpeg 1600w\" sizes=\"(max-width: 300px) 100vw, 300px\" \/><\/a> <a href=\"https:\/\/blogsaverroes.juntadeandalucia.es\/iessanisidro\/files\/2020\/05\/WhatsApp-Image-2020-05-19-at-10.48.13.jpeg\"><img loading=\"lazy\" decoding=\"async\" class=\"alignnone size-medium wp-image-2418\" src=\"https:\/\/blogsaverroes.juntadeandalucia.es\/iessanisidro\/files\/2020\/05\/WhatsApp-Image-2020-05-19-at-10.48.13-300x225.jpeg\" alt=\"\" width=\"300\" height=\"225\" srcset=\"https:\/\/blogsaverroes.juntadeandalucia.es\/iessanisidro\/files\/2020\/05\/WhatsApp-Image-2020-05-19-at-10.48.13-300x225.jpeg 300w, https:\/\/blogsaverroes.juntadeandalucia.es\/iessanisidro\/files\/2020\/05\/WhatsApp-Image-2020-05-19-at-10.48.13-768x576.jpeg 768w, https:\/\/blogsaverroes.juntadeandalucia.es\/iessanisidro\/files\/2020\/05\/WhatsApp-Image-2020-05-19-at-10.48.13-1024x768.jpeg 1024w, https:\/\/blogsaverroes.juntadeandalucia.es\/iessanisidro\/files\/2020\/05\/WhatsApp-Image-2020-05-19-at-10.48.13-24x18.jpeg 24w, https:\/\/blogsaverroes.juntadeandalucia.es\/iessanisidro\/files\/2020\/05\/WhatsApp-Image-2020-05-19-at-10.48.13-36x27.jpeg 36w, https:\/\/blogsaverroes.juntadeandalucia.es\/iessanisidro\/files\/2020\/05\/WhatsApp-Image-2020-05-19-at-10.48.13-48x36.jpeg 48w, https:\/\/blogsaverroes.juntadeandalucia.es\/iessanisidro\/files\/2020\/05\/WhatsApp-Image-2020-05-19-at-10.48.13.jpeg 1600w\" sizes=\"(max-width: 300px) 100vw, 300px\" \/><\/a> <a href=\"https:\/\/blogsaverroes.juntadeandalucia.es\/iessanisidro\/files\/2020\/05\/WhatsApp-Image-2020-05-19-at-10.49.30.jpeg\"><img loading=\"lazy\" decoding=\"async\" class=\"alignnone size-medium wp-image-2419\" src=\"https:\/\/blogsaverroes.juntadeandalucia.es\/iessanisidro\/files\/2020\/05\/WhatsApp-Image-2020-05-19-at-10.49.30-300x225.jpeg\" alt=\"\" width=\"300\" height=\"225\" srcset=\"https:\/\/blogsaverroes.juntadeandalucia.es\/iessanisidro\/files\/2020\/05\/WhatsApp-Image-2020-05-19-at-10.49.30-300x225.jpeg 300w, https:\/\/blogsaverroes.juntadeandalucia.es\/iessanisidro\/files\/2020\/05\/WhatsApp-Image-2020-05-19-at-10.49.30-768x576.jpeg 768w, https:\/\/blogsaverroes.juntadeandalucia.es\/iessanisidro\/files\/2020\/05\/WhatsApp-Image-2020-05-19-at-10.49.30-1024x768.jpeg 1024w, https:\/\/blogsaverroes.juntadeandalucia.es\/iessanisidro\/files\/2020\/05\/WhatsApp-Image-2020-05-19-at-10.49.30-24x18.jpeg 24w, https:\/\/blogsaverroes.juntadeandalucia.es\/iessanisidro\/files\/2020\/05\/WhatsApp-Image-2020-05-19-at-10.49.30-36x27.jpeg 36w, https:\/\/blogsaverroes.juntadeandalucia.es\/iessanisidro\/files\/2020\/05\/WhatsApp-Image-2020-05-19-at-10.49.30-48x36.jpeg 48w, https:\/\/blogsaverroes.juntadeandalucia.es\/iessanisidro\/files\/2020\/05\/WhatsApp-Image-2020-05-19-at-10.49.30.jpeg 1600w\" sizes=\"(max-width: 300px) 100vw, 300px\" \/><\/a> <a href=\"https:\/\/blogsaverroes.juntadeandalucia.es\/iessanisidro\/files\/2020\/05\/WhatsApp-Image-2020-05-19-at-10.51.33.jpeg\"><img loading=\"lazy\" decoding=\"async\" class=\"alignnone size-medium wp-image-2420\" src=\"https:\/\/blogsaverroes.juntadeandalucia.es\/iessanisidro\/files\/2020\/05\/WhatsApp-Image-2020-05-19-at-10.51.33-225x300.jpeg\" alt=\"\" width=\"225\" height=\"300\" srcset=\"https:\/\/blogsaverroes.juntadeandalucia.es\/iessanisidro\/files\/2020\/05\/WhatsApp-Image-2020-05-19-at-10.51.33-225x300.jpeg 225w, https:\/\/blogsaverroes.juntadeandalucia.es\/iessanisidro\/files\/2020\/05\/WhatsApp-Image-2020-05-19-at-10.51.33-768x1024.jpeg 768w, https:\/\/blogsaverroes.juntadeandalucia.es\/iessanisidro\/files\/2020\/05\/WhatsApp-Image-2020-05-19-at-10.51.33-18x24.jpeg 18w, https:\/\/blogsaverroes.juntadeandalucia.es\/iessanisidro\/files\/2020\/05\/WhatsApp-Image-2020-05-19-at-10.51.33-27x36.jpeg 27w, https:\/\/blogsaverroes.juntadeandalucia.es\/iessanisidro\/files\/2020\/05\/WhatsApp-Image-2020-05-19-at-10.51.33-36x48.jpeg 36w, https:\/\/blogsaverroes.juntadeandalucia.es\/iessanisidro\/files\/2020\/05\/WhatsApp-Image-2020-05-19-at-10.51.33.jpeg 1200w\" sizes=\"(max-width: 225px) 100vw, 225px\" \/><\/a> <a href=\"https:\/\/blogsaverroes.juntadeandalucia.es\/iessanisidro\/files\/2020\/05\/WhatsApp-Image-2020-05-19-at-17.15.57.jpeg\"><img loading=\"lazy\" decoding=\"async\" class=\"alignnone size-medium wp-image-2421\" src=\"https:\/\/blogsaverroes.juntadeandalucia.es\/iessanisidro\/files\/2020\/05\/WhatsApp-Image-2020-05-19-at-17.15.57-300x225.jpeg\" alt=\"\" width=\"300\" height=\"225\" srcset=\"https:\/\/blogsaverroes.juntadeandalucia.es\/iessanisidro\/files\/2020\/05\/WhatsApp-Image-2020-05-19-at-17.15.57-300x225.jpeg 300w, https:\/\/blogsaverroes.juntadeandalucia.es\/iessanisidro\/files\/2020\/05\/WhatsApp-Image-2020-05-19-at-17.15.57-768x576.jpeg 768w, https:\/\/blogsaverroes.juntadeandalucia.es\/iessanisidro\/files\/2020\/05\/WhatsApp-Image-2020-05-19-at-17.15.57-1024x768.jpeg 1024w, https:\/\/blogsaverroes.juntadeandalucia.es\/iessanisidro\/files\/2020\/05\/WhatsApp-Image-2020-05-19-at-17.15.57-24x18.jpeg 24w, https:\/\/blogsaverroes.juntadeandalucia.es\/iessanisidro\/files\/2020\/05\/WhatsApp-Image-2020-05-19-at-17.15.57-36x27.jpeg 36w, https:\/\/blogsaverroes.juntadeandalucia.es\/iessanisidro\/files\/2020\/05\/WhatsApp-Image-2020-05-19-at-17.15.57-48x36.jpeg 48w, https:\/\/blogsaverroes.juntadeandalucia.es\/iessanisidro\/files\/2020\/05\/WhatsApp-Image-2020-05-19-at-17.15.57.jpeg 1280w\" sizes=\"(max-width: 300px) 100vw, 300px\" \/><\/a> <a href=\"https:\/\/blogsaverroes.juntadeandalucia.es\/iessanisidro\/files\/2020\/05\/WhatsApp-Image-2020-05-19-at-17.16.33.jpeg\"><img loading=\"lazy\" decoding=\"async\" class=\"alignnone size-medium wp-image-2422\" src=\"https:\/\/blogsaverroes.juntadeandalucia.es\/iessanisidro\/files\/2020\/05\/WhatsApp-Image-2020-05-19-at-17.16.33-300x225.jpeg\" alt=\"\" width=\"300\" height=\"225\" srcset=\"https:\/\/blogsaverroes.juntadeandalucia.es\/iessanisidro\/files\/2020\/05\/WhatsApp-Image-2020-05-19-at-17.16.33-300x225.jpeg 300w, https:\/\/blogsaverroes.juntadeandalucia.es\/iessanisidro\/files\/2020\/05\/WhatsApp-Image-2020-05-19-at-17.16.33-768x576.jpeg 768w, https:\/\/blogsaverroes.juntadeandalucia.es\/iessanisidro\/files\/2020\/05\/WhatsApp-Image-2020-05-19-at-17.16.33-1024x768.jpeg 1024w, https:\/\/blogsaverroes.juntadeandalucia.es\/iessanisidro\/files\/2020\/05\/WhatsApp-Image-2020-05-19-at-17.16.33-24x18.jpeg 24w, https:\/\/blogsaverroes.juntadeandalucia.es\/iessanisidro\/files\/2020\/05\/WhatsApp-Image-2020-05-19-at-17.16.33-36x27.jpeg 36w, https:\/\/blogsaverroes.juntadeandalucia.es\/iessanisidro\/files\/2020\/05\/WhatsApp-Image-2020-05-19-at-17.16.33-48x36.jpeg 48w, https:\/\/blogsaverroes.juntadeandalucia.es\/iessanisidro\/files\/2020\/05\/WhatsApp-Image-2020-05-19-at-17.16.33.jpeg 1600w\" sizes=\"(max-width: 300px) 100vw, 300px\" \/><\/a> <a href=\"https:\/\/blogsaverroes.juntadeandalucia.es\/iessanisidro\/files\/2020\/05\/WhatsApp-Image-2020-05-19-at-17.24.18.jpeg\"><img loading=\"lazy\" decoding=\"async\" class=\"alignnone size-medium wp-image-2423\" src=\"https:\/\/blogsaverroes.juntadeandalucia.es\/iessanisidro\/files\/2020\/05\/WhatsApp-Image-2020-05-19-at-17.24.18-300x225.jpeg\" alt=\"\" width=\"300\" height=\"225\" srcset=\"https:\/\/blogsaverroes.juntadeandalucia.es\/iessanisidro\/files\/2020\/05\/WhatsApp-Image-2020-05-19-at-17.24.18-300x225.jpeg 300w, https:\/\/blogsaverroes.juntadeandalucia.es\/iessanisidro\/files\/2020\/05\/WhatsApp-Image-2020-05-19-at-17.24.18-768x576.jpeg 768w, https:\/\/blogsaverroes.juntadeandalucia.es\/iessanisidro\/files\/2020\/05\/WhatsApp-Image-2020-05-19-at-17.24.18-1024x768.jpeg 1024w, https:\/\/blogsaverroes.juntadeandalucia.es\/iessanisidro\/files\/2020\/05\/WhatsApp-Image-2020-05-19-at-17.24.18-24x18.jpeg 24w, https:\/\/blogsaverroes.juntadeandalucia.es\/iessanisidro\/files\/2020\/05\/WhatsApp-Image-2020-05-19-at-17.24.18-36x27.jpeg 36w, https:\/\/blogsaverroes.juntadeandalucia.es\/iessanisidro\/files\/2020\/05\/WhatsApp-Image-2020-05-19-at-17.24.18-48x36.jpeg 48w, https:\/\/blogsaverroes.juntadeandalucia.es\/iessanisidro\/files\/2020\/05\/WhatsApp-Image-2020-05-19-at-17.24.18.jpeg 1600w\" sizes=\"(max-width: 300px) 100vw, 300px\" \/><\/a> <a href=\"https:\/\/blogsaverroes.juntadeandalucia.es\/iessanisidro\/files\/2020\/05\/WhatsApp-Image-2020-05-19-at-17.24.41.jpeg\"><img loading=\"lazy\" decoding=\"async\" class=\"alignnone size-medium wp-image-2425\" src=\"https:\/\/blogsaverroes.juntadeandalucia.es\/iessanisidro\/files\/2020\/05\/WhatsApp-Image-2020-05-19-at-17.24.41-300x225.jpeg\" alt=\"\" width=\"300\" height=\"225\" srcset=\"https:\/\/blogsaverroes.juntadeandalucia.es\/iessanisidro\/files\/2020\/05\/WhatsApp-Image-2020-05-19-at-17.24.41-300x225.jpeg 300w, https:\/\/blogsaverroes.juntadeandalucia.es\/iessanisidro\/files\/2020\/05\/WhatsApp-Image-2020-05-19-at-17.24.41-768x576.jpeg 768w, https:\/\/blogsaverroes.juntadeandalucia.es\/iessanisidro\/files\/2020\/05\/WhatsApp-Image-2020-05-19-at-17.24.41-1024x768.jpeg 1024w, https:\/\/blogsaverroes.juntadeandalucia.es\/iessanisidro\/files\/2020\/05\/WhatsApp-Image-2020-05-19-at-17.24.41-24x18.jpeg 24w, https:\/\/blogsaverroes.juntadeandalucia.es\/iessanisidro\/files\/2020\/05\/WhatsApp-Image-2020-05-19-at-17.24.41-36x27.jpeg 36w, https:\/\/blogsaverroes.juntadeandalucia.es\/iessanisidro\/files\/2020\/05\/WhatsApp-Image-2020-05-19-at-17.24.41-48x36.jpeg 48w, https:\/\/blogsaverroes.juntadeandalucia.es\/iessanisidro\/files\/2020\/05\/WhatsApp-Image-2020-05-19-at-17.24.41.jpeg 1600w\" sizes=\"(max-width: 300px) 100vw, 300px\" \/><\/a> <a href=\"https:\/\/blogsaverroes.juntadeandalucia.es\/iessanisidro\/files\/2020\/05\/WhatsApp-Image-2020-05-19-at-17.24.53.jpeg\"><img loading=\"lazy\" decoding=\"async\" class=\"alignnone size-medium wp-image-2426\" src=\"https:\/\/blogsaverroes.juntadeandalucia.es\/iessanisidro\/files\/2020\/05\/WhatsApp-Image-2020-05-19-at-17.24.53-300x225.jpeg\" alt=\"\" width=\"300\" height=\"225\" srcset=\"https:\/\/blogsaverroes.juntadeandalucia.es\/iessanisidro\/files\/2020\/05\/WhatsApp-Image-2020-05-19-at-17.24.53-300x225.jpeg 300w, https:\/\/blogsaverroes.juntadeandalucia.es\/iessanisidro\/files\/2020\/05\/WhatsApp-Image-2020-05-19-at-17.24.53-768x576.jpeg 768w, https:\/\/blogsaverroes.juntadeandalucia.es\/iessanisidro\/files\/2020\/05\/WhatsApp-Image-2020-05-19-at-17.24.53-1024x768.jpeg 1024w, https:\/\/blogsaverroes.juntadeandalucia.es\/iessanisidro\/files\/2020\/05\/WhatsApp-Image-2020-05-19-at-17.24.53-24x18.jpeg 24w, https:\/\/blogsaverroes.juntadeandalucia.es\/iessanisidro\/files\/2020\/05\/WhatsApp-Image-2020-05-19-at-17.24.53-36x27.jpeg 36w, https:\/\/blogsaverroes.juntadeandalucia.es\/iessanisidro\/files\/2020\/05\/WhatsApp-Image-2020-05-19-at-17.24.53-48x36.jpeg 48w, https:\/\/blogsaverroes.juntadeandalucia.es\/iessanisidro\/files\/2020\/05\/WhatsApp-Image-2020-05-19-at-17.24.53.jpeg 1600w\" sizes=\"(max-width: 300px) 100vw, 300px\" \/><\/a><\/p>\n<p>&nbsp;<\/p>\n<p>&nbsp;<\/p>\n<p>&nbsp;<\/p>\n<p>&nbsp;<\/p>\n<p>&nbsp;<\/p>\n","protected":false},"excerpt":{"rendered":"<p>[googlemaps https:\/\/www.google.com\/maps\/embed?pb=!1m18!1m12!1m3!1d2761.2264635852875!2d-2.1670260887771366!3d36.90971027263945!2m3!1f0!2f0!3f0!3m2!1i1024!2i768!4f13.1!3m3!1m2!1s0xd7add899d06a7a3%3A0x425e47aaf1c82e7f!2sInstituto%20de%20Educaci%C3%B3n%20Secundaria%20de%20San%20Isidro%20de%20N%C3%ADjar!5e0!3m2!1ses!2ses!4v1589453782863!5m2!1ses!2ses&amp;w=600&amp;h=450] Datos de contacto IES San Isidro Direcci\u00f3n:&nbsp; Paraje El Cerrillo s\/n 04117 San Isidro de N\u00edjar (Almer\u00eda) Tel\u00e9fono \/ FAX: 950156900\/950156902 Email: 04000122.edu@juntadeandalucia.es Horarios Horario lectivo: Lunes a Viernes 8:15 a 14:45&#46;&#46;&#46;<\/p>\n","protected":false},"author":1,"featured_media":0,"parent":0,"menu_order":0,"comment_status":"closed","ping_status":"open","template":"","meta":{"ngg_post_thumbnail":0,"footnotes":"","_mc_calendar":[]},"aioseo_notices":[],"_links":{"self":[{"href":"https:\/\/blogsaverroes.juntadeandalucia.es\/iessanisidro\/wp-json\/wp\/v2\/pages\/35"}],"collection":[{"href":"https:\/\/blogsaverroes.juntadeandalucia.es\/iessanisidro\/wp-json\/wp\/v2\/pages"}],"about":[{"href":"https:\/\/blogsaverroes.juntadeandalucia.es\/iessanisidro\/wp-json\/wp\/v2\/types\/page"}],"author":[{"embeddable":true,"href":"https:\/\/blogsaverroes.juntadeandalucia.es\/iessanisidro\/wp-json\/wp\/v2\/users\/1"}],"replies":[{"embeddable":true,"href":"https:\/\/blogsaverroes.juntadeandalucia.es\/iessanisidro\/wp-json\/wp\/v2\/comments?post=35"}],"version-history":[{"count":28,"href":"https:\/\/blogsaverroes.juntadeandalucia.es\/iessanisidro\/wp-json\/wp\/v2\/pages\/35\/revisions"}],"predecessor-version":[{"id":2427,"href":"https:\/\/blogsaverroes.juntadeandalucia.es\/iessanisidro\/wp-json\/wp\/v2\/pages\/35\/revisions\/2427"}],"wp:attachment":[{"href":"https:\/\/blogsaverroes.juntadeandalucia.es\/iessanisidro\/wp-json\/wp\/v2\/media?parent=35"}],"curies":[{"name":"wp","href":"https:\/\/api.w.org\/{rel}","templated":true}]}}