{"id":42,"date":"2015-03-13T08:40:47","date_gmt":"2015-03-13T08:40:47","guid":{"rendered":"http:\/\/blogsaverroes.juntadeandalucia.es\/pre\/ceip\/?page_id=42"},"modified":"2022-11-15T10:12:14","modified_gmt":"2022-11-15T09:12:14","slug":"equipo-directivo","status":"publish","type":"page","link":"https:\/\/blogsaverroes.juntadeandalucia.es\/iessanisidro\/equipo-directivo\/","title":{"rendered":"Equipo Directivo"},"content":{"rendered":"<p><strong>Direcci\u00f3n:&nbsp;<\/strong>D. Salvador Cort\u00e9s Fischer<\/p>\n<p><strong>Jefatura de estudios: <\/strong>D\u00f1a. Inmaculada Segura Carmona<\/p>\n<p><strong>Jefatura de estudios adjunta: <\/strong>D. Francisco Javier Fern\u00e1ndez L\u00f3pez<\/p>\n<p><strong>Secretar\u00eda:<\/strong> D\u00f1a. Delia Ledesma Esc\u00e1mez<\/p>\n","protected":false},"excerpt":{"rendered":"<p>Direcci\u00f3n:&nbsp;D. Salvador Cort\u00e9s Fischer Jefatura de estudios: D\u00f1a. Inmaculada Segura Carmona Jefatura de estudios adjunta: D. Francisco Javier Fern\u00e1ndez L\u00f3pez Secretar\u00eda: D\u00f1a. Delia Ledesma Esc\u00e1mez<\/p>\n","protected":false},"author":1,"featured_media":0,"parent":0,"menu_order":0,"comment_status":"closed","ping_status":"open","template":"page-templates\/child-menu.php","meta":{"ngg_post_thumbnail":0,"footnotes":"","_mc_calendar":[]},"aioseo_notices":[],"_links":{"self":[{"href":"https:\/\/blogsaverroes.juntadeandalucia.es\/iessanisidro\/wp-json\/wp\/v2\/pages\/42"}],"collection":[{"href":"https:\/\/blogsaverroes.juntadeandalucia.es\/iessanisidro\/wp-json\/wp\/v2\/pages"}],"about":[{"href":"https:\/\/blogsaverroes.juntadeandalucia.es\/iessanisidro\/wp-json\/wp\/v2\/types\/page"}],"author":[{"embeddable":true,"href":"https:\/\/blogsaverroes.juntadeandalucia.es\/iessanisidro\/wp-json\/wp\/v2\/users\/1"}],"replies":[{"embeddable":true,"href":"https:\/\/blogsaverroes.juntadeandalucia.es\/iessanisidro\/wp-json\/wp\/v2\/comments?post=42"}],"version-history":[{"count":7,"href":"https:\/\/blogsaverroes.juntadeandalucia.es\/iessanisidro\/wp-json\/wp\/v2\/pages\/42\/revisions"}],"predecessor-version":[{"id":3588,"href":"https:\/\/blogsaverroes.juntadeandalucia.es\/iessanisidro\/wp-json\/wp\/v2\/pages\/42\/revisions\/3588"}],"wp:attachment":[{"href":"https:\/\/blogsaverroes.juntadeandalucia.es\/iessanisidro\/wp-json\/wp\/v2\/media?parent=42"}],"curies":[{"name":"wp","href":"https:\/\/api.w.org\/{rel}","templated":true}]}}