{"id":44,"date":"2015-03-13T08:42:15","date_gmt":"2015-03-13T08:42:15","guid":{"rendered":"http:\/\/blogsaverroes.juntadeandalucia.es\/pre\/ceip\/?page_id=44"},"modified":"2022-11-21T22:39:05","modified_gmt":"2022-11-21T21:39:05","slug":"planes-y-proyectos","status":"publish","type":"page","link":"https:\/\/blogsaverroes.juntadeandalucia.es\/iessanisidro\/planes-y-proyectos\/","title":{"rendered":"Planes y Programas"},"content":{"rendered":"<ul>\n<li style=\"list-style-type: none\">\n<ul>\n<li><strong>PLAN DE SALUD LABORAL Y P.R.L.:<\/strong> Inmaculada Segura Carmona&nbsp; &nbsp; &nbsp; &nbsp; &nbsp; isegcar600@g.educaand.es<\/li>\n<li><strong>PROYECTO LECTOR: <\/strong>Marta Campos Gea&nbsp; mcamgea981@g.educaand.es &nbsp; &nbsp; &nbsp; &nbsp;<\/li>\n<li><strong>PLAN DE IGUALDAD: <\/strong>Elisa Berenguel L\u00f3pez&nbsp; &nbsp; eberlop606@g.educaand.es &nbsp; &nbsp; &nbsp;&nbsp;<\/li>\n<li><strong>ESCUELA ESPACIO DE PAZ: <\/strong>Macarena O\u00f1a Burgos &nbsp;&nbsp; monabur427@g.educaand.es&nbsp; &nbsp;&nbsp; &nbsp;&nbsp;&nbsp;<\/li>\n<li><strong>TRANSFORMACI\u00d3N DIGITAL EDUCATIVA: <\/strong>Antonio Botella Gil&nbsp; &nbsp; abotgil289@g.educaand.es &nbsp;&nbsp;<\/li>\n<li><strong>FORMA JOVEN:<\/strong> Mercedes Noelia L\u00f3pez Rodr\u00edguez&nbsp; &nbsp; &nbsp; &nbsp; mloprod222@g.educaand.es&nbsp; &nbsp;&nbsp;<\/li>\n<li><strong>ECOESCUELAS:<\/strong> Avelino Ram\u00f3n Gonz\u00e1lez Mar\u00edn&nbsp; &nbsp; agonmar399v@g.educaand.es&nbsp; &nbsp; &nbsp; &nbsp;&nbsp;<\/li>\n<li><strong>PR\u00c1CTICUM M\u00c1STER SECUNDARIA:<\/strong> Salvador Cort\u00e9s Fischer&nbsp; scorfis733@g.educaand.es &nbsp; &nbsp; &nbsp; &nbsp;<\/li>\n<li><strong>CONVIVENCIA ESCOLAR: <\/strong>Inmaculada Segura Carmona&nbsp; &nbsp; isegcar600@g.educaand.es &nbsp; &nbsp; &nbsp;&nbsp;<\/li>\n<li><strong>IMPULSA: <\/strong>Salvador Cort\u00e9s Fischer&nbsp; scorfis733@g.educaand.es &nbsp;<\/li>\n<li><strong>STEAM (Rob\u00f3tica aplicada al aula): <\/strong>Eduard Mara Vilagram&nbsp; &nbsp; &nbsp; emarvil310@g.educaand.es<\/li>\n<li><strong>STEAM (Pensamiento computacional):<\/strong> Antonio Botella Gil abotgil289@g.educaand.es &nbsp;&nbsp;<\/li>\n<li><strong>STEAM (Investigaci\u00f3n aeroespacial aplicada al aula):&nbsp;<\/strong>Marcos Antonio Garc\u00eda P\u00e9rez mgarper891@g.educaand.es<\/li>\n<li><strong>UNIDADES DE ACOMPA\u00d1AMIENTO:&nbsp;<\/strong>Elia Tortosa Salas&nbsp;<\/li>\n<\/ul>\n<\/li>\n<\/ul>\n","protected":false},"excerpt":{"rendered":"<p>PLAN DE SALUD LABORAL Y P.R.L.: Inmaculada Segura Carmona&nbsp; &nbsp; &nbsp; &nbsp; &nbsp; isegcar600@g.educaand.es PROYECTO LECTOR: Marta Campos Gea&nbsp; mcamgea981@g.educaand.es &nbsp; &nbsp; &nbsp; &nbsp; PLAN DE IGUALDAD: Elisa Berenguel L\u00f3pez&nbsp; &nbsp; eberlop606@g.educaand.es &nbsp; &nbsp;&#46;&#46;&#46;<\/p>\n","protected":false},"author":1,"featured_media":0,"parent":0,"menu_order":0,"comment_status":"open","ping_status":"closed","template":"page-templates\/child-menu.php","meta":{"ngg_post_thumbnail":0,"footnotes":"","_mc_calendar":[]},"aioseo_notices":[],"_links":{"self":[{"href":"https:\/\/blogsaverroes.juntadeandalucia.es\/iessanisidro\/wp-json\/wp\/v2\/pages\/44"}],"collection":[{"href":"https:\/\/blogsaverroes.juntadeandalucia.es\/iessanisidro\/wp-json\/wp\/v2\/pages"}],"about":[{"href":"https:\/\/blogsaverroes.juntadeandalucia.es\/iessanisidro\/wp-json\/wp\/v2\/types\/page"}],"author":[{"embeddable":true,"href":"https:\/\/blogsaverroes.juntadeandalucia.es\/iessanisidro\/wp-json\/wp\/v2\/users\/1"}],"replies":[{"embeddable":true,"href":"https:\/\/blogsaverroes.juntadeandalucia.es\/iessanisidro\/wp-json\/wp\/v2\/comments?post=44"}],"version-history":[{"count":11,"href":"https:\/\/blogsaverroes.juntadeandalucia.es\/iessanisidro\/wp-json\/wp\/v2\/pages\/44\/revisions"}],"predecessor-version":[{"id":3744,"href":"https:\/\/blogsaverroes.juntadeandalucia.es\/iessanisidro\/wp-json\/wp\/v2\/pages\/44\/revisions\/3744"}],"wp:attachment":[{"href":"https:\/\/blogsaverroes.juntadeandalucia.es\/iessanisidro\/wp-json\/wp\/v2\/media?parent=44"}],"curies":[{"name":"wp","href":"https:\/\/api.w.org\/{rel}","templated":true}]}}