{"id":4600,"date":"2025-03-03T11:40:37","date_gmt":"2025-03-03T10:40:37","guid":{"rendered":"https:\/\/blogsaverroes.juntadeandalucia.es\/iessanisidro\/?page_id=4600"},"modified":"2025-05-21T11:23:37","modified_gmt":"2025-05-21T10:23:37","slug":"centro-bilingue-ies-san-isidro","status":"publish","type":"page","link":"https:\/\/blogsaverroes.juntadeandalucia.es\/iessanisidro\/centro-bilingue-ies-san-isidro\/","title":{"rendered":"CENTRO BILING\u00dcE IES SAN ISIDRO"},"content":{"rendered":"<p><a href=\"https:\/\/blogsaverroes.juntadeandalucia.es\/iessanisidro\/centro-bilingue-1-1024x299\/\"><img loading=\"lazy\" decoding=\"async\" class=\"aligncenter size-full wp-image-4599\" src=\"https:\/\/blogsaverroes.juntadeandalucia.es\/iessanisidro\/files\/2025\/03\/CENTRO-BILINGUE-1-1024x299-1.png\" alt=\"\" width=\"1024\" height=\"299\" srcset=\"https:\/\/blogsaverroes.juntadeandalucia.es\/iessanisidro\/files\/2025\/03\/CENTRO-BILINGUE-1-1024x299-1.png 1024w, https:\/\/blogsaverroes.juntadeandalucia.es\/iessanisidro\/files\/2025\/03\/CENTRO-BILINGUE-1-1024x299-1-300x88.png 300w, https:\/\/blogsaverroes.juntadeandalucia.es\/iessanisidro\/files\/2025\/03\/CENTRO-BILINGUE-1-1024x299-1-768x224.png 768w\" sizes=\"(max-width: 1024px) 100vw, 1024px\" \/><\/a><\/p>\n<p>Desde el curso 2024\/2025, el IES SAN ISIDRO empieza una nueva etapa al incorporarse a la larga lista de centros biling\u00fces de Andaluc\u00eda.<\/p>\n<p>En esta p\u00e1gina pondremos la informaci\u00f3n relativa a AUXILIARES DE CONVERSACI\u00d3N y todo aquello relativo a la experiencia como centro biling\u00fce.<\/p>\n<p><a href=\"https:\/\/view.genially.com\/682d86afd4820ce26bab247e\" target=\"_blank\" rel=\"noopener\">Erasmus+ &#8211; eTwinning 25\/26<\/a><\/p>\n<p><a href=\"https:\/\/blogsaverroes.juntadeandalucia.es\/iessanisidro\/2025\/05\/16\/etwinning-projects\/proyectos-etwinning\/\" target=\"_blank\" rel=\"noopener\">Proyectos eTwinning<\/a><\/p>\n<p><strong><a title=\"INFORMATION SHEET FOR LANGUAGE ASSISTANTS - 2025\/2026\" href=\"https:\/\/docs.google.com\/document\/d\/1gRg5USaz-clnvDplWRpfuns1gbMWBrNEiWBQwveE2GY\/edit?usp=sharing\" target=\"_blank\" rel=\"noopener\">ENGLISH: INFORMATION SHEET FOR LANGUAGE ASSISTANTS &#8211; SCHOOL YEAR 2025-2026<\/a><\/strong><\/p>\n<p><strong><a href=\"https:\/\/docs.google.com\/document\/d\/1urcbcp7dc2zNPbYLeSyE8_nKFV0AS4cScUtdxpEnMDU\/edit?usp=sharing\" target=\"_blank\" rel=\"noopener\">ESPA\u00d1OL: FICHA INFORMATIVA PARA AUXILIARES DE CONVERSACI\u00d3N &#8211; CURSO ESCOLAR 2025-2026<\/a><\/strong><\/p>\n<p><a href=\"https:\/\/blogsaverroes.juntadeandalucia.es\/iessanisidro\/centro-bilingue-ies-san-isidro\/iessanisidrobrochure\/\" target=\"_blank\" rel=\"noopener\">IES San Isidro ENG Brochure<\/a><\/p>\n","protected":false},"excerpt":{"rendered":"<p>Desde el curso 2024\/2025, el IES SAN ISIDRO empieza una nueva etapa al incorporarse a la larga lista de centros biling\u00fces de Andaluc\u00eda. En esta p\u00e1gina pondremos la informaci\u00f3n relativa a AUXILIARES DE CONVERSACI\u00d3N&#46;&#46;&#46;<\/p>\n","protected":false},"author":10042,"featured_media":0,"parent":0,"menu_order":0,"comment_status":"closed","ping_status":"closed","template":"","meta":{"ngg_post_thumbnail":0,"footnotes":"","_mc_calendar":[]},"aioseo_notices":[],"_links":{"self":[{"href":"https:\/\/blogsaverroes.juntadeandalucia.es\/iessanisidro\/wp-json\/wp\/v2\/pages\/4600"}],"collection":[{"href":"https:\/\/blogsaverroes.juntadeandalucia.es\/iessanisidro\/wp-json\/wp\/v2\/pages"}],"about":[{"href":"https:\/\/blogsaverroes.juntadeandalucia.es\/iessanisidro\/wp-json\/wp\/v2\/types\/page"}],"author":[{"embeddable":true,"href":"https:\/\/blogsaverroes.juntadeandalucia.es\/iessanisidro\/wp-json\/wp\/v2\/users\/10042"}],"replies":[{"embeddable":true,"href":"https:\/\/blogsaverroes.juntadeandalucia.es\/iessanisidro\/wp-json\/wp\/v2\/comments?post=4600"}],"version-history":[{"count":9,"href":"https:\/\/blogsaverroes.juntadeandalucia.es\/iessanisidro\/wp-json\/wp\/v2\/pages\/4600\/revisions"}],"predecessor-version":[{"id":4735,"href":"https:\/\/blogsaverroes.juntadeandalucia.es\/iessanisidro\/wp-json\/wp\/v2\/pages\/4600\/revisions\/4735"}],"wp:attachment":[{"href":"https:\/\/blogsaverroes.juntadeandalucia.es\/iessanisidro\/wp-json\/wp\/v2\/media?parent=4600"}],"curies":[{"name":"wp","href":"https:\/\/api.w.org\/{rel}","templated":true}]}}