{"id":1425,"date":"2021-09-18T18:22:48","date_gmt":"2021-09-18T17:22:48","guid":{"rendered":"https:\/\/blogsaverroes.juntadeandalucia.es\/iessanjeronimo\/?page_id=1425"},"modified":"2024-09-03T09:08:17","modified_gmt":"2024-09-03T08:08:17","slug":"equipo-directivo","status":"publish","type":"page","link":"https:\/\/blogsaverroes.juntadeandalucia.es\/iessanjeronimo\/equipo-directivo\/","title":{"rendered":"Equipo Directivo"},"content":{"rendered":"<p>[et_pb_section fb_built=&#8221;1&#8243; custom_padding_last_edited=&#8221;on|desktop&#8221; admin_label=&#8221;Getting Paid&#8221; _builder_version=&#8221;4.16&#8243; background_color=&#8221;#ffffff&#8221; background_color_gradient_direction=&#8221;270deg&#8221; background_blend=&#8221;overlay&#8221; custom_margin=&#8221;|||&#8221; custom_padding=&#8221;100px|0px|100px|0px&#8221; custom_padding_tablet=&#8221;&#8221; custom_padding_phone=&#8221;&#8221; animation_direction=&#8221;right&#8221; hover_enabled=&#8221;0&#8243; border_radii=&#8221;||0px|0px|&#8221; border_width_all=&#8221;0px&#8221; border_color_all=&#8221;#333333&#8243; border_style_all=&#8221;solid&#8221; box_shadow_style=&#8221;preset6&#8243; box_shadow_horizontal=&#8221;50px&#8221; box_shadow_blur=&#8221;100px&#8221; box_shadow_color=&#8221;rgba(0,0,0,0.1)&#8221; box_shadow_position=&#8221;outer&#8221; global_colors_info=&#8221;{}&#8221; sticky_enabled=&#8221;0&#8243;][et_pb_row column_structure=&#8221;1_5,1_5,1_5,1_5,1_5&#8243; use_custom_gutter=&#8221;on&#8221; gutter_width=&#8221;2&#8243; column_padding_mobile=&#8221;on&#8221; custom_padding_last_edited=&#8221;on|tablet&#8221; _builder_version=&#8221;4.16&#8243; use_background_color_gradient=&#8221;on&#8221; background_color_gradient_direction=&#8221;90deg&#8221; background_color_gradient_stops=&#8221;#6cdfee 0%|#538bf8 100%&#8221; background_color_gradient_start=&#8221;#6cdfee&#8221; background_color_gradient_end=&#8221;#538bf8&#8243; background_size=&#8221;initial&#8221; background_position=&#8221;top_left&#8221; background_repeat=&#8221;repeat&#8221; width=&#8221;90%&#8221; max_width=&#8221;90%&#8221; custom_margin=&#8221;|0px||&#8221; custom_padding=&#8221;60px|1.5%|20px|4.1%||&#8221; custom_padding_tablet=&#8221;100px|10%|100px|10%&#8221; custom_padding_phone=&#8221;|||&#8221; animation_style=&#8221;slide&#8221; animation_direction=&#8221;right&#8221; animation_intensity_slide=&#8221;5%&#8221; animation_starting_opacity=&#8221;100%&#8221; border_radii=&#8221;|200px|||200px&#8221; box_shadow_style=&#8221;preset4&#8243; box_shadow_horizontal=&#8221;-30px&#8221; box_shadow_vertical=&#8221;0px&#8221; box_shadow_color=&#8221;rgba(255,255,255,0.2)&#8221; use_custom_width=&#8221;on&#8221; width_unit=&#8221;off&#8221; custom_width_percent=&#8221;90%&#8221; global_colors_info=&#8221;{}&#8221;][et_pb_column type=&#8221;1_5&#8243; _builder_version=&#8221;4.16&#8243; custom_padding=&#8221;|||&#8221; global_colors_info=&#8221;{}&#8221; custom_padding__hover=&#8221;|||&#8221;][et_pb_blurb title=&#8221;\u00c1vila De la Vega, V\u00edctor &#8221; image_icon_width=&#8221;70%&#8221; _builder_version=&#8221;4.16&#8243; header_font=&#8221;PT Sans|700|||||||&#8221; header_line_height=&#8221;1.3em&#8221; body_font=&#8221;PT Sans||||||||&#8221; body_font_size=&#8221;16px&#8221; background_color=&#8221;#ffffff&#8221; text_orientation=&#8221;center&#8221; custom_margin=&#8221;|||&#8221; custom_padding=&#8221;30px|30px|30px|30px&#8221; border_radii=&#8221;on|10px|10px|10px|10px&#8221; box_shadow_style=&#8221;preset1&#8243; box_shadow_vertical=&#8221;10px&#8221; box_shadow_blur=&#8221;60px&#8221; box_shadow_color=&#8221;rgba(0,0,0,0.1)&#8221; image_max_width=&#8221;70%&#8221; global_colors_info=&#8221;{}&#8221;]<\/p>\n<p><strong>Director<\/strong><\/p>\n<p>[\/et_pb_blurb][\/et_pb_column][et_pb_column type=&#8221;1_5&#8243; _builder_version=&#8221;4.16&#8243; _module_preset=&#8221;default&#8221; global_colors_info=&#8221;{}&#8221;][et_pb_blurb title=&#8221;Mohamed El Maimouni Zaio&#8221; image_icon_width=&#8221;70%&#8221; _builder_version=&#8221;4.16&#8243; header_font=&#8221;PT Sans|700|||||||&#8221; header_line_height=&#8221;1.3em&#8221; body_font=&#8221;PT Sans||||||||&#8221; body_font_size=&#8221;16px&#8221; background_color=&#8221;#ffffff&#8221; text_orientation=&#8221;center&#8221; custom_margin=&#8221;|||&#8221; custom_padding=&#8221;30px|30px|10px|30px||&#8221; border_radii=&#8221;on|10px|10px|10px|10px&#8221; box_shadow_style=&#8221;preset1&#8243; box_shadow_vertical=&#8221;10px&#8221; box_shadow_blur=&#8221;60px&#8221; box_shadow_color=&#8221;rgba(0,0,0,0.1)&#8221; image_max_width=&#8221;70%&#8221; global_colors_info=&#8221;{}&#8221;]<\/p>\n<p><strong>Vicedirector<\/strong><\/p>\n<p>[\/et_pb_blurb][\/et_pb_column][et_pb_column type=&#8221;1_5&#8243; _builder_version=&#8221;4.16&#8243; _module_preset=&#8221;default&#8221; global_colors_info=&#8221;{}&#8221;][et_pb_blurb title=&#8221;Cordero Fern\u00e1ndez, Mar\u00eda Josefa&#8221; image_icon_width=&#8221;70%&#8221; _builder_version=&#8221;4.16&#8243; header_font=&#8221;PT Sans|700|||||||&#8221; header_line_height=&#8221;1.3em&#8221; body_font=&#8221;PT Sans||||||||&#8221; body_font_size=&#8221;16px&#8221; background_color=&#8221;#ffffff&#8221; text_orientation=&#8221;center&#8221; custom_margin=&#8221;|||&#8221; custom_padding=&#8221;30px|30px|11px|30px||&#8221; border_radii=&#8221;on|10px|10px|10px|10px&#8221; box_shadow_style=&#8221;preset1&#8243; box_shadow_vertical=&#8221;10px&#8221; box_shadow_blur=&#8221;60px&#8221; box_shadow_color=&#8221;rgba(0,0,0,0.1)&#8221; image_max_width=&#8221;70%&#8221; global_colors_info=&#8221;{}&#8221;]<\/p>\n<p><strong>Jefa de Estudios<\/strong><\/p>\n<p>[\/et_pb_blurb][\/et_pb_column][et_pb_column type=&#8221;1_5&#8243; _builder_version=&#8221;4.16&#8243; _module_preset=&#8221;default&#8221; global_colors_info=&#8221;{}&#8221;][et_pb_blurb title=&#8221;Solano Guti\u00e9rrez, Jos\u00e9 Luis&#8221; image_icon_width=&#8221;70%&#8221; _builder_version=&#8221;4.24.2&#8243; header_font=&#8221;PT Sans|700|||||||&#8221; header_line_height=&#8221;1.3em&#8221; body_font=&#8221;PT Sans||||||||&#8221; body_font_size=&#8221;16px&#8221; background_color=&#8221;#ffffff&#8221; text_orientation=&#8221;center&#8221; custom_margin=&#8221;|||&#8221; custom_padding=&#8221;30px|30px|13px|30px||&#8221; hover_enabled=&#8221;0&#8243; border_radii=&#8221;on|10px|10px|10px|10px&#8221; box_shadow_style=&#8221;preset1&#8243; box_shadow_vertical=&#8221;10px&#8221; box_shadow_blur=&#8221;60px&#8221; box_shadow_color=&#8221;rgba(0,0,0,0.1)&#8221; image_max_width=&#8221;70%&#8221; global_colors_info=&#8221;{}&#8221; sticky_enabled=&#8221;0&#8243;]<\/p>\n<p><strong>Secretario<\/strong><\/p>\n<p>[\/et_pb_blurb][\/et_pb_column][et_pb_column type=&#8221;1_5&#8243; _builder_version=&#8221;4.16&#8243; custom_padding=&#8221;|||&#8221; global_colors_info=&#8221;{}&#8221; custom_padding__hover=&#8221;|||&#8221;][et_pb_blurb title=&#8221;Calatrava S\u00e1nchez, Mar\u00eda \u00c1ngeles&#8221; image_icon_width=&#8221;70%&#8221; _builder_version=&#8221;4.16&#8243; header_font=&#8221;PT Sans|700|||||||&#8221; header_line_height=&#8221;1.3em&#8221; body_font=&#8221;PT Sans||||||||&#8221; body_font_size=&#8221;16px&#8221; background_color=&#8221;#ffffff&#8221; text_orientation=&#8221;center&#8221; min_height=&#8221;105px&#8221; custom_margin=&#8221;|||&#8221; custom_padding=&#8221;30px|30px|13px|30px||&#8221; border_radii=&#8221;on|10px|10px|10px|10px&#8221; box_shadow_style=&#8221;preset1&#8243; box_shadow_vertical=&#8221;10px&#8221; box_shadow_blur=&#8221;60px&#8221; box_shadow_color=&#8221;rgba(0,0,0,0.1)&#8221; image_max_width=&#8221;70%&#8221; global_colors_info=&#8221;{}&#8221;]<\/p>\n<p><strong>Jefa de Estudios adjunta<\/strong><\/p>\n<p>[\/et_pb_blurb][\/et_pb_column][\/et_pb_row][\/et_pb_section]<\/p>\n","protected":false},"excerpt":{"rendered":"<p>DirectorVicedirectorJefa de EstudiosSecretarioJefa de Estudios adjunta<\/p>\n","protected":false},"author":13409,"featured_media":0,"parent":0,"menu_order":0,"comment_status":"closed","ping_status":"closed","template":"","meta":{"_et_pb_use_builder":"on","_et_pb_old_content":"","_et_gb_content_width":"","ngg_post_thumbnail":0,"footnotes":""},"aioseo_notices":[],"_links":{"self":[{"href":"https:\/\/blogsaverroes.juntadeandalucia.es\/iessanjeronimo\/wp-json\/wp\/v2\/pages\/1425"}],"collection":[{"href":"https:\/\/blogsaverroes.juntadeandalucia.es\/iessanjeronimo\/wp-json\/wp\/v2\/pages"}],"about":[{"href":"https:\/\/blogsaverroes.juntadeandalucia.es\/iessanjeronimo\/wp-json\/wp\/v2\/types\/page"}],"author":[{"embeddable":true,"href":"https:\/\/blogsaverroes.juntadeandalucia.es\/iessanjeronimo\/wp-json\/wp\/v2\/users\/13409"}],"replies":[{"embeddable":true,"href":"https:\/\/blogsaverroes.juntadeandalucia.es\/iessanjeronimo\/wp-json\/wp\/v2\/comments?post=1425"}],"version-history":[{"count":6,"href":"https:\/\/blogsaverroes.juntadeandalucia.es\/iessanjeronimo\/wp-json\/wp\/v2\/pages\/1425\/revisions"}],"predecessor-version":[{"id":4314,"href":"https:\/\/blogsaverroes.juntadeandalucia.es\/iessanjeronimo\/wp-json\/wp\/v2\/pages\/1425\/revisions\/4314"}],"wp:attachment":[{"href":"https:\/\/blogsaverroes.juntadeandalucia.es\/iessanjeronimo\/wp-json\/wp\/v2\/media?parent=1425"}],"curies":[{"name":"wp","href":"https:\/\/api.w.org\/{rel}","templated":true}]}}