{"id":1762,"date":"2021-09-19T11:10:46","date_gmt":"2021-09-19T10:10:46","guid":{"rendered":"https:\/\/blogsaverroes.juntadeandalucia.es\/iessanjeronimo\/?page_id=1762"},"modified":"2024-10-29T20:32:21","modified_gmt":"2024-10-29T19:32:21","slug":"p-a-s","status":"publish","type":"page","link":"https:\/\/blogsaverroes.juntadeandalucia.es\/iessanjeronimo\/p-a-s\/","title":{"rendered":"P.A.S."},"content":{"rendered":"<p>[et_pb_section fb_built=&#8221;1&#8243; admin_label=&#8221;Our Services&#8221; _builder_version=&#8221;4.16&#8243; custom_padding=&#8221;100px|0px|100px|0px&#8221; saved_tabs=&#8221;all&#8221; global_colors_info=&#8221;{}&#8221;][et_pb_row admin_label=&#8221;Services&#8221; _builder_version=&#8221;4.16&#8243; width=&#8221;48%&#8221; max_width=&#8221;2372px&#8221; min_height=&#8221;283px&#8221; height=&#8221;213px&#8221; max_height=&#8221;248px&#8221; custom_margin=&#8221;-114px|auto|-1228px|auto||&#8221; custom_padding=&#8221;||0px|||&#8221; global_colors_info=&#8221;{}&#8221;][et_pb_column type=&#8221;4_4&#8243; _builder_version=&#8221;4.16&#8243; _module_preset=&#8221;default&#8221; transform_scale=&#8221;82%|82%&#8221; global_colors_info=&#8221;{}&#8221;][et_pb_blurb image=&#8221;https:\/\/blogsaverroes.juntadeandalucia.es\/iessanjeronimo\/files\/2024\/10\/pas-logo-1280&#215;640-1-150&#215;150.png&#8221; content_max_width=&#8221;754px&#8221; admin_label=&#8221;Service&#8221; _builder_version=&#8221;4.24.2&#8243; header_level=&#8221;h1&#8243; header_font=&#8221;Montserrat|600|||||||&#8221; header_text_align=&#8221;center&#8221; header_font_size=&#8221;20px&#8221; header_line_height=&#8221;1.7em&#8221; body_font=&#8221;Ubuntu||||||||&#8221; body_text_align=&#8221;center&#8221; body_text_color=&#8221;#ffffff&#8221; body_font_size=&#8221;16px&#8221; background_color=&#8221;#8300e9&#8243; transform_scale=&#8221;99%|99%&#8221; background_layout=&#8221;dark&#8221; width=&#8221;86.5%&#8221; max_width=&#8221;100%&#8221; min_height=&#8221;419px&#8221; height=&#8221;465px&#8221; custom_margin=&#8221;|-200px|54px|||&#8221; custom_padding=&#8221;60px|30px|60px|40px&#8221; animation_style=&#8221;slide&#8221; animation_direction=&#8221;bottom&#8221; animation_intensity_slide=&#8221;10%&#8221; animation=&#8221;off&#8221; hover_enabled=&#8221;0&#8243; border_radii=&#8221;on|5px|5px|5px|5px&#8221; box_shadow_style=&#8221;preset5&#8243; global_colors_info=&#8221;{}&#8221; title_text=&#8221;pas-logo-1280&#215;640&#8243; sticky_enabled=&#8221;0&#8243;]<\/p>\n<h1 style=\"text-align: left\"><strong><span><\/span><\/strong><\/h1>\n<h1 style=\"text-align: left\"><strong><span>Administrativa<\/span><\/strong><\/h1>\n<ul>\n<li style=\"text-align: left\">\n<h3><strong style=\"font-size: 22px\">Vald\u00e9s D\u00edaz, Mar\u00eda del Mar<\/strong><\/h3>\n<p><strong style=\"font-size: 22px\"><\/strong><\/p>\n<\/li>\n<\/ul>\n<p><strong style=\"font-size: 22px\"><\/strong><\/p>\n<h1 style=\"text-align: left\"><strong><\/strong><\/h1>\n<h1 style=\"text-align: left\"><strong>Ordenanzas<\/strong><\/h1>\n<ul>\n<li style=\"text-align: left\">\n<h3><strong>Ramos Gil, Mar\u00eda Dolores<\/strong><\/h3>\n<\/li>\n<li style=\"text-align: left\">\n<h3><strong>Haro Sevillano, Josefa<\/strong><\/h3>\n<\/li>\n<li style=\"text-align: left\">\n<h3><strong>Paso Prieto, Jos\u00e9 Ignacio<\/strong><strong><br \/><\/strong><\/h3>\n<\/li>\n<\/ul>\n<p><strong><\/strong><\/p>\n<p>[\/et_pb_blurb][\/et_pb_column][\/et_pb_row][\/et_pb_section]<\/p>\n","protected":false},"excerpt":{"rendered":"<p>Administrativa Vald\u00e9s D\u00edaz, Mar\u00eda del Mar Ordenanzas Ramos Gil, Mar\u00eda Dolores Haro Sevillano, Josefa Paso Prieto, Jos\u00e9 Ignacio<\/p>\n","protected":false},"author":13409,"featured_media":0,"parent":0,"menu_order":0,"comment_status":"closed","ping_status":"closed","template":"","meta":{"_et_pb_use_builder":"on","_et_pb_old_content":"","_et_gb_content_width":"","ngg_post_thumbnail":0,"footnotes":""},"aioseo_notices":[],"_links":{"self":[{"href":"https:\/\/blogsaverroes.juntadeandalucia.es\/iessanjeronimo\/wp-json\/wp\/v2\/pages\/1762"}],"collection":[{"href":"https:\/\/blogsaverroes.juntadeandalucia.es\/iessanjeronimo\/wp-json\/wp\/v2\/pages"}],"about":[{"href":"https:\/\/blogsaverroes.juntadeandalucia.es\/iessanjeronimo\/wp-json\/wp\/v2\/types\/page"}],"author":[{"embeddable":true,"href":"https:\/\/blogsaverroes.juntadeandalucia.es\/iessanjeronimo\/wp-json\/wp\/v2\/users\/13409"}],"replies":[{"embeddable":true,"href":"https:\/\/blogsaverroes.juntadeandalucia.es\/iessanjeronimo\/wp-json\/wp\/v2\/comments?post=1762"}],"version-history":[{"count":19,"href":"https:\/\/blogsaverroes.juntadeandalucia.es\/iessanjeronimo\/wp-json\/wp\/v2\/pages\/1762\/revisions"}],"predecessor-version":[{"id":4447,"href":"https:\/\/blogsaverroes.juntadeandalucia.es\/iessanjeronimo\/wp-json\/wp\/v2\/pages\/1762\/revisions\/4447"}],"wp:attachment":[{"href":"https:\/\/blogsaverroes.juntadeandalucia.es\/iessanjeronimo\/wp-json\/wp\/v2\/media?parent=1762"}],"curies":[{"name":"wp","href":"https:\/\/api.w.org\/{rel}","templated":true}]}}