{"id":2138,"date":"2021-09-26T13:01:46","date_gmt":"2021-09-26T12:01:46","guid":{"rendered":"https:\/\/blogsaverroes.juntadeandalucia.es\/iessanjeronimo\/?page_id=2138"},"modified":"2024-01-10T11:47:16","modified_gmt":"2024-01-10T10:47:16","slug":"titulos","status":"publish","type":"page","link":"https:\/\/blogsaverroes.juntadeandalucia.es\/iessanjeronimo\/titulos\/","title":{"rendered":"T\u00edtulos"},"content":{"rendered":"<p><span style=\"font-family: 'times new roman', times, serif;font-size: 12pt\"><strong><span style=\"color: #993300\"><img loading=\"lazy\" decoding=\"async\" class=\"aligncenter wp-image-2145\" src=\"https:\/\/blogsaverroes.juntadeandalucia.es\/iessanjeronimo\/files\/2021\/09\/hqdefault.jpg\" alt=\"\" width=\"207\" height=\"156\" srcset=\"https:\/\/blogsaverroes.juntadeandalucia.es\/iessanjeronimo\/files\/2021\/09\/hqdefault.jpg 480w, https:\/\/blogsaverroes.juntadeandalucia.es\/iessanjeronimo\/files\/2021\/09\/hqdefault-300x225.jpg 300w\" sizes=\"(max-width: 207px) 100vw, 207px\" \/><br \/>\nOLICITUD Y EXPEDICI\u00d3N DE ORIGINALES DE T\u00cdTULOS DE BACHILLER, F.P. GRADO MEDIO Y SUPERIOR<\/span><\/strong><\/span><\/p>\n<p><span style=\"font-family: 'times new roman', times, serif;font-size: 12pt\">A diferencia de la ESO, en que la expedici\u00f3n de t\u00edtulos se realiza de oficio por el centro educativo sin que tenga que ser solicitada por los alumnos, en las ense\u00f1anzas postobligatorias, como el bachillerato o los ciclos formativos, los t\u00edtulos&nbsp;<strong>s\u00ed<\/strong>&nbsp;deben ser solicitados por los alumnos, previo pago de las tasas correspondientes.<\/span><\/p>\n<ol>\n<li><span style=\"font-family: 'times new roman', times, serif;font-size: 12pt\"><strong>\u00bfC\u00f3mo se solicita un t\u00edtulo?<\/strong><\/span><\/li>\n<\/ol>\n<ol>\n<li style=\"list-style-type: none\">\n<ol>\n<li><span style=\"font-family: 'times new roman', times, serif;font-size: 12pt\">Para solicitar tu t\u00edtulo debes cumplimentar e imprimir el&nbsp;<strong>modelo 046<\/strong> de autoliquidaci\u00f3n de tasas de la Junta de Andaluc\u00eda, el cual est\u00e1 disponible online en Internet en&nbsp;.&nbsp;<strong><a href=\"https:\/\/www.juntadeandalucia.es\/economiayhacienda\/apl\/surweb\/modelos\/modelo046\/046.jsp\" target=\"_blank\" rel=\"noopener noreferrer\">Nota<\/a>:<\/strong>&nbsp;aunque al abrir el modelo 046 aparece un aviso en la parte superior de la pantalla informando de que para determinados pagos sujetos a IVA se utiliza el modelo 169, esto no afecta a las tasas por expedici\u00f3n de t\u00edtulos acad\u00e9micos, para lo que se sigue usando el modelo 046.<\/span><\/li>\n<li><span style=\"font-family: 'times new roman', times, serif;font-size: 12pt\">En el apartado OBLIGADO AL PAGO, se deben cumplimentar los datos personales y de domiciliaci\u00f3n del solicitante.<\/span><\/li>\n<li><span style=\"font-family: 'times new roman', times, serif;font-size: 12pt\">En el apartado DATOS GENERALES, se debe marcar la casilla AUTOLIQUIDACI\u00d3N. En el cuadro de texto situado debajo se indica el tipo de t\u00edtulo que se solicita. Se escribir\u00e1 la fecha en la que se va a realizar la liquidaci\u00f3n. En el c\u00f3digo territorial puede escribirse directamente ED41M7 o bien utilizar los desplegables y seleccionar en c\u00f3digo \u00f3rgano territorial CONSEJER\u00cdA DE EDUCACI\u00d3N, en C\u00f3digo provincia, SEVILLA y en C\u00f3digo centro, I.E.S. SAN JER\u00d3NIMO (41010757). En concepto de pago se indicar\u00e1 el c\u00f3digo 0049 o bien se utilizar\u00e1 el desplegable y se seleccionar\u00e1 TASA POR EXPEDICI\u00d3N DE T\u00cdTULOS ACAD\u00c9MICOS Y PROFESIONALES.<\/span><\/li>\n<li><span style=\"font-family: 'times new roman', times, serif;font-size: 12pt\">El resto del documento ser\u00e1 impreso mec\u00e1nicamente por la entidad bancaria en el momento de realizar el ingreso.<\/span><\/li>\n<li><span style=\"font-family: 'times new roman', times, serif;font-size: 12pt\">Una vez realizado el pago, la entidad bancaria se queda con una de las copias del modelo (el tal\u00f3n de cargo); le entregar\u00e1 al solicitante el ejemplar para el interesado&nbsp; y el ejemplar para la Administraci\u00f3n, los cuales llevar\u00e1 al centro. El ejemplar para la Administraci\u00f3n se lo queda el centro. El ejemplar para el interesado le ser\u00e1 sellado por el centro, sirvi\u00e9ndole de resguardo de solicitud.<\/span><\/li>\n<li><span style=\"font-family: 'times new roman', times, serif;font-size: 12pt\">Junto con el modelo 046 se presentar\u00e1 una fotocopia del DNI por ambas caras.<\/span><\/li>\n<\/ol>\n<\/li>\n<\/ol>\n<p><span style=\"font-family: 'times new roman', times, serif;font-size: 12pt\">Otra posibilidad es&nbsp;<strong>solicitarlo de forma Online<\/strong> con certificado digital o clave IANDE en la secretar\u00eda virtual&nbsp;<\/span><\/p>\n<ul>\n<li><span style=\"font-family: 'times new roman', times, serif;font-size: 12pt\"><strong>Tasas y exenciones por expedici\u00f3n de T\u00edtulos Acad\u00e9micos&nbsp;<\/strong>&nbsp;a\u00f1o&nbsp;<strong>2024<\/strong>.<\/span>\n<ul>\n<li><span style=\"font-family: 'times new roman', times, serif;font-size: 12pt\">T\u00edtulo de bachillerato: 56,07 \u20ac<\/span><\/li>\n<li><span style=\"font-family: 'times new roman', times, serif;font-size: 12pt\">T\u00edtulo de Formaci\u00f3n Profesional Grado Superior: 56,07 \u20ac<\/span><\/li>\n<li><span style=\"font-family: 'times new roman', times, serif;font-size: 12pt\">T\u00edtulo de Formaci\u00f3n Profesional Grado Medio: 22,38 \u20ac<\/span><\/li>\n<\/ul>\n<\/li>\n<\/ul>\n<p><span style=\"font-family: 'times new roman', times, serif;font-size: 12pt\">Los alumnos que pertenezcan a&nbsp;<strong>Familias Numerosas de Categor\u00eda General<\/strong>, pagar\u00e1n s\u00f3lo el 50% de las cantidades anteriores. Presentar\u00e1n en el centro una copia de la tarjeta de Familia Numerosa en vigor<\/span><\/p>\n<p><span style=\"font-family: 'times new roman', times, serif;font-size: 12pt\">Los alumnos que pertenezcan a&nbsp;<strong>Familias Numerosas de Categor\u00eda Especial<\/strong>&nbsp;est\u00e1n exentos (no tienen que pagar tasas). En estos casos, no hay que presentar modelo 046, tan<\/span> solo la fotocopia del DNI y una fotocopia de la tarjeta de Familia Numerosa en vigor.<\/p>\n<ul>\n<li><span style=\"font-family: 'times new roman', times, serif;font-size: 12pt\"><a href=\"https:\/\/www.juntadeandalucia.es\/economiayhacienda\/apl\/surweb\/modelos\/modelo046\/046.jsp\" target=\"_blank\" rel=\"noopener noreferrer\">&nbsp;Acceso al modelo 046 rellenable.<\/a><\/span><\/li>\n<li><span style=\"font-family: 'times new roman', times, serif;font-size: 12pt\"><a href=\"https:\/\/www.juntadeandalucia.es\/educacion\/portals\/web\/ced\/tasas\" target=\"_blank\" rel=\"noopener noreferrer\">&nbsp;Consulta de tasas.<\/a><\/span><\/li>\n<\/ul>\n<p>&nbsp;<\/p>\n<p><span style=\"font-family: 'times new roman', times, serif;font-size: 12pt;color: #993300\"><strong>SOLICITUD Y EXPEDICI\u00d3N DE DUPLICADOS DE T\u00cdTULOS<\/strong><\/span><\/p>\n<p><span style=\"font-family: 'times new roman', times, serif;font-size: 12pt\">En el caso de p\u00e9rdida o destrucci\u00f3n de un t\u00edtulo, la persona solicitante deber\u00e1 solicitar un duplicado de dicho t\u00edtulo. Para ello deber\u00e1 pasar por la secretar\u00eda del centro educativo donde obtuvo dicho t\u00edtulo y rellenar una&nbsp;<a href=\"https:\/\/blogsaverroes.juntadeandalucia.es\/iessanjeronimo\/files\/2021\/09\/SOLICITUD_DUPLICADO_TITULO.pdf\" target=\"_blank\" rel=\"noopener noreferrer\"><strong>instancia&nbsp; para solicitar su duplicado<\/strong><\/a> &nbsp;(si descarga esta instancia en su ordenador o la abre con Adobe Reader podr\u00e1 rellenar los campos y luego imprimirla).Tambi\u00e9n deber\u00e1&nbsp;<strong>abonar las tasas<\/strong>&nbsp;correspondientes y presentar el justificante de pago junto con la instancia de solicitud anterior. Aqu\u00ed se distinguen dos casos:<\/span><\/p>\n<ul>\n<li><span style=\"font-family: 'times new roman', times, serif;font-size: 12pt\"><strong>Duplicado de t\u00edtulos LOGSE&nbsp;(Ley de Ordenaci\u00f3n General del Sistema Educativo) y posteriores&nbsp;,&nbsp;<\/strong>como es el caso del&nbsp;Titulo de Graduado en ESO,&nbsp;Bachiller&nbsp;y&nbsp;T\u00e9cnicos y T\u00e9cnicos Superiores de Formaci\u00f3n Profesional. En estos casos la competencia es de la Junta de Andaluc\u00eda y las tasas se abonan mediante el&nbsp;<a href=\"https:\/\/www.juntadeandalucia.es\/economiayhacienda\/apl\/surweb\/modelos\/modelo046\/046.jsp\" target=\"_blank\" rel=\"noopener noreferrer\"><strong>modelo 046<\/strong>&nbsp;<\/a>&nbsp;abonando la&nbsp;<strong>tasa 0049<\/strong>, igual que para la solicitud por primera vez. En este caso, las tasas para los duplicados son las mismas que para los originales.<\/span><\/li>\n<li><span style=\"font-family: 'times new roman', times, serif;font-size: 12pt\"><strong>Duplicado de t\u00edtulos anteriores a la LOGSE,&nbsp;<\/strong>como es el caso del&nbsp;Certificado de Escolaridad, el&nbsp;Graduado Escolar, de la antigua EGB y el&nbsp;Titulo de bachiller de BUP.&nbsp;En estos casos la competencia corresponde al Ministerio de Educaci\u00f3n y las tasas se abonan mediante el&nbsp;<strong>modelo 790<\/strong>&nbsp; abonando la&nbsp;<a href=\"https:\/\/sede.administracionespublicas.gob.es\/pagina\/index\/directorio\/tasa059\" target=\"_blank\" rel=\"noopener noreferrer\"><strong>tasa 059<\/strong><\/a> . En este caso, hay que tener en cuenta que la tasa a abonar para los duplicados es muy inferior a la correspondien<\/span>te a los originales. En torno a 5 \u20ac. Al rellenar el modelo se indican las tasas autom\u00e1ticamente.<\/li>\n<\/ul>\n","protected":false},"excerpt":{"rendered":"<p>OLICITUD Y EXPEDICI\u00d3N DE ORIGINALES DE T\u00cdTULOS DE BACHILLER, F.P. GRADO MEDIO Y SUPERIOR A diferencia de la ESO, en que la expedici\u00f3n de t\u00edtulos se realiza de oficio por el centro educativo sin que tenga que ser solicitada por los alumnos, en las ense\u00f1anzas postobligatorias, como el bachillerato o los ciclos formativos, los t\u00edtulos&nbsp;s\u00ed&nbsp;deben [&hellip;]<\/p>\n","protected":false},"author":13409,"featured_media":0,"parent":0,"menu_order":0,"comment_status":"closed","ping_status":"closed","template":"","meta":{"_et_pb_use_builder":"","_et_pb_old_content":"","_et_gb_content_width":"","ngg_post_thumbnail":0,"footnotes":""},"aioseo_notices":[],"_links":{"self":[{"href":"https:\/\/blogsaverroes.juntadeandalucia.es\/iessanjeronimo\/wp-json\/wp\/v2\/pages\/2138"}],"collection":[{"href":"https:\/\/blogsaverroes.juntadeandalucia.es\/iessanjeronimo\/wp-json\/wp\/v2\/pages"}],"about":[{"href":"https:\/\/blogsaverroes.juntadeandalucia.es\/iessanjeronimo\/wp-json\/wp\/v2\/types\/page"}],"author":[{"embeddable":true,"href":"https:\/\/blogsaverroes.juntadeandalucia.es\/iessanjeronimo\/wp-json\/wp\/v2\/users\/13409"}],"replies":[{"embeddable":true,"href":"https:\/\/blogsaverroes.juntadeandalucia.es\/iessanjeronimo\/wp-json\/wp\/v2\/comments?post=2138"}],"version-history":[{"count":6,"href":"https:\/\/blogsaverroes.juntadeandalucia.es\/iessanjeronimo\/wp-json\/wp\/v2\/pages\/2138\/revisions"}],"predecessor-version":[{"id":4204,"href":"https:\/\/blogsaverroes.juntadeandalucia.es\/iessanjeronimo\/wp-json\/wp\/v2\/pages\/2138\/revisions\/4204"}],"wp:attachment":[{"href":"https:\/\/blogsaverroes.juntadeandalucia.es\/iessanjeronimo\/wp-json\/wp\/v2\/media?parent=2138"}],"curies":[{"name":"wp","href":"https:\/\/api.w.org\/{rel}","templated":true}]}}