{"id":2152,"date":"2021-09-26T13:51:40","date_gmt":"2021-09-26T12:51:40","guid":{"rendered":"https:\/\/blogsaverroes.juntadeandalucia.es\/iessanjeronimo\/?page_id=2152"},"modified":"2021-09-26T14:13:26","modified_gmt":"2021-09-26T13:13:26","slug":"credenciales-ipasen","status":"publish","type":"page","link":"https:\/\/blogsaverroes.juntadeandalucia.es\/iessanjeronimo\/credenciales-ipasen\/","title":{"rendered":"Credenciales iPasen"},"content":{"rendered":"<p>[et_pb_section fb_built=&#8221;1&#8243; admin_label=&#8221;Our Services&#8221; _builder_version=&#8221;4.5.0&#8243; min_height=&#8221;5605px&#8221; custom_margin=&#8221;||80px|||&#8221; custom_padding=&#8221;0px|0px|0px|0px||&#8221; saved_tabs=&#8221;all&#8221;][et_pb_row admin_label=&#8221;Services&#8221; _builder_version=&#8221;4.5.0&#8243; min_height=&#8221;5332px&#8221; custom_padding=&#8221;0px|||||&#8221; hover_enabled=&#8221;0&#8243; box_shadow_style=&#8221;preset1&#8243;][et_pb_column type=&#8221;4_4&#8243; _builder_version=&#8221;4.5.0&#8243; custom_padding=&#8221;|||&#8221; custom_padding__hover=&#8221;|||&#8221;][et_pb_blurb title=&#8221;\u00bfC\u00d3MO INSTALAR Y OBTENER EL ACCESO A PASEN\/IPASEN POR LAS FAMILIAS?&#8221; image=&#8221;https:\/\/blogsaverroes.juntadeandalucia.es\/iessanjeronimo\/files\/2021\/09\/Screenshot-2020-04-08-at-13.08.07-150&#215;150.png&#8221; content_max_width=&#8221;1100px&#8221; admin_label=&#8221;Service&#8221; _builder_version=&#8221;4.5.0&#8243; header_font=&#8221;Times New Roman|600|||||||&#8221; header_text_align=&#8221;center&#8221; header_text_color=&#8221;#e02b20&#8243; header_font_size=&#8221;24px&#8221; header_letter_spacing=&#8221;2px&#8221; header_line_height=&#8221;1.7em&#8221; body_font=&#8221;Times New Roman|||||on|||&#8221; body_text_align=&#8221;left&#8221; body_text_color=&#8221;#000000&#8243; body_font_size=&#8221;20px&#8221; background_color=&#8221;#dfb758&#8243; min_height=&#8221;5230px&#8221; custom_margin=&#8221;||-73px|||&#8221; custom_padding=&#8221;60px|30px|60px|40px&#8221; animation_style=&#8221;slide&#8221; animation_direction=&#8221;bottom&#8221; animation_intensity_slide=&#8221;10%&#8221; animation=&#8221;off&#8221; header_text_shadow_style=&#8221;preset2&#8243; body_text_shadow_style=&#8221;preset2&#8243; body_text_shadow_vertical_length=&#8221;0.06em&#8221; border_radii=&#8221;on|5px|5px|5px|5px&#8221; text_shadow_style=&#8221;preset5&#8243; text_shadow_vertical_length=&#8221;0.15em&#8221;]<\/p>\n<p>La aplicaci\u00f3n web Pasen, o la aplicaci\u00f3n iPasen para dispositivos m\u00f3viles, permiten a las familias tener conocimiento de la evoluci\u00f3n acad\u00e9mica del alumno, as\u00ed como posibilitar la comunicaci\u00f3n telem\u00e1tica de la familias con los docentes del centro.<\/p>\n<p>Adem\u00e1s de la ayuda ofrecida en este art\u00edculo, se puede consultar el Manual\u00a0<a href=\"http:\/\/www.juntadeandalucia.es\/educacion\/portals\/delegate\/content\/79ca15b6-e1c0-4e70-ae98-0086488d9ae9\/Credenciales%20de%20alumnado%20en%20Pasen\/%20iPasen\" target=\"_blank\" rel=\"noopener noreferrer\">CREDENCIALES IdEA EN PASEN\/iPASEN<\/a>\u00a0de la Junta de Andalucia.<\/p>\n<p>Es recomendable acceder a este servicio desde el dispositivo m\u00f3vil, ya que as\u00ed se podr\u00e1n obtener notificaciones instant\u00e1neamente de avisos enviados desde el centro educativo. El nombre de la<strong>\u00a0aplicaci\u00f3n para dispositivos m\u00f3viles es iPASEN<\/strong>\u00a0y se puede descargar gratuitamente para Android y para iOS de iPhone:<\/p>\n<ul>\n<li>\n<h4><a href=\"https:\/\/play.google.com\/store\/apps\/details?id=juntadeandalucia.ced.pasen\" target=\"_blank\" rel=\"noopener noreferrer\">DESCARGAR IPASEN PARA ANDROID<\/a><\/h4>\n<\/li>\n<li>\n<h4><a href=\"https:\/\/apps.apple.com\/es\/app\/ipasen\/id511127024?l=es\" target=\"_blank\" rel=\"noopener noreferrer\">DESCARGAR IPASEN PARA IOS IPHONE<\/a><\/h4>\n<\/li>\n<\/ul>\n<p>Recuerda que el icono de la aplicaci\u00f3n es como el siguiente:<\/p>\n<p><img loading=\"lazy\" decoding=\"async\" class=\"wp-image-2159 aligncenter size-full\" style=\"float: left\" src=\"https:\/\/blogsaverroes.juntadeandalucia.es\/iessanjeronimo\/files\/2021\/09\/Screenshot-2020-04-08-at-13.08.07.png\" alt=\"\" width=\"96\" height=\"96\" \/><\/p>\n<p>&nbsp;<\/p>\n<p>En caso de\u00a0<strong>no disponer de un dispositivo m\u00f3vil<\/strong>\u00a0que permita la instalaci\u00f3n de esta aplicaci\u00f3n, o no desear tener instalada la aplicaci\u00f3n, se puede\u00a0<strong>acceder a este servicio desde la web<\/strong>, buscando \u201cpasen junta andalucia\u201d o directamente a trav\u00e9s de esta direcci\u00f3n:\u00a0<a href=\"http:\/\/www.juntadeandalucia.es\/educacion\/portals\/web\/ced\/pasen\" target=\"_blank\" rel=\"noopener noreferrer\">http:\/\/www.juntadeandalucia.es\/educacion\/portals\/web\/ced\/pasen<\/a><\/p>\n<p>Una vez que se tenga instalada la aplicaci\u00f3n y se haya abierto, o bien se haya accedido a la web, te solicitar\u00e1 que introduzcas tu\u00a0<strong>nombre de usuario y contrase\u00f1a de acceso<\/strong>\u00a0al sistema. Si conoces ambos datos introd\u00facelos en la pantalla, y si no los conoces te contamos m\u00e1s adelante c\u00f3mo obtenerlos.<img loading=\"lazy\" decoding=\"async\" class=\"wp-image-2160 aligncenter size-full\" src=\"https:\/\/blogsaverroes.juntadeandalucia.es\/iessanjeronimo\/files\/2021\/09\/photo_2020-04-08_13-19-36.jpg\" alt=\"\" width=\"182\" height=\"300\" \/><\/p>\n<p>Pero\u00a0<strong>si todo ha ido bien<\/strong>, o si como se indica m\u00e1s adelante, consigues recuperar los datos de acceso, en la aplicaci\u00f3n para m\u00f3viles aparecer\u00e1 una pantalla con un teclado num\u00e9rico donde debes indicar una\u00a0<strong>combinaci\u00f3n (PIN) de 4 n\u00fameros<\/strong>\u00a0que simplemente servir\u00e1 posteriormente\u00a0<strong>para acceder m\u00e1s r\u00e1pidamente<\/strong>\u00a0a la aplicaci\u00f3n sin tener que volver a escribir el usuario y la contrase\u00f1a. En los siguientes accesos s\u00f3lo habr\u00e1 que escribir este PIN de 4 d\u00edgitos num\u00e9ricos, y si el dispositivo m\u00f3vil tiene\u00a0<strong>lector de huellas<\/strong>\u00a0podr\u00e1s usarlo para acceder a la aplicaci\u00f3n usando el bot\u00f3n de la parte inferior izquierda del teclado num\u00e9rico, con forma de huella dactilar.<\/p>\n<p style=\"text-align: left\">Te en cuenta que la primera vez que accedas a iPasen debes\u00a0<strong>escribir el PIN 2 veces<\/strong>. (observa que la segunda vez se muestra en la parte superior \u201cRepita c\u00f3digo PIN\u201d):<img loading=\"lazy\" decoding=\"async\" class=\"wp-image-2162 aligncenter size-full\" src=\"https:\/\/blogsaverroes.juntadeandalucia.es\/iessanjeronimo\/files\/2021\/09\/photo_2020-04-09_11-49-12.jpg\" alt=\"\" width=\"169\" height=\"300\" \/><\/p>\n<p style=\"text-align: left\"><img loading=\"lazy\" decoding=\"async\" class=\"wp-image-2161 aligncenter size-full\" src=\"https:\/\/blogsaverroes.juntadeandalucia.es\/iessanjeronimo\/files\/2021\/09\/photo_2020-04-09_11-49-11-2.jpg\" alt=\"\" width=\"169\" height=\"300\" \/><\/p>\n<h2>\u00bfQU\u00c9 PUEDO HACER SI NO TENGO USUARIO NI CONTRASE\u00d1A?<\/h2>\n<p>Si\u00a0<strong>no conoces cu\u00e1l es tu nombre de usuario<\/strong>\u00a0en el sistema puedes usar el enlace\u00a0<strong>\u201cNO TENGO ACCESO\u201d<\/strong>\u00a0que puedes ver en la pantalla de acceso tanto en la aplicaci\u00f3n para m\u00f3viles como en la web.<\/p>\n<p>Al usarlo, en cualquiera de los casos, te aparecer\u00e1 una nueva pantalla donde se solicita que se introduzcan 3 datos como aparece en la siguiente imagen:<\/p>\n<p><img loading=\"lazy\" decoding=\"async\" class=\"wp-image-2163 aligncenter size-full\" src=\"https:\/\/blogsaverroes.juntadeandalucia.es\/iessanjeronimo\/files\/2021\/09\/photo_2020-04-08_13-19-36-2.jpg\" alt=\"\" width=\"157\" height=\"300\" \/><\/p>\n<p>Al tratarse del tutor\/a legal\/padre o madre de un alumno o alumna, hay que dejar seleccionada la primera opci\u00f3n que indica: \u201c<strong>Tutor\/a legal o representante legal del alumno matriculado<\/strong>\u201c<\/p>\n<p>Como se puede ver en la imagen, hay que introducir el\u00a0<strong>DNI\/NIF<\/strong>\u00a0del tutor legal\/padre\/madre que quiere recuperar el acceso, el n\u00famero de tel\u00e9fono del\u00a0<strong>m\u00f3vil<\/strong>\u00a0(que debe coincidir con el que haya registrado en el sistema) y la\u00a0<strong>fecha de nacimiento<\/strong>\u00a0de un\/a hijo\/a.<\/p>\n<p>Para introducir la fecha de nacimiento del\/a hijo\/a aparecer\u00e1 un calendario desde el que se puede elegir f\u00e1cilmente la fecha desplazando hacia arriba o abajo cada mes. Puede resultar m\u00e1s inc\u00f3modo el cambio del a\u00f1o, pero para eso, puede pulsar sobre el a\u00f1o y aparece una\u00a0<strong>lista de a\u00f1os<\/strong>\u00a0desde la que se puede acceder r\u00e1pidamente a cualquier a\u00f1o.<\/p>\n<p><img loading=\"lazy\" decoding=\"async\" class=\"wp-image-2165 aligncenter size-full\" src=\"https:\/\/blogsaverroes.juntadeandalucia.es\/iessanjeronimo\/files\/2021\/09\/photo_2020-04-08_21-22-12.jpg\" alt=\"\" width=\"170\" height=\"300\" \/><\/p>\n<p>Una vez cumplimentados todos esos datos, utiliza el bot\u00f3n verde de la parte inferior para enviarlos.<\/p>\n<p><img loading=\"lazy\" decoding=\"async\" class=\"wp-image-2166 aligncenter size-full\" src=\"https:\/\/blogsaverroes.juntadeandalucia.es\/iessanjeronimo\/files\/2021\/09\/photo_2020-04-08_21-30-17.jpeg\" alt=\"\" width=\"153\" height=\"300\" \/><\/p>\n<p>Si todo ha ido bien, te indicar\u00e1 la aplicaci\u00f3n que las\u00a0<strong>credenciales de acceso se han enviado por un mensaje SMS<\/strong>\u00a0al tel\u00e9fono que acabas de indicar.<\/p>\n<p><img loading=\"lazy\" decoding=\"async\" class=\"wp-image-2167 aligncenter size-full\" src=\"https:\/\/blogsaverroes.juntadeandalucia.es\/iessanjeronimo\/files\/2021\/09\/photo_2020-04-08_21-26-24b.png\" alt=\"\" width=\"300\" height=\"242\" \/><\/p>\n<p>Se debe recibir inmediatamente un mensaje similar al siguiente, donde puedes encontrar el\u00a0<strong>usuario<\/strong>\u00a0y la\u00a0<strong>clave<\/strong>\u00a0de acceso (el N\u00ba de petici\u00f3n que tambi\u00e9n aparece es simplemente informativo, no lo deber\u00edas necesitar):<\/p>\n<p><img loading=\"lazy\" decoding=\"async\" class=\"wp-image-2168 aligncenter size-full\" src=\"https:\/\/blogsaverroes.juntadeandalucia.es\/iessanjeronimo\/files\/2021\/09\/photo_2020-04-08_21-05-05B.jpg\" alt=\"\" width=\"538\" height=\"170\" srcset=\"https:\/\/blogsaverroes.juntadeandalucia.es\/iessanjeronimo\/files\/2021\/09\/photo_2020-04-08_21-05-05B.jpg 538w, https:\/\/blogsaverroes.juntadeandalucia.es\/iessanjeronimo\/files\/2021\/09\/photo_2020-04-08_21-05-05B-480x152.jpg 480w\" sizes=\"(min-width: 0px) and (max-width: 480px) 480px, (min-width: 481px) 538px, 100vw\" \/><\/p>\n<p>Con esos datos deber\u00edas poder acceder sin problemas, escribiendo ese usuario y contrase\u00f1a en la pantalla de acceso.<\/p>\n<p>En este v\u00eddeo puedes ver tambi\u00e9n c\u00f3mo se puede hacer todo este proceso:<\/p>\n<p><iframe loading=\"lazy\" src=\"https:\/\/www.youtube.com\/embed\/cHLova48ULE\" width=\"560\" height=\"315\" frameborder=\"0\"><\/iframe><\/p>\n<h2>\u00bfQU\u00c9 PUEDO HACER SI EL N\u00daMERO DE TEL\u00c9FONO NO COINCIDE CON EL QUE EST\u00c1 ALMACENADO EN EL SISTEMA?<\/h2>\n<p>Como se ha indicado anteriormente, el n\u00famero de tel\u00e9fono al que se env\u00edan las credenciales debe coincidir con el tel\u00e9fono que se tiene almacenado en el sistema de informaci\u00f3n S\u00e9neca de la Consejer\u00eda de Educaci\u00f3n de la Junta de Andaluc\u00eda.<\/p>\n<p>Si en los pasos anteriores, tras indicar el n\u00famero de tel\u00e9fono se muestra la siguiente pantalla, habr\u00e1 ocurrido que ambos\u00a0<strong>n\u00fameros no son coincidentes<\/strong>.<\/p>\n<p><img loading=\"lazy\" decoding=\"async\" class=\"wp-image-2169 aligncenter size-full\" src=\"https:\/\/blogsaverroes.juntadeandalucia.es\/iessanjeronimo\/files\/2021\/09\/photo_2020-04-08_21-26-24-2b.png\" alt=\"\" width=\"300\" height=\"244\" \/><\/p>\n<p>n la pantalla que aparece se indica que te debes poner en contacto con el centro, pero antes podr\u00edas probar a indicar el\u00a0<strong>n\u00famero de tel\u00e9fono de alg\u00fan otro miembro de la familia<\/strong>, porque pudiera ocurrir que no est\u00e9n bien asociados los n\u00fameros de tel\u00e9fonos a cada miembro de la familia.<\/p>\n<p>En caso de que tampoco se hayan podido obtener las credenciales con otros n\u00fameros de tel\u00e9fono, deber\u00e1s solicitar el cambio en nuestro sistema del n\u00famero de tel\u00e9fono que figura para para recibir notificaciones. Ten en cuenta, que para hacerlo de manera telem\u00e1tica debemos solicitar que se\u00a0<strong>acredite la identidad del solicitante<\/strong>, por lo que se debe enviar una\u00a0<strong>foto de la parte frontal del DNI<\/strong>.<\/p>\n<p>Puedes\u00a0<strong>solicitar el cambio del n\u00famero de tel\u00e9fono<\/strong>\u00a0(SOLO PARA LA COMUNIDAD EDUCATIVA DEL IES SAN JER\u00d3NIMO) para recibir notificaciones , env\u00edar un correo a <a href=\"mailto:41010757.edu@juntadeandalucia.es\" target=\"_blank\" rel=\"noopener noreferrer\">41010757.edu@juntadeandalucia.es<\/a>\u00a0solicitando el cambio de tel\u00e9fono.<\/p>\n<p>Cuando recibamos esa informaci\u00f3n actualizaremos el tel\u00e9fono de notificaciones en la base de datos y se lo comunicaremos por correo electr\u00f3nico. A partir de ese momento podr\u00e1 volver a intentar recuperar los datos de acceso como se ha explicado anteriormente.<\/p>\n<p>[\/et_pb_blurb][\/et_pb_column][\/et_pb_row][\/et_pb_section]<\/p>\n","protected":false},"excerpt":{"rendered":"<p>La aplicaci\u00f3n web Pasen, o la aplicaci\u00f3n iPasen para dispositivos m\u00f3viles, permiten a las familias tener conocimiento de la evoluci\u00f3n acad\u00e9mica del alumno, as\u00ed como posibilitar la comunicaci\u00f3n telem\u00e1tica de la familias con los docentes del centro. Adem\u00e1s de la ayuda ofrecida en este art\u00edculo, se puede consultar el Manual\u00a0CREDENCIALES IdEA EN PASEN\/iPASEN\u00a0de la Junta [&hellip;]<\/p>\n","protected":false},"author":13409,"featured_media":0,"parent":0,"menu_order":0,"comment_status":"closed","ping_status":"closed","template":"","meta":{"_et_pb_use_builder":"on","_et_pb_old_content":"","_et_gb_content_width":"","ngg_post_thumbnail":0,"footnotes":""},"aioseo_notices":[],"_links":{"self":[{"href":"https:\/\/blogsaverroes.juntadeandalucia.es\/iessanjeronimo\/wp-json\/wp\/v2\/pages\/2152"}],"collection":[{"href":"https:\/\/blogsaverroes.juntadeandalucia.es\/iessanjeronimo\/wp-json\/wp\/v2\/pages"}],"about":[{"href":"https:\/\/blogsaverroes.juntadeandalucia.es\/iessanjeronimo\/wp-json\/wp\/v2\/types\/page"}],"author":[{"embeddable":true,"href":"https:\/\/blogsaverroes.juntadeandalucia.es\/iessanjeronimo\/wp-json\/wp\/v2\/users\/13409"}],"replies":[{"embeddable":true,"href":"https:\/\/blogsaverroes.juntadeandalucia.es\/iessanjeronimo\/wp-json\/wp\/v2\/comments?post=2152"}],"version-history":[{"count":14,"href":"https:\/\/blogsaverroes.juntadeandalucia.es\/iessanjeronimo\/wp-json\/wp\/v2\/pages\/2152\/revisions"}],"predecessor-version":[{"id":2183,"href":"https:\/\/blogsaverroes.juntadeandalucia.es\/iessanjeronimo\/wp-json\/wp\/v2\/pages\/2152\/revisions\/2183"}],"wp:attachment":[{"href":"https:\/\/blogsaverroes.juntadeandalucia.es\/iessanjeronimo\/wp-json\/wp\/v2\/media?parent=2152"}],"curies":[{"name":"wp","href":"https:\/\/api.w.org\/{rel}","templated":true}]}}