{"id":2184,"date":"2021-09-26T18:17:26","date_gmt":"2021-09-26T17:17:26","guid":{"rendered":"https:\/\/blogsaverroes.juntadeandalucia.es\/iessanjeronimo\/?page_id=2184"},"modified":"2021-09-26T18:20:40","modified_gmt":"2021-09-26T17:20:40","slug":"pasen-de-alumnos","status":"publish","type":"page","link":"https:\/\/blogsaverroes.juntadeandalucia.es\/iessanjeronimo\/pasen-de-alumnos\/","title":{"rendered":"Pasen de alumnos"},"content":{"rendered":"<h1 class=\"entry-title main_title\"><span style=\"font-family: 'times new roman', times, serif\">Credenciales PASEN alumnado<\/span><\/h1>\n<div class=\"entry-content\">\n<div><span style=\"font-family: 'times new roman', times, serif\">Para que el alumnado pueda tener su propio<strong> iPasen<\/strong>, acceder a sus clases de <strong><a href=\"classroom.google.com\" target=\"_blank\" rel=\"noopener noreferrer\">Classroom<\/a><\/strong>y&nbsp; que pueda acceder a <a href=\"https:\/\/educacionadistancia.juntadeandalucia.es\/centros\/sevilla\" target=\"_blank\" rel=\"noopener noreferrer\"><b>Moodle Centros<\/b><\/a>&nbsp;necesita sus propias&nbsp;<b><span class=\"il\">credenciales<\/span>&nbsp;de&nbsp;<span class=\"il\">PASEN<\/span><\/b>&nbsp;(no pueden usar las de los padres o tutores legales). Estas&nbsp;<span class=\"il\">credenciales<\/span>&nbsp;pueden obtenerlas de varias formas:<\/span><\/div>\n<div>&nbsp;<\/div>\n<div><span style=\"font-family: 'times new roman', times, serif\">1.-&nbsp;<b>Desde la p\u00e1gina de&nbsp;<span class=\"il\">PASEN<\/span><\/b>&nbsp;(<a href=\"https:\/\/seneca.juntadeandalucia.es\/seneca\/jsp\/portalpasen\/\" target=\"_blank\" rel=\"noopener noreferrer\">https:\/\/seneca.juntadeandalucia.es\/seneca\/jsp\/portalpasen\/<\/a>). Accediendo a la opci\u00f3n \u201c\u00bfOlvido su contrase\u00f1a?\u201d si conocen su usuario, o a la de \u201cNo tengo acceso\u201d si no conocen el usuario. Le aparecer\u00e1 un cuestionario en el que deber\u00e1n cumplimentar unos campos con datos de la matr\u00edcula para verificar su identidad y as\u00ed enviarle un SMS con sus&nbsp;<span class=\"il\">credenciales<\/span>.<\/span><\/div>\n<\/div>\n<div><img loading=\"lazy\" decoding=\"async\" class=\"aligncenter size-full wp-image-2185\" src=\"https:\/\/blogsaverroes.juntadeandalucia.es\/iessanjeronimo\/files\/2021\/09\/pasen.jpg\" alt=\"\" width=\"797\" height=\"356\" srcset=\"https:\/\/blogsaverroes.juntadeandalucia.es\/iessanjeronimo\/files\/2021\/09\/pasen.jpg 797w, https:\/\/blogsaverroes.juntadeandalucia.es\/iessanjeronimo\/files\/2021\/09\/pasen-480x214.jpg 480w\" sizes=\"(min-width: 0px) and (max-width: 480px) 480px, (min-width: 481px) 797px, 100vw\" \/><\/div>\n<div>2.-&nbsp;<b>Desde la cuenta iPasen de los padres o tutores legales<\/b>&nbsp;tienen una&nbsp;<b>Comunicaci\u00f3n&nbsp;<\/b>fijada (no se puede eliminar ese mensaje) informando de los nombres de usuario y dan la opci\u00f3n de Restablecer contrase\u00f1a para obtenerla.<\/div>\n<div>&nbsp;<\/div>\n<div><img loading=\"lazy\" decoding=\"async\" class=\"aligncenter size-full wp-image-2186\" src=\"https:\/\/blogsaverroes.juntadeandalucia.es\/iessanjeronimo\/files\/2021\/09\/68823-300x234-1.jpg\" alt=\"\" width=\"300\" height=\"234\"><\/div>\n<div>3.-&nbsp;<b>A trav\u00e9s de los docentes tutores de cada grupo<\/b>, ya que desde su perfil de S\u00e9neca tienen la opci\u00f3n de generar las&nbsp;<span class=\"il\">credenciales<\/span>&nbsp;de S\u00e9neca para el alumnado de su tutor\u00eda.&nbsp;<\/div>\n<p><iframe loading=\"lazy\" src=\"https:\/\/www.youtube.com\/embed\/rTq_-CxVvNk\" width=\"560\" height=\"315\" frameborder=\"0\"><\/iframe><\/p>\n","protected":false},"excerpt":{"rendered":"<p>Credenciales PASEN alumnado Para que el alumnado pueda tener su propio iPasen, acceder a sus clases de Classroomy&nbsp; que pueda acceder a Moodle Centros&nbsp;necesita sus propias&nbsp;credenciales&nbsp;de&nbsp;PASEN&nbsp;(no pueden usar las de los padres o tutores legales). Estas&nbsp;credenciales&nbsp;pueden obtenerlas de varias formas: &nbsp; 1.-&nbsp;Desde la p\u00e1gina de&nbsp;PASEN&nbsp;(https:\/\/seneca.juntadeandalucia.es\/seneca\/jsp\/portalpasen\/). Accediendo a la opci\u00f3n \u201c\u00bfOlvido su contrase\u00f1a?\u201d si conocen su [&hellip;]<\/p>\n","protected":false},"author":13409,"featured_media":0,"parent":0,"menu_order":0,"comment_status":"closed","ping_status":"closed","template":"","meta":{"_et_pb_use_builder":"","_et_pb_old_content":"","_et_gb_content_width":"","ngg_post_thumbnail":0,"footnotes":""},"aioseo_notices":[],"_links":{"self":[{"href":"https:\/\/blogsaverroes.juntadeandalucia.es\/iessanjeronimo\/wp-json\/wp\/v2\/pages\/2184"}],"collection":[{"href":"https:\/\/blogsaverroes.juntadeandalucia.es\/iessanjeronimo\/wp-json\/wp\/v2\/pages"}],"about":[{"href":"https:\/\/blogsaverroes.juntadeandalucia.es\/iessanjeronimo\/wp-json\/wp\/v2\/types\/page"}],"author":[{"embeddable":true,"href":"https:\/\/blogsaverroes.juntadeandalucia.es\/iessanjeronimo\/wp-json\/wp\/v2\/users\/13409"}],"replies":[{"embeddable":true,"href":"https:\/\/blogsaverroes.juntadeandalucia.es\/iessanjeronimo\/wp-json\/wp\/v2\/comments?post=2184"}],"version-history":[{"count":3,"href":"https:\/\/blogsaverroes.juntadeandalucia.es\/iessanjeronimo\/wp-json\/wp\/v2\/pages\/2184\/revisions"}],"predecessor-version":[{"id":2190,"href":"https:\/\/blogsaverroes.juntadeandalucia.es\/iessanjeronimo\/wp-json\/wp\/v2\/pages\/2184\/revisions\/2190"}],"wp:attachment":[{"href":"https:\/\/blogsaverroes.juntadeandalucia.es\/iessanjeronimo\/wp-json\/wp\/v2\/media?parent=2184"}],"curies":[{"name":"wp","href":"https:\/\/api.w.org\/{rel}","templated":true}]}}