{"id":2253,"date":"2021-09-27T19:36:50","date_gmt":"2021-09-27T18:36:50","guid":{"rendered":"https:\/\/blogsaverroes.juntadeandalucia.es\/iessanjeronimo\/?page_id=2253"},"modified":"2023-02-16T08:42:00","modified_gmt":"2023-02-16T07:42:00","slug":"modelos-de-autorizacion","status":"publish","type":"page","link":"https:\/\/blogsaverroes.juntadeandalucia.es\/iessanjeronimo\/modelos-de-autorizacion\/","title":{"rendered":"Modelos de autorizaci\u00f3n"},"content":{"rendered":"<h3>Modelos de solicitud y autorizaci\u00f3n<\/h3>\n<div id=\"yui_3_13_0_2_1632767396638_130\" class=\"no-overflow\">\n<p><strong>&nbsp;Solicitud de la actividad<\/strong><\/p>\n<ul>\n<li><a href=\"https:\/\/blogsaverroes.juntadeandalucia.es\/iessanjeronimo\/files\/2023\/02\/Nuevo_Modelo_Solicitud_AACCEE.docx\" target=\"_blank\" rel=\"noopener noreferrer\">Formato Word<\/a><\/li>\n<li><a href=\"https:\/\/blogsaverroes.juntadeandalucia.es\/iessanjeronimo\/files\/2023\/02\/Nuevo_Modelo_Solicitud_AACCEE.pdf\" target=\"_blank\" rel=\"noopener noreferrer\">Formato PDF<\/a><\/li>\n<\/ul>\n<p><strong>Autorizaci\u00f3n&nbsp;<\/strong><\/p>\n<ul>\n<li><a href=\"https:\/\/blogsaverroes.juntadeandalucia.es\/iessanjeronimo\/files\/2023\/02\/Autorizaci\u00f3n_AACCEE.docx\" target=\"_blank\" rel=\"noopener noreferrer\">Formato Word<\/a><\/li>\n<li><a href=\"https:\/\/blogsaverroes.juntadeandalucia.es\/iessanjeronimo\/files\/2023\/02\/Autorizaci\u00f3n_AACCEE.pdf\" target=\"_blank\" rel=\"noopener noreferrer\">Formato PDF&nbsp;<\/a><\/li>\n<\/ul>\n<p><strong>Propuesta de los Departamentos<\/strong><\/p>\n<ul>\n<li><a href=\"https:\/\/blogsaverroes.juntadeandalucia.es\/iessanjeronimo\/files\/2021\/09\/Extraescolares_Dpto_2122.doc\" target=\"_blank\" rel=\"noopener noreferrer\">Formato DOC<\/a><\/li>\n<li><a href=\"https:\/\/blogsaverroes.juntadeandalucia.es\/iessanjeronimo\/files\/2021\/09\/Extraescolares_Dpto_2122.pdf\" target=\"_blank\" rel=\"noopener noreferrer\">Formato PDF&nbsp;<\/a><\/li>\n<\/ul>\n<p><strong>Evaluaci\u00f3n de la actividad&nbsp;<\/strong><\/p>\n<ul>\n<li><a href=\"https:\/\/blogsaverroes.juntadeandalucia.es\/iessanjeronimo\/files\/2023\/02\/Evaluaci\u00f3n_AACCEE.docx\" target=\"_blank\" rel=\"noopener noreferrer\">Formato DOC<\/a><\/li>\n<li><a href=\"https:\/\/blogsaverroes.juntadeandalucia.es\/iessanjeronimo\/files\/2023\/02\/Evaluaci\u00f3n_AACCEE.pdf\" target=\"_blank\" rel=\"noopener noreferrer\">Formato PDF&nbsp;<\/a><\/li>\n<\/ul>\n<p><strong>Manual para la gesti\u00f3n de autorizaciones por iPasen<\/strong><\/p>\n<ul>\n<li><a href=\"https:\/\/blogsaverroes.juntadeandalucia.es\/iessanjeronimo\/files\/2021\/09\/manual_autorizac_actividades.pdf\" target=\"_blank\" rel=\"noopener noreferrer\">Tutorial<\/a><\/li>\n<\/ul>\n<\/div>\n","protected":false},"excerpt":{"rendered":"<p>Modelos de solicitud y autorizaci\u00f3n &nbsp;Solicitud de la actividad Formato Word Formato PDF Autorizaci\u00f3n&nbsp; Formato Word Formato PDF&nbsp; Propuesta de los Departamentos Formato DOC Formato PDF&nbsp; Evaluaci\u00f3n de la actividad&nbsp; Formato DOC Formato PDF&nbsp; Manual para la gesti\u00f3n de autorizaciones por iPasen Tutorial<\/p>\n","protected":false},"author":13409,"featured_media":0,"parent":0,"menu_order":0,"comment_status":"closed","ping_status":"closed","template":"","meta":{"_et_pb_use_builder":"","_et_pb_old_content":"","_et_gb_content_width":"","ngg_post_thumbnail":0,"footnotes":""},"aioseo_notices":[],"_links":{"self":[{"href":"https:\/\/blogsaverroes.juntadeandalucia.es\/iessanjeronimo\/wp-json\/wp\/v2\/pages\/2253"}],"collection":[{"href":"https:\/\/blogsaverroes.juntadeandalucia.es\/iessanjeronimo\/wp-json\/wp\/v2\/pages"}],"about":[{"href":"https:\/\/blogsaverroes.juntadeandalucia.es\/iessanjeronimo\/wp-json\/wp\/v2\/types\/page"}],"author":[{"embeddable":true,"href":"https:\/\/blogsaverroes.juntadeandalucia.es\/iessanjeronimo\/wp-json\/wp\/v2\/users\/13409"}],"replies":[{"embeddable":true,"href":"https:\/\/blogsaverroes.juntadeandalucia.es\/iessanjeronimo\/wp-json\/wp\/v2\/comments?post=2253"}],"version-history":[{"count":5,"href":"https:\/\/blogsaverroes.juntadeandalucia.es\/iessanjeronimo\/wp-json\/wp\/v2\/pages\/2253\/revisions"}],"predecessor-version":[{"id":3922,"href":"https:\/\/blogsaverroes.juntadeandalucia.es\/iessanjeronimo\/wp-json\/wp\/v2\/pages\/2253\/revisions\/3922"}],"wp:attachment":[{"href":"https:\/\/blogsaverroes.juntadeandalucia.es\/iessanjeronimo\/wp-json\/wp\/v2\/media?parent=2253"}],"curies":[{"name":"wp","href":"https:\/\/api.w.org\/{rel}","templated":true}]}}