{"id":2338,"date":"2021-10-03T11:08:16","date_gmt":"2021-10-03T10:08:16","guid":{"rendered":"https:\/\/blogsaverroes.juntadeandalucia.es\/iessanjeronimo\/?page_id=2338"},"modified":"2021-10-03T11:08:16","modified_gmt":"2021-10-03T10:08:16","slug":"seguro-escolar","status":"publish","type":"page","link":"https:\/\/blogsaverroes.juntadeandalucia.es\/iessanjeronimo\/seguro-escolar\/","title":{"rendered":"Seguro Escolar"},"content":{"rendered":"<ul>\n<li>Abono de<strong>&nbsp;1,12\u20ac<\/strong>&nbsp;en la cuenta n\u00ba<strong>ES71-2100-9166-78-2200172006<\/strong>&nbsp;de la &#8220;<strong>CAIXA<\/strong>&#8220;, que figura abierto a nombre del IES San Jer\u00f3nimo<\/li>\n<li>Cobertura del Seguro Escolar: desde 3\u00baESO y hasta los 28 a\u00f1os.<\/li>\n<li>El seguro Escolar cubrir\u00e1 todo el a\u00f1o escolar en el que el estudiante cumpla dicha edad, por lo que tambi\u00e9n lo abonar\u00e1n los que cumplan en dicho periodo.<\/li>\n<li>Instrucciones para pago seguro escolar por Secretar\u00eda virtual<\/li>\n<\/ul>\n<p style=\"text-align: center\"><strong>https:\/\/www.juntadeandalucia.es\/educacion\/secretariavirtual\/seguroEscolar\/pagoSeguroEscolar\/<\/strong><\/p>\n<p style=\"text-align: center\"><strong><img loading=\"lazy\" decoding=\"async\" src=\"https:\/\/www.juntadeandalucia.es\/averroes\/centros-tic\/41010757\/moodle2\/draftfile.php\/5\/user\/draft\/178319565\/seguro.png\" width=\"912\" height=\"362\"><\/strong><\/p>\n<ul>\n<li style=\"text-align: left\">Las personas que quieran abonar el seguro por este canal deben introducir&nbsp;<strong>DNI\/Pasaporte<\/strong>&nbsp;<strong>de uno de los tutores del alumno\/a<\/strong>,&nbsp;<strong>la fecha de nacimiento del alumno\/a<\/strong>&nbsp;y&nbsp;<strong>el c\u00f3digo de centro<\/strong>. Una vez accedido y verificado los datos solo se debe introducir los datos de la tarjeta de cr\u00e9dito y se efectuar\u00e1 el pago inmediatamente obteniendo un<strong>&nbsp;justificante de pago<\/strong>.<\/li>\n<li style=\"text-align: left\">Este servicio es independiente del Sobre electr\u00f3nico de matricula y exclusivamente orientado a las personas que presenten su matricula presencialmente el centro, ahorr\u00e1ndose la necesidad de ir a una entidad financiera a realizar el abono de la cantidad de 1.12\u20ac correspondiente a dicho seguro escolar.<\/li>\n<\/ul>\n","protected":false},"excerpt":{"rendered":"<p>Abono de&nbsp;1,12\u20ac&nbsp;en la cuenta n\u00baES71-2100-9166-78-2200172006&nbsp;de la &#8220;CAIXA&#8220;, que figura abierto a nombre del IES San Jer\u00f3nimo Cobertura del Seguro Escolar: desde 3\u00baESO y hasta los 28 a\u00f1os. El seguro Escolar cubrir\u00e1 todo el a\u00f1o escolar en el que el estudiante cumpla dicha edad, por lo que tambi\u00e9n lo abonar\u00e1n los que cumplan en dicho periodo. [&hellip;]<\/p>\n","protected":false},"author":13409,"featured_media":0,"parent":0,"menu_order":0,"comment_status":"closed","ping_status":"closed","template":"","meta":{"_et_pb_use_builder":"","_et_pb_old_content":"","_et_gb_content_width":"","ngg_post_thumbnail":0,"footnotes":""},"aioseo_notices":[],"_links":{"self":[{"href":"https:\/\/blogsaverroes.juntadeandalucia.es\/iessanjeronimo\/wp-json\/wp\/v2\/pages\/2338"}],"collection":[{"href":"https:\/\/blogsaverroes.juntadeandalucia.es\/iessanjeronimo\/wp-json\/wp\/v2\/pages"}],"about":[{"href":"https:\/\/blogsaverroes.juntadeandalucia.es\/iessanjeronimo\/wp-json\/wp\/v2\/types\/page"}],"author":[{"embeddable":true,"href":"https:\/\/blogsaverroes.juntadeandalucia.es\/iessanjeronimo\/wp-json\/wp\/v2\/users\/13409"}],"replies":[{"embeddable":true,"href":"https:\/\/blogsaverroes.juntadeandalucia.es\/iessanjeronimo\/wp-json\/wp\/v2\/comments?post=2338"}],"version-history":[{"count":1,"href":"https:\/\/blogsaverroes.juntadeandalucia.es\/iessanjeronimo\/wp-json\/wp\/v2\/pages\/2338\/revisions"}],"predecessor-version":[{"id":2339,"href":"https:\/\/blogsaverroes.juntadeandalucia.es\/iessanjeronimo\/wp-json\/wp\/v2\/pages\/2338\/revisions\/2339"}],"wp:attachment":[{"href":"https:\/\/blogsaverroes.juntadeandalucia.es\/iessanjeronimo\/wp-json\/wp\/v2\/media?parent=2338"}],"curies":[{"name":"wp","href":"https:\/\/api.w.org\/{rel}","templated":true}]}}