{"id":2367,"date":"2021-10-03T13:43:13","date_gmt":"2021-10-03T12:43:13","guid":{"rendered":"https:\/\/blogsaverroes.juntadeandalucia.es\/iessanjeronimo\/?page_id=2367"},"modified":"2024-10-29T13:51:17","modified_gmt":"2024-10-29T12:51:17","slug":"grandes-ejes","status":"publish","type":"page","link":"https:\/\/blogsaverroes.juntadeandalucia.es\/iessanjeronimo\/grandes-ejes\/","title":{"rendered":"Grandes ejes"},"content":{"rendered":"<h1 style=\"text-align: center\"><strong>Grandes ejes #TDE<\/strong><\/h1>\n<h3>Transformaci\u00f3n Digital de Centros<\/h3>\n<p style=\"text-align: center\">&nbsp;<iframe loading=\"lazy\" src=\"https:\/\/www.youtube.com\/embed\/ij2RFtZeTUs?si=dY10HCzEYEIWkqgU\" width=\"560\" height=\"315\" frameborder=\"0\"><\/iframe><\/p>\n<div class=\"no-overflow\">\n<p><strong>\u201cEs innovaci\u00f3n si a\u00f1ade valor al aprendizaje\u201d. (Francesc Pedr\u00f3, director del Instituto Internacional de la Unesco para la Educaci\u00f3n Superior en Am\u00e9rica Latina y el Caribe (IESALC)<\/strong><\/p>\n<p>\u201cLa innovaci\u00f3n en educaci\u00f3n es un proceso&nbsp;<em><strong>permanente, original e intencional<\/strong><\/em>&nbsp;de b\u00fasqueda de mejora de la calidad educativa y de los aprendizajes del alumnado; su relaci\u00f3n con el uso de las tecnolog\u00eda est\u00e1 supeditada a esa mejora e incluye aspectos estructurales que incumben a la&nbsp;<strong>organizaci\u00f3n<\/strong>&nbsp;de los centros, la din\u00e1mica de&nbsp;<strong>informaci\u00f3n y comunicaci\u00f3n<\/strong>&nbsp;y, sobre todo, los procesos de&nbsp;<strong>ense\u00f1anza-aprendizaje<\/strong>.<br \/>\nEn cualquiera de estos tres \u00e1mbitos, las iniciativas de innovaci\u00f3n pedag\u00f3gica y de investigaci\u00f3n que desarrolla el profesorado en los centros docentes son fundamentales, as\u00ed como la formaci\u00f3n.<\/p>\n<p>Por ello, la Consejer\u00eda de Educaci\u00f3n y Deporte pone a disposici\u00f3n de los centros educativos una serie de recursos destinados a apoyar la labor del profesorado, de forma que las ideas innovadoras y las actuaciones creativas en cualquiera de estos tres \u00e1mbitos contribuyan a afrontar los retos derivados de los cambios que nuestra sociedad requiere.<\/p>\n<p><strong>El Servicio de Innovaci\u00f3n Educativa se articula en torno a tres objetivos fundamentales:<\/strong><br \/>\n<strong>1. Mejorar el uso de la tecnolog\u00eda digital en los procesos de ense\u00f1anza-aprendizaje.<\/strong><\/p>\n<p>1.1 Mejora de Infraestructuras y conectividad.<br \/>\n1.2 Impulsar la creaci\u00f3n y uso de Recursos Educativos Abiertos (REA).<br \/>\n1.3 Desarrollar el Ecosistema Digital Educativo.<\/p>\n<p><strong>2. Reducir la Brecha Digital&nbsp; desarrollando competencias y habilidades digitales de relevancia para la comunidad educativa.<\/strong><\/p>\n<p>2.1 Facilitar el desarrollo del centro educativo como organizaci\u00f3n digitalmente competente. [Marco #DigCompOrg] a trav\u00e9s de la puesta en pr\u00e1ctica de los Planes de Actuaci\u00f3n Digital (PAD).<br \/>\n2.2 Facilitar el desarrollo de la competencia digital del profesorado. [Marco #DigCompEdu].<br \/>\n2.3 Contribuir al desarrollo de la competencia digital del alumnado. [Marco #DigComp].<\/p>\n<p><strong>3. Impulsar la investigaci\u00f3n e innovaci\u00f3n educativa a trav\u00e9s de la inteligencia artificial, an\u00e1lisis de datos y&nbsp; procesos de previsi\u00f3n para la mejora de las experiencias de aprendizaje y&nbsp; la reducci\u00f3n del abandono escolar.<\/strong><\/p>\n<p>3.1 Proyectos de Investigaci\u00f3n, Innovaci\u00f3n y Desarrollo de Materiales en el \u00e1mbito digital.<br \/>\n3.2 Proyectos Experimentales de an\u00e1lisis de datos, inteligencia artificial y machine learning.<br \/>\n3.3 Impulso de la investigaci\u00f3n educativa.<\/p>\n<p>&nbsp;<\/p>\n<\/div>\n<ul>\n<li><a title=\"Resoluci\u00f3n de 11 de septiembre de 2024, de la Direcci\u00f3n General de Innovaci\u00f3n y Formaci\u00f3n del Profesorado, sobre medidas para el impulso de la Competencia Digital en los centros docentes sostenidos con fondos p\u00fablicos en el marco del Programa de cooperaci\u00f3n territorial #CompDigEdu para el curso escolar 2024-2025\" href=\"https:\/\/www.juntadeandalucia.es\/educacion\/portals\/web\/transformacion-digital-educativa\/inicio\/-\/novedades\/detalle\/kCiKlgddoLD8\/11-de-septiembre-de\" target=\"_self\" rel=\"noopener\">Resoluci\u00f3n de 11 de septiembre de 2024, de la Direcci\u00f3n General de Innovaci\u00f3n y Formaci\u00f3n del Profesorado, sobre medidas para el impulso de la Competencia Digital en los centros docentes sostenidos con fondos p\u00fablicos en el marco del Programa de cooperaci\u00f3n territorial #CompDigEdu para el curso escolar 2024-2025<\/a><\/li>\n<\/ul>\n<p>&nbsp;<\/p>\n<ul>\n<li><a href=\"https:\/\/view.genially.com\/66e1b8eb52dc1f3ffa0edcb7\/presentation-cde2425\" target=\"_blank\" rel=\"noopener\">Cronograma Transformaci\u00f3n digital<\/a><\/li>\n<\/ul>\n","protected":false},"excerpt":{"rendered":"<p>Grandes ejes #TDE Transformaci\u00f3n Digital de Centros &nbsp; \u201cEs innovaci\u00f3n si a\u00f1ade valor al aprendizaje\u201d. (Francesc Pedr\u00f3, director del Instituto Internacional de la Unesco para la Educaci\u00f3n Superior en Am\u00e9rica Latina y el Caribe (IESALC) \u201cLa innovaci\u00f3n en educaci\u00f3n es un proceso&nbsp;permanente, original e intencional&nbsp;de b\u00fasqueda de mejora de la calidad educativa y de los [&hellip;]<\/p>\n","protected":false},"author":13409,"featured_media":0,"parent":0,"menu_order":0,"comment_status":"closed","ping_status":"closed","template":"","meta":{"_et_pb_use_builder":"","_et_pb_old_content":"","_et_gb_content_width":"","ngg_post_thumbnail":0,"footnotes":""},"aioseo_notices":[],"_links":{"self":[{"href":"https:\/\/blogsaverroes.juntadeandalucia.es\/iessanjeronimo\/wp-json\/wp\/v2\/pages\/2367"}],"collection":[{"href":"https:\/\/blogsaverroes.juntadeandalucia.es\/iessanjeronimo\/wp-json\/wp\/v2\/pages"}],"about":[{"href":"https:\/\/blogsaverroes.juntadeandalucia.es\/iessanjeronimo\/wp-json\/wp\/v2\/types\/page"}],"author":[{"embeddable":true,"href":"https:\/\/blogsaverroes.juntadeandalucia.es\/iessanjeronimo\/wp-json\/wp\/v2\/users\/13409"}],"replies":[{"embeddable":true,"href":"https:\/\/blogsaverroes.juntadeandalucia.es\/iessanjeronimo\/wp-json\/wp\/v2\/comments?post=2367"}],"version-history":[{"count":8,"href":"https:\/\/blogsaverroes.juntadeandalucia.es\/iessanjeronimo\/wp-json\/wp\/v2\/pages\/2367\/revisions"}],"predecessor-version":[{"id":4391,"href":"https:\/\/blogsaverroes.juntadeandalucia.es\/iessanjeronimo\/wp-json\/wp\/v2\/pages\/2367\/revisions\/4391"}],"wp:attachment":[{"href":"https:\/\/blogsaverroes.juntadeandalucia.es\/iessanjeronimo\/wp-json\/wp\/v2\/media?parent=2367"}],"curies":[{"name":"wp","href":"https:\/\/api.w.org\/{rel}","templated":true}]}}