{"id":2377,"date":"2021-10-03T14:03:55","date_gmt":"2021-10-03T13:03:55","guid":{"rendered":"https:\/\/blogsaverroes.juntadeandalucia.es\/iessanjeronimo\/?page_id=2377"},"modified":"2021-10-03T14:38:47","modified_gmt":"2021-10-03T13:38:47","slug":"manuales-y-tutoriales-g-suite-classroom","status":"publish","type":"page","link":"https:\/\/blogsaverroes.juntadeandalucia.es\/iessanjeronimo\/manuales-y-tutoriales-g-suite-classroom\/","title":{"rendered":"Manuales y tutoriales G Suite Classroom"},"content":{"rendered":"<div id=\"yui_3_17_2_1_1633266060380_32\" class=\"content\">\n<div id=\"yui_3_17_2_1_1633266060380_31\" class=\"summary\">\n<div id=\"yui_3_17_2_1_1633266060380_30\" class=\"no-overflow\">\n<p id=\"yui_3_17_2_1_1633266060380_29\" dir=\"ltr\"><img loading=\"lazy\" decoding=\"async\" class=\"img-responsive atto_image_button_text-bottom aligncenter\" role=\"presentation\" src=\"https:\/\/educacionadistancia.juntadeandalucia.es\/centros20\/sevilla\/pluginfile.php\/161309\/course\/section\/21117\/descarga%20%283%29.jpg\" alt=\"\" width=\"310\" height=\"162\"><\/p>\n<\/div>\n<\/div>\n<div class=\"mod-indent-outer w-100\">\n<div>\n<div class=\"contentwithoutlink \">\n<div class=\"no-overflow\">\n<div class=\"no-overflow\">\n<p><iframe loading=\"lazy\" src=\"https:\/\/www.youtube.com\/embed\/DeOVe2YV2Io\" width=\"560\" height=\"315\" frameborder=\"0\"><\/iframe><\/p>\n<\/div>\n<\/div>\n<\/div>\n<div class=\"actions\">&nbsp;<\/div>\n<\/div>\n<div class=\"mod-indent-outer w-100\">\n<div class=\"mod-indent\">&nbsp;<\/div>\n<div>\n<div class=\"activityinstance\"><a class=\"aalink\" href=\"https:\/\/educacionadistancia.juntadeandalucia.es\/centros\/sevilla\/mod\/book\/view.php?id=120283\" target=\"_blank\" rel=\"noopener noreferrer\"><img decoding=\"async\" class=\"iconlarge activityicon\" role=\"presentation\" src=\"https:\/\/educacionadistancia.juntadeandalucia.es\/centros20\/sevilla\/theme\/image.php\/moove\/book\/1630914343\/icon\" alt=\"\" aria-hidden=\"true\"><span class=\"instancename\">Videotutoriales sobre el uso de la plataforma Google Classroom<\/span><\/a><\/div>\n<div class=\"actions\"><img decoding=\"async\" class=\"iconlarge activityicon\" role=\"presentation\" src=\"https:\/\/educacionadistancia.juntadeandalucia.es\/centros20\/sevilla\/theme\/image.php\/moove\/core\/1630914343\/f\/pdf-24\" alt=\"\" aria-hidden=\"true\"><a href=\"https:\/\/blogsaverroes.juntadeandalucia.es\/iessanjeronimo\/files\/2021\/10\/Manual-de-Google-Classroom.pdf\" target=\"_blank\" rel=\"noopener noreferrer\">Manual de Google Classroom<\/a><\/div>\n<\/div>\n<\/div>\n<div class=\"mod-indent-outer w-100\">\n<div class=\"actions\"><img decoding=\"async\" class=\"iconlarge activityicon\" role=\"presentation\" src=\"https:\/\/educacionadistancia.juntadeandalucia.es\/centros20\/sevilla\/theme\/image.php\/moove\/core\/1630914343\/f\/pdf-24\" alt=\"\" aria-hidden=\"true\"><a href=\"https:\/\/blogsaverroes.juntadeandalucia.es\/iessanjeronimo\/files\/2021\/10\/Manual-Google-Classroom-junio-2018.pdf\" target=\"_blank\" rel=\"noopener noreferrer\">Manual-Google-Classroom-junio-2018<\/a><\/div>\n<\/div>\n<div class=\"mod-indent-outer w-100\">\n<div class=\"actions\"><img decoding=\"async\" class=\"iconlarge activityicon\" role=\"presentation\" src=\"https:\/\/educacionadistancia.juntadeandalucia.es\/centros20\/sevilla\/theme\/image.php\/moove\/core\/1630914343\/f\/pdf-24\" alt=\"\" aria-hidden=\"true\"><a href=\"https:\/\/blogsaverroes.juntadeandalucia.es\/iessanjeronimo\/files\/2021\/10\/D\u00cdA-3-CREACI\u00d3N-DE-CONTENIDOS-II.pdf\" target=\"_blank\" rel=\"noopener noreferrer\">Creaci\u00f3n de contenidos en CLASSROOM<\/a><\/div>\n<\/div>\n<\/div>\n<div>\n<div class=\"mod-indent-outer w-100\">\n<div>\n<div class=\"activityinstance\"><a class=\"aalink\" href=\"https:\/\/educacionadistancia.juntadeandalucia.es\/centros20\/sevilla\/mod\/resource\/view.php?id=75244\"><img decoding=\"async\" class=\"iconlarge activityicon\" role=\"presentation\" src=\"https:\/\/educacionadistancia.juntadeandalucia.es\/centros20\/sevilla\/theme\/image.php\/moove\/core\/1630914343\/f\/pdf-24\" alt=\"\" aria-hidden=\"true\"> <\/a><a href=\"https:\/\/blogsaverroes.juntadeandalucia.es\/iessanjeronimo\/files\/2021\/10\/2020-03-Gu\u00eda-iniciaci\u00f3n-Classroom-alumnos-1920-gen\u00e9rica.pdf\" target=\"_blank\" rel=\"noopener noreferrer\">Gu\u00eda iniciaci\u00f3n Classroom . Alumnado<\/a><\/div>\n<\/div>\n<\/div>\n<\/div>\n<div>\n<div class=\"mod-indent-outer w-100\">\n<div>\n<div class=\"activityinstance\"><a class=\"aalink\" href=\"https:\/\/graasp.eu\/resources\/5f54a03d5201b074de26db52\/7classroom.html\" target=\"_blank\" rel=\"noopener noreferrer\"><img decoding=\"async\" class=\"iconlarge activityicon\" role=\"presentation\" src=\"https:\/\/educacionadistancia.juntadeandalucia.es\/centros20\/sevilla\/theme\/image.php\/moove\/url\/1630914343\/icon\" alt=\"\" aria-hidden=\"true\"><span class=\"instancename\">HERRAMIENTAS DE GOOGLE<\/span><\/a><\/div>\n<\/div>\n<\/div>\n<\/div>\n<div>\n<div class=\"mod-indent-outer w-100\">\n<div class=\"mod-indent\">&nbsp;<\/div>\n<div>\n<div class=\"contentwithoutlink \">\n<div class=\"no-overflow\">\n<div class=\"no-overflow\">\n<div>\n<div><iframe loading=\"lazy\" src=\"https:\/\/view.genial.ly\/5f78b45e73991b0cf5730280\" width=\"846px\" height=\"1643px\" frameborder=\"0\" scrolling=\"yes\"><\/iframe><\/div>\n<\/div>\n<\/div>\n<\/div>\n<\/div>\n<div class=\"actions\">&nbsp;<\/div>\n<\/div>\n<\/div>\n<\/div>\n<\/div>\n","protected":false},"excerpt":{"rendered":"<p>&nbsp; &nbsp; Videotutoriales sobre el uso de la plataforma Google Classroom Manual de Google Classroom Manual-Google-Classroom-junio-2018 Creaci\u00f3n de contenidos en CLASSROOM Gu\u00eda iniciaci\u00f3n Classroom . Alumnado HERRAMIENTAS DE GOOGLE &nbsp; &nbsp;<\/p>\n","protected":false},"author":13409,"featured_media":0,"parent":0,"menu_order":0,"comment_status":"closed","ping_status":"closed","template":"","meta":{"_et_pb_use_builder":"","_et_pb_old_content":"","_et_gb_content_width":"","ngg_post_thumbnail":0,"footnotes":""},"aioseo_notices":[],"_links":{"self":[{"href":"https:\/\/blogsaverroes.juntadeandalucia.es\/iessanjeronimo\/wp-json\/wp\/v2\/pages\/2377"}],"collection":[{"href":"https:\/\/blogsaverroes.juntadeandalucia.es\/iessanjeronimo\/wp-json\/wp\/v2\/pages"}],"about":[{"href":"https:\/\/blogsaverroes.juntadeandalucia.es\/iessanjeronimo\/wp-json\/wp\/v2\/types\/page"}],"author":[{"embeddable":true,"href":"https:\/\/blogsaverroes.juntadeandalucia.es\/iessanjeronimo\/wp-json\/wp\/v2\/users\/13409"}],"replies":[{"embeddable":true,"href":"https:\/\/blogsaverroes.juntadeandalucia.es\/iessanjeronimo\/wp-json\/wp\/v2\/comments?post=2377"}],"version-history":[{"count":7,"href":"https:\/\/blogsaverroes.juntadeandalucia.es\/iessanjeronimo\/wp-json\/wp\/v2\/pages\/2377\/revisions"}],"predecessor-version":[{"id":2400,"href":"https:\/\/blogsaverroes.juntadeandalucia.es\/iessanjeronimo\/wp-json\/wp\/v2\/pages\/2377\/revisions\/2400"}],"wp:attachment":[{"href":"https:\/\/blogsaverroes.juntadeandalucia.es\/iessanjeronimo\/wp-json\/wp\/v2\/media?parent=2377"}],"curies":[{"name":"wp","href":"https:\/\/api.w.org\/{rel}","templated":true}]}}