{"id":2389,"date":"2021-10-03T14:16:31","date_gmt":"2021-10-03T13:16:31","guid":{"rendered":"https:\/\/blogsaverroes.juntadeandalucia.es\/iessanjeronimo\/?page_id=2389"},"modified":"2021-10-03T14:31:38","modified_gmt":"2021-10-03T13:31:38","slug":"manuales-y-tutoriales-moodle-centros","status":"publish","type":"page","link":"https:\/\/blogsaverroes.juntadeandalucia.es\/iessanjeronimo\/manuales-y-tutoriales-moodle-centros\/","title":{"rendered":"Manuales y tutoriales Moodle Centros"},"content":{"rendered":"<div class=\"section_availability\"><img loading=\"lazy\" decoding=\"async\" class=\"img-responsive atto_image_button_text-bottom aligncenter\" role=\"presentation\" src=\"https:\/\/educacionadistancia.juntadeandalucia.es\/centros20\/sevilla\/pluginfile.php\/161309\/course\/section\/20455\/descarga%20%282%29.jpg\" alt=\"\" width=\"256\" height=\"146\"><\/div>\n<div>\n<div class=\"mod-indent-outer w-100\">\n<div class=\"contentwithoutlink \">\n<div class=\"no-overflow\">\n<div class=\"no-overflow\">\n<p><iframe loading=\"lazy\" src=\"https:\/\/www.youtube.com\/embed\/2NMrbIgeamo\" width=\"560\" height=\"315\" frameborder=\"0\"><\/iframe><\/p>\n<\/div>\n<\/div>\n<\/div>\n<\/div>\n<\/div>\n<div>\n<div class=\"mod-indent-outer w-100\">\n<div class=\"mod-indent\">&nbsp;<\/div>\n<div>\n<div class=\"activityinstance\"><a class=\"aalink\" href=\"https:\/\/educacionadistancia.juntadeandalucia.es\/centros\/sevilla\/mod\/book\/view.php?id=120277\" target=\"_blank\" rel=\"noopener noreferrer\"><img decoding=\"async\" class=\"iconlarge activityicon\" role=\"presentation\" src=\"https:\/\/educacionadistancia.juntadeandalucia.es\/centros20\/sevilla\/theme\/image.php\/moove\/book\/1630914343\/icon\" alt=\"\" aria-hidden=\"true\"><span class=\"instancename\">Videotutoriales sobre el uso de la plataforma Moodle. Perfil Profesorado<\/span><\/a><\/div>\n<\/div>\n<\/div>\n<\/div>\n<div>\n<div class=\"mod-indent-outer w-100\">\n<div>\n<div class=\"activityinstance\"><a class=\"aalink\" href=\"https:\/\/www.juntadeandalucia.es\/averroes\/centros-tic\/41701055\/moodle2\/pluginfile.php\/6448\/mod_resource\/content\/1\/index.html\" target=\"_blank\" rel=\"noopener noreferrer\"><img decoding=\"async\" class=\"iconlarge activityicon\" role=\"presentation\" src=\"https:\/\/educacionadistancia.juntadeandalucia.es\/centros20\/sevilla\/theme\/image.php\/moove\/url\/1630914343\/icon\" alt=\"\" aria-hidden=\"true\"><span class=\"instancename\">Manual interactivo de la MOODLE CENTROS. PROFESORADO<\/span><\/a><\/div>\n<\/div>\n<\/div>\n<\/div>\n<div>\n<div class=\"mod-indent-outer w-100\">\n<div class=\"mod-indent\"><a class=\"aalink\" title=\"Una completa gu\u00eda para el profesorado para gestionar sus Aulas Virtuales y dotarlas de contenidosArchivo\" href=\"https:\/\/educacionadistancia.juntadeandalucia.es\/centros20\/sevilla\/mod\/resource\/view.php?id=72189\" target=\"_blank\" rel=\"noopener noreferrer\"><img decoding=\"async\" class=\"iconlarge activityicon\" role=\"presentation\" src=\"https:\/\/educacionadistancia.juntadeandalucia.es\/centros20\/sevilla\/theme\/image.php\/moove\/core\/1630914343\/f\/pdf-24\" alt=\"\" aria-hidden=\"true\"><\/a><a href=\"https:\/\/blogsaverroes.juntadeandalucia.es\/iessanjeronimo\/files\/2021\/10\/Moodle_Centros_Profesorado_20-21-v1.pdf\" target=\"_blank\" rel=\"noopener noreferrer\">Una completa gu\u00eda para el profesorado para gestionar sus Aulas Virtuales y dotarlas de contenidos<\/a><\/div>\n<\/div>\n<\/div>\n<div>\n<div class=\"mod-indent-outer w-100\">\n<div class=\"mod-indent\"><a class=\"aalink\" title=\"Informaci\u00f3n para el alumnado relativo al acceso a la plataforma y al uso de las Aulas Virtuales\" href=\"https:\/\/educacionadistancia.juntadeandalucia.es\/centros20\/sevilla\/mod\/resource\/view.php?id=72191\" target=\"_blank\" rel=\"noopener noreferrer\"><img decoding=\"async\" class=\"iconlarge activityicon\" role=\"presentation\" src=\"https:\/\/educacionadistancia.juntadeandalucia.es\/centros20\/sevilla\/theme\/image.php\/moove\/core\/1630914343\/f\/pdf-24\" alt=\"\" aria-hidden=\"true\"><\/a><a title=\"Informaci\u00f3n para el alumnado relativo al acceso a la plataforma y al uso de las Aulas Virtuales\" href=\"https:\/\/blogsaverroes.juntadeandalucia.es\/iessanjeronimo\/files\/2021\/10\/Gestion_Moodle_Centros_Alumnado_v3.pdf\" target=\"_blank\" rel=\"noopener noreferrer\">Informaci\u00f3n para el alumnado relativo al acceso a la plataforma y al uso de las Aulas Virtuales<\/a><\/div>\n<\/div>\n<\/div>\n<div>\n<div class=\"mod-indent-outer w-100\">\n<div>\n<div class=\"activityinstance\"><a class=\"aalink\" href=\"https:\/\/educacionadistancia.juntadeandalucia.es\/centros20\/sevilla\/mod\/book\/view.php?id=279080\" target=\"_blank\" rel=\"noopener noreferrer\"><img decoding=\"async\" class=\"iconlarge activityicon\" role=\"presentation\" src=\"https:\/\/educacionadistancia.juntadeandalucia.es\/centros20\/sevilla\/theme\/image.php\/moove\/book\/1630914343\/icon\" alt=\"\" aria-hidden=\"true\"><span class=\"instancename\">Moodle Centro. Profundizaci\u00f3n (Calificador y otros aspectos)<\/span><\/a><\/div>\n<\/div>\n<\/div>\n<\/div>\n","protected":false},"excerpt":{"rendered":"<p>&nbsp; Videotutoriales sobre el uso de la plataforma Moodle. Perfil Profesorado Manual interactivo de la MOODLE CENTROS. PROFESORADO Una completa gu\u00eda para el profesorado para gestionar sus Aulas Virtuales y dotarlas de contenidos Informaci\u00f3n para el alumnado relativo al acceso a la plataforma y al uso de las Aulas Virtuales Moodle Centro. Profundizaci\u00f3n (Calificador y [&hellip;]<\/p>\n","protected":false},"author":13409,"featured_media":0,"parent":0,"menu_order":0,"comment_status":"closed","ping_status":"closed","template":"","meta":{"_et_pb_use_builder":"","_et_pb_old_content":"","_et_gb_content_width":"","ngg_post_thumbnail":0,"footnotes":""},"aioseo_notices":[],"_links":{"self":[{"href":"https:\/\/blogsaverroes.juntadeandalucia.es\/iessanjeronimo\/wp-json\/wp\/v2\/pages\/2389"}],"collection":[{"href":"https:\/\/blogsaverroes.juntadeandalucia.es\/iessanjeronimo\/wp-json\/wp\/v2\/pages"}],"about":[{"href":"https:\/\/blogsaverroes.juntadeandalucia.es\/iessanjeronimo\/wp-json\/wp\/v2\/types\/page"}],"author":[{"embeddable":true,"href":"https:\/\/blogsaverroes.juntadeandalucia.es\/iessanjeronimo\/wp-json\/wp\/v2\/users\/13409"}],"replies":[{"embeddable":true,"href":"https:\/\/blogsaverroes.juntadeandalucia.es\/iessanjeronimo\/wp-json\/wp\/v2\/comments?post=2389"}],"version-history":[{"count":7,"href":"https:\/\/blogsaverroes.juntadeandalucia.es\/iessanjeronimo\/wp-json\/wp\/v2\/pages\/2389\/revisions"}],"predecessor-version":[{"id":2399,"href":"https:\/\/blogsaverroes.juntadeandalucia.es\/iessanjeronimo\/wp-json\/wp\/v2\/pages\/2389\/revisions\/2399"}],"wp:attachment":[{"href":"https:\/\/blogsaverroes.juntadeandalucia.es\/iessanjeronimo\/wp-json\/wp\/v2\/media?parent=2389"}],"curies":[{"name":"wp","href":"https:\/\/api.w.org\/{rel}","templated":true}]}}