{"id":330,"date":"2020-02-11T13:07:32","date_gmt":"2020-02-11T12:07:32","guid":{"rendered":"http:\/\/blogsaverroes.juntadeandalucia.es\/pre\/nuevoceipv2\/?page_id=330"},"modified":"2026-02-25T09:50:02","modified_gmt":"2026-02-25T08:50:02","slug":"novedades","status":"publish","type":"page","link":"https:\/\/blogsaverroes.juntadeandalucia.es\/iessanjeronimo\/novedades\/","title":{"rendered":"Novedades"},"content":{"rendered":"<p>[et_pb_section fb_built=&#8221;1&#8243; admin_label=&#8221;Social&#8221; _builder_version=&#8221;4.16&#8243; background_size=&#8221;initial&#8221; background_position=&#8221;bottom_right&#8221; min_height=&#8221;42px&#8221; custom_margin=&#8221;-4vw||-96px|||&#8221; custom_padding=&#8221;0px|0px|0px|0px|true|false&#8221; bottom_divider_style=&#8221;wave2&#8243; bottom_divider_color=&#8221;#ffffff&#8221; bottom_divider_height=&#8221;10vw&#8221; bottom_divider_repeat=&#8221;1.5x&#8221; bottom_divider_arrangement=&#8221;above_content&#8221; bottom_divider_height_tablet=&#8221;0px&#8221; bottom_divider_height_phone=&#8221;0px&#8221; bottom_divider_height_last_edited=&#8221;on|phone&#8221; global_colors_info=&#8221;{}&#8221;][et_pb_row use_custom_gutter=&#8221;on&#8221; gutter_width=&#8221;1&#8243; custom_padding_last_edited=&#8221;on|tablet&#8221; padding_top_bottom_link_2=&#8221;false&#8221; padding_left_right_link_2=&#8221;true&#8221; _builder_version=&#8221;4.16&#8243; width=&#8221;100%&#8221; max_width=&#8221;100%&#8221; custom_margin=&#8221;|||||false&#8221; custom_padding=&#8221;0px||0px||true&#8221; custom_padding_tablet=&#8221;|10%||10%||true&#8221; custom_padding_phone=&#8221;&#8221; use_custom_width=&#8221;on&#8221; width_unit=&#8221;off&#8221; custom_width_percent=&#8221;100%&#8221; global_colors_info=&#8221;{}&#8221;][et_pb_column type=&#8221;4_4&#8243; _builder_version=&#8221;4.16&#8243; custom_padding=&#8221;|||&#8221; global_colors_info=&#8221;{}&#8221; custom_padding__hover=&#8221;|||&#8221;][et_pb_button button_text=&#8221;Get Involved&#8221; _builder_version=&#8221;4.16&#8243; custom_button=&#8221;on&#8221; button_text_size=&#8221;18px&#8221; button_bg_color=&#8221;#393e56&#8243; button_border_color=&#8221;rgba(0,0,0,0)&#8221; button_border_radius=&#8221;0px&#8221; button_letter_spacing=&#8221;2px&#8221; button_font=&#8221;Ubuntu|700|||||||&#8221; button_icon=&#8221;&#x24;||divi||400&#8243; background_layout=&#8221;dark&#8221; custom_margin=&#8221;|||&#8221; custom_margin_tablet=&#8221;1vw||1vw|3vw|true&#8221; custom_margin_phone=&#8221;|||2vw|true&#8221; custom_margin_last_edited=&#8221;off|desktop&#8221; custom_padding=&#8221;15px|50px|15px|50px|true|true&#8221; animation_style=&#8221;slide&#8221; animation_direction=&#8221;left&#8221; animation_delay=&#8221;100ms&#8221; animation_speed_curve=&#8221;ease-out&#8221; global_colors_info=&#8221;{}&#8221; button_text_size__hover_enabled=&#8221;off&#8221; button_one_text_size__hover_enabled=&#8221;off&#8221; button_two_text_size__hover_enabled=&#8221;off&#8221; button_text_color__hover_enabled=&#8221;off&#8221; button_one_text_color__hover_enabled=&#8221;off&#8221; button_two_text_color__hover_enabled=&#8221;off&#8221; button_border_width__hover_enabled=&#8221;off&#8221; button_one_border_width__hover_enabled=&#8221;off&#8221; button_two_border_width__hover_enabled=&#8221;off&#8221; button_border_color__hover_enabled=&#8221;off&#8221; button_one_border_color__hover_enabled=&#8221;off&#8221; button_two_border_color__hover_enabled=&#8221;off&#8221; button_border_radius__hover_enabled=&#8221;off&#8221; button_one_border_radius__hover_enabled=&#8221;off&#8221; button_two_border_radius__hover_enabled=&#8221;off&#8221; button_letter_spacing__hover_enabled=&#8221;off&#8221; button_one_letter_spacing__hover_enabled=&#8221;off&#8221; button_two_letter_spacing__hover_enabled=&#8221;off&#8221; button_bg_color__hover_enabled=&#8221;off&#8221; button_one_bg_color__hover_enabled=&#8221;off&#8221; button_two_bg_color__hover_enabled=&#8221;off&#8221;][\/et_pb_button][et_pb_text _builder_version=&#8221;4.16&#8243; header_font=&#8221;||||||||&#8221; header_2_font=&#8221;Ubuntu|700|||||||&#8221; header_2_font_size=&#8221;42px&#8221; header_2_line_height=&#8221;1.2em&#8221; min_height=&#8221;24px&#8221; header_2_font_size_tablet=&#8221;&#8221; header_2_font_size_phone=&#8221;28px&#8221; header_2_font_size_last_edited=&#8221;on|phone&#8221; locked=&#8221;off&#8221; global_colors_info=&#8221;{}&#8221;]<\/p>\n<h2 style=\"text-align: center\">\u00daltimas Novedades<\/h2>\n<p>[\/et_pb_text][et_pb_slider use_bg_overlay=&#8221;off&#8221; use_text_overlay=&#8221;on&#8221; text_overlay_color=&#8221;#e09900&#8243; _builder_version=&#8221;4.24.2&#8243; _module_preset=&#8221;default&#8221; header_text_color=&#8221;#000000&#8243; body_font=&#8221;Actor|700|||||||&#8221; body_text_color=&#8221;#ffffff&#8221; transform_scale=&#8221;104%|104%&#8221; width=&#8221;100%&#8221; max_width=&#8221;100%&#8221; min_height=&#8221;797px&#8221; height=&#8221;492px&#8221; max_height=&#8221;347px&#8221; animation_style=&#8221;zoom&#8221; link_option_url_new_window=&#8221;on&#8221; hover_enabled=&#8221;0&#8243; header_text_shadow_style=&#8221;preset4&#8243; header_text_shadow_color=&#8221;#000000&#8243; global_colors_info=&#8221;{}&#8221; sticky_enabled=&#8221;0&#8243;][et_pb_slide heading=&#8221;Bachillerato de M\u00fasica y Artes Esc\u00e9nicas en el IES San Jer\u00f3nimo&#8221; _builder_version=&#8221;4.24.2&#8243; _module_preset=&#8221;default&#8221; link_option_url=&#8221;https:\/\/view.genially.com\/699b531d37e52d5fad5d0418&#8243; link_option_url_new_window=&#8221;on&#8221; hover_enabled=&#8221;0&#8243; global_colors_info=&#8221;{}&#8221; sticky_transition=&#8221;on&#8221; sticky_enabled=&#8221;0&#8243;]<\/p>\n<p><a href=\"https:\/\/view.genially.com\/699b531d37e52d5fad5d0418\" target=\"_blank\" rel=\"noopener\"><img loading=\"lazy\" decoding=\"async\" src=\"https:\/\/blogsaverroes.juntadeandalucia.es\/iessanjeronimo\/files\/2026\/02\/artes-150x150.jpg\" width=\"150\" height=\"150\" alt=\"\" class=\"wp-image-4814 aligncenter size-thumbnail\" \/><\/a><\/p>\n<p>[\/et_pb_slide][et_pb_slide heading=&#8221;Ya han llegado a nuestra biblioteca las \u00faltimas novedades de literatura juvenil. En nuestro rinc\u00f3n de \u00e9xitos juveniles encontrar\u00e9is historias emocionantes y entretenidas. \u00a1\u00a1\u00a1 OS ESPERAMOS !!!&#8221; button_text=&#8221;Clics&#8221; image=&#8221;https:\/\/blogsaverroes.juntadeandalucia.es\/iessanjeronimo\/files\/2025\/09\/WhatsApp-Image-2025-09-29-at-21.46.08.jpeg&#8221; _builder_version=&#8221;4.24.2&#8243; _module_preset=&#8221;default&#8221; global_colors_info=&#8221;{}&#8221; sticky_transition=&#8221;on&#8221;]<\/p>\n<p><img loading=\"lazy\" decoding=\"async\" src=\"https:\/\/blogsaverroes.juntadeandalucia.es\/iessanjeronimo\/files\/2025\/09\/WhatsApp-Image-2025-09-29-at-21.46.26-1-150x150.jpeg\" width=\"150\" height=\"150\" alt=\"\" class=\"wp-image-4652 aligncenter size-thumbnail\" \/><\/p>\n<p><img loading=\"lazy\" decoding=\"async\" src=\"https:\/\/blogsaverroes.juntadeandalucia.es\/iessanjeronimo\/files\/2025\/09\/WhatsApp-Image-2025-09-29-at-21.46.08-150x150.jpeg\" width=\"150\" height=\"150\" alt=\"\" class=\"wp-image-4653 aligncenter size-thumbnail\" \/><\/p>\n<p>[\/et_pb_slide][et_pb_slide heading=&#8221;Convocatoria BECA GENERAL CURSO 2025\/26&#8243; button_text=&#8221;Clics&#8221; _builder_version=&#8221;4.24.2&#8243; _module_preset=&#8221;default&#8221; link_option_url=&#8221;https:\/\/blogsaverroes.juntadeandalucia.es\/iessanjeronimo\/files\/2025\/03\/Convocatoria-General-2025_2026.pdf&#8221; global_colors_info=&#8221;{}&#8221; sticky_transition=&#8221;on&#8221;]<\/p>\n<p>Se ha publicado convocatoria de becas de car\u00e1cter general para el curso acad\u00e9mico 2025-26, para estudios postobligatorios. El plazo de solicitud es del 24 de marzo a las 8,00 al 14 de mayo a las 15,00, hora peninsular, ambos inclusive. Se adjunta Resoluci\u00f3n.<\/p>\n<p>[\/et_pb_slide][\/et_pb_slider][et_pb_slider use_bg_overlay=&#8221;off&#8221; use_text_overlay=&#8221;on&#8221; text_overlay_color=&#8221;#e09900&#8243; _builder_version=&#8221;4.16&#8243; _module_preset=&#8221;default&#8221; header_text_color=&#8221;#000000&#8243; body_font=&#8221;Actor|700|||||||&#8221; body_text_color=&#8221;#ffffff&#8221; transform_scale=&#8221;104%|104%&#8221; width=&#8221;100%&#8221; max_width=&#8221;100%&#8221; min_height=&#8221;797px&#8221; height=&#8221;492px&#8221; max_height=&#8221;347px&#8221; animation_style=&#8221;zoom&#8221; link_option_url_new_window=&#8221;on&#8221; header_text_shadow_style=&#8221;preset4&#8243; header_text_shadow_color=&#8221;#000000&#8243; global_colors_info=&#8221;{}&#8221;][et_pb_slide heading=&#8221;Beca Adriano 2022\/23&#8243; button_text=&#8221;Clics&#8221; url_new_window=&#8221;on&#8221; heading_tablet=&#8221;Beca Adriano 2022\/23&#8243; heading_phone=&#8221;Beca Adriano 2022\/23&#8243; heading_last_edited=&#8221;on|desktop&#8221; _builder_version=&#8221;4.16&#8243; _module_preset=&#8221;default&#8221; global_colors_info=&#8221;{}&#8221; sticky_transition=&#8221;on&#8221;]<\/p>\n<p style=\"text-align: justify\">Con fecha\u00a0 14\/12\/2022 se publica en <a href=\"https:\/\/www.juntadeandalucia.es\/boja\/2022\/238\/2.html\" target=\"_blank\" rel=\"noopener noreferrer\">BOJA\u00a0<\/a> la convocatoria p\u00fablica de la Beca Adriano dirigida a facilitar la permanencia en el Sistema Educativo del alumnado que curse alguna de las ense\u00f1anzas incluidas en su \u00e1mbito de aplicaci\u00f3n, para el curso 2022\/2023.\u00a0El\u00a0<strong>plazo de presentaci\u00f3n de solicitudes<\/strong>\u00a0ser\u00e1\u00a0<strong>del 15 de diciembre de 2022 al 16 de enero de 2023<\/strong>.\u00a0<\/p>\n<p style=\"text-align: justify\"><strong>Beneficiarios<\/strong>: Alumnado: 2 curso de bachillerato, CFGM y CFGS.<\/p>\n<p style=\"text-align: left\"><strong>IMPORTANTE:<\/strong> Este curso, al igual que en el curso anterior, como consecuencia de los cambios realizados a partir del curso 2020\/2021 por parte del Ministerio de Educaci\u00f3n con respecto a la nota m\u00ednima exigida para la convocatoria de beca general, que baj\u00f3 a 5.00 puntos, <strong>los alumnos de primer curso de <\/strong><\/p>\n<p style=\"text-align: left\">La solicitud, una vez cumplimentada mediante el formulario electr\u00f3nico y firmada por todos los miembros computables de la unidad familiar, se presentar\u00e1 preferentemente en el centro docente donde se vayan a seguir los estudios, en su defecto, en cualquiera de los registros siguientes:<br \/>a) En el Registro Telem\u00e1tico \u00danico de la Administraci\u00f3n de la Junta de Andaluc\u00eda.<br \/>b) En los lugares y registros previstos en el art\u00edculo 38.4 de la Ley 30\/1992 y en el art\u00edculo 82.2 de la Ley 9\/2007.<\/p>\n<p style=\"text-align: left\">Mas informaci\u00f3n en <a href=\"https:\/\/www.juntadeandalucia.es\/educacion\/portals\/web\/becas-y-ayudas\/beca-adriano\/convocatorias\">https:\/\/www.juntadeandalucia.es\/educacion\/portals\/web\/becas-y-ayudas\/beca-adriano\/convocatorias<\/a><\/p>\n<p style=\"text-align: left\"><strong>Nota<\/strong>: &#8220;En el curso 20-21 se produjeron unos cambios en la normativa de la convocatoria general de becas del Ministerio que afectan a la beca Adriano. El alumnado de 1\u00ba curso de cualquier ense\u00f1anza<span>\u00a0<\/span><strong>NO puede optar a la Beca Adriano<\/strong><span>\u00a0<\/span>ya que el Ministerio modific\u00f3 la nota m\u00ednima exigida y la ha dejado en un 5,00&#8243;.\u00a0<a href=\"https:\/\/blogsaverroes.juntadeandalucia.es\/iessanjeronimo\/files\/2022\/12\/Informaci\u00f3n-Beca-Adriano-22-23_15122022_090950-1.pdf\" target=\"_blank\" rel=\"noopener noreferrer\">M\u00e1s informaci\u00f3n documento completo.<\/a><\/p>\n<p style=\"text-align: left\">[\/et_pb_slide][et_pb_slide heading=&#8221;Beca Segunda Oportunidad 2022\/23&#8243; button_text=&#8221;Clics&#8221; url_new_window=&#8221;on&#8221; heading_tablet=&#8221;Beca Adriano 2022\/23&#8243; heading_phone=&#8221;Beca Adriano 2022\/23&#8243; heading_last_edited=&#8221;on|desktop&#8221; _builder_version=&#8221;4.16&#8243; _module_preset=&#8221;default&#8221; global_colors_info=&#8221;{}&#8221; sticky_transition=&#8221;on&#8221;]<\/p>\n<p><span>\u00a0<\/span><a href=\"https:\/\/www.juntadeandalucia.es\/boja\/2022\/238\/5\" target=\"_blank\" rel=\"noopener noreferrer\">Resoluci\u00f3n<\/a> de Beca Segunda Oportunidad 2022\/23 para alumnado de bachillerato y CFGM.<\/p>\n<p>&nbsp;<\/p>\n<p>Mas informaci\u00f3n en https:\/\/www.juntadeandalucia.es\/educacion\/portals\/web\/becas-y-ayudas\/segunda-oportunidad\/convocatorias.<\/p>\n<p>[\/et_pb_slide][et_pb_slide heading=&#8221;BECA 6000 2022\/23&#8243; button_text=&#8221;Clics&#8221; url_new_window=&#8221;on&#8221; heading_tablet=&#8221;Beca Adriano 2022\/23&#8243; heading_phone=&#8221;Beca Adriano 2022\/23&#8243; heading_last_edited=&#8221;on|desktop&#8221; _builder_version=&#8221;4.16&#8243; _module_preset=&#8221;default&#8221; global_colors_info=&#8221;{}&#8221; sticky_transition=&#8221;on&#8221;]<\/p>\n<h1 class=\"titulo\" style=\"text-align: justify\"><span style=\"font-size: 10pt;font-family: arial, helvetica, sans-serif\">Adjunto remito <a href=\"https:\/\/www.juntadeandalucia.es\/boja\/2022\/238\/4\" target=\"_blank\" rel=\"noopener noreferrer\">Resoluci\u00f3n <\/a>de 1 de diciembre de 2022, de la Direcci\u00f3n General de Ordenaci\u00f3n, Inclusi\u00f3n, Participaci\u00f3n y Evaluaci\u00f3n Educativa, por la que se efect\u00faa la convocatoria p\u00fablica de la Beca 6000 dirigida a facilitar la permanencia en el Sistema Educativo del alumnado de Bachillerato o de Ciclos Formativos de Grado Medio de Formaci\u00f3n Profesional Inicial para el curso escolar 2022\/2023.<\/span><\/h1>\n<section class=\"cuerpo detalle_html\">\n<div class=\"inner_cuerpo\">\n<p><span style=\"font-size: 10pt;font-family: arial, helvetica, sans-serif\">El\u00a0<strong>plazo de presentaci\u00f3n de solicitudes<\/strong>\u00a0ser\u00e1\u00a0<strong>del 15 de diciembre de 2022 al 16 de enero de 2023.<\/strong><\/span><\/p>\n<p><span style=\"font-size: 10pt;font-family: arial, helvetica, sans-serif\"><strong>M\u00e1s informaci\u00f3n: https:\/\/www.juntadeandalucia.es\/educacion\/portals\/web\/becas-y-ayudas\/beca-6000\/convocatorias<\/strong><\/span><\/p>\n<\/div>\n<\/section>\n<p>&nbsp;<\/p>\n<p>&nbsp;<\/p>\n<p>Mas informaci\u00f3n en https:\/\/www.juntadeandalucia.es\/educacion\/portals\/web\/becas-y-ayudas\/segunda-oportunidad\/convocatorias.<\/p>\n<p>[\/et_pb_slide][et_pb_slide heading=&#8221;Ayudas Individualizadas para el Transporte Escolar en el curso acad\u00e9mico 2021\/2022&#8243; button_text=&#8221;Clics&#8221; url_new_window=&#8221;on&#8221; heading_tablet=&#8221;Beca Adriano 2022\/23&#8243; heading_phone=&#8221;Beca Adriano 2022\/23&#8243; heading_last_edited=&#8221;on|desktop&#8221; _builder_version=&#8221;4.16&#8243; _module_preset=&#8221;default&#8221; global_colors_info=&#8221;{}&#8221; sticky_transition=&#8221;on&#8221;]<\/p>\n<p>Con fecha 14 de Diciembre de 2022 se ha publicado en el Bolet\u00edn Oficial de la Junta de Andaluc\u00eda la Resoluci\u00f3n de 1 de diciembre de 2022, de la Direcci\u00f3n General de Ordenaci\u00f3n, Inclusi\u00f3n, Participaci\u00f3n y Evaluaci\u00f3n Educativa, por la que se efectua la convocatoria p\u00fablica de las Ayudas individualizadas para el transporte escolar en el curso acad\u00e9mico 2021\/2022.<\/p>\n<p>El<strong>\u00a0plazo de solicitudes<\/strong>\u00a0ser\u00e1\u00a0<strong>del 15 de diciembre de 2022 al 16 de enero de 2023.\u00a0<\/strong><\/p>\n<p><strong>Alumnado: Bachillerato y ciclos (MyS)<\/strong><\/p>\n<p><strong>M\u00e1s informaci\u00f3n:<span>\u00a0<\/span><a href=\"https:\/\/www.juntadeandalucia.es\/educacion\/portals\/web\/becas-y-ayudas\/ayudas-al-transporte\/convocatorias\" target=\"_blank\" rel=\"noopener noreferrer\">https:\/\/www.juntadeandalucia.es\/educacion\/portals\/web\/becas-y-ayudas\/ayudas-al-transporte\/convocatorias<\/a><\/strong><\/p>\n<p>Son Ayudas para alumnado que el el curso escolar 2021\/22 estuvieron matriculados en bachillerato y ciclos formativos de grado medio y superior.\u00a0En la convocatoria y en su punto primero viene desarrollado todo el alumnado al que va dirigido:<\/p>\n<p>Primero. Convocatoria y alumnado destinatario.<\/p>\n<p>Mediante la presente resoluci\u00f3n se convocan las ayudas individualizadas para el transporte escolar en el curso acad\u00e9mico 2021\/2022 que de conformidad con lo establecido en el art\u00edculo 13 de la Orden de 3 de diciembre de 2010, por la que se regula la organizaci\u00f3n y gesti\u00f3n del servicio de transporte p\u00fablico regular de uso especial de escolares por carretera y las ayudas individualizadas reguladas en el Decreto 287\/2009, de 30 de junio, antes mencionado, se establece la regulaci\u00f3n de las ayudas individualizadas para el transporte escolar, est\u00e1 dirigida al siguiente alumnado:<\/p>\n<p>\u00aba) El alumnado matriculado en el segundo ciclo de Educaci\u00f3n Infantil, de Educaci\u00f3n Primaria, de Educaci\u00f3n Secundaria Obligatoria, de Bachillerato y de Formaci\u00f3n Profesional Inicial de los centros docentes sostenidos con fondos p\u00fablicos, que est\u00e9 obligado a desplazarse fuera de su localidad de residencia, por inexistencia, en la misma, de la etapa educativa correspondiente, o que resida en n\u00facleos dispersos de poblaci\u00f3n o en edificaciones diseminadas y no pueda hacer uso de ninguna de las modalidades a que se refieren las letras a), b) y c) del art\u00edculo 7 del Decreto 287\/2009, de 30 de junio, por el que se regula la prestaci\u00f3n gratuita del servicio complementario de transporte escolar para el alumnado de los centros docentes sostenidos con fondos p\u00fablicos.<\/p>\n<p>b) El alumnado de la modalidad de artes de Bachillerato y de Ciclos Formativos de Formaci\u00f3n Profesional Inicial que, por su especificidad y dificultad de generalizaci\u00f3n, se encuentren implantados en centros docentes sostenidos con fondos p\u00fablicos alejados de su localidad de residencia.<\/p>\n<p>c) Excepcionalmente, se podr\u00e1n conceder ayudas individualizadas para colaborar en los gastos de transporte del alumnado beneficiario del servicio, entre su domicilio y la parada establecida de la ruta escolar m\u00e1s cercana a dicho domicilio, cuando el desplazamiento sea superior a dos kil\u00f3metros, de conformidad con lo dispuesto en el art\u00edculo 17.3 del Decreto 287\/2009, de 30 de junio.\u00bb<\/p>\n<p>[\/et_pb_slide][et_pb_slide heading=&#8221;Convocatoria de ayudas por desplazamiento para la FCT. Curso 2021-2022&#8243; button_text=&#8221;Clics&#8221; button_link=&#8221;https:\/\/blogsaverroes.juntadeandalucia.es\/iessanjeronimo\/convocatoria-de-ayudas-por-desplazamiento-para-la-fct-curso-2021-2022&#8243; url_new_window=&#8221;on&#8221; _builder_version=&#8221;4.16&#8243; _module_preset=&#8221;default&#8221; global_colors_info=&#8221;{}&#8221; sticky_transition=&#8221;on&#8221;][\/et_pb_slide][et_pb_slide heading=&#8221;Elecciones al Consejo Escolar del IES San Jer\u00f3nimo. &#8221; url_new_window=&#8221;on&#8221; image=&#8221;https:\/\/blogsaverroes.juntadeandalucia.es\/iessanjeronimo\/files\/2022\/09\/ELECCIONES-AL-CONSEJO-ESCOLAR.jpg&#8221; _builder_version=&#8221;4.16&#8243; _module_preset=&#8221;default&#8221; global_colors_info=&#8221;{}&#8221; sticky_transition=&#8221;on&#8221;]<\/p>\n<p>A partir de octubre comienza el procedimiento para la renovaci\u00f3n del Consejo Escolar del IES San Jer\u00f3nimo, tal y como viene recogido en la Resoluci\u00f3n de 12 de septiembre de 2022, de la Direcci\u00f3n General de Ordenaci\u00f3n, Inclusi\u00f3n, Participaci\u00f3n y Evaluaci\u00f3n Educativa, por la que se establece el calendario para el desarrollo de las elecciones de representantes en los Consejos Escolares de los centros docentes sostenidos con fondos p\u00fablicos de la Comunidad Aut\u00f3noma de Andaluc\u00eda para el curso 2022\/2023.<\/p>\n<p><a href=\"https:\/\/www.juntadeandalucia.es\/boja\/2022\/178\/16\">https:\/\/www.juntadeandalucia.es\/boja\/2022\/178\/16<\/a>\u00a0<\/p>\n<p><span style=\"color: #0000ff\"><strong>Animamos a su participaci\u00f3n para que todos los sectores de la comunidad educativa puedan estar representados.<\/strong><\/span><\/p>\n<p>[\/et_pb_slide][et_pb_slide heading=&#8221;Beca General. 2022-2023&#8243; button_text=&#8221;Clics&#8221; image=&#8221;https:\/\/blogsaverroes.juntadeandalucia.es\/iessanjeronimo\/files\/2022\/03\/becas.png&#8221; _builder_version=&#8221;4.16&#8243; _module_preset=&#8221;default&#8221; global_colors_info=&#8221;{}&#8221; sticky_transition=&#8221;on&#8221;]<\/p>\n<p>Para el pr\u00f3ximo curso 2022\/2023 se ha adelantado el plazo para solicitar la Beca de la convocatoria general para estudiante de estudios postobligatorios, siendo el mismo desde el 30 de marzo al 12 de mayo de 2022.<\/p>\n<p>Para m\u00e1s informaci\u00f3n puede consultarse el Portal de Becas de la web de la Consejer\u00eda de Educaci\u00f3n y Deporte de la Junta de Andaluc\u00eda en los siguientes enlaces:<\/p>\n<p><a href=\"..\/portals\/web\/becas-y-ayudas&quot;\" target=\"_blank\" rel=\"noopener noreferrer\">https:\/\/www.juntadeandalucia.es\/educacion\/portals\/web\/becas-y-ayudas<\/a><br \/><a href=\"..\/portals\/web\/becas-y-ayudas\/tu-beca-en-nueve-pasos-andalucia-&quot;\" target=\"_blank\" rel=\"noopener noreferrer\">https:\/\/www.juntadeandalucia.es\/educacion\/portals\/web\/becas-y-ayudas\/tu-beca-en-nueve-pasos-andalucia-<\/a><\/p>\n<p>[\/et_pb_slide][et_pb_slide heading=&#8221;Ayudas individualizadas para el transporte escolar en el curso acad\u00e9mico 2021\/2022.&#8221; button_text=&#8221;Clics&#8221; image=&#8221;https:\/\/blogsaverroes.juntadeandalucia.es\/iessanjeronimo\/files\/2022\/03\/becas.png&#8221; _builder_version=&#8221;4.16&#8243; _module_preset=&#8221;default&#8221; global_colors_info=&#8221;{}&#8221; sticky_transition=&#8221;on&#8221;]<\/p>\n<p>Con fecha 14 de Diciembre de 2022 se ha publicado en el Bolet\u00edn Oficial de la Junta de Andaluc\u00eda la <a href=\"https:\/\/www.juntadeandalucia.es\/boja\/2022\/238\/5\" target=\"_blank\" rel=\"noopener noreferrer\">Resoluci\u00f3n <\/a>de 1 de diciembre de 2022, de la Direcci\u00f3n General de Ordenaci\u00f3n, Inclusi\u00f3n, Participaci\u00f3n y Evaluaci\u00f3n Educativa, por la que se efectua la convocatoria p\u00fablica de las Ayudas individualizadas para el transporte escolar en el curso acad\u00e9mico 2021\/2022.<\/p>\n<p>El<strong>\u00a0plazo de solicitudes<\/strong>\u00a0ser\u00e1\u00a0<strong>del 15 de diciembre de 2022 al 16 de enero de 2023.<\/strong><\/p>\n<p><strong>Alumnado: Bachillerato y ciclos (MyS)<\/strong><\/p>\n<p><strong>Adjunto remito Resoluci\u00f3n.<\/strong><\/p>\n<p><strong>M\u00e1s informaci\u00f3n:<span>\u00a0<\/span><a href=\"https:\/\/www.juntadeandalucia.es\/educacion\/portals\/web\/becas-y-ayudas\/ayudas-al-transporte\/convocatorias\" target=\"_blank\" rel=\"noopener noreferrer\">https:\/\/www.juntadeandalucia.es\/educacion\/portals\/web\/becas-y-ayudas\/ayudas-al-transporte\/convocatorias<\/a><\/strong><\/p>\n<p>&nbsp;<\/p>\n<p>[\/et_pb_slide][et_pb_slide heading=&#8221;Movilidades de 90 d\u00edas de duraci\u00f3n FCT, reci\u00e9n titulados y movilidades para el STAFF-JOB SHADOWING&#8221; button_text=&#8221;@ET-DC@eyJkeW5hbWljIjp0cnVlLCJjb250ZW50IjoiY3VycmVudF9kYXRlIiwic2V0dGluZ3MiOnsiYmVmb3JlIjoiIiwiYWZ0ZXIiOiIiLCJkYXRlX2Zvcm1hdCI6ImRlZmF1bHQiLCJjdXN0b21fZGF0ZV9mb3JtYXQiOiIiLCJlbmFibGVfaHRtbCI6Im9mZiJ9fQ==@&#8221; button_link=&#8221;https:\/\/blogsaverroes.juntadeandalucia.es\/iessanjeronimo\/convocatoria-2021-22\/&#8221; url_new_window=&#8221;on&#8221; image=&#8221;https:\/\/blogsaverroes.juntadeandalucia.es\/iessanjeronimo\/files\/2021\/11\/eras.png&#8221; _builder_version=&#8221;4.16&#8243; _dynamic_attributes=&#8221;button_text&#8221; _module_preset=&#8221;default&#8221; link_option_url_new_window=&#8221;on&#8221; global_colors_info=&#8221;{}&#8221; sticky_transition=&#8221;on&#8221;]<\/p>\n<p><a href=\"https:\/\/blogsaverroes.juntadeandalucia.es\/iessanjeronimo\/convocatoria-2021-22\/\" target=\"_blank\" rel=\"noopener noreferrer\">LISTADO PROVISIONAL DE SOLICITUDES ADMITIDAS Y RESOLUCI\u00d3N PROVISIONAL<\/a><\/p>\n<p>&nbsp;<\/p>\n<p>[\/et_pb_slide][\/et_pb_slider][et_pb_text _builder_version=&#8221;4.16&#8243; custom_margin=&#8221;|||20%&#8221; global_colors_info=&#8221;{}&#8221;]Connect<br \/>\n[\/et_pb_text][\/et_pb_column][\/et_pb_row][\/et_pb_section][et_pb_section fb_built=&#8221;1&#8243; admin_label=&#8221;Blog&#8221; _builder_version=&#8221;4.16&#8243; min_height=&#8221;946px&#8221; custom_margin=&#8221;||-803px|||&#8221; custom_padding=&#8221;0px|0px|0px|0px|false|false&#8221; global_colors_info=&#8221;{}&#8221;][\/et_pb_section]<\/p>\n","protected":false},"excerpt":{"rendered":"<p>\u00daltimas Novedades Se ha publicado convocatoria de becas de car\u00e1cter general para el curso acad\u00e9mico 2025-26, para estudios postobligatorios. El plazo de solicitud es del 24 de marzo a las 8,00 al 14 de mayo a las 15,00, hora peninsular, ambos inclusive. Se adjunta Resoluci\u00f3n.Con fecha\u00a0 14\/12\/2022 se publica en BOJA\u00a0 la convocatoria p\u00fablica de [&hellip;]<\/p>\n","protected":false},"author":13413,"featured_media":0,"parent":0,"menu_order":0,"comment_status":"closed","ping_status":"closed","template":"","meta":{"_et_pb_use_builder":"on","_et_pb_old_content":"<p>[pt_view id=\"6a2900dq7z\"]<\/p>","_et_gb_content_width":"","ngg_post_thumbnail":0,"footnotes":""},"aioseo_notices":[],"_links":{"self":[{"href":"https:\/\/blogsaverroes.juntadeandalucia.es\/iessanjeronimo\/wp-json\/wp\/v2\/pages\/330"}],"collection":[{"href":"https:\/\/blogsaverroes.juntadeandalucia.es\/iessanjeronimo\/wp-json\/wp\/v2\/pages"}],"about":[{"href":"https:\/\/blogsaverroes.juntadeandalucia.es\/iessanjeronimo\/wp-json\/wp\/v2\/types\/page"}],"author":[{"embeddable":true,"href":"https:\/\/blogsaverroes.juntadeandalucia.es\/iessanjeronimo\/wp-json\/wp\/v2\/users\/13413"}],"replies":[{"embeddable":true,"href":"https:\/\/blogsaverroes.juntadeandalucia.es\/iessanjeronimo\/wp-json\/wp\/v2\/comments?post=330"}],"version-history":[{"count":149,"href":"https:\/\/blogsaverroes.juntadeandalucia.es\/iessanjeronimo\/wp-json\/wp\/v2\/pages\/330\/revisions"}],"predecessor-version":[{"id":4815,"href":"https:\/\/blogsaverroes.juntadeandalucia.es\/iessanjeronimo\/wp-json\/wp\/v2\/pages\/330\/revisions\/4815"}],"wp:attachment":[{"href":"https:\/\/blogsaverroes.juntadeandalucia.es\/iessanjeronimo\/wp-json\/wp\/v2\/media?parent=330"}],"curies":[{"name":"wp","href":"https:\/\/api.w.org\/{rel}","templated":true}]}}