{"id":4249,"date":"2024-05-27T19:57:38","date_gmt":"2024-05-27T18:57:38","guid":{"rendered":"https:\/\/blogsaverroes.juntadeandalucia.es\/iessanjeronimo\/?page_id=4249"},"modified":"2024-05-28T13:35:05","modified_gmt":"2024-05-28T12:35:05","slug":"taller-desenreda","status":"publish","type":"page","link":"https:\/\/blogsaverroes.juntadeandalucia.es\/iessanjeronimo\/taller-desenreda\/","title":{"rendered":"Taller Desenreda"},"content":{"rendered":"<p>El pasado de mes de abril y durante varias sesiones, nuestro alumnado de 4\u00ba A tuvo la oportunidad de participar en el <strong>Taller Desenreda<\/strong>*: unas jornadas de formaci\u00f3n impartidas por el Colegio Profesional de Periodistas de Andaluc\u00eda para fomentar el esp\u00edritu cr\u00edtico y luchar contra la desinformaci\u00f3n tanto en los medios tradicionales como en las redes sociales.<\/p>\n<p>*La Consejer\u00eda de Desarrollo Educativo y Formaci\u00f3n Profesional, en colaboraci\u00f3n con las Asociaciones de la Prensa de Andaluc\u00eda, ofrece 60 talleres de alfabetizaci\u00f3n medi\u00e1tica DESENREDA que se impartir\u00e1n en los centros que participan en el curso 2023-2024 en el Programa CIMA, en el \u00c1mbito de Conocimiento \u00abPLC ,Comunicaci\u00f3n, Alfabetizaci\u00f3n Medi\u00e1tica e Informacional\u00bb<\/p>\n<p>Periodistas con experiencia en medios y en educaci\u00f3n se trasladar\u00e1n hasta los centros educativos para ofrecer la formaci\u00f3n de 6 horas te\u00f3rico-pr\u00e1ctica.<br \/>\nEl taller se divide en tres bloques tem\u00e1ticos:<\/p>\n<p>1. Periodismo vs. Desinformaci\u00f3n (2 horas).<br \/>\n2. Redes sociales y Periodismo Comprometido (2 horas).<br \/>\n3. Somos periodistas (2 horas).<\/p>\n<p><a href=\"https:\/\/drive.google.com\/drive\/folders\/1qZzRIAOq1wlAxbgAWmUgmnON7EpKASBU?usp=sharing\" target=\"_blank\" rel=\"noopener\"><img loading=\"lazy\" decoding=\"async\" class=\"size-thumbnail wp-image-4264 alignleft\" src=\"https:\/\/blogsaverroes.juntadeandalucia.es\/iessanjeronimo\/files\/2024\/05\/pulsa2-150x150.jpg\" alt=\"\" width=\"150\" height=\"150\" srcset=\"https:\/\/blogsaverroes.juntadeandalucia.es\/iessanjeronimo\/files\/2024\/05\/pulsa2-150x150.jpg 150w, https:\/\/blogsaverroes.juntadeandalucia.es\/iessanjeronimo\/files\/2024\/05\/pulsa2-300x300.jpg 300w, https:\/\/blogsaverroes.juntadeandalucia.es\/iessanjeronimo\/files\/2024\/05\/pulsa2.jpg 360w\" sizes=\"(max-width: 150px) 100vw, 150px\" \/><\/a><\/p>\n<p>&nbsp;<\/p>\n<p><span style=\"font-size: 14pt\"><a href=\"https:\/\/drive.google.com\/drive\/folders\/1qZzRIAOq1wlAxbgAWmUgmnON7EpKASBU?usp=sharing\" target=\"_blank\" rel=\"noopener\">Productos finales<\/a>: video cabecera y podcasts de debate de nuestro alumnado:<\/span><\/p>\n<p>&nbsp;<\/p>\n<p>&nbsp;<\/p>\n","protected":false},"excerpt":{"rendered":"<p>El pasado de mes de abril y durante varias sesiones, nuestro alumnado de 4\u00ba A tuvo la oportunidad de participar en el Taller Desenreda*: unas jornadas de formaci\u00f3n impartidas por el Colegio Profesional de Periodistas de Andaluc\u00eda para fomentar el esp\u00edritu cr\u00edtico y luchar contra la desinformaci\u00f3n tanto en los medios tradicionales como en las [&hellip;]<\/p>\n","protected":false},"author":13409,"featured_media":0,"parent":0,"menu_order":0,"comment_status":"closed","ping_status":"closed","template":"","meta":{"_et_pb_use_builder":"","_et_pb_old_content":"","_et_gb_content_width":"","ngg_post_thumbnail":0,"footnotes":""},"aioseo_notices":[],"_links":{"self":[{"href":"https:\/\/blogsaverroes.juntadeandalucia.es\/iessanjeronimo\/wp-json\/wp\/v2\/pages\/4249"}],"collection":[{"href":"https:\/\/blogsaverroes.juntadeandalucia.es\/iessanjeronimo\/wp-json\/wp\/v2\/pages"}],"about":[{"href":"https:\/\/blogsaverroes.juntadeandalucia.es\/iessanjeronimo\/wp-json\/wp\/v2\/types\/page"}],"author":[{"embeddable":true,"href":"https:\/\/blogsaverroes.juntadeandalucia.es\/iessanjeronimo\/wp-json\/wp\/v2\/users\/13409"}],"replies":[{"embeddable":true,"href":"https:\/\/blogsaverroes.juntadeandalucia.es\/iessanjeronimo\/wp-json\/wp\/v2\/comments?post=4249"}],"version-history":[{"count":9,"href":"https:\/\/blogsaverroes.juntadeandalucia.es\/iessanjeronimo\/wp-json\/wp\/v2\/pages\/4249\/revisions"}],"predecessor-version":[{"id":4266,"href":"https:\/\/blogsaverroes.juntadeandalucia.es\/iessanjeronimo\/wp-json\/wp\/v2\/pages\/4249\/revisions\/4266"}],"wp:attachment":[{"href":"https:\/\/blogsaverroes.juntadeandalucia.es\/iessanjeronimo\/wp-json\/wp\/v2\/media?parent=4249"}],"curies":[{"name":"wp","href":"https:\/\/api.w.org\/{rel}","templated":true}]}}