{"id":150,"date":"2015-03-17T07:48:04","date_gmt":"2015-03-17T07:48:04","guid":{"rendered":"http:\/\/blogsaverroes.juntadeandalucia.es\/pre\/ceip\/?page_id=150"},"modified":"2024-06-28T12:43:51","modified_gmt":"2024-06-28T12:43:51","slug":"filosofia","status":"publish","type":"page","link":"https:\/\/blogsaverroes.juntadeandalucia.es\/iessanjose\/filosofia\/","title":{"rendered":"Franc\u00e9s"},"content":{"rendered":"<p><img decoding=\"async\" class=\"aligncenter size-medium wp-image-2099\" src=\"http:\/\/blogsaverroes.juntadeandalucia.es\/temapinboardies\/files\/2015\/03\/frances-300x160.jpg\" alt=\"frances\" width=\"300\" height=\"160\" srcset=\"https:\/\/blogsaverroes.juntadeandalucia.es\/iessanjose\/files\/2015\/03\/frances-300x160.jpg 300w, https:\/\/blogsaverroes.juntadeandalucia.es\/iessanjose\/files\/2015\/03\/frances.jpg 640w\" sizes=\"(max-width: 300px) 100vw, 300px\" \/><\/p>\n<p><strong><span style=\"font-family: sans-serif\"><span style=\"font-size: medium\">Segunda Lengua Extranjera: Franc\u00e9s<\/span><\/span><\/strong><\/p>\n<p><span style=\"font-weight: 400\">La r\u00e1pida evoluci\u00f3n de las sociedades actuales y sus m\u00faltiples interconexiones exigen el desarrollo de aquellas competencias que ayuden a los individuos a practicar una ciudadan\u00eda independiente, activa y comprometida con la realidad contempor\u00e1nea, cada vez m\u00e1s global, intercultural y pluriling\u00fce. Tal y como se\u00f1ala el Marco de Referencia de Competencias para una Cultura Democr\u00e1tica, en las actuales sociedades, culturalmente diversas, los procesos democr\u00e1ticos requieren del di\u00e1logo intercultural. Por lo tanto, la comunicaci\u00f3n en distintas lenguas resulta clave en el desarrollo de esa cultura democr\u00e1tica.<\/span><span style=\"font-weight: 400\"><br \/>\n<\/span><span style=\"font-weight: 400\"><\/p>\n<p><\/span><\/p>\n<p><br style=\"font-weight: 400\"><\/p>\n","protected":false},"excerpt":{"rendered":"<p>Segunda Lengua Extranjera: Franc\u00e9s La r\u00e1pida evoluci\u00f3n de las sociedades actuales y sus m\u00faltiples interconexiones exigen el desarrollo de aquellas competencias que ayuden a los individuos a practicar una ciudadan\u00eda independiente, activa y comprometida con la realidad contempor\u00e1nea, cada vez m\u00e1s global, intercultural y pluriling\u00fce. Tal y como se\u00f1ala el Marco de Referencia de Competencias [&hellip;]<\/p>\n","protected":false},"author":1,"featured_media":0,"parent":0,"menu_order":0,"comment_status":"closed","ping_status":"open","template":"","meta":{"ngg_post_thumbnail":0,"footnotes":"","_mc_calendar":[]},"aioseo_notices":[],"_links":{"self":[{"href":"https:\/\/blogsaverroes.juntadeandalucia.es\/iessanjose\/wp-json\/wp\/v2\/pages\/150"}],"collection":[{"href":"https:\/\/blogsaverroes.juntadeandalucia.es\/iessanjose\/wp-json\/wp\/v2\/pages"}],"about":[{"href":"https:\/\/blogsaverroes.juntadeandalucia.es\/iessanjose\/wp-json\/wp\/v2\/types\/page"}],"author":[{"embeddable":true,"href":"https:\/\/blogsaverroes.juntadeandalucia.es\/iessanjose\/wp-json\/wp\/v2\/users\/1"}],"replies":[{"embeddable":true,"href":"https:\/\/blogsaverroes.juntadeandalucia.es\/iessanjose\/wp-json\/wp\/v2\/comments?post=150"}],"version-history":[{"count":4,"href":"https:\/\/blogsaverroes.juntadeandalucia.es\/iessanjose\/wp-json\/wp\/v2\/pages\/150\/revisions"}],"predecessor-version":[{"id":2903,"href":"https:\/\/blogsaverroes.juntadeandalucia.es\/iessanjose\/wp-json\/wp\/v2\/pages\/150\/revisions\/2903"}],"wp:attachment":[{"href":"https:\/\/blogsaverroes.juntadeandalucia.es\/iessanjose\/wp-json\/wp\/v2\/media?parent=150"}],"curies":[{"name":"wp","href":"https:\/\/api.w.org\/{rel}","templated":true}]}}