{"id":162,"date":"2015-03-17T07:51:10","date_gmt":"2015-03-17T07:51:10","guid":{"rendered":"http:\/\/blogsaverroes.juntadeandalucia.es\/pre\/ceip\/?page_id=162"},"modified":"2024-06-28T12:46:25","modified_gmt":"2024-06-28T12:46:25","slug":"tecnologia","status":"publish","type":"page","link":"https:\/\/blogsaverroes.juntadeandalucia.es\/iessanjose\/tecnologia\/","title":{"rendered":"Tecnolog\u00eda"},"content":{"rendered":"<p><img fetchpriority=\"high\" decoding=\"async\" class=\"aligncenter size-medium wp-image-2163\" src=\"http:\/\/blogsaverroes.juntadeandalucia.es\/temapinboardies\/files\/2015\/03\/tecnologia-300x225.jpg\" alt=\"tecnologia\" width=\"300\" height=\"225\" srcset=\"https:\/\/blogsaverroes.juntadeandalucia.es\/iessanjose\/files\/2015\/03\/tecnologia-300x225.jpg 300w, https:\/\/blogsaverroes.juntadeandalucia.es\/iessanjose\/files\/2015\/03\/tecnologia.jpg 640w\" sizes=\"(max-width: 300px) 100vw, 300px\" \/><\/p>\n<p><strong><span style=\"font-family: sans-serif\"><span style=\"font-size: medium\">Tecnolog\u00eda <\/span><\/span><\/strong><\/p>\n<p><span style=\"font-weight: 400\">En esta materia se abordan aspectos relacionados con la influencia del desarrollo tecnol\u00f3gico y de la automatizaci\u00f3n y robotizaci\u00f3n tanto en la organizaci\u00f3n del trabajo como en otros \u00e1mbitos de la sociedad. Asimismo, la sostenibilidad est\u00e1 muy ligada a los procesos de fabricaci\u00f3n, a la correcta selecci\u00f3n de materiales y t\u00e9cnicas de manipulaci\u00f3n y a los sistemas de control que permiten optimizar los recursos. La accesibilidad es tambi\u00e9n un componente necesario del proceso tecnol\u00f3gico, pues quien dise\u00f1a ha de tener en cuenta las diferentes necesidades, contemplando la diversidad y favoreciendo as\u00ed la inclusi\u00f3n efectiva de todas las personas en una sociedad moderna y plural.<\/span><\/p>\n<p><br style=\"font-weight: 400\"><\/p>\n","protected":false},"excerpt":{"rendered":"<p>Tecnolog\u00eda En esta materia se abordan aspectos relacionados con la influencia del desarrollo tecnol\u00f3gico y de la automatizaci\u00f3n y robotizaci\u00f3n tanto en la organizaci\u00f3n del trabajo como en otros \u00e1mbitos de la sociedad. Asimismo, la sostenibilidad est\u00e1 muy ligada a los procesos de fabricaci\u00f3n, a la correcta selecci\u00f3n de materiales y t\u00e9cnicas de manipulaci\u00f3n y [&hellip;]<\/p>\n","protected":false},"author":1,"featured_media":0,"parent":0,"menu_order":0,"comment_status":"closed","ping_status":"open","template":"","meta":{"ngg_post_thumbnail":0,"footnotes":"","_mc_calendar":[]},"aioseo_notices":[],"_links":{"self":[{"href":"https:\/\/blogsaverroes.juntadeandalucia.es\/iessanjose\/wp-json\/wp\/v2\/pages\/162"}],"collection":[{"href":"https:\/\/blogsaverroes.juntadeandalucia.es\/iessanjose\/wp-json\/wp\/v2\/pages"}],"about":[{"href":"https:\/\/blogsaverroes.juntadeandalucia.es\/iessanjose\/wp-json\/wp\/v2\/types\/page"}],"author":[{"embeddable":true,"href":"https:\/\/blogsaverroes.juntadeandalucia.es\/iessanjose\/wp-json\/wp\/v2\/users\/1"}],"replies":[{"embeddable":true,"href":"https:\/\/blogsaverroes.juntadeandalucia.es\/iessanjose\/wp-json\/wp\/v2\/comments?post=162"}],"version-history":[{"count":4,"href":"https:\/\/blogsaverroes.juntadeandalucia.es\/iessanjose\/wp-json\/wp\/v2\/pages\/162\/revisions"}],"predecessor-version":[{"id":2906,"href":"https:\/\/blogsaverroes.juntadeandalucia.es\/iessanjose\/wp-json\/wp\/v2\/pages\/162\/revisions\/2906"}],"wp:attachment":[{"href":"https:\/\/blogsaverroes.juntadeandalucia.es\/iessanjose\/wp-json\/wp\/v2\/media?parent=162"}],"curies":[{"name":"wp","href":"https:\/\/api.w.org\/{rel}","templated":true}]}}