{"id":164,"date":"2015-03-17T07:52:28","date_gmt":"2015-03-17T07:52:28","guid":{"rendered":"http:\/\/blogsaverroes.juntadeandalucia.es\/pre\/ceip\/?page_id=164"},"modified":"2024-06-28T12:43:14","modified_gmt":"2024-06-28T12:43:14","slug":"ingles-2","status":"publish","type":"page","link":"https:\/\/blogsaverroes.juntadeandalucia.es\/iessanjose\/ingles-2\/","title":{"rendered":"Ingl\u00e9s"},"content":{"rendered":"<p><img decoding=\"async\" class=\"aligncenter size-medium wp-image-2116\" src=\"http:\/\/blogsaverroes.juntadeandalucia.es\/temapinboardies\/files\/2015\/03\/ingles-300x80.png\" alt=\"ingles\" width=\"300\" height=\"80\" srcset=\"https:\/\/blogsaverroes.juntadeandalucia.es\/iessanjose\/files\/2015\/03\/ingles-300x80.png 300w, https:\/\/blogsaverroes.juntadeandalucia.es\/iessanjose\/files\/2015\/03\/ingles.png 640w\" sizes=\"(max-width: 300px) 100vw, 300px\" \/><\/p>\n<p><strong><span style=\"font-family: sans-serif\"><span style=\"font-size: medium\">Primera Lengua Extranjera: Ingl\u00e9s<\/span><\/span><\/strong><\/p>\n<p><span style=\"font-weight: 400\">En las actuales sociedades, culturalmente diversas, los procesos democr\u00e1ticos requieren del di\u00e1logo intercultural. Por lo tanto, la comunicaci\u00f3n en distintas lenguas resulta clave en el desarrollo de esa cultura democr\u00e1tica. Adem\u00e1s, la materia de ingl\u00e9s permite al alumnado desenvolverse mejor en los entornos digitales y acceder a las culturas <\/span><span style=\"font-weight: 400\">vehiculadas a trav\u00e9s de la lengua extranjera, tanto como motor de formaci\u00f3n y <\/span><span style=\"font-weight: 400\">aprendizaje, como fuente de informaci\u00f3n y disfrute, as\u00ed como para el desarrollo <\/span><span style=\"font-weight: 400\">de competencias profesionales y t\u00e9cnicas que ayuden al acceso al trabajo y al <\/span><span style=\"font-weight: 400\">emprendimiento social y empresarial.<\/span><\/p>\n<p><br style=\"font-weight: 400\"><br \/>\n&nbsp;<\/p>\n","protected":false},"excerpt":{"rendered":"<p>Primera Lengua Extranjera: Ingl\u00e9s En las actuales sociedades, culturalmente diversas, los procesos democr\u00e1ticos requieren del di\u00e1logo intercultural. Por lo tanto, la comunicaci\u00f3n en distintas lenguas resulta clave en el desarrollo de esa cultura democr\u00e1tica. Adem\u00e1s, la materia de ingl\u00e9s permite al alumnado desenvolverse mejor en los entornos digitales y acceder a las culturas vehiculadas a [&hellip;]<\/p>\n","protected":false},"author":1,"featured_media":0,"parent":0,"menu_order":0,"comment_status":"closed","ping_status":"open","template":"","meta":{"ngg_post_thumbnail":0,"footnotes":"","_mc_calendar":[]},"aioseo_notices":[],"_links":{"self":[{"href":"https:\/\/blogsaverroes.juntadeandalucia.es\/iessanjose\/wp-json\/wp\/v2\/pages\/164"}],"collection":[{"href":"https:\/\/blogsaverroes.juntadeandalucia.es\/iessanjose\/wp-json\/wp\/v2\/pages"}],"about":[{"href":"https:\/\/blogsaverroes.juntadeandalucia.es\/iessanjose\/wp-json\/wp\/v2\/types\/page"}],"author":[{"embeddable":true,"href":"https:\/\/blogsaverroes.juntadeandalucia.es\/iessanjose\/wp-json\/wp\/v2\/users\/1"}],"replies":[{"embeddable":true,"href":"https:\/\/blogsaverroes.juntadeandalucia.es\/iessanjose\/wp-json\/wp\/v2\/comments?post=164"}],"version-history":[{"count":5,"href":"https:\/\/blogsaverroes.juntadeandalucia.es\/iessanjose\/wp-json\/wp\/v2\/pages\/164\/revisions"}],"predecessor-version":[{"id":2902,"href":"https:\/\/blogsaverroes.juntadeandalucia.es\/iessanjose\/wp-json\/wp\/v2\/pages\/164\/revisions\/2902"}],"wp:attachment":[{"href":"https:\/\/blogsaverroes.juntadeandalucia.es\/iessanjose\/wp-json\/wp\/v2\/media?parent=164"}],"curies":[{"name":"wp","href":"https:\/\/api.w.org\/{rel}","templated":true}]}}