{"id":168,"date":"2015-03-17T07:54:01","date_gmt":"2015-03-17T07:54:01","guid":{"rendered":"http:\/\/blogsaverroes.juntadeandalucia.es\/pre\/ceip\/?page_id=168"},"modified":"2024-06-28T12:50:38","modified_gmt":"2024-06-28T12:50:38","slug":"filosofia-2","status":"publish","type":"page","link":"https:\/\/blogsaverroes.juntadeandalucia.es\/iessanjose\/filosofia-2\/","title":{"rendered":"Filosof\u00eda"},"content":{"rendered":"<p><img fetchpriority=\"high\" decoding=\"async\" class=\"aligncenter size-medium wp-image-2068\" src=\"http:\/\/blogsaverroes.juntadeandalucia.es\/temapinboardies\/files\/2015\/03\/filosofia-199x300.jpg\" alt=\"filosofia\" width=\"199\" height=\"300\" srcset=\"https:\/\/blogsaverroes.juntadeandalucia.es\/iessanjose\/files\/2015\/03\/filosofia-199x300.jpg 199w, https:\/\/blogsaverroes.juntadeandalucia.es\/iessanjose\/files\/2015\/03\/filosofia-680x1024.jpg 680w, https:\/\/blogsaverroes.juntadeandalucia.es\/iessanjose\/files\/2015\/03\/filosofia.jpg 1063w\" sizes=\"(max-width: 199px) 100vw, 199px\" \/><\/p>\n<p><strong><span style=\"font-family: sans-serif\"><span style=\"font-size: medium\">Filosof\u00eda <\/span><\/span><\/strong><\/p>\n<p><span style=\"font-weight: 400\">La materia de Filosof\u00eda y Argumentaci\u00f3n pretende conjugar la interpretaci\u00f3n de la teor\u00eda de la realidad y de la relaci\u00f3n del ser humano con lo real para formar al alumnado de forma razonada y aut\u00f3noma y as\u00ed lograr un cambio radical a nivel personal, colectivo y cultural. Esta asignatura pretende ser un veh\u00edculo entre los saberes racionales del pasado y del presente. De igual forma aspira a hacer un recorrido por la evoluci\u00f3n te\u00f3rica y pr\u00e1ctica de la Filosof\u00eda a lo largo de la Historia. Pretende de igual forma proporcionar una breve introducci\u00f3n a la naturaleza de las cosas, la identidad personal, el conocimiento del ser humano, la verdad, la justicia, la belleza y la expresi\u00f3n cultural de los pueblos.<\/span><\/p>\n<p><br style=\"font-weight: 400\"><\/p>\n","protected":false},"excerpt":{"rendered":"<p>Filosof\u00eda La materia de Filosof\u00eda y Argumentaci\u00f3n pretende conjugar la interpretaci\u00f3n de la teor\u00eda de la realidad y de la relaci\u00f3n del ser humano con lo real para formar al alumnado de forma razonada y aut\u00f3noma y as\u00ed lograr un cambio radical a nivel personal, colectivo y cultural. Esta asignatura pretende ser un veh\u00edculo entre [&hellip;]<\/p>\n","protected":false},"author":1,"featured_media":0,"parent":0,"menu_order":0,"comment_status":"closed","ping_status":"open","template":"","meta":{"ngg_post_thumbnail":0,"footnotes":"","_mc_calendar":[]},"aioseo_notices":[],"_links":{"self":[{"href":"https:\/\/blogsaverroes.juntadeandalucia.es\/iessanjose\/wp-json\/wp\/v2\/pages\/168"}],"collection":[{"href":"https:\/\/blogsaverroes.juntadeandalucia.es\/iessanjose\/wp-json\/wp\/v2\/pages"}],"about":[{"href":"https:\/\/blogsaverroes.juntadeandalucia.es\/iessanjose\/wp-json\/wp\/v2\/types\/page"}],"author":[{"embeddable":true,"href":"https:\/\/blogsaverroes.juntadeandalucia.es\/iessanjose\/wp-json\/wp\/v2\/users\/1"}],"replies":[{"embeddable":true,"href":"https:\/\/blogsaverroes.juntadeandalucia.es\/iessanjose\/wp-json\/wp\/v2\/comments?post=168"}],"version-history":[{"count":4,"href":"https:\/\/blogsaverroes.juntadeandalucia.es\/iessanjose\/wp-json\/wp\/v2\/pages\/168\/revisions"}],"predecessor-version":[{"id":2912,"href":"https:\/\/blogsaverroes.juntadeandalucia.es\/iessanjose\/wp-json\/wp\/v2\/pages\/168\/revisions\/2912"}],"wp:attachment":[{"href":"https:\/\/blogsaverroes.juntadeandalucia.es\/iessanjose\/wp-json\/wp\/v2\/media?parent=168"}],"curies":[{"name":"wp","href":"https:\/\/api.w.org\/{rel}","templated":true}]}}