{"id":178,"date":"2015-03-17T07:56:43","date_gmt":"2015-03-17T07:56:43","guid":{"rendered":"http:\/\/blogsaverroes.juntadeandalucia.es\/pre\/ceip\/?page_id=178"},"modified":"2024-06-28T10:24:49","modified_gmt":"2024-06-28T10:24:49","slug":"musica","status":"publish","type":"page","link":"https:\/\/blogsaverroes.juntadeandalucia.es\/iessanjose\/musica\/","title":{"rendered":"M\u00fasica"},"content":{"rendered":"<p><a href=\"http:\/\/blogsaverroes.juntadeandalucia.es\/temapinboardies\/files\/2015\/03\/musica.jpg\"><img fetchpriority=\"high\" decoding=\"async\" class=\"aligncenter size-medium wp-image-2143\" src=\"http:\/\/blogsaverroes.juntadeandalucia.es\/temapinboardies\/files\/2015\/03\/musica-300x300.jpg\" alt=\"musica\" width=\"300\" height=\"300\" srcset=\"https:\/\/blogsaverroes.juntadeandalucia.es\/iessanjose\/files\/2015\/03\/musica-300x300.jpg 300w, https:\/\/blogsaverroes.juntadeandalucia.es\/iessanjose\/files\/2015\/03\/musica-150x150.jpg 150w, https:\/\/blogsaverroes.juntadeandalucia.es\/iessanjose\/files\/2015\/03\/musica-160x160.jpg 160w, https:\/\/blogsaverroes.juntadeandalucia.es\/iessanjose\/files\/2015\/03\/musica.jpg 640w\" sizes=\"(max-width: 300px) 100vw, 300px\" \/><\/a><\/p>\n<p><strong><span style=\"font-family: sans-serif\"><span style=\"font-size: medium\">M\u00fasica <\/span><\/span><\/strong><\/p>\n<p><span style=\"font-weight: 400\">A trav\u00e9s de la materia de M\u00fasica el alumnado aprende a entender y valorar las funciones de la m\u00fasica, as\u00ed como a comprender y a expresarse a trav\u00e9s de ella como arte independiente y en su interacci\u00f3n con la danza y las artes esc\u00e9nicas.&nbsp;<\/span><\/p>\n<p><span style=\"font-weight: 400\">La cultura y las expresiones art\u00edsticas se entienden y sirven como reflejo de las sociedades pasadas y presentes. La m\u00fasica, como g\u00e9nero art\u00edstico, no solo constituye una forma de expresi\u00f3n personal fruto de percepciones individuales y colectivas, sino tambi\u00e9n un lenguaje a trav\u00e9s del que reproducir las realidades culturales. Por ello, resulta fundamental comprender y valorar el papel que juega la m\u00fasica como una de las artes que conforman el patrimonio cultural, as\u00ed como entender y apreciar su vinculaci\u00f3n con las distintas ideas y tradiciones. Andaluc\u00eda, por su particular situaci\u00f3n geogr\u00e1fica y su devenir hist\u00f3rico, cuenta con un rico patrimonio musical, destacando el Flamenco, considerado Patrimonio Cultural Inmaterial de la Humanidad por la UNESCO. <\/span><\/p>\n<p><br style=\"font-weight: 400\">&nbsp;<\/p>\n","protected":false},"excerpt":{"rendered":"<p>M\u00fasica A trav\u00e9s de la materia de M\u00fasica el alumnado aprende a entender y valorar las funciones de la m\u00fasica, as\u00ed como a comprender y a expresarse a trav\u00e9s de ella como arte independiente y en su interacci\u00f3n con la danza y las artes esc\u00e9nicas.&nbsp; La cultura y las expresiones art\u00edsticas se entienden y sirven [&hellip;]<\/p>\n","protected":false},"author":1,"featured_media":0,"parent":0,"menu_order":0,"comment_status":"closed","ping_status":"open","template":"","meta":{"ngg_post_thumbnail":0,"footnotes":"","_mc_calendar":[]},"aioseo_notices":[],"_links":{"self":[{"href":"https:\/\/blogsaverroes.juntadeandalucia.es\/iessanjose\/wp-json\/wp\/v2\/pages\/178"}],"collection":[{"href":"https:\/\/blogsaverroes.juntadeandalucia.es\/iessanjose\/wp-json\/wp\/v2\/pages"}],"about":[{"href":"https:\/\/blogsaverroes.juntadeandalucia.es\/iessanjose\/wp-json\/wp\/v2\/types\/page"}],"author":[{"embeddable":true,"href":"https:\/\/blogsaverroes.juntadeandalucia.es\/iessanjose\/wp-json\/wp\/v2\/users\/1"}],"replies":[{"embeddable":true,"href":"https:\/\/blogsaverroes.juntadeandalucia.es\/iessanjose\/wp-json\/wp\/v2\/comments?post=178"}],"version-history":[{"count":5,"href":"https:\/\/blogsaverroes.juntadeandalucia.es\/iessanjose\/wp-json\/wp\/v2\/pages\/178\/revisions"}],"predecessor-version":[{"id":2900,"href":"https:\/\/blogsaverroes.juntadeandalucia.es\/iessanjose\/wp-json\/wp\/v2\/pages\/178\/revisions\/2900"}],"wp:attachment":[{"href":"https:\/\/blogsaverroes.juntadeandalucia.es\/iessanjose\/wp-json\/wp\/v2\/media?parent=178"}],"curies":[{"name":"wp","href":"https:\/\/api.w.org\/{rel}","templated":true}]}}