{"id":49,"date":"2020-11-16T08:47:05","date_gmt":"2020-11-16T08:47:05","guid":{"rendered":"http:\/\/blogsaverroes.juntadeandalucia.es\/pre\/ceip\/?page_id=49"},"modified":"2022-05-05T16:35:13","modified_gmt":"2022-05-05T16:35:13","slug":"proyecto-educativo","status":"publish","type":"page","link":"https:\/\/blogsaverroes.juntadeandalucia.es\/iessanjose\/proyecto-educativo\/","title":{"rendered":"Proyecto Educativo"},"content":{"rendered":"<p>&nbsp;<\/p>\n<p>Un centro se define en gran medida por su <strong>Proyecto Educativo<\/strong>. En \u00e9l se plasma el modelo educativo y la concreci\u00f3n de la normativa que un centro realiza respecto a las ense\u00f1anzas que imparte. Aspectos tales como las finales educativas, objetivos, atenci\u00f3n a la diversidad, etc.<\/p>\n<p>En cumplimiento del Decreto 327\/2010, de 13 de julio, por el que se aprueba &nbsp;el &nbsp;Reglamento Org\u00e1nico &nbsp;de &nbsp;los &nbsp;Institutos &nbsp;de Educaci\u00f3n Secundaria, publicamos en esta secci\u00f3n el Plan de Centro del IES San Jos\u00e9. Las principales novedades de este curso son:<\/p>\n<ul>\n<li>Apartado 1, correspondiente a las caracter\u00edsticas del centro. Se han actualizado los datos de matriculaci\u00f3n del alumnado, as\u00ed como los planes y los proyectos desarrollados en el centro (durante este curso contaremos con tres m\u00e1s: Red Andaluza Escuela: \u00abEspacio de Paz\u00bb, Programa para la Innovaci\u00f3n Educativa: ComunicA y Proyecto STEAM: Investigaci\u00f3n Aeroespacial aplicada al aula).<\/li>\n<li>Apartado 6.2., concerniente a las asignaturas optativas y de libre configuraci\u00f3n auton\u00f3mica. Se ha actualizado la oferta educativa del centro, ya que ha habido variaciones con respecto al curso anterior.<\/li>\n<li>Anexos. Se ha adaptado el protocolo de actuaci\u00f3n COVID para adaptarlo a la normativa y vigente y se ha revisado el plan de atenci\u00f3n a los grupos semipresenciales<\/li>\n<\/ul>\n<p><a href=\"https:\/\/blogsaverroes.juntadeandalucia.es\/iessanjose\/files\/2022\/05\/0.-\u00cdNDICE-DEL-PLAN-DE-CENTRO.pdf\">PLAN DE CENTRO 21-22<\/a><\/p>\n","protected":false},"excerpt":{"rendered":"<p>&nbsp; Un centro se define en gran medida por su Proyecto Educativo. En \u00e9l se plasma el modelo educativo y la concreci\u00f3n de la normativa que un centro realiza respecto a las ense\u00f1anzas que imparte. Aspectos tales como las finales educativas, objetivos, atenci\u00f3n a la diversidad, etc. En cumplimiento del Decreto 327\/2010, de 13 de [&hellip;]<\/p>\n","protected":false},"author":1,"featured_media":0,"parent":0,"menu_order":0,"comment_status":"closed","ping_status":"open","template":"template-full-width.php","meta":{"ngg_post_thumbnail":0,"footnotes":"","_mc_calendar":[]},"aioseo_notices":[],"_links":{"self":[{"href":"https:\/\/blogsaverroes.juntadeandalucia.es\/iessanjose\/wp-json\/wp\/v2\/pages\/49"}],"collection":[{"href":"https:\/\/blogsaverroes.juntadeandalucia.es\/iessanjose\/wp-json\/wp\/v2\/pages"}],"about":[{"href":"https:\/\/blogsaverroes.juntadeandalucia.es\/iessanjose\/wp-json\/wp\/v2\/types\/page"}],"author":[{"embeddable":true,"href":"https:\/\/blogsaverroes.juntadeandalucia.es\/iessanjose\/wp-json\/wp\/v2\/users\/1"}],"replies":[{"embeddable":true,"href":"https:\/\/blogsaverroes.juntadeandalucia.es\/iessanjose\/wp-json\/wp\/v2\/comments?post=49"}],"version-history":[{"count":15,"href":"https:\/\/blogsaverroes.juntadeandalucia.es\/iessanjose\/wp-json\/wp\/v2\/pages\/49\/revisions"}],"predecessor-version":[{"id":2843,"href":"https:\/\/blogsaverroes.juntadeandalucia.es\/iessanjose\/wp-json\/wp\/v2\/pages\/49\/revisions\/2843"}],"wp:attachment":[{"href":"https:\/\/blogsaverroes.juntadeandalucia.es\/iessanjose\/wp-json\/wp\/v2\/media?parent=49"}],"curies":[{"name":"wp","href":"https:\/\/api.w.org\/{rel}","templated":true}]}}