{"id":82,"date":"2015-03-16T06:59:55","date_gmt":"2015-03-16T06:59:55","guid":{"rendered":"http:\/\/blogsaverroes.juntadeandalucia.es\/pre\/ceip\/?page_id=82"},"modified":"2020-01-29T11:47:38","modified_gmt":"2020-01-29T11:47:38","slug":"horarios","status":"publish","type":"page","link":"https:\/\/blogsaverroes.juntadeandalucia.es\/iessanjose\/horarios\/","title":{"rendered":"Horarios"},"content":{"rendered":"<p><img fetchpriority=\"high\" decoding=\"async\" class=\"alignnone size-medium wp-image-1675\" src=\"http:\/\/blogsaverroes.juntadeandalucia.es\/temapinboardies\/files\/2015\/03\/horario2-300x211.jpg\" alt=\"horario2\" width=\"300\" height=\"211\" srcset=\"https:\/\/blogsaverroes.juntadeandalucia.es\/iessanjose\/files\/2015\/03\/horario2-300x211.jpg 300w, https:\/\/blogsaverroes.juntadeandalucia.es\/iessanjose\/files\/2015\/03\/horario2.jpg 640w\" sizes=\"(max-width: 300px) 100vw, 300px\" \/><\/p>\n<p>El centro imparte sus clases en horario ininterrumpido de ma\u00f1ana entre las 8:15 y las 14:45 con un Recreo de media hora de 11:15 a 11:45. La atenci\u00f3n tutorial a padres y madres se ha asignado en horario de tarde los martes de 17:00 a 18:00.<br \/>\nLa distribuci\u00f3n de los m\u00f3dulos horarios es la siguiente:<\/p>\n<table border=\"0\" cellpadding=\"0\">\n<tbody>\n<tr class=\"alt\">\n<td align=\"center\">1\u00aa hora:<\/td>\n<td align=\"center\">2\u00aa hora:<\/td>\n<td align=\"center\">3\u00aa hora<\/td>\n<td align=\"center\" bgcolor=\"#D9DA25\">Recreo<\/td>\n<td align=\"center\">4\u00aa hora<\/td>\n<td align=\"center\">5\u00aa hora<\/td>\n<td align=\"center\">6\u00aa hora<\/td>\n<\/tr>\n<tr>\n<td align=\"center\">8\u201915-9\u201915<\/td>\n<td align=\"center\">9\u201915-10\u201915<\/td>\n<td align=\"center\">10\u201915-11\u201915<\/td>\n<td align=\"center\" bgcolor=\"#D9DA25\">11\u201915-11\u201945<\/td>\n<td align=\"center\">11\u201945-12\u201945<\/td>\n<td align=\"center\">12\u201945-13\u201945<\/td>\n<td align=\"center\">13\u201945-14\u201945<\/td>\n<\/tr>\n<\/tbody>\n<\/table>\n<div class=\"sociable\">&nbsp;<\/div>\n","protected":false},"excerpt":{"rendered":"<p>El centro imparte sus clases en horario ininterrumpido de ma\u00f1ana entre las 8:15 y las 14:45 con un Recreo de media hora de 11:15 a 11:45. La atenci\u00f3n tutorial a padres y madres se ha asignado en horario de tarde los martes de 17:00 a 18:00. La distribuci\u00f3n de los m\u00f3dulos horarios es la siguiente: [&hellip;]<\/p>\n","protected":false},"author":1,"featured_media":0,"parent":0,"menu_order":0,"comment_status":"closed","ping_status":"open","template":"template-full-width.php","meta":{"ngg_post_thumbnail":0,"footnotes":"","_mc_calendar":[]},"aioseo_notices":[],"_links":{"self":[{"href":"https:\/\/blogsaverroes.juntadeandalucia.es\/iessanjose\/wp-json\/wp\/v2\/pages\/82"}],"collection":[{"href":"https:\/\/blogsaverroes.juntadeandalucia.es\/iessanjose\/wp-json\/wp\/v2\/pages"}],"about":[{"href":"https:\/\/blogsaverroes.juntadeandalucia.es\/iessanjose\/wp-json\/wp\/v2\/types\/page"}],"author":[{"embeddable":true,"href":"https:\/\/blogsaverroes.juntadeandalucia.es\/iessanjose\/wp-json\/wp\/v2\/users\/1"}],"replies":[{"embeddable":true,"href":"https:\/\/blogsaverroes.juntadeandalucia.es\/iessanjose\/wp-json\/wp\/v2\/comments?post=82"}],"version-history":[{"count":5,"href":"https:\/\/blogsaverroes.juntadeandalucia.es\/iessanjose\/wp-json\/wp\/v2\/pages\/82\/revisions"}],"predecessor-version":[{"id":2494,"href":"https:\/\/blogsaverroes.juntadeandalucia.es\/iessanjose\/wp-json\/wp\/v2\/pages\/82\/revisions\/2494"}],"wp:attachment":[{"href":"https:\/\/blogsaverroes.juntadeandalucia.es\/iessanjose\/wp-json\/wp\/v2\/media?parent=82"}],"curies":[{"name":"wp","href":"https:\/\/api.w.org\/{rel}","templated":true}]}}