{"id":1332,"date":"2021-09-19T22:40:02","date_gmt":"2021-09-19T21:40:02","guid":{"rendered":"https:\/\/blogsaverroes.juntadeandalucia.es\/iessantaisabeldehungria\/?page_id=1332"},"modified":"2022-04-14T10:57:22","modified_gmt":"2022-04-14T09:57:22","slug":"oferta","status":"publish","type":"page","link":"https:\/\/blogsaverroes.juntadeandalucia.es\/iessantaisabeldehungria\/el-centro\/oferta\/","title":{"rendered":"Oferta formativa"},"content":{"rendered":"[et_pb_section fb_built=\u00bb1&#8243; _builder_version=\u00bb4.14.5&#8243; _module_preset=\u00bbdefault\u00bb custom_margin=\u00bb30px||50px||false|false\u00bb custom_padding=\u00bb0px||0px||true|false\u00bb locked=\u00bboff\u00bb global_colors_info=\u00bb{}\u00bb][et_pb_row _builder_version=\u00bb4.14.5&#8243; background_size=\u00bbinitial\u00bb background_position=\u00bbtop_left\u00bb background_repeat=\u00bbrepeat\u00bb custom_margin=\u00bb||30px||false|false\u00bb locked=\u00bboff\u00bb global_colors_info=\u00bb{}\u00bb][et_pb_column type=\u00bb4_4&#8243; _builder_version=\u00bb3.0.47&#8243; custom_padding=\u00bb|||\u00bb global_colors_info=\u00bb{}\u00bb custom_padding__hover=\u00bb|||\u00bb][et_pb_text admin_label=\u00bbTexto\u00bb _builder_version=\u00bb4.14.5&#8243; _module_preset=\u00bbdefault\u00bb locked=\u00bboff\u00bb global_colors_info=\u00bb{}\u00bb]\n<p><span style=\"font-size: 21.33333396911621px\">El Centro<\/span><\/p>\n<p><strong style=\"font-size: 24pt\">Oferta formativa<\/strong><\/p>\n[\/et_pb_text][\/et_pb_column][\/et_pb_row][et_pb_row _builder_version=\u00bb4.5.0&#8243; _module_preset=\u00bbdefault\u00bb locked=\u00bboff\u00bb global_colors_info=\u00bb{}\u00bb][et_pb_column type=\u00bb4_4&#8243; _builder_version=\u00bb4.5.0&#8243; _module_preset=\u00bbdefault\u00bb global_colors_info=\u00bb{}\u00bb][et_pb_toggle title=\u00bbEducaci\u00f3n Secundaria Obligatoria (ESO)\u00bb _builder_version=\u00bb4.14.5&#8243; _module_preset=\u00bbdefault\u00bb custom_margin=\u00bb||15px||false|false\u00bb locked=\u00bboff\u00bb global_colors_info=\u00bb{}\u00bb]&nbsp;<\/p>\n<p style=\"text-align: justify\">Actualmente nuestro centro imparte docencia biling\u00fce y no biling\u00fce en Educaci\u00f3n Secundaria Obligatoria. A continuaci\u00f3n, podr\u00e1 encontrar las rese\u00f1as de optativas para el curso 2021\/2022:<\/p>\n<p style=\"text-align: justify\">\n<p style=\"padding-left: 30px\">&#8211; <a href=\"https:\/\/blogsaverroes.juntadeandalucia.es\/iessantaisabeldehungria\/files\/2021\/09\/Optativas_1_ESO.pdf\"><strong>Optativas 1\u00ba ESO<\/strong><\/a><\/p>\n<p style=\"padding-left: 30px\">&#8211; <a href=\"https:\/\/blogsaverroes.juntadeandalucia.es\/iessantaisabeldehungria\/files\/2021\/09\/Optativas_2_ESO.pdf\"><strong>Optativas 2\u00ba ESO<\/strong><\/a><\/p>\n<p style=\"padding-left: 30px\">&#8211; <a href=\"https:\/\/blogsaverroes.juntadeandalucia.es\/iessantaisabeldehungria\/files\/2021\/09\/Optativas_3_ESO.pdf\"><strong>Optativas 3\u00ba ESO<\/strong><\/a><\/p>\n<p style=\"padding-left: 30px\">&#8211; <a href=\"https:\/\/blogsaverroes.juntadeandalucia.es\/iessantaisabeldehungria\/files\/2021\/09\/Optativas_4_ESO.pdf\"><strong>Optativas 4\u00ba ESO<\/strong><\/a><\/p>\n<p>&nbsp;[\/et_pb_toggle][et_pb_toggle title=\u00bbBachillerato\u00bb _builder_version=\u00bb4.14.5&#8243; _module_preset=\u00bbdefault\u00bb custom_margin=\u00bb||15px||false|false\u00bb locked=\u00bboff\u00bb global_colors_info=\u00bb{}\u00bb]\n<p>&nbsp;<\/p>\n<p style=\"text-align: justify\">Actualmente nuestro centro imparte las siguientes modalidades de Bachillerato:<\/p>\n<p style=\"text-align: justify;padding-left: 30px\"><strong>Humanidades y Ciencias Sociales<\/strong><\/p>\n<p style=\"text-align: justify;padding-left: 30px\"><strong>Ciencias<\/strong><\/p>\n<p style=\"text-align: justify\"><span style=\"font-size: 14px\">A continuaci\u00f3n, podr\u00e1 encontrar las rese\u00f1as de optativas para el curso 2021\/2022:<\/span><\/p>\n<p style=\"text-align: justify;padding-left: 30px\">&#8211; <a href=\"https:\/\/blogsaverroes.juntadeandalucia.es\/iessantaisabeldehungria\/files\/2021\/09\/Optativas_1_BTO.pdf\"><strong>Optativas 1\u00ba Bto<\/strong><\/a><\/p>\n<p style=\"padding-left: 30px\">&#8211; <a href=\"https:\/\/blogsaverroes.juntadeandalucia.es\/iessantaisabeldehungria\/files\/2021\/09\/Optativas_2_BTO.pdf\"><strong>Optativas 2\u00ba Bto<\/strong><\/a><\/p>\n[\/et_pb_toggle][et_pb_toggle title=\u00bbSistemas Microinform\u00e1ticos y Redes (SMR)\u00bb _builder_version=\u00bb4.5.0&#8243; _module_preset=\u00bbdefault\u00bb custom_margin=\u00bb||15px||false|false\u00bb locked=\u00bboff\u00bb global_colors_info=\u00bb{}\u00bb]\n<p>&nbsp;<\/p>\n<p><strong>Titulaci\u00f3n<\/strong><\/p>\n<p style=\"text-align: justify\">Se trata de un Ciclo de Grado Medio con el que se obtiene una titulaci\u00f3n perteneciente a la familia profesional de Inform\u00e1tica y Comunicaciones.<\/p>\n<p>&nbsp;<\/p>\n<p><strong>Duraci\u00f3n<\/strong><\/p>\n<p style=\"text-align: justify\">La duraci\u00f3n de los estudios es de 2000 horas distribuidas en dos cursos. Durante el tercer trimestre del segundo curso se realizar\u00e1 una Formaci\u00f3n en Centro de Trabajo (pr\u00e1cticas en empresas).<\/p>\n<p>&nbsp;<\/p>\n<p><strong>Acceso<\/strong><\/p>\n<p style=\"text-align: justify\">Se puede acceder a estos estudios por dos v\u00edas:<\/p>\n<ul>\n<li style=\"text-align: justify\">Con el T\u00edtulo de Graduado en Educaci\u00f3n Secundaria Obligatoria.<\/li>\n<li style=\"text-align: justify\">Superando la correspondiente prueba de acceso para mayores de 17 a\u00f1os (la cual se realiza en junio previa matr\u00edcula).<\/li>\n<\/ul>\n<p>&nbsp;<\/p>\n<p><strong>Salidas profesionales<\/strong><\/p>\n<p>Con esta titulaci\u00f3n se puede acceder a los siguientes puestos de trabajo:<\/p>\n<ul>\n<li>T\u00e9cnico instalador-reparador de equipos inform\u00e1ticos.<\/li>\n<li>T\u00e9cnico de soporte inform\u00e1tico.<\/li>\n<li>T\u00e9cnico en redes de datos.<\/li>\n<li>Reparador de perif\u00e9ricos de sistemas microinform\u00e1ticos.<\/li>\n<li>Comercial de microinform\u00e1tica.<\/li>\n<li>Operador de tele-asistencia.<\/li>\n<li>Operador de sistemas.<\/li>\n<\/ul>\n<p>&nbsp;<\/p>\n<p><strong>Curr\u00edculo<\/strong><\/p>\n<table>\n<tbody>\n<tr>\n<td><strong>M\u00f3dulos profesionales de 1\u00ba curso<\/strong><\/td>\n<td style=\"text-align: center\"><b>Horas<\/b><\/td>\n<\/tr>\n<tr>\n<td>Montaje y Mantenimiento de Equipo<\/td>\n<td style=\"text-align: center\">224<\/td>\n<\/tr>\n<tr>\n<td>Sistemas Operativos Monopuesto<\/td>\n<td style=\"text-align: center\">160<\/td>\n<\/tr>\n<tr>\n<td>Aplicaciones Ofim\u00e1ticas<\/td>\n<td style=\"text-align: center\">256<\/td>\n<\/tr>\n<tr>\n<td>Redes Locales<\/td>\n<td style=\"text-align: center\">224<\/td>\n<\/tr>\n<tr>\n<td>Formaci\u00f3n y Orientaci\u00f3n Laboral<\/td>\n<td style=\"text-align: center\">96<\/td>\n<\/tr>\n<tr>\n<td>\u00a0<\/td>\n<td style=\"text-align: center\"><\/td>\n<\/tr>\n<tr>\n<td><strong>M\u00f3dulos profesionales de 2\u00ba curso<\/strong><\/td>\n<td style=\"text-align: center\"><strong>Horas<\/strong><\/td>\n<\/tr>\n<tr>\n<td>Sistemas Operativos en Red<\/td>\n<td style=\"text-align: center\">147<\/td>\n<\/tr>\n<tr>\n<td>Seguridad Inform\u00e1tica<\/td>\n<td style=\"text-align: center\">105<\/td>\n<\/tr>\n<tr>\n<td>Servicios en Red<\/td>\n<td style=\"text-align: center\">147<\/td>\n<\/tr>\n<tr>\n<td>Aplicaciones Web<\/td>\n<td style=\"text-align: center\">84<\/td>\n<\/tr>\n<tr>\n<td>Empresa e Iniciativa Empresarial<\/td>\n<td style=\"text-align: center\">84<\/td>\n<\/tr>\n<tr>\n<td>Formaci\u00f3n en Centros de Trabajo<\/td>\n<td style=\"text-align: center\">410<\/td>\n<\/tr>\n<tr>\n<td>Horas de libre configuraci\u00f3n<\/td>\n<td style=\"text-align: center\">63<\/td>\n<\/tr>\n<\/tbody>\n<\/table>\n<p>&nbsp;<\/p>\n[\/et_pb_toggle][et_pb_toggle title=\u00bbT\u00e9cnico Superior en Integraci\u00f3n Social (IS)\u00bb _builder_version=\u00bb4.5.0&#8243; _module_preset=\u00bbdefault\u00bb custom_margin=\u00bb||15px||false|false\u00bb locked=\u00bboff\u00bb global_colors_info=\u00bb{}\u00bb]\n<p>&nbsp;<\/p>\n<p><strong>Titulaci\u00f3n<\/strong><\/p>\n<p style=\"text-align: justify\"><span style=\"font-size: 14px\">Se trata de un Ciclo de Grado Superior con el que se obtiene una titulaci\u00f3n cuyo perfil profesional queda determinado por su competencia general, la cual consiste en programar, organizar, implementar y evaluar las intervenciones de integraci\u00f3n social aplicando estrategias y t\u00e9cnicas espec\u00edficas, promoviendo la igualdad de oportunidades, actuando en todo momento con una actitud de respeto hacia las personas destinatarias y garantizando la creaci\u00f3n de entornos seguros tanto para las personas destinatarias como para el profesional.<\/span><\/p>\n<p>&nbsp;<\/p>\n<p style=\"text-align: justify\"><span style=\"font-size: 14px\"><\/span><\/p>\n<p style=\"text-align: justify\"><strong style=\"font-size: 14px\">Duraci\u00f3n<\/strong><\/p>\n<p style=\"text-align: justify\"><span style=\"font-size: 14px;text-align: justify\">La duraci\u00f3n de los estudios es de 2000 horas distribuidas en dos cursos. Durante el tercer trimestre del segundo curso se realizar\u00e1 una Formaci\u00f3n en Centro de Trabajo (pr\u00e1cticas en empresas).<\/span><strong><\/strong><\/p>\n<p>&nbsp;<\/p>\n<p><strong>Acceso<\/strong><\/p>\n<p style=\"text-align: justify\">Se puede acceder a estos estudios por dos v\u00edas con el t\u00edtulo de Bachillerato, teniendo preferencia quienes hayan cursado la modalidad de Humanidades y Ciencias Sociales.<\/p>\n<p>&nbsp;<\/p>\n<p style=\"text-align: justify\"><strong>Vinculaci\u00f3n a otros estudios<\/strong><\/p>\n<p style=\"text-align: justify\">El t\u00edtulo de T\u00e9cnico Superior en Integraci\u00f3n Social permite el acceso directo, en las condiciones de admisi\u00f3n que se establezcan, para:<\/p>\n<ul>\n<li style=\"text-align: justify\">Cursar cualquier otro Ciclo Formativo de Grado Superior.<\/li>\n<li style=\"text-align: justify\">Las ense\u00f1anzas conducentes a los t\u00edtulos universitarios de Grado.<\/li>\n<\/ul>\n<p>&nbsp;<\/p>\n<p><strong>Salidas profesionales<\/strong><\/p>\n<p>Con esta titulaci\u00f3n se puede acceder, entre otros, a los siguientes puestos de trabajo:<\/p>\n<ul>\n<li>T\u00e9cnico de programas de prevenci\u00f3n e inserci\u00f3n social.<\/li>\n<li>Educador\/a de de equipamientos residenciales.<\/li>\n<li>Educador\/a de personas con discapacidad.<\/li>\n<li>Trabajador\/a familiar.<\/li>\n<li>Educador\/a de educaci\u00f3n familiar.<\/li>\n<li>Auxiliar de tutela.<\/li>\n<li>Monitor\/a de centros abiertos.<\/li>\n<li>T\u00e9cnico de integraci\u00f3n social.<\/li>\n<li>Especialista de apoyo educativo.<\/li>\n<li>Educador\/a de educaci\u00f3n especial.<\/li>\n<li>T\u00e9cnico Especialista I (Integrador social).<\/li>\n<li>T\u00e9cnico Especialista II (Educativo).<\/li>\n<li>Monitor\/a de personas con discapacidad.<\/li>\n<li>T\u00e9cnico de movilidad b\u00e1sica.<\/li>\n<li>T\u00e9cnico de inserci\u00f3n ocupacional.<\/li>\n<li>Mediador\/a ocupacional y\/o laboral.<\/li>\n<li>Dinamizador ocupacional y\/o laboral.<\/li>\n<li>Educador\/a de base.<\/li>\n<li>Mediador\/a comunitaria.<\/li>\n<li>Mediador\/a intercultural.<\/li>\n<li>Mediador\/a vecinal y comunitario.<\/li>\n<li>Preparador\/a laboral.<\/li>\n<li>T\u00e9cnico en empleo con apoyo.<\/li>\n<li>T\u00e9cnico de acompa\u00f1amiento laboral.<\/li>\n<li>Monitor\/a de rehabilitaci\u00f3n psicosocial.<\/li>\n<\/ul>\n<p>&nbsp;<\/p>\n<p><strong>Curr\u00edculo<\/strong><\/p>\n<table>\n<tbody>\n<tr>\n<td><strong>M\u00f3dulos profesionales 1\u00ba curso<\/strong><\/td>\n<td style=\"text-align: center\"><b>Horas<\/b><\/td>\n<\/tr>\n<tr>\n<td>Contexto de la intervenci\u00f3n social<\/td>\n<td style=\"text-align: center\">128<\/td>\n<\/tr>\n<tr>\n<td>Inserci\u00f3n sociolaboral<\/td>\n<td style=\"text-align: center\">192<\/td>\n<\/tr>\n<tr>\n<td>Promoci\u00f3n de la autonom\u00eda personal<\/td>\n<td style=\"text-align: center\">192<\/td>\n<\/tr>\n<tr>\n<td>Sistemas aumentativos y alternativos de comunicaci\u00f3n<\/td>\n<td style=\"text-align: center\">160<\/td>\n<\/tr>\n<tr>\n<td>Formaci\u00f3n y Orientaci\u00f3n Laboral<\/td>\n<td style=\"text-align: center\">96<\/td>\n<\/tr>\n<tr>\n<td>Metodolog\u00eda de la intervenci\u00f3n social<\/td>\n<td style=\"text-align: center\">128<\/td>\n<\/tr>\n<tr>\n<td>Primeros auxilios<\/td>\n<td style=\"text-align: center\">64<\/td>\n<\/tr>\n<tr>\n<td>\u00a0<\/td>\n<td style=\"text-align: center\"><\/td>\n<\/tr>\n<tr>\n<td><strong>M\u00f3dulos profesionales de 2\u00ba curso<\/strong><\/td>\n<td style=\"text-align: center\"><strong>Horas<\/strong><\/td>\n<\/tr>\n<tr>\n<td>Atenci\u00f3n a las unidades de convivencia<\/td>\n<td style=\"text-align: center\">147<\/td>\n<\/tr>\n<tr>\n<td>Apoyo a la intervenci\u00f3n educativa<\/td>\n<td style=\"text-align: center\">105<\/td>\n<\/tr>\n<tr>\n<td>Habilidades sociales<\/td>\n<td style=\"text-align: center\">105<\/td>\n<\/tr>\n<tr>\n<td>Mediaci\u00f3n comunitaria<\/td>\n<td style=\"text-align: center\">126<\/td>\n<\/tr>\n<tr>\n<td>Proyecto de integraci\u00f3n social<\/td>\n<td style=\"text-align: center\">40<\/td>\n<\/tr>\n<tr>\n<td>Empresa e iniciativa emprendedora<\/td>\n<td style=\"text-align: center\">84<\/td>\n<\/tr>\n<tr>\n<td>Formaci\u00f3n en Centros de Trabajo<\/td>\n<td style=\"text-align: center\">370<\/td>\n<\/tr>\n<tr>\n<td>Horas de libre configuraci\u00f3n<\/td>\n<td style=\"text-align: center\">63<\/td>\n<\/tr>\n<\/tbody>\n<\/table>\n<p>&nbsp;<\/p>\n[\/et_pb_toggle][\/et_pb_column][\/et_pb_row][\/et_pb_section]\n","protected":false},"excerpt":{"rendered":"<p>El Centro Oferta formativa&nbsp; Actualmente nuestro centro imparte docencia biling\u00fce y no biling\u00fce en Educaci\u00f3n Secundaria Obligatoria. A continuaci\u00f3n, podr\u00e1 encontrar las rese\u00f1as de optativas para el curso 2021\/2022: &#8211; Optativas 1\u00ba ESO &#8211; Optativas 2\u00ba ESO &#8211; Optativas 3\u00ba ESO &#8211; Optativas 4\u00ba ESO &nbsp;&nbsp; Actualmente nuestro centro imparte las siguientes modalidades de Bachillerato: [&hellip;]<\/p>\n","protected":false},"author":3248,"featured_media":0,"parent":2903,"menu_order":3,"comment_status":"closed","ping_status":"closed","template":"","meta":{"_et_pb_use_builder":"on","_et_pb_old_content":"","_et_gb_content_width":"","ngg_post_thumbnail":0,"footnotes":""},"aioseo_notices":[],"_links":{"self":[{"href":"https:\/\/blogsaverroes.juntadeandalucia.es\/iessantaisabeldehungria\/wp-json\/wp\/v2\/pages\/1332"}],"collection":[{"href":"https:\/\/blogsaverroes.juntadeandalucia.es\/iessantaisabeldehungria\/wp-json\/wp\/v2\/pages"}],"about":[{"href":"https:\/\/blogsaverroes.juntadeandalucia.es\/iessantaisabeldehungria\/wp-json\/wp\/v2\/types\/page"}],"author":[{"embeddable":true,"href":"https:\/\/blogsaverroes.juntadeandalucia.es\/iessantaisabeldehungria\/wp-json\/wp\/v2\/users\/3248"}],"replies":[{"embeddable":true,"href":"https:\/\/blogsaverroes.juntadeandalucia.es\/iessantaisabeldehungria\/wp-json\/wp\/v2\/comments?post=1332"}],"version-history":[{"count":11,"href":"https:\/\/blogsaverroes.juntadeandalucia.es\/iessantaisabeldehungria\/wp-json\/wp\/v2\/pages\/1332\/revisions"}],"predecessor-version":[{"id":3407,"href":"https:\/\/blogsaverroes.juntadeandalucia.es\/iessantaisabeldehungria\/wp-json\/wp\/v2\/pages\/1332\/revisions\/3407"}],"up":[{"embeddable":true,"href":"https:\/\/blogsaverroes.juntadeandalucia.es\/iessantaisabeldehungria\/wp-json\/wp\/v2\/pages\/2903"}],"wp:attachment":[{"href":"https:\/\/blogsaverroes.juntadeandalucia.es\/iessantaisabeldehungria\/wp-json\/wp\/v2\/media?parent=1332"}],"curies":[{"name":"wp","href":"https:\/\/api.w.org\/{rel}","templated":true}]}}