{"id":1634,"date":"2021-09-27T09:41:27","date_gmt":"2021-09-27T08:41:27","guid":{"rendered":"https:\/\/blogsaverroes.juntadeandalucia.es\/iessantaisabeldehungria\/?page_id=1634"},"modified":"2024-09-30T08:34:12","modified_gmt":"2024-09-30T07:34:12","slug":"tde","status":"publish","type":"page","link":"https:\/\/blogsaverroes.juntadeandalucia.es\/iessantaisabeldehungria\/planes-y-proyectos\/tde\/","title":{"rendered":"TDE"},"content":{"rendered":"[et_pb_section fb_built=\u00bb1&#8243; _builder_version=\u00bb4.16&#8243; _module_preset=\u00bbdefault\u00bb custom_margin=\u00bb30px||50px||false|false\u00bb custom_padding=\u00bb0px||0px||true|false\u00bb locked=\u00bboff\u00bb global_colors_info=\u00bb{}\u00bb][et_pb_row _builder_version=\u00bb4.16&#8243; background_size=\u00bbinitial\u00bb background_position=\u00bbtop_left\u00bb background_repeat=\u00bbrepeat\u00bb custom_margin=\u00bb||30px||false|false\u00bb locked=\u00bboff\u00bb global_colors_info=\u00bb{}\u00bb][et_pb_column type=\u00bb4_4&#8243; _builder_version=\u00bb4.16&#8243; custom_padding=\u00bb|||\u00bb global_colors_info=\u00bb{}\u00bb custom_padding__hover=\u00bb|||\u00bb][et_pb_text admin_label=\u00bbTexto\u00bb _builder_version=\u00bb4.16&#8243; _module_preset=\u00bbdefault\u00bb locked=\u00bboff\u00bb global_colors_info=\u00bb{}\u00bb]\n<p><span style=\"font-size: 16pt\">Planes y Proyectos<\/span><\/p>\n<p style=\"text-align: left\"><span style=\"font-size: 24pt\"><strong>Plan de Transformaci\u00f3n Digital Educativa<\/strong><br \/><\/span><\/p>\n[\/et_pb_text][\/et_pb_column][\/et_pb_row][et_pb_row _builder_version=\u00bb4.16&#8243; _module_preset=\u00bbdefault\u00bb global_colors_info=\u00bb{}\u00bb][et_pb_column type=\u00bb4_4&#8243; _builder_version=\u00bb4.16&#8243; _module_preset=\u00bbdefault\u00bb global_colors_info=\u00bb{}\u00bb][et_pb_text _builder_version=\u00bb4.16&#8243; _module_preset=\u00bbdefault\u00bb locked=\u00bboff\u00bb global_colors_info=\u00bb{}\u00bb]\n<p style=\"text-align: justify\"><strong style=\"font-size: 14px\">Coordinaci\u00f3n:<\/strong><span style=\"font-size: 14px\"> Francisco Javier Navarro Izquierdo<\/span><\/p>\n[\/et_pb_text][\/et_pb_column][\/et_pb_row][et_pb_row _builder_version=\u00bb4.16&#8243; _module_preset=\u00bbdefault\u00bb custom_padding=\u00bb0px||0px||false|false\u00bb global_colors_info=\u00bb{}\u00bb][et_pb_column type=\u00bb4_4&#8243; _builder_version=\u00bb4.16&#8243; _module_preset=\u00bbdefault\u00bb global_colors_info=\u00bb{}\u00bb][et_pb_text _builder_version=\u00bb4.24.2&#8243; _module_preset=\u00bbdefault\u00bb hover_enabled=\u00bb0&#8243; locked=\u00bboff\u00bb global_colors_info=\u00bb{}\u00bb sticky_enabled=\u00bb0&#8243;]\n<p style=\"text-align: justify\"><span> Proyecto para la incorporaci\u00f3n de las tecnolog\u00edas de la informaci\u00f3n y la comunicaci\u00f3n al \u00e1mbito educativo. Nos planteamos como objetivos principales:<\/span><\/p>\n<p style=\"text-align: justify\"><span><\/span><\/p>\n<ul style=\"text-align: justify\">\n<li>\u00a0 \u00a0 Consolidar\u00a0<em>Moodle Centros como plataforma virtual de aprendizaje.<\/em><\/li>\n<li>\u00a0\u00a0\u00a0 <em>Utilizar los servicios de correo y almacenamiento de Google Workspace.<\/em><\/li>\n<li>\u00a0\u00a0\u00a0 <em>Mejorar la presencia en las redes centralizando nuestro contenido web en BlogsAverroes.<\/em><\/li>\n<li>\u00a0\u00a0\u00a0 <em>Fomentar el uso de S\u00e9neca\/Pasen para el registro de datos y comunicaci\u00f3n con las familias.<\/em><\/li>\n<li>\u00a0\u00a0\u00a0 <em>Impulsar la creaci\u00f3n de recursos digitales.<\/em><\/li>\n<\/ul>\n[\/et_pb_text][\/et_pb_column][\/et_pb_row][\/et_pb_section]\n","protected":false},"excerpt":{"rendered":"<p>Planes y Proyectos Plan de Transformaci\u00f3n Digital EducativaCoordinaci\u00f3n: Francisco Javier Navarro Izquierdo Proyecto para la incorporaci\u00f3n de las tecnolog\u00edas de la informaci\u00f3n y la comunicaci\u00f3n al \u00e1mbito educativo. Nos planteamos como objetivos principales: \u00a0 \u00a0 Consolidar\u00a0Moodle Centros como plataforma virtual de aprendizaje. \u00a0\u00a0\u00a0 Utilizar los servicios de correo y almacenamiento de Google Workspace. \u00a0\u00a0\u00a0 Mejorar [&hellip;]<\/p>\n","protected":false},"author":3248,"featured_media":0,"parent":2914,"menu_order":0,"comment_status":"closed","ping_status":"closed","template":"","meta":{"_et_pb_use_builder":"on","_et_pb_old_content":"","_et_gb_content_width":"","ngg_post_thumbnail":0,"footnotes":""},"aioseo_notices":[],"_links":{"self":[{"href":"https:\/\/blogsaverroes.juntadeandalucia.es\/iessantaisabeldehungria\/wp-json\/wp\/v2\/pages\/1634"}],"collection":[{"href":"https:\/\/blogsaverroes.juntadeandalucia.es\/iessantaisabeldehungria\/wp-json\/wp\/v2\/pages"}],"about":[{"href":"https:\/\/blogsaverroes.juntadeandalucia.es\/iessantaisabeldehungria\/wp-json\/wp\/v2\/types\/page"}],"author":[{"embeddable":true,"href":"https:\/\/blogsaverroes.juntadeandalucia.es\/iessantaisabeldehungria\/wp-json\/wp\/v2\/users\/3248"}],"replies":[{"embeddable":true,"href":"https:\/\/blogsaverroes.juntadeandalucia.es\/iessantaisabeldehungria\/wp-json\/wp\/v2\/comments?post=1634"}],"version-history":[{"count":13,"href":"https:\/\/blogsaverroes.juntadeandalucia.es\/iessantaisabeldehungria\/wp-json\/wp\/v2\/pages\/1634\/revisions"}],"predecessor-version":[{"id":5850,"href":"https:\/\/blogsaverroes.juntadeandalucia.es\/iessantaisabeldehungria\/wp-json\/wp\/v2\/pages\/1634\/revisions\/5850"}],"up":[{"embeddable":true,"href":"https:\/\/blogsaverroes.juntadeandalucia.es\/iessantaisabeldehungria\/wp-json\/wp\/v2\/pages\/2914"}],"wp:attachment":[{"href":"https:\/\/blogsaverroes.juntadeandalucia.es\/iessantaisabeldehungria\/wp-json\/wp\/v2\/media?parent=1634"}],"curies":[{"name":"wp","href":"https:\/\/api.w.org\/{rel}","templated":true}]}}