{"id":2,"date":"2020-11-06T08:01:56","date_gmt":"2020-11-06T08:01:56","guid":{"rendered":"https:\/\/blogsaverroes.juntadeandalucia.es\/iessantelmo\/?page_id=2"},"modified":"2022-02-03T10:21:34","modified_gmt":"2022-02-03T10:21:34","slug":"pagina-ejemplo","status":"publish","type":"page","link":"https:\/\/blogsaverroes.juntadeandalucia.es\/iessantelmo\/pagina-ejemplo\/","title":{"rendered":"Nuestro Centro"},"content":{"rendered":"\r\n<div id=\"tituloItem\" class=\"blockTituloItem\" style=\"text-align: center\"><em><span style=\"color: #317553;font-size: 24pt\"><strong><span class=\"tituloItem\">El Equipo Directivo<\/span><\/strong><\/span><\/em><\/div>\r\n<div>&nbsp;<\/div>\r\n<div id=\"contenido_sitio\">\r\n<p style=\"text-align: center\"><span style=\"font-size: 10pt\">DIRECTORA:&nbsp; &nbsp; &nbsp; <\/span><\/p>\r\n<p style=\"text-align: center\"><span class=\"Verdana3_bolditalic\" style=\"font-size: 12pt\"><strong><span style=\"color: #008080;font-size: 14pt\">Manuela Mar\u00eda Navarrete <\/span><br><\/strong><\/span><\/p>\r\n<p style=\"text-align: center\"><span style=\"font-size: 10pt\">JEFA DE ESTUDIOS:&nbsp; &nbsp;<\/span><\/p>\r\n<p style=\"text-align: center\"><span style=\"font-size: 14pt\"><strong><span style=\"color: #008080\">Natividad Garc\u00eda Garc\u00eda<\/span><\/strong><\/span><\/p>\r\n<p style=\"text-align: center\"><span style=\"font-size: 10pt\">SECRETARIO:<\/span><\/p>\r\n<p style=\"text-align: center\"><span class=\"Verdana3_bolditalic\" style=\"color: #008080;font-size: 14pt\"><strong>Juan Carlos Vargas Cordero<\/strong><\/span><\/p>\r\n<\/div>\r\n<p>&nbsp;<\/p>\r\n<p>&nbsp;<\/p>\r\n<p style=\"text-align: center\"><em><span style=\"color: #317553;font-size: 24pt\"><strong><span class=\"tituloItem\">El Consejo Escolar<\/span><\/strong><\/span><\/em><\/p>\r\n\r\n\r\n\r\n<p style=\"text-align: center\"><span style=\"font-size: 10pt\">REPRESENTANTES DEL SECTOR DE PROFESORES\/AS<\/span><\/p>\r\n<p style=\"text-align: center\"><span style=\"font-size: 12pt;color: #008080\"><strong>D\u00ba. Juan Carlos Vargas Cordero<\/strong><\/span><\/p>\r\n<p style=\"text-align: center\"><span style=\"font-size: 12pt;color: #008080\"><strong>D\u00aa Carmen Balazote Gilabert<\/strong><\/span><\/p>\r\n<p style=\"text-align: center\"><span style=\"font-size: 12pt;color: #008080\"><strong>D\u00aa Mar\u00eda Natividad Mart\u00ednez Monge<\/strong><\/span><\/p>\r\n<p style=\"text-align: center\"><span style=\"font-size: 10pt\">REPRESENTANTES DEL SECTOR DE MADRES Y PADRES<\/span><\/p>\r\n<p style=\"text-align: center\"><span style=\"font-size: 12pt;color: #008080\"><strong>D\u00ba.Francisco San Honorio Nu\u00f1ez<\/strong><\/span><\/p>\r\n<p style=\"text-align: center\"><span style=\"font-size: 12pt;color: #008080\"><strong>D\u00aa. M\u00f3nica Valle Del R\u00edo<\/strong><\/span><\/p>\r\n<p style=\"text-align: center\"><span style=\"font-size: 10pt\">REPRESENTANTES DEL SECTOR DE ALUMNOS\/AS<\/span><\/p>\r\n<p style=\"text-align: center\"><span style=\"color: #008080\"><b>Alumno 1<\/b><\/span><\/p>\r\n<p style=\"text-align: center\"><span style=\"color: #008080\"><b>Alumno 2<\/b><\/span><\/p>\r\n<p style=\"text-align: center\"><span style=\"font-size: 10pt\">REPRESENTANTE DEL PERSONAL DE ADMINISTRACI\u00d3N Y SERVICIOS<\/span><\/p>\r\n<p style=\"text-align: center\"><span style=\"font-size: 10pt\"><strong><span style=\"color: #008080;font-size: 12pt\">D\u00aa. Antonia Cuevas<\/span><br><\/strong><\/span><\/p>\r\n<p style=\"text-align: center\"><span style=\"font-size: 10pt\">REPRESENTANTE DEL AYUNTAMIENTO<\/span><\/p>\r\n<p style=\"text-align: center\"><span style=\"color: #008080;font-size: 12pt\"><strong>D\u00ba. Mario Rosado Armario<\/strong><\/span><\/p>\r\n","protected":false},"excerpt":{"rendered":"<p>El Equipo Directivo &nbsp; DIRECTORA:&nbsp; &nbsp; &nbsp; Manuela Mar\u00eda Navarrete JEFA DE ESTUDIOS:&nbsp; &nbsp; Natividad Garc\u00eda Garc\u00eda SECRETARIO: Juan Carlos Vargas Cordero &nbsp; &nbsp; El Consejo Escolar REPRESENTANTES DEL SECTOR DE PROFESORES\/AS D\u00ba. Juan Carlos&#46;&#46;&#46;<\/p>\n","protected":false},"author":11269,"featured_media":0,"parent":0,"menu_order":0,"comment_status":"closed","ping_status":"open","template":"","meta":{"ngg_post_thumbnail":0,"footnotes":""},"aioseo_notices":[],"_links":{"self":[{"href":"https:\/\/blogsaverroes.juntadeandalucia.es\/iessantelmo\/wp-json\/wp\/v2\/pages\/2"}],"collection":[{"href":"https:\/\/blogsaverroes.juntadeandalucia.es\/iessantelmo\/wp-json\/wp\/v2\/pages"}],"about":[{"href":"https:\/\/blogsaverroes.juntadeandalucia.es\/iessantelmo\/wp-json\/wp\/v2\/types\/page"}],"author":[{"embeddable":true,"href":"https:\/\/blogsaverroes.juntadeandalucia.es\/iessantelmo\/wp-json\/wp\/v2\/users\/11269"}],"replies":[{"embeddable":true,"href":"https:\/\/blogsaverroes.juntadeandalucia.es\/iessantelmo\/wp-json\/wp\/v2\/comments?post=2"}],"version-history":[{"count":9,"href":"https:\/\/blogsaverroes.juntadeandalucia.es\/iessantelmo\/wp-json\/wp\/v2\/pages\/2\/revisions"}],"predecessor-version":[{"id":1038,"href":"https:\/\/blogsaverroes.juntadeandalucia.es\/iessantelmo\/wp-json\/wp\/v2\/pages\/2\/revisions\/1038"}],"wp:attachment":[{"href":"https:\/\/blogsaverroes.juntadeandalucia.es\/iessantelmo\/wp-json\/wp\/v2\/media?parent=2"}],"curies":[{"name":"wp","href":"https:\/\/api.w.org\/{rel}","templated":true}]}}