{"id":208,"date":"2020-11-16T09:47:23","date_gmt":"2020-11-16T09:47:23","guid":{"rendered":"https:\/\/blogsaverroes.juntadeandalucia.es\/iessantelmo\/?page_id=208"},"modified":"2021-04-15T15:08:02","modified_gmt":"2021-04-15T15:08:02","slug":"orientacion","status":"publish","type":"page","link":"https:\/\/blogsaverroes.juntadeandalucia.es\/iessantelmo\/orientacion\/","title":{"rendered":"Investigaci\u00f3n Cursos Anteriores"},"content":{"rendered":"<p style=\"text-align: center\"><span style=\"font-size: 14pt\"><em><strong>Investigaci\u00f3n en el aula<\/strong><\/em><\/span><\/p>\n<p style=\"text-align: center\">La investigaci\u00f3n como herramienta democratizadora de la sociedad. Pincha en el siguiente enlace:<\/p>\n<p style=\"text-align: center\"><span style=\"font-size: 14pt;color: #808000\"><em><strong><a style=\"color: #808000\" href=\"https:\/\/blogsaverroes.juntadeandalucia.es\/iessantelmo\/files\/2021\/03\/Presentaci\u00f3n-final.pptx\">Presentaci\u00f3n Investigaci\u00f3n en el Aula_ IMPULSA<\/a><\/strong><\/em><\/span><\/p>\n<p>&nbsp;<\/p>\n<p style=\"text-align: center\">&nbsp;<\/p>\n<p><iframe loading=\"lazy\" title=\"C\u00f3mo late tu coraz\u00f3n\" width=\"500\" height=\"375\" src=\"https:\/\/www.youtube.com\/embed\/LbU3gzCex6Q?feature=oembed&#038;wmode=opaque\" frameborder=\"0\" allow=\"accelerometer; autoplay; clipboard-write; encrypted-media; gyroscope; picture-in-picture\" allowfullscreen><\/iframe><\/p>\n<p>&nbsp;<\/p>\n","protected":false},"excerpt":{"rendered":"<p>Investigaci\u00f3n en el aula La investigaci\u00f3n como herramienta democratizadora de la sociedad. Pincha en el siguiente enlace: Presentaci\u00f3n Investigaci\u00f3n en el Aula_ IMPULSA &nbsp; &nbsp; &nbsp;<\/p>\n","protected":false},"author":11269,"featured_media":0,"parent":0,"menu_order":0,"comment_status":"closed","ping_status":"closed","template":"","meta":{"ngg_post_thumbnail":0,"footnotes":""},"aioseo_notices":[],"_links":{"self":[{"href":"https:\/\/blogsaverroes.juntadeandalucia.es\/iessantelmo\/wp-json\/wp\/v2\/pages\/208"}],"collection":[{"href":"https:\/\/blogsaverroes.juntadeandalucia.es\/iessantelmo\/wp-json\/wp\/v2\/pages"}],"about":[{"href":"https:\/\/blogsaverroes.juntadeandalucia.es\/iessantelmo\/wp-json\/wp\/v2\/types\/page"}],"author":[{"embeddable":true,"href":"https:\/\/blogsaverroes.juntadeandalucia.es\/iessantelmo\/wp-json\/wp\/v2\/users\/11269"}],"replies":[{"embeddable":true,"href":"https:\/\/blogsaverroes.juntadeandalucia.es\/iessantelmo\/wp-json\/wp\/v2\/comments?post=208"}],"version-history":[{"count":6,"href":"https:\/\/blogsaverroes.juntadeandalucia.es\/iessantelmo\/wp-json\/wp\/v2\/pages\/208\/revisions"}],"predecessor-version":[{"id":477,"href":"https:\/\/blogsaverroes.juntadeandalucia.es\/iessantelmo\/wp-json\/wp\/v2\/pages\/208\/revisions\/477"}],"wp:attachment":[{"href":"https:\/\/blogsaverroes.juntadeandalucia.es\/iessantelmo\/wp-json\/wp\/v2\/media?parent=208"}],"curies":[{"name":"wp","href":"https:\/\/api.w.org\/{rel}","templated":true}]}}