{"id":209,"date":"2020-11-16T09:47:23","date_gmt":"2020-11-16T09:47:23","guid":{"rendered":"https:\/\/blogsaverroes.juntadeandalucia.es\/iessantelmo\/?page_id=209"},"modified":"2020-11-17T18:38:04","modified_gmt":"2020-11-17T18:38:04","slug":"secretaria","status":"publish","type":"page","link":"https:\/\/blogsaverroes.juntadeandalucia.es\/iessantelmo\/secretaria\/","title":{"rendered":"Secretar\u00eda"},"content":{"rendered":"<p style=\"text-align: center\"><span style=\"font-size: 18pt\"><em><strong>HORARIO DE SECRETAR\u00cdA<\/strong><\/em><\/span><\/p>\n<p style=\"text-align: center\">&nbsp;Para la atenci\u00f3n en Secretar\u00eda ha de coger cita previa llamando por tel\u00e9fono a<\/p>\n<p style=\"text-align: center\"><em><span style=\"font-size: 14pt;color: #800000\"><strong>856811871<\/strong><\/span><\/em><\/p>\n<p style=\"text-align: center\"><span style=\"color: #999999\">____________________________________________________________________________<\/span><\/p>\n<div id=\"cc-m-7726133681\" class=\"j-module n j-text \">\n<p style=\"text-align: center\"><span style=\"font-size: 18pt\"><em><strong>MATR\u00cdCULA TELEM\u00c1TICA<\/strong><\/em><\/span><\/p>\n<p style=\"text-align: center\">La matr\u00edcula se har\u00e1 de forma telem\u00e1tica,&nbsp;en el siguiente enlace:<\/p>\n<p style=\"text-align: center\"><span style=\"font-size: 14pt;color: #800000\"><strong><em><a style=\"color: #800000\" href=\"https:\/\/www.juntadeandalucia.es\/educacion\/secretariavirtual\/solicitudes\/\" target=\"_top\" rel=\"noopener noreferrer\">https:\/\/www.juntadeandalucia.es\/educacion\/secretariavirtual\/solicitudes\/<\/a><\/em><\/strong><\/span><\/p>\n<\/div>\n<p style=\"text-align: center\">Consulte c\u00f3mo realizarla en el siguiente v\u00eddeo tutorial:<\/p>\n<p><a href=\"https:\/\/www.youtube.com\/watch?v=7D1QzGex7SQ&amp;feature=emb_logo\"><img loading=\"lazy\" decoding=\"async\" class=\"size-medium wp-image-243 aligncenter\" src=\"https:\/\/blogsaverroes.juntadeandalucia.es\/iessantelmo\/files\/2020\/11\/Sin-nombre-300x183.jpg\" alt=\"\" width=\"300\" height=\"183\" srcset=\"https:\/\/blogsaverroes.juntadeandalucia.es\/iessantelmo\/files\/2020\/11\/Sin-nombre-300x183.jpg 300w, https:\/\/blogsaverroes.juntadeandalucia.es\/iessantelmo\/files\/2020\/11\/Sin-nombre-24x15.jpg 24w, https:\/\/blogsaverroes.juntadeandalucia.es\/iessantelmo\/files\/2020\/11\/Sin-nombre-36x22.jpg 36w, https:\/\/blogsaverroes.juntadeandalucia.es\/iessantelmo\/files\/2020\/11\/Sin-nombre-48x29.jpg 48w, https:\/\/blogsaverroes.juntadeandalucia.es\/iessantelmo\/files\/2020\/11\/Sin-nombre.jpg 319w\" sizes=\"(max-width: 300px) 100vw, 300px\" \/><\/a><\/p>\n<p style=\"text-align: center\">Tambi\u00e9n puede consultar el manual pinchando en el siguiente enlace:<\/p>\n<p style=\"text-align: center\"><em><a href=\"https:\/\/blogsaverroes.juntadeandalucia.es\/iessantelmo\/files\/2020\/11\/Gu\u00eda-F\u00e1cil-para-hacer-la-Matr\u00edcula-Electr\u00f3nica-1.pdf\">Gu\u00eda F\u00e1cil para hacer la Matr\u00edcula Electr\u00f3nica<\/a><\/em><\/p>\n<p>&nbsp;<\/p>\n<p style=\"text-align: center\"><span style=\"color: #999999\">____________________________________________________________________________<\/span><\/p>\n<div id=\"cc-m-7726133681\" class=\"j-module n j-text \">\n<p style=\"text-align: center\"><span style=\"font-size: 18pt\"><em><strong>MATR\u00cdCULA PRESENCIAL<\/strong><\/em><\/span><\/p>\n<\/div>\n<div id=\"cc-m-7725842381\" class=\"j-module n j-text \" style=\"text-align: center\">\n<p><span style=\"color: #800000\"><em><strong>Deben descargar e imprimir los documentos y cumplimentarlos correctamente, con todos los datos.<\/strong><\/em><\/span><\/p>\n<\/div>\n<div id=\"cc-m-7584199281\" class=\"j-module n j-text \" style=\"text-align: center\">\n<p>&nbsp;Para entregar la matr\u00edcula de forma presencial, deben coger cita previa&nbsp; por tel\u00e9fono, indicando el nombre del alumno\/a y curso en el que se matricula.<\/p>\n<p>Los documentos deben estar cumplimentados en su totalidad. La falta de datos o de alg\u00fan impreso implicar\u00e1 la no recogida de la matr\u00edcula.<\/p>\n<p style=\"text-align: left\"><span style=\"font-size: 12pt\">DOCUMENTOS:<\/span><\/p>\n<p style=\"text-align: left\"><span style=\"color: #8f2b2b\"><a style=\"color: #8f2b2b\" href=\"https:\/\/blogsaverroes.juntadeandalucia.es\/iessantelmo\/files\/2020\/11\/Matr\u00edcula-ESO.pdf\"><em><strong>Impreso Oficial Matr\u00edcula <\/strong><\/em><\/a><\/span><\/p>\n<p style=\"text-align: left\"><span style=\"color: #8f2b2b\"><em><strong><a style=\"color: #8f2b2b\" href=\"https:\/\/blogsaverroes.juntadeandalucia.es\/iessantelmo\/files\/2020\/11\/Anexo-Solicitud-Ense\u00f1anza-Religi\u00f3n.pdf\">Anexo (obligatorio) para la elecci\u00f3n de la asignatura de Religi\u00f3n o alternativa a esta.<\/a><\/strong><\/em><\/span><\/p>\n<p style=\"text-align: left\"><span style=\"color: #8f2b2b\"><em><strong><span style=\"color: #8f2b2b\"><a style=\"color: #8f2b2b\" href=\"https:\/\/blogsaverroes.juntadeandalucia.es\/iessantelmo\/files\/2020\/11\/Autorizaci\u00f3n-publicaci\u00f3n-multimedia-1.pdf\">Autorizaci\u00f3n publicaci\u00f3n multimedia<\/a><\/span><br \/>\n<\/strong><\/em><\/span><\/p>\n<p style=\"text-align: left\"><span style=\"color: #333333\"><em><strong>Fotocopia del DNI del Alumno<\/strong><\/em><\/span><\/p>\n<p>&nbsp;<\/p>\n<\/div>\n<p style=\"text-align: center\">&nbsp;<\/p>\n<div id=\"cc-m-7584199281\" class=\"j-module n j-text \" style=\"text-align: center\">\n<p>&nbsp;<\/p>\n<\/div>\n<p style=\"text-align: center\">&nbsp;<\/p>\n<p style=\"text-align: center\">&nbsp;<\/p>\n<p style=\"text-align: center\">&nbsp;<\/p>\n","protected":false},"excerpt":{"rendered":"<p>HORARIO DE SECRETAR\u00cdA &nbsp;Para la atenci\u00f3n en Secretar\u00eda ha de coger cita previa llamando por tel\u00e9fono a 856811871 ____________________________________________________________________________ MATR\u00cdCULA TELEM\u00c1TICA La matr\u00edcula se har\u00e1 de forma telem\u00e1tica,&nbsp;en el siguiente enlace: https:\/\/www.juntadeandalucia.es\/educacion\/secretariavirtual\/solicitudes\/ Consulte c\u00f3mo realizarla&#46;&#46;&#46;<\/p>\n","protected":false},"author":11269,"featured_media":0,"parent":0,"menu_order":0,"comment_status":"closed","ping_status":"closed","template":"","meta":{"ngg_post_thumbnail":0,"footnotes":""},"aioseo_notices":[],"_links":{"self":[{"href":"https:\/\/blogsaverroes.juntadeandalucia.es\/iessantelmo\/wp-json\/wp\/v2\/pages\/209"}],"collection":[{"href":"https:\/\/blogsaverroes.juntadeandalucia.es\/iessantelmo\/wp-json\/wp\/v2\/pages"}],"about":[{"href":"https:\/\/blogsaverroes.juntadeandalucia.es\/iessantelmo\/wp-json\/wp\/v2\/types\/page"}],"author":[{"embeddable":true,"href":"https:\/\/blogsaverroes.juntadeandalucia.es\/iessantelmo\/wp-json\/wp\/v2\/users\/11269"}],"replies":[{"embeddable":true,"href":"https:\/\/blogsaverroes.juntadeandalucia.es\/iessantelmo\/wp-json\/wp\/v2\/comments?post=209"}],"version-history":[{"count":9,"href":"https:\/\/blogsaverroes.juntadeandalucia.es\/iessantelmo\/wp-json\/wp\/v2\/pages\/209\/revisions"}],"predecessor-version":[{"id":225,"href":"https:\/\/blogsaverroes.juntadeandalucia.es\/iessantelmo\/wp-json\/wp\/v2\/pages\/209\/revisions\/225"}],"wp:attachment":[{"href":"https:\/\/blogsaverroes.juntadeandalucia.es\/iessantelmo\/wp-json\/wp\/v2\/media?parent=209"}],"curies":[{"name":"wp","href":"https:\/\/api.w.org\/{rel}","templated":true}]}}