{"id":518,"date":"2021-04-15T11:51:30","date_gmt":"2021-04-15T11:51:30","guid":{"rendered":"https:\/\/blogsaverroes.juntadeandalucia.es\/iessantelmo\/?page_id=518"},"modified":"2022-02-03T07:08:49","modified_gmt":"2022-02-03T07:08:49","slug":"investigacion-20-21","status":"publish","type":"page","link":"https:\/\/blogsaverroes.juntadeandalucia.es\/iessantelmo\/investigacion-20-21\/","title":{"rendered":"Investigaci\u00f3n"},"content":{"rendered":"<p style=\"text-align: left\">El IES San Telmo de Jerez de la Frontera cuenta, desde hace DIEZ a\u00f1os, con un grupo de investigaci\u00f3n en el que un conjunto de alumnos y alumnas, que se mantiene o cambia en funci\u00f3n de los cursos y promociones, de forma voluntaria se re\u00fane por las tardes, una vez a la semana, para hacer ciencia. El n\u00famero y procedencia de estos alumnos tambi\u00e9n var\u00eda cada a\u00f1o. El inter\u00e9s por esta actividad cada vez mayor en el alumnado del centro, contando este a\u00f1o con 20 alumnos y alumnas y muy gratamente ascendiendo el numero de alumnas participantes. Estos alumnos y alumnas cursan desde 1\u00ba a 4\u00ba de ESO.<\/p>\n<p style=\"text-align: left\">Cada a\u00f1o elegimos un \u201ctema estrella\u201d de investigaci\u00f3n, pero esto no impide que se desarrollen otro tipo de estudios y trabajos paralelos que complementan la linea principal.<\/p>\n<p>&nbsp;<\/p>\n<p style=\"text-align: center\"><span style=\"font-size: 24pt;color: #808080\">Encuentro de alumnado investigador en C\u00e1diz<\/span><\/p>\n<p>El encuentro se realizar\u00e1 en nuestro instituto, consulta el siguiente enlace:<\/p>\n<p style=\"text-align: center\"><span style=\"color: #99cc00\"><strong><span style=\"font-size: 14pt\">http:\/\/www.alumnosinvestigadores.com\/<\/span><\/strong><\/span><\/p>\n<p style=\"text-align: center\"><span style=\"font-size: 24pt;color: #808080\"> Investigaci\u00f3n<br \/>\n<\/span><\/p>\n<p style=\"text-align: left\">El grupo de Investigaci\u00f3n de San Telmo se centrar\u00e1 en <span style=\"color: #99cc00;font-size: 14pt\"><strong>dos l\u00edneas de Investigaci\u00f3n principales<\/strong> <\/span>durante el presente curso 2020_2021:<\/p>\n<p>&nbsp;<\/p>\n<ul style=\"list-style-type: circle\">\n<li style=\"text-align: left\"><a href=\"https:\/\/blogsaverroes.juntadeandalucia.es\/iessantelmo\/la-influencia-del-adp-en-la-elaboracion-del-vinagre-de-jerez\/\"><span style=\"font-size: 18pt;color: #99cc00\"><strong>La Influencia del ADP en la elaboraci\u00f3n del vinagre de Jerez<\/strong><\/span><\/a><\/li>\n<li><strong><a href=\"https:\/\/blogsaverroes.juntadeandalucia.es\/iessantelmo\/la-ratio-digital\/\"><span style=\"color: #99cc00;font-size: 18pt\">La Ratio Digital<\/span><\/a><br \/>\n<\/strong><\/li>\n<\/ul>\n<p>&nbsp;<\/p>\n<p style=\"text-align: center\"><span style=\"font-size: 24pt;color: #808080\">Divulgaci\u00f3n <\/span><\/p>\n<p>Ademas del grupo de Investigaci\u00f3n, los alumnos de 4\u00ba de la ESO est\u00e1n realizando un <span style=\"color: #99cc00\"><strong><span style=\"font-size: 14pt\">Proyecto de Divulgaci\u00f3n Cient\u00edfica&nbsp; <\/span><\/strong><\/span><span style=\"font-size: 14pt\"><span style=\"font-size: 12pt\">muy interesante y original <\/span><\/span><span style=\"font-size: 14pt\"><span style=\"font-size: 12pt\">sobre el ADN y el ARN. Puedes consultar toda la informaci\u00f3n al respecto en el siguiente enlace:<\/span><\/span><\/p>\n<p>&nbsp;<\/p>\n<ul style=\"list-style-type: circle\">\n<li><a href=\"https:\/\/blogsaverroes.juntadeandalucia.es\/iessantelmo\/la-dulzura-de-la-vida\/\"><span style=\"color: #99cc00\"><strong><span style=\"font-size: 18pt\">La dulzura de la Vida<\/span><\/strong><\/span><\/a><\/li>\n<\/ul>\n<p><strong>&nbsp;<\/strong><\/p>\n","protected":false},"excerpt":{"rendered":"<p>El IES San Telmo de Jerez de la Frontera cuenta, desde hace DIEZ a\u00f1os, con un grupo de investigaci\u00f3n en el que un conjunto de alumnos y alumnas, que se mantiene o cambia en funci\u00f3n&#46;&#46;&#46;<\/p>\n","protected":false},"author":11269,"featured_media":0,"parent":0,"menu_order":0,"comment_status":"closed","ping_status":"closed","template":"","meta":{"ngg_post_thumbnail":0,"footnotes":""},"aioseo_notices":[],"_links":{"self":[{"href":"https:\/\/blogsaverroes.juntadeandalucia.es\/iessantelmo\/wp-json\/wp\/v2\/pages\/518"}],"collection":[{"href":"https:\/\/blogsaverroes.juntadeandalucia.es\/iessantelmo\/wp-json\/wp\/v2\/pages"}],"about":[{"href":"https:\/\/blogsaverroes.juntadeandalucia.es\/iessantelmo\/wp-json\/wp\/v2\/types\/page"}],"author":[{"embeddable":true,"href":"https:\/\/blogsaverroes.juntadeandalucia.es\/iessantelmo\/wp-json\/wp\/v2\/users\/11269"}],"replies":[{"embeddable":true,"href":"https:\/\/blogsaverroes.juntadeandalucia.es\/iessantelmo\/wp-json\/wp\/v2\/comments?post=518"}],"version-history":[{"count":14,"href":"https:\/\/blogsaverroes.juntadeandalucia.es\/iessantelmo\/wp-json\/wp\/v2\/pages\/518\/revisions"}],"predecessor-version":[{"id":1033,"href":"https:\/\/blogsaverroes.juntadeandalucia.es\/iessantelmo\/wp-json\/wp\/v2\/pages\/518\/revisions\/1033"}],"wp:attachment":[{"href":"https:\/\/blogsaverroes.juntadeandalucia.es\/iessantelmo\/wp-json\/wp\/v2\/media?parent=518"}],"curies":[{"name":"wp","href":"https:\/\/api.w.org\/{rel}","templated":true}]}}