{"id":627,"date":"2021-04-22T15:21:44","date_gmt":"2021-04-22T15:21:44","guid":{"rendered":"https:\/\/blogsaverroes.juntadeandalucia.es\/iessantelmo\/?page_id=627"},"modified":"2021-04-22T16:02:05","modified_gmt":"2021-04-22T16:02:05","slug":"627-2","status":"publish","type":"page","link":"https:\/\/blogsaverroes.juntadeandalucia.es\/iessantelmo\/627-2\/","title":{"rendered":"1.Inicio"},"content":{"rendered":"<p align=\"justify\"><span style=\"font-size: xx-large\">Ah\u00ed estaba yo, Pedro Franco Navarro, en un barco con destino a una isla en medio del mar. Vestido con una camisa y unos pantalones grises cortos, con el pelo negro, ojos marrones, boca grande y nariz chatuda. Y os preguntar\u00e9is varias cosas: \u00bfpor qu\u00e9 estaba all\u00ed?, \u00bfcon qui\u00e9n?, \u00bfpor qu\u00e9 voy hacia una isla?, etc.<\/span><\/p>\n<p align=\"justify\"><span style=\"font-size: xx-large\">Bueno, voy a empezar por el principio. Todo empieza hace dos meses. A mi familia le quer\u00edan quitar la casa y nosotros no ten\u00edamos dinero para pagar. Entonces se me ocurri\u00f3 viajar a una isla para encontrar un tesoro. Y le pregunt\u00e9 a Jaime, mi mejor amigo, si ven\u00eda conmigo y este me dijo que s\u00ed. <\/span><\/p>\n<p><span style=\"font-size: xx-large\">Decide:<\/span><\/p>\n<p><span style=\"font-size: xx-large\"> 1. <a href=\"https:\/\/blogsaverroes.juntadeandalucia.es\/iessantelmo\/salen-de-viaje-inmediatamente\/\">Salen de viaje inmediatamente<\/a><\/span><\/p>\n<p><span style=\"font-size: xx-large\"> 2. <a href=\"https:\/\/blogsaverroes.juntadeandalucia.es\/iessantelmo\/el-viaje-se-retrasa-unos-dias\/\">El viaje se retrasa unos d\u00edas<\/a><\/span><\/p>\n","protected":false},"excerpt":{"rendered":"<p>Ah\u00ed estaba yo, Pedro Franco Navarro, en un barco con destino a una isla en medio del mar. Vestido con una camisa y unos pantalones grises cortos, con el pelo negro, ojos marrones, boca grande&#46;&#46;&#46;<\/p>\n","protected":false},"author":11269,"featured_media":0,"parent":0,"menu_order":0,"comment_status":"closed","ping_status":"closed","template":"","meta":{"ngg_post_thumbnail":0,"footnotes":""},"aioseo_notices":[],"_links":{"self":[{"href":"https:\/\/blogsaverroes.juntadeandalucia.es\/iessantelmo\/wp-json\/wp\/v2\/pages\/627"}],"collection":[{"href":"https:\/\/blogsaverroes.juntadeandalucia.es\/iessantelmo\/wp-json\/wp\/v2\/pages"}],"about":[{"href":"https:\/\/blogsaverroes.juntadeandalucia.es\/iessantelmo\/wp-json\/wp\/v2\/types\/page"}],"author":[{"embeddable":true,"href":"https:\/\/blogsaverroes.juntadeandalucia.es\/iessantelmo\/wp-json\/wp\/v2\/users\/11269"}],"replies":[{"embeddable":true,"href":"https:\/\/blogsaverroes.juntadeandalucia.es\/iessantelmo\/wp-json\/wp\/v2\/comments?post=627"}],"version-history":[{"count":5,"href":"https:\/\/blogsaverroes.juntadeandalucia.es\/iessantelmo\/wp-json\/wp\/v2\/pages\/627\/revisions"}],"predecessor-version":[{"id":679,"href":"https:\/\/blogsaverroes.juntadeandalucia.es\/iessantelmo\/wp-json\/wp\/v2\/pages\/627\/revisions\/679"}],"wp:attachment":[{"href":"https:\/\/blogsaverroes.juntadeandalucia.es\/iessantelmo\/wp-json\/wp\/v2\/media?parent=627"}],"curies":[{"name":"wp","href":"https:\/\/api.w.org\/{rel}","templated":true}]}}