{"id":699,"date":"2021-04-22T16:29:32","date_gmt":"2021-04-22T16:29:32","guid":{"rendered":"https:\/\/blogsaverroes.juntadeandalucia.es\/iessantelmo\/?page_id=699"},"modified":"2021-04-22T16:36:51","modified_gmt":"2021-04-22T16:36:51","slug":"2oa-inicio","status":"publish","type":"page","link":"https:\/\/blogsaverroes.juntadeandalucia.es\/iessantelmo\/2oa-inicio\/","title":{"rendered":"2\u00baA Inicio"},"content":{"rendered":"<p align=\"JUSTIFY\"><span style=\"font-size: xx-large\">Su nombre es Ellie. Ella ten\u00eda los ojos marrones, su pelo era pelirrojo con rizos, boca fina, granos en la frente, nariz peque\u00f1a. Ella se vest\u00eda siempre con una camisa blanca, a juego con un pantal\u00f3n vaquero, botas marrones y una chaqueta gris. <\/span><\/p>\n<p><span style=\"font-size: xx-large\">Decide:<\/span><\/p>\n<p><span style=\"font-size: xx-large\"> 1. <a href=\"https:\/\/blogsaverroes.juntadeandalucia.es\/iessantelmo\/2oa-ellie-encuentra-a-un-nino\/\">Ellie encuentra a un chico<\/a><\/span><\/p>\n<p><span style=\"font-size: xx-large\"> 2. <a href=\"https:\/\/blogsaverroes.juntadeandalucia.es\/iessantelmo\/2oa-ellie-pierde-un-anillo\/\">Ellie pierde un anillo<\/a><\/span><\/p>\n","protected":false},"excerpt":{"rendered":"<p>Su nombre es Ellie. Ella ten\u00eda los ojos marrones, su pelo era pelirrojo con rizos, boca fina, granos en la frente, nariz peque\u00f1a. Ella se vest\u00eda siempre con una camisa blanca, a juego con un&#46;&#46;&#46;<\/p>\n","protected":false},"author":11269,"featured_media":0,"parent":0,"menu_order":0,"comment_status":"closed","ping_status":"closed","template":"","meta":{"ngg_post_thumbnail":0,"footnotes":""},"aioseo_notices":[],"_links":{"self":[{"href":"https:\/\/blogsaverroes.juntadeandalucia.es\/iessantelmo\/wp-json\/wp\/v2\/pages\/699"}],"collection":[{"href":"https:\/\/blogsaverroes.juntadeandalucia.es\/iessantelmo\/wp-json\/wp\/v2\/pages"}],"about":[{"href":"https:\/\/blogsaverroes.juntadeandalucia.es\/iessantelmo\/wp-json\/wp\/v2\/types\/page"}],"author":[{"embeddable":true,"href":"https:\/\/blogsaverroes.juntadeandalucia.es\/iessantelmo\/wp-json\/wp\/v2\/users\/11269"}],"replies":[{"embeddable":true,"href":"https:\/\/blogsaverroes.juntadeandalucia.es\/iessantelmo\/wp-json\/wp\/v2\/comments?post=699"}],"version-history":[{"count":3,"href":"https:\/\/blogsaverroes.juntadeandalucia.es\/iessantelmo\/wp-json\/wp\/v2\/pages\/699\/revisions"}],"predecessor-version":[{"id":718,"href":"https:\/\/blogsaverroes.juntadeandalucia.es\/iessantelmo\/wp-json\/wp\/v2\/pages\/699\/revisions\/718"}],"wp:attachment":[{"href":"https:\/\/blogsaverroes.juntadeandalucia.es\/iessantelmo\/wp-json\/wp\/v2\/media?parent=699"}],"curies":[{"name":"wp","href":"https:\/\/api.w.org\/{rel}","templated":true}]}}