{"id":757,"date":"2021-04-22T16:59:18","date_gmt":"2021-04-22T16:59:18","guid":{"rendered":"https:\/\/blogsaverroes.juntadeandalucia.es\/iessantelmo\/?page_id=757"},"modified":"2021-04-22T17:05:22","modified_gmt":"2021-04-22T17:05:22","slug":"2ob-inicio","status":"publish","type":"page","link":"https:\/\/blogsaverroes.juntadeandalucia.es\/iessantelmo\/2ob-inicio\/","title":{"rendered":"2\u00baB Inicio"},"content":{"rendered":"<p align=\"RIGHT\">&nbsp;<\/p>\n<p align=\"JUSTIFY\"><span style=\"font-size: xx-large\">\u00c9rase una vez un hombre llamado Pedro. Pedro es un hombre agradable, simp\u00e1tico, cari\u00f1oso, gracioso\u2026 \u00c9l es un hombre pobre. Tiene una esposa llamada Mar\u00eda y tres hijos: Mario, \u00c1ngel y Elena. Era una familia pobre. <\/span><\/p>\n<p align=\"JUSTIFY\"><span style=\"font-size: xx-large\">Un d\u00eda Pedro, caminando por el pueblo, vio a su amigo Paco, que le dijo que hab\u00eda una historia en el pueblo que dec\u00eda que en alg\u00fan sitio hab\u00eda millones y millones de euros que hab\u00edan enterrado y que nunca desenterraron.<\/span><\/p>\n<p align=\"JUSTIFY\"><span style=\"font-size: xx-large\">El problema de Pedro era que ten\u00eda que conseguir ese dinero para sacar de la pobreza a su familia. <\/span><\/p>\n<p><span style=\"font-size: xx-large\">Decide:<\/span><\/p>\n<p><span style=\"font-size: xx-large\"> 1. <a href=\"https:\/\/blogsaverroes.juntadeandalucia.es\/iessantelmo\/2ob-encuentra-una-vieja-iglesia\/\">Busca en una iglesia<\/a><\/span><\/p>\n<p><span style=\"font-size: xx-large\"> 2. <a href=\"https:\/\/blogsaverroes.juntadeandalucia.es\/iessantelmo\/2ob-busca-en-un-bosque\/\">Busca en un bosque<\/a><\/span><\/p>\n","protected":false},"excerpt":{"rendered":"<p>&nbsp; \u00c9rase una vez un hombre llamado Pedro. Pedro es un hombre agradable, simp\u00e1tico, cari\u00f1oso, gracioso\u2026 \u00c9l es un hombre pobre. Tiene una esposa llamada Mar\u00eda y tres hijos: Mario, \u00c1ngel y Elena. Era una&#46;&#46;&#46;<\/p>\n","protected":false},"author":11269,"featured_media":0,"parent":0,"menu_order":0,"comment_status":"closed","ping_status":"closed","template":"","meta":{"ngg_post_thumbnail":0,"footnotes":""},"aioseo_notices":[],"_links":{"self":[{"href":"https:\/\/blogsaverroes.juntadeandalucia.es\/iessantelmo\/wp-json\/wp\/v2\/pages\/757"}],"collection":[{"href":"https:\/\/blogsaverroes.juntadeandalucia.es\/iessantelmo\/wp-json\/wp\/v2\/pages"}],"about":[{"href":"https:\/\/blogsaverroes.juntadeandalucia.es\/iessantelmo\/wp-json\/wp\/v2\/types\/page"}],"author":[{"embeddable":true,"href":"https:\/\/blogsaverroes.juntadeandalucia.es\/iessantelmo\/wp-json\/wp\/v2\/users\/11269"}],"replies":[{"embeddable":true,"href":"https:\/\/blogsaverroes.juntadeandalucia.es\/iessantelmo\/wp-json\/wp\/v2\/comments?post=757"}],"version-history":[{"count":2,"href":"https:\/\/blogsaverroes.juntadeandalucia.es\/iessantelmo\/wp-json\/wp\/v2\/pages\/757\/revisions"}],"predecessor-version":[{"id":777,"href":"https:\/\/blogsaverroes.juntadeandalucia.es\/iessantelmo\/wp-json\/wp\/v2\/pages\/757\/revisions\/777"}],"wp:attachment":[{"href":"https:\/\/blogsaverroes.juntadeandalucia.es\/iessantelmo\/wp-json\/wp\/v2\/media?parent=757"}],"curies":[{"name":"wp","href":"https:\/\/api.w.org\/{rel}","templated":true}]}}