{"id":760,"date":"2021-04-22T17:00:05","date_gmt":"2021-04-22T17:00:05","guid":{"rendered":"https:\/\/blogsaverroes.juntadeandalucia.es\/iessantelmo\/?page_id=760"},"modified":"2021-04-22T17:06:12","modified_gmt":"2021-04-22T17:06:12","slug":"2ob-busca-en-un-bosque","status":"publish","type":"page","link":"https:\/\/blogsaverroes.juntadeandalucia.es\/iessantelmo\/2ob-busca-en-un-bosque\/","title":{"rendered":"2\u00baB Busca en un bosque"},"content":{"rendered":"<p align=\"JUSTIFY\"><span style=\"font-size: xx-large\">Y un d\u00eda se arm\u00f3 de valor y se reuni\u00f3 con sus amigos del pueblo para dar el golpe. A los dos d\u00edas, salieron al bosque a buscar el dinero y, tras todo el d\u00eda buscando, cay\u00f3 la noche y aun as\u00ed no pararon. Ya estaban cansados y perdidos, as\u00ed que decidieron montar un campamento. A la ma\u00f1ana siguiente, siguieron buscando.<\/span><\/p>\n<p><span style=\"font-size: xx-large\">Decide:<\/span><\/p>\n<p><span style=\"font-size: xx-large\"> 1. <a href=\"https:\/\/blogsaverroes.juntadeandalucia.es\/iessantelmo\/2ob-encuentra-una-pista-3\/\">Encuentra una pista<\/a><\/span><\/p>\n<p><span style=\"font-size: xx-large\"> 2. <a href=\"https:\/\/blogsaverroes.juntadeandalucia.es\/iessantelmo\/2ob-encuentra-una-caja\/\">Encuentra una caja<\/a><\/span><\/p>\n","protected":false},"excerpt":{"rendered":"<p>Y un d\u00eda se arm\u00f3 de valor y se reuni\u00f3 con sus amigos del pueblo para dar el golpe. A los dos d\u00edas, salieron al bosque a buscar el dinero y, tras todo el d\u00eda&#46;&#46;&#46;<\/p>\n","protected":false},"author":11269,"featured_media":0,"parent":0,"menu_order":0,"comment_status":"closed","ping_status":"closed","template":"","meta":{"ngg_post_thumbnail":0,"footnotes":""},"aioseo_notices":[],"_links":{"self":[{"href":"https:\/\/blogsaverroes.juntadeandalucia.es\/iessantelmo\/wp-json\/wp\/v2\/pages\/760"}],"collection":[{"href":"https:\/\/blogsaverroes.juntadeandalucia.es\/iessantelmo\/wp-json\/wp\/v2\/pages"}],"about":[{"href":"https:\/\/blogsaverroes.juntadeandalucia.es\/iessantelmo\/wp-json\/wp\/v2\/types\/page"}],"author":[{"embeddable":true,"href":"https:\/\/blogsaverroes.juntadeandalucia.es\/iessantelmo\/wp-json\/wp\/v2\/users\/11269"}],"replies":[{"embeddable":true,"href":"https:\/\/blogsaverroes.juntadeandalucia.es\/iessantelmo\/wp-json\/wp\/v2\/comments?post=760"}],"version-history":[{"count":3,"href":"https:\/\/blogsaverroes.juntadeandalucia.es\/iessantelmo\/wp-json\/wp\/v2\/pages\/760\/revisions"}],"predecessor-version":[{"id":781,"href":"https:\/\/blogsaverroes.juntadeandalucia.es\/iessantelmo\/wp-json\/wp\/v2\/pages\/760\/revisions\/781"}],"wp:attachment":[{"href":"https:\/\/blogsaverroes.juntadeandalucia.es\/iessantelmo\/wp-json\/wp\/v2\/media?parent=760"}],"curies":[{"name":"wp","href":"https:\/\/api.w.org\/{rel}","templated":true}]}}