{"id":825,"date":"2021-04-22T17:28:46","date_gmt":"2021-04-22T17:28:46","guid":{"rendered":"https:\/\/blogsaverroes.juntadeandalucia.es\/iessantelmo\/?page_id=825"},"modified":"2021-04-22T17:34:09","modified_gmt":"2021-04-22T17:34:09","slug":"2oz-hasley-coge-el-tabaco","status":"publish","type":"page","link":"https:\/\/blogsaverroes.juntadeandalucia.es\/iessantelmo\/2oz-hasley-coge-el-tabaco\/","title":{"rendered":"2\u00baZ Hasley coge el tabaco"},"content":{"rendered":"<p align=\"RIGHT\">&nbsp;<\/p>\n<p align=\"JUSTIFY\"><span style=\"font-size: xx-large\"> Ella cogi\u00f3 el tabaco y se fue muy nerviosa a una esquina. Al rato, ambos se fueron a clase. La profesora encarg\u00f3 un trabajo por parejas. A Hasley le toc\u00f3 como compa\u00f1ero el ni\u00f1o que le gustaba. Hicieron la tarea en casa de Hasley y los dos estaban muy nerviosos. Al principio, les costaba mucho hablar, pero despu\u00e9s se conocieron mejor. Y al final se enamoraron. <\/span><\/p>\n<p><span style=\"font-size: xx-large\">Decide:<\/span><\/p>\n<p><span style=\"font-size: xx-large\"> 1. <a href=\"https:\/\/blogsaverroes.juntadeandalucia.es\/iessantelmo\/2oz-luke-ve-a-hasley-con-otro-chico\/\"><span style=\"color: #800000\"><span lang=\"zxx\"><u>Luke ve a Hasley con otro chico<\/u><\/span><\/span><\/a><\/span><\/p>\n<p><span style=\"font-size: xx-large\"> 2. <a href=\"https:\/\/blogsaverroes.juntadeandalucia.es\/iessantelmo\/2oz-hasley-le-confiesa-algo-a-luke\/\"><span style=\"color: #800000\"><span lang=\"zxx\"><u>Hasley le confiesa algo a Luke<\/u><\/span><\/span><\/a><\/span><\/p>\n","protected":false},"excerpt":{"rendered":"<p>&nbsp; Ella cogi\u00f3 el tabaco y se fue muy nerviosa a una esquina. Al rato, ambos se fueron a clase. La profesora encarg\u00f3 un trabajo por parejas. A Hasley le toc\u00f3 como compa\u00f1ero el ni\u00f1o&#46;&#46;&#46;<\/p>\n","protected":false},"author":11269,"featured_media":0,"parent":0,"menu_order":0,"comment_status":"closed","ping_status":"closed","template":"","meta":{"ngg_post_thumbnail":0,"footnotes":""},"aioseo_notices":[],"_links":{"self":[{"href":"https:\/\/blogsaverroes.juntadeandalucia.es\/iessantelmo\/wp-json\/wp\/v2\/pages\/825"}],"collection":[{"href":"https:\/\/blogsaverroes.juntadeandalucia.es\/iessantelmo\/wp-json\/wp\/v2\/pages"}],"about":[{"href":"https:\/\/blogsaverroes.juntadeandalucia.es\/iessantelmo\/wp-json\/wp\/v2\/types\/page"}],"author":[{"embeddable":true,"href":"https:\/\/blogsaverroes.juntadeandalucia.es\/iessantelmo\/wp-json\/wp\/v2\/users\/11269"}],"replies":[{"embeddable":true,"href":"https:\/\/blogsaverroes.juntadeandalucia.es\/iessantelmo\/wp-json\/wp\/v2\/comments?post=825"}],"version-history":[{"count":2,"href":"https:\/\/blogsaverroes.juntadeandalucia.es\/iessantelmo\/wp-json\/wp\/v2\/pages\/825\/revisions"}],"predecessor-version":[{"id":843,"href":"https:\/\/blogsaverroes.juntadeandalucia.es\/iessantelmo\/wp-json\/wp\/v2\/pages\/825\/revisions\/843"}],"wp:attachment":[{"href":"https:\/\/blogsaverroes.juntadeandalucia.es\/iessantelmo\/wp-json\/wp\/v2\/media?parent=825"}],"curies":[{"name":"wp","href":"https:\/\/api.w.org\/{rel}","templated":true}]}}