{"id":85,"date":"2020-11-10T11:17:44","date_gmt":"2020-11-10T11:17:44","guid":{"rendered":"https:\/\/blogsaverroes.juntadeandalucia.es\/iessantelmo\/?page_id=85"},"modified":"2020-11-10T18:14:53","modified_gmt":"2020-11-10T18:14:53","slug":"departamentos","status":"publish","type":"page","link":"https:\/\/blogsaverroes.juntadeandalucia.es\/iessantelmo\/departamentos\/","title":{"rendered":"Departamentos"},"content":{"rendered":"<p style=\"text-align: center\"><span style=\"color: #317553\"><strong><span style=\"font-size: 14pt\">Departamento de Lengua<\/span><\/strong><\/span><\/p>\n<p style=\"text-align: center\">&nbsp;<\/p>\n<p style=\"text-align: center\"><span style=\"color: #317553\"><strong><span style=\"font-size: 14pt\">Departamento de Matem\u00e1ticas<\/span><\/strong><\/span><\/p>\n<p style=\"text-align: center\">&nbsp;<\/p>\n<p style=\"text-align: center\"><span style=\"color: #317553\"><strong><span style=\"font-size: 14pt\">Departamento de Ciencias Naturales<\/span><\/strong><\/span><\/p>\n<p style=\"text-align: center\">&nbsp;<\/p>\n<p style=\"text-align: center\"><span style=\"color: #317553\"><strong><span style=\"font-size: 14pt\">Departamento de Ciencias Sociales<\/span><\/strong><\/span><\/p>\n<p style=\"text-align: center\">&nbsp;<\/p>\n<p style=\"text-align: center\"><span style=\"color: #317553\"><strong><span style=\"font-size: 14pt\">Departamento de Ingl\u00e9s<\/span><\/strong><\/span><\/p>\n<p style=\"text-align: center\">&nbsp;<\/p>\n<p style=\"text-align: center\"><span style=\"color: #317553\"><strong><span style=\"font-size: 14pt\">Departamento de Tecnolog\u00eda<\/span><\/strong><\/span><\/p>\n<p style=\"text-align: center\">&nbsp;<\/p>\n<p style=\"text-align: center\"><span style=\"color: #317553\"><strong><span style=\"font-size: 14pt\">Departamento de Art\u00edsticas<\/span><\/strong><\/span><\/p>\n<p style=\"text-align: center\">&nbsp;<\/p>\n<p style=\"text-align: center\">&nbsp;<\/p>\n<p style=\"text-align: center\">&nbsp;<\/p>\n<p style=\"padding-left: 40px;text-align: center\">&nbsp;<\/p>\n","protected":false},"excerpt":{"rendered":"<p>Departamento de Lengua &nbsp; Departamento de Matem\u00e1ticas &nbsp; Departamento de Ciencias Naturales &nbsp; Departamento de Ciencias Sociales &nbsp; Departamento de Ingl\u00e9s &nbsp; Departamento de Tecnolog\u00eda &nbsp; Departamento de Art\u00edsticas &nbsp; &nbsp; &nbsp; &nbsp;<\/p>\n","protected":false},"author":11269,"featured_media":0,"parent":0,"menu_order":0,"comment_status":"closed","ping_status":"closed","template":"","meta":{"ngg_post_thumbnail":0,"footnotes":""},"aioseo_notices":[],"_links":{"self":[{"href":"https:\/\/blogsaverroes.juntadeandalucia.es\/iessantelmo\/wp-json\/wp\/v2\/pages\/85"}],"collection":[{"href":"https:\/\/blogsaverroes.juntadeandalucia.es\/iessantelmo\/wp-json\/wp\/v2\/pages"}],"about":[{"href":"https:\/\/blogsaverroes.juntadeandalucia.es\/iessantelmo\/wp-json\/wp\/v2\/types\/page"}],"author":[{"embeddable":true,"href":"https:\/\/blogsaverroes.juntadeandalucia.es\/iessantelmo\/wp-json\/wp\/v2\/users\/11269"}],"replies":[{"embeddable":true,"href":"https:\/\/blogsaverroes.juntadeandalucia.es\/iessantelmo\/wp-json\/wp\/v2\/comments?post=85"}],"version-history":[{"count":4,"href":"https:\/\/blogsaverroes.juntadeandalucia.es\/iessantelmo\/wp-json\/wp\/v2\/pages\/85\/revisions"}],"predecessor-version":[{"id":90,"href":"https:\/\/blogsaverroes.juntadeandalucia.es\/iessantelmo\/wp-json\/wp\/v2\/pages\/85\/revisions\/90"}],"wp:attachment":[{"href":"https:\/\/blogsaverroes.juntadeandalucia.es\/iessantelmo\/wp-json\/wp\/v2\/media?parent=85"}],"curies":[{"name":"wp","href":"https:\/\/api.w.org\/{rel}","templated":true}]}}