{"id":904,"date":"2021-04-22T18:19:19","date_gmt":"2021-04-22T18:19:19","guid":{"rendered":"https:\/\/blogsaverroes.juntadeandalucia.es\/iessantelmo\/?page_id=904"},"modified":"2021-04-22T18:19:19","modified_gmt":"2021-04-22T18:19:19","slug":"3oa-2a-final-feliz","status":"publish","type":"page","link":"https:\/\/blogsaverroes.juntadeandalucia.es\/iessantelmo\/3oa-2a-final-feliz\/","title":{"rendered":"3\u00baA 2A Final Feliz"},"content":{"rendered":"<p>&nbsp;<\/p>\n<p>Muerto el cient\u00edfico loco y destruido el poblado enemigo, el helic\u00f3ptero de rescate nos recogi\u00f3 en una colina pr\u00f3xima y nos llev\u00f3 al Chicle.<\/p>\n","protected":false},"excerpt":{"rendered":"<p>&nbsp; Muerto el cient\u00edfico loco y destruido el poblado enemigo, el helic\u00f3ptero de rescate nos recogi\u00f3 en una colina pr\u00f3xima y nos llev\u00f3 al Chicle.<\/p>\n","protected":false},"author":11269,"featured_media":0,"parent":0,"menu_order":0,"comment_status":"closed","ping_status":"closed","template":"","meta":{"ngg_post_thumbnail":0,"footnotes":""},"aioseo_notices":[],"_links":{"self":[{"href":"https:\/\/blogsaverroes.juntadeandalucia.es\/iessantelmo\/wp-json\/wp\/v2\/pages\/904"}],"collection":[{"href":"https:\/\/blogsaverroes.juntadeandalucia.es\/iessantelmo\/wp-json\/wp\/v2\/pages"}],"about":[{"href":"https:\/\/blogsaverroes.juntadeandalucia.es\/iessantelmo\/wp-json\/wp\/v2\/types\/page"}],"author":[{"embeddable":true,"href":"https:\/\/blogsaverroes.juntadeandalucia.es\/iessantelmo\/wp-json\/wp\/v2\/users\/11269"}],"replies":[{"embeddable":true,"href":"https:\/\/blogsaverroes.juntadeandalucia.es\/iessantelmo\/wp-json\/wp\/v2\/comments?post=904"}],"version-history":[{"count":1,"href":"https:\/\/blogsaverroes.juntadeandalucia.es\/iessantelmo\/wp-json\/wp\/v2\/pages\/904\/revisions"}],"predecessor-version":[{"id":905,"href":"https:\/\/blogsaverroes.juntadeandalucia.es\/iessantelmo\/wp-json\/wp\/v2\/pages\/904\/revisions\/905"}],"wp:attachment":[{"href":"https:\/\/blogsaverroes.juntadeandalucia.es\/iessantelmo\/wp-json\/wp\/v2\/media?parent=904"}],"curies":[{"name":"wp","href":"https:\/\/api.w.org\/{rel}","templated":true}]}}