{"id":914,"date":"2021-04-22T18:25:08","date_gmt":"2021-04-22T18:25:08","guid":{"rendered":"https:\/\/blogsaverroes.juntadeandalucia.es\/iessantelmo\/?page_id=914"},"modified":"2021-04-22T18:27:03","modified_gmt":"2021-04-22T18:27:03","slug":"3oa-el-plan-sale-mal","status":"publish","type":"page","link":"https:\/\/blogsaverroes.juntadeandalucia.es\/iessantelmo\/3oa-el-plan-sale-mal\/","title":{"rendered":"3\u00baA  El plan sale mal"},"content":{"rendered":"<p>Para distraer a los simios resolvimos atar unos pl\u00e1tanos a la cabeza de Roc\u00edo y mientras nosotros rescatar\u00edamos a Grilo, pero nuestro plan sali\u00f3 mal, los monos se hab\u00edan comido los pl\u00e1tanos y a Roc\u00edo le hab\u00eda dado un infarto.<\/p>\n<p>De repente, Rosa se acord\u00f3 de que hab\u00eda hecho un cursillo de domadora y se acerc\u00f3 a los simios intentando dominarlos. Mientras tanto, Samari abr\u00eda la jaula para rescatar a Grilo, y Yeray e Ismael pon\u00edan cargas explosivas para destruir el poblado enemigo. S\u00fabitamente apareci\u00f3 una extra\u00f1a persona, era un cient\u00edfico que estaba trasplantando cerebros humanos a monos. Sorprendi\u00f3 a Samari asest\u00e1ndole una pu\u00f1alada en el costado para quedarse con su cerebro pero Grilo se lanz\u00f3 sobre el cient\u00edfico arranc\u00e1ndole los ojos.<\/p>\n<p><a href=\"https:\/\/blogsaverroes.juntadeandalucia.es\/iessantelmo\/3oa-2a-final-feliz\/\">2A Final Feliz <\/a><\/p>\n<p><a href=\"https:\/\/blogsaverroes.juntadeandalucia.es\/iessantelmo\/3oa-2b-final-triste\/\">2B Final Triste<\/a><\/p>\n","protected":false},"excerpt":{"rendered":"<p>Para distraer a los simios resolvimos atar unos pl\u00e1tanos a la cabeza de Roc\u00edo y mientras nosotros rescatar\u00edamos a Grilo, pero nuestro plan sali\u00f3 mal, los monos se hab\u00edan comido los pl\u00e1tanos y a Roc\u00edo&#46;&#46;&#46;<\/p>\n","protected":false},"author":11269,"featured_media":0,"parent":0,"menu_order":0,"comment_status":"closed","ping_status":"closed","template":"","meta":{"ngg_post_thumbnail":0,"footnotes":""},"aioseo_notices":[],"_links":{"self":[{"href":"https:\/\/blogsaverroes.juntadeandalucia.es\/iessantelmo\/wp-json\/wp\/v2\/pages\/914"}],"collection":[{"href":"https:\/\/blogsaverroes.juntadeandalucia.es\/iessantelmo\/wp-json\/wp\/v2\/pages"}],"about":[{"href":"https:\/\/blogsaverroes.juntadeandalucia.es\/iessantelmo\/wp-json\/wp\/v2\/types\/page"}],"author":[{"embeddable":true,"href":"https:\/\/blogsaverroes.juntadeandalucia.es\/iessantelmo\/wp-json\/wp\/v2\/users\/11269"}],"replies":[{"embeddable":true,"href":"https:\/\/blogsaverroes.juntadeandalucia.es\/iessantelmo\/wp-json\/wp\/v2\/comments?post=914"}],"version-history":[{"count":3,"href":"https:\/\/blogsaverroes.juntadeandalucia.es\/iessantelmo\/wp-json\/wp\/v2\/pages\/914\/revisions"}],"predecessor-version":[{"id":920,"href":"https:\/\/blogsaverroes.juntadeandalucia.es\/iessantelmo\/wp-json\/wp\/v2\/pages\/914\/revisions\/920"}],"wp:attachment":[{"href":"https:\/\/blogsaverroes.juntadeandalucia.es\/iessantelmo\/wp-json\/wp\/v2\/media?parent=914"}],"curies":[{"name":"wp","href":"https:\/\/api.w.org\/{rel}","templated":true}]}}