{"id":113,"date":"2015-03-16T08:06:00","date_gmt":"2015-03-16T08:06:00","guid":{"rendered":"http:\/\/blogsaverroes.juntadeandalucia.es\/pre\/ceip\/?page_id=113"},"modified":"2025-05-20T08:13:47","modified_gmt":"2025-05-20T08:13:47","slug":"biblioteca","status":"publish","type":"page","link":"https:\/\/blogsaverroes.juntadeandalucia.es\/iessebastianfernandez\/biblioteca\/","title":{"rendered":"Biblioteca"},"content":{"rendered":"<p>Espacio de gran relevancia en nuestro centro ya que es aqu\u00ed donde, a trav\u00e9s del Plan de Lectura y Biblioteca, se pretende contribuir a establecer las condiciones para que el alumnado pueda alcanzar un desarrollo, de la competencia en comunicaci\u00f3n ling\u00fc\u00edstica, as\u00ed como fomentar el h\u00e1bito y el placer de la lectura. Promueve la lectura en los alumnos y alumnas, y organiza actividades en efem\u00e9rides.<\/p>\n<p>La biblioteca permanecer\u00e1 abierta durante los recreos. Las responsables durante el curso 2024\/2025 son:<\/p>\n<ul>\n<li>Lunes: Isabel Medrano &#8211; M\u00aa Carmen Vaz<\/li>\n<li>Martes: Menchu &#8211; M\u00aa Carmen Vaz<\/li>\n<li>Mi\u00e9rcoles: Menchu &#8211; Isabel Medrano&nbsp;<\/li>\n<li>Jueves: Lourdes &#8211; Mar\u00eda Pino<\/li>\n<li>Viernes: Lourdes &#8211; Mar\u00eda Pino<\/li>\n<\/ul>\n<p><a href=\"https:\/\/blogsaverroes.juntadeandalucia.es\/iessebastianfernandez\/novedades-24-25\/\">\u00daltimas novedades<\/a><\/p>\n<p>Contacta con nosotros en: <a href=\"mailto:biblioteca@iessebfer.net\" target=\"_blank\" rel=\"noopener\">biblioteca@iessebfer.net<\/a><\/p>\n<p><a href=\"https:\/\/blogsaverroes.juntadeandalucia.es\/iessebastianfernandez\/files\/2015\/03\/logo-biblio.jpg\"><img loading=\"lazy\" decoding=\"async\" class=\"size-full wp-image-2502 aligncenter\" src=\"https:\/\/blogsaverroes.juntadeandalucia.es\/iessebastianfernandez\/files\/2015\/03\/logo-biblio.jpg\" alt=\"\" width=\"103\" height=\"170\" srcset=\"https:\/\/blogsaverroes.juntadeandalucia.es\/iessebastianfernandez\/files\/2015\/03\/logo-biblio.jpg 103w, https:\/\/blogsaverroes.juntadeandalucia.es\/iessebastianfernandez\/files\/2015\/03\/logo-biblio-15x24.jpg 15w, https:\/\/blogsaverroes.juntadeandalucia.es\/iessebastianfernandez\/files\/2015\/03\/logo-biblio-22x36.jpg 22w, https:\/\/blogsaverroes.juntadeandalucia.es\/iessebastianfernandez\/files\/2015\/03\/logo-biblio-29x48.jpg 29w\" sizes=\"(max-width: 103px) 85vw, 103px\" \/><\/a><\/p>\n","protected":false},"excerpt":{"rendered":"<p>Espacio de gran relevancia en nuestro centro ya que es aqu\u00ed donde, a trav\u00e9s del Plan de Lectura y Biblioteca, se pretende contribuir a establecer las condiciones para que el alumnado pueda alcanzar un desarrollo, de la competencia en comunicaci\u00f3n ling\u00fc\u00edstica, as\u00ed como fomentar el h\u00e1bito y el placer de la lectura. Promueve la lectura &hellip; <a href=\"https:\/\/blogsaverroes.juntadeandalucia.es\/iessebastianfernandez\/biblioteca\/\" class=\"more-link\">Continuar leyendo<span class=\"screen-reader-text\"> \u00abBiblioteca\u00bb<\/span><\/a><\/p>\n","protected":false},"author":1,"featured_media":2502,"parent":0,"menu_order":0,"comment_status":"closed","ping_status":"open","template":"","meta":{"ngg_post_thumbnail":0,"footnotes":"","_mc_calendar":[]},"aioseo_notices":[],"_links":{"self":[{"href":"https:\/\/blogsaverroes.juntadeandalucia.es\/iessebastianfernandez\/wp-json\/wp\/v2\/pages\/113"}],"collection":[{"href":"https:\/\/blogsaverroes.juntadeandalucia.es\/iessebastianfernandez\/wp-json\/wp\/v2\/pages"}],"about":[{"href":"https:\/\/blogsaverroes.juntadeandalucia.es\/iessebastianfernandez\/wp-json\/wp\/v2\/types\/page"}],"author":[{"embeddable":true,"href":"https:\/\/blogsaverroes.juntadeandalucia.es\/iessebastianfernandez\/wp-json\/wp\/v2\/users\/1"}],"replies":[{"embeddable":true,"href":"https:\/\/blogsaverroes.juntadeandalucia.es\/iessebastianfernandez\/wp-json\/wp\/v2\/comments?post=113"}],"version-history":[{"count":15,"href":"https:\/\/blogsaverroes.juntadeandalucia.es\/iessebastianfernandez\/wp-json\/wp\/v2\/pages\/113\/revisions"}],"predecessor-version":[{"id":3626,"href":"https:\/\/blogsaverroes.juntadeandalucia.es\/iessebastianfernandez\/wp-json\/wp\/v2\/pages\/113\/revisions\/3626"}],"wp:featuredmedia":[{"embeddable":true,"href":"https:\/\/blogsaverroes.juntadeandalucia.es\/iessebastianfernandez\/wp-json\/wp\/v2\/media\/2502"}],"wp:attachment":[{"href":"https:\/\/blogsaverroes.juntadeandalucia.es\/iessebastianfernandez\/wp-json\/wp\/v2\/media?parent=113"}],"curies":[{"name":"wp","href":"https:\/\/api.w.org\/{rel}","templated":true}]}}