{"id":150,"date":"2015-03-17T07:48:04","date_gmt":"2015-03-17T07:48:04","guid":{"rendered":"http:\/\/blogsaverroes.juntadeandalucia.es\/pre\/ceip\/?page_id=150"},"modified":"2025-05-16T07:52:55","modified_gmt":"2025-05-16T07:52:55","slug":"frances","status":"publish","type":"page","link":"https:\/\/blogsaverroes.juntadeandalucia.es\/iessebastianfernandez\/frances\/","title":{"rendered":"Franc\u00e9s"},"content":{"rendered":"<p style=\"text-align: justify\">Bienvenidos al Departamento de Franc\u00e9s del IES Mapi Valle.<\/p>\n<p style=\"text-align: justify\">El aprendizaje de idiomas desempe\u00f1a un papel esencial en el <strong>desarrollo intelectual y humano<\/strong>. Tanto la lengua materna como las extranjeras son, adem\u00e1s de conocimientos propiamente dichos, instrumentos b\u00e1sicos para cultivar inteligencias.<\/p>\n<p style=\"text-align: justify\">Por otro lado, vivimos en un mundo cada vez m\u00e1s <strong>globalizado<\/strong>, por lo que el aprendizaje de una lengua extranjera se ha convertido en un pilar fundamental de nuestro sistema educativo, dado que al aprender una lengua extranjera, contribuimos a la construcci\u00f3n de una identidad europea com\u00fan, favoreciendo el deseo de convertirnos en una <strong>sociedad multicultural<\/strong> y <strong>pluriling\u00fce<\/strong>.<\/p>\n<p style=\"text-align: justify\"><a href=\"https:\/\/blogsaverroes.juntadeandalucia.es\/iessebastianfernandez\/files\/2015\/03\/1.jpg\"><img loading=\"lazy\" decoding=\"async\" class=\"size-medium wp-image-2641 aligncenter\" src=\"https:\/\/blogsaverroes.juntadeandalucia.es\/iessebastianfernandez\/files\/2015\/03\/1-300x282.jpg\" alt=\"\" width=\"300\" height=\"282\" srcset=\"https:\/\/blogsaverroes.juntadeandalucia.es\/iessebastianfernandez\/files\/2015\/03\/1-300x282.jpg 300w, https:\/\/blogsaverroes.juntadeandalucia.es\/iessebastianfernandez\/files\/2015\/03\/1-24x24.jpg 24w, https:\/\/blogsaverroes.juntadeandalucia.es\/iessebastianfernandez\/files\/2015\/03\/1-36x34.jpg 36w, https:\/\/blogsaverroes.juntadeandalucia.es\/iessebastianfernandez\/files\/2015\/03\/1-48x45.jpg 48w, https:\/\/blogsaverroes.juntadeandalucia.es\/iessebastianfernandez\/files\/2015\/03\/1.jpg 467w\" sizes=\"(max-width: 300px) 85vw, 300px\" \/><\/a>Adem\u00e1s, constantemente hacemos ver al alumnado que el Franc\u00e9s se habla en los cinco continentes del mundo, con con unos casi <strong>300 millones de hablantes<\/strong>, ocupando la quinta 5 posici\u00f3n en el ranking de las lenguas m\u00e1s habladas del mundo.<\/p>\n<p><a href=\"https:\/\/blogsaverroes.juntadeandalucia.es\/iessebastianfernandez\/files\/2015\/03\/2.jpg\"><img loading=\"lazy\" decoding=\"async\" class=\"size-medium wp-image-2642 aligncenter\" src=\"https:\/\/blogsaverroes.juntadeandalucia.es\/iessebastianfernandez\/files\/2015\/03\/2-300x221.jpg\" alt=\"\" width=\"300\" height=\"221\" srcset=\"https:\/\/blogsaverroes.juntadeandalucia.es\/iessebastianfernandez\/files\/2015\/03\/2-300x221.jpg 300w, https:\/\/blogsaverroes.juntadeandalucia.es\/iessebastianfernandez\/files\/2015\/03\/2-768x565.jpg 768w, https:\/\/blogsaverroes.juntadeandalucia.es\/iessebastianfernandez\/files\/2015\/03\/2-700x515.jpg 700w, https:\/\/blogsaverroes.juntadeandalucia.es\/iessebastianfernandez\/files\/2015\/03\/2-24x18.jpg 24w, https:\/\/blogsaverroes.juntadeandalucia.es\/iessebastianfernandez\/files\/2015\/03\/2-36x26.jpg 36w, https:\/\/blogsaverroes.juntadeandalucia.es\/iessebastianfernandez\/files\/2015\/03\/2-48x35.jpg 48w, https:\/\/blogsaverroes.juntadeandalucia.es\/iessebastianfernandez\/files\/2015\/03\/2.jpg 822w\" sizes=\"(max-width: 300px) 85vw, 300px\" \/><\/a><\/p>\n<p style=\"text-align: justify\">Por tanto, aprender una lengua no s\u00f3lo supone aprender su gram\u00e1tica y su vocabulario, sino tambi\u00e9n conocer la <strong>cultura<\/strong> y las distintas <strong>costumbres<\/strong> de sus hablantes, y esto es lo que intentamos transmitir en nuestras clases de Franc\u00e9s en IES Mapi Valle, contribuyendo al desarrollo del pluriling\u00fcismo y&nbsp; la multiculturalidad que tan necesarios son en nuestros d\u00edas.<\/p>\n<p><a href=\"https:\/\/blogsaverroes.juntadeandalucia.es\/iessebastianfernandez\/files\/2021\/12\/Programaci\u00f3n-Franc\u00e9s-21-22.pdf\">Programaci\u00f3n Franc\u00e9s 21-22<\/a><\/p>\n","protected":false},"excerpt":{"rendered":"<p>Bienvenidos al Departamento de Franc\u00e9s del IES Mapi Valle. El aprendizaje de idiomas desempe\u00f1a un papel esencial en el desarrollo intelectual y humano. Tanto la lengua materna como las extranjeras son, adem\u00e1s de conocimientos propiamente dichos, instrumentos b\u00e1sicos para cultivar inteligencias. Por otro lado, vivimos en un mundo cada vez m\u00e1s globalizado, por lo que &hellip; <a href=\"https:\/\/blogsaverroes.juntadeandalucia.es\/iessebastianfernandez\/frances\/\" class=\"more-link\">Continuar leyendo<span class=\"screen-reader-text\"> \u00abFranc\u00e9s\u00bb<\/span><\/a><\/p>\n","protected":false},"author":1,"featured_media":0,"parent":0,"menu_order":0,"comment_status":"closed","ping_status":"open","template":"","meta":{"ngg_post_thumbnail":0,"footnotes":"","_mc_calendar":[]},"aioseo_notices":[],"_links":{"self":[{"href":"https:\/\/blogsaverroes.juntadeandalucia.es\/iessebastianfernandez\/wp-json\/wp\/v2\/pages\/150"}],"collection":[{"href":"https:\/\/blogsaverroes.juntadeandalucia.es\/iessebastianfernandez\/wp-json\/wp\/v2\/pages"}],"about":[{"href":"https:\/\/blogsaverroes.juntadeandalucia.es\/iessebastianfernandez\/wp-json\/wp\/v2\/types\/page"}],"author":[{"embeddable":true,"href":"https:\/\/blogsaverroes.juntadeandalucia.es\/iessebastianfernandez\/wp-json\/wp\/v2\/users\/1"}],"replies":[{"embeddable":true,"href":"https:\/\/blogsaverroes.juntadeandalucia.es\/iessebastianfernandez\/wp-json\/wp\/v2\/comments?post=150"}],"version-history":[{"count":11,"href":"https:\/\/blogsaverroes.juntadeandalucia.es\/iessebastianfernandez\/wp-json\/wp\/v2\/pages\/150\/revisions"}],"predecessor-version":[{"id":3608,"href":"https:\/\/blogsaverroes.juntadeandalucia.es\/iessebastianfernandez\/wp-json\/wp\/v2\/pages\/150\/revisions\/3608"}],"wp:attachment":[{"href":"https:\/\/blogsaverroes.juntadeandalucia.es\/iessebastianfernandez\/wp-json\/wp\/v2\/media?parent=150"}],"curies":[{"name":"wp","href":"https:\/\/api.w.org\/{rel}","templated":true}]}}