{"id":162,"date":"2015-03-17T07:51:10","date_gmt":"2015-03-17T07:51:10","guid":{"rendered":"http:\/\/blogsaverroes.juntadeandalucia.es\/pre\/ceip\/?page_id=162"},"modified":"2025-05-16T07:49:59","modified_gmt":"2025-05-16T07:49:59","slug":"tecnologia","status":"publish","type":"page","link":"https:\/\/blogsaverroes.juntadeandalucia.es\/iessebastianfernandez\/tecnologia\/","title":{"rendered":"Tecnolog\u00eda"},"content":{"rendered":"<p><strong><span style=\"font-family: sans-serif\"><span style=\"font-size: medium\"><a href=\"https:\/\/blogsaverroes.juntadeandalucia.es\/iessebastianfernandez\/files\/2015\/03\/engranaje.png\"><img loading=\"lazy\" decoding=\"async\" class=\"size-medium wp-image-2550 aligncenter\" src=\"https:\/\/blogsaverroes.juntadeandalucia.es\/iessebastianfernandez\/files\/2015\/03\/engranaje-300x271.png\" alt=\"\" width=\"300\" height=\"271\" srcset=\"https:\/\/blogsaverroes.juntadeandalucia.es\/iessebastianfernandez\/files\/2015\/03\/engranaje-300x271.png 300w, https:\/\/blogsaverroes.juntadeandalucia.es\/iessebastianfernandez\/files\/2015\/03\/engranaje-768x693.png 768w, https:\/\/blogsaverroes.juntadeandalucia.es\/iessebastianfernandez\/files\/2015\/03\/engranaje-700x632.png 700w, https:\/\/blogsaverroes.juntadeandalucia.es\/iessebastianfernandez\/files\/2015\/03\/engranaje-24x22.png 24w, https:\/\/blogsaverroes.juntadeandalucia.es\/iessebastianfernandez\/files\/2015\/03\/engranaje-36x32.png 36w, https:\/\/blogsaverroes.juntadeandalucia.es\/iessebastianfernandez\/files\/2015\/03\/engranaje-48x43.png 48w, https:\/\/blogsaverroes.juntadeandalucia.es\/iessebastianfernandez\/files\/2015\/03\/engranaje.png 798w\" sizes=\"(max-width: 300px) 85vw, 300px\" \/><\/a>Tecnolog\u00eda<\/span><\/span><\/strong><\/p>\n<p style=\"text-align: justify\">El desarrollo tecnol\u00f3gico configura el mundo actual que conocemos. En muchas ocasiones la <strong>tecnolog\u00eda interact\u00faa<\/strong> en nuestra vida, aunque pasa desapercibida por lo habituados que estamos a ella. Este contexto hace necesaria la formaci\u00f3n de ciudadanos en la <strong>toma de decisiones<\/strong> relacionadas con procesos tecnol\u00f3gicos, con sentido cr\u00edtico, con capacidad de resolver problemas relacionados con ellos y, en definitiva, para utilizar y conocer materiales, procesos y objetos tecnol\u00f3gicos que facilitan la <strong>capacidad de actuar<\/strong> en un entorno tecnificado que mejora la calidad de vida.<\/p>\n<p style=\"text-align: justify\">En la materia Tecnolog\u00eda convergen el conjunto de t\u00e9cnicas que, junto con el apoyo de conocimientos cient\u00edficos y destrezas adquiridas a lo largo de la historia, el ser humano emplea para desarrollar objetos o sistemas que dan <strong>soluci\u00f3n a problemas o necesidades<\/strong>. Es por tanto necesario dar coherencia y completar los aprendizajes asociados al uso de tecnolog\u00edas, realizando un <strong>tratamiento integrado<\/strong> de todas ellas para lograr un uso competente en cada contexto y asociando tareas espec\u00edficas y comunes a todas ellas.<\/p>\n<p style=\"text-align: justify\">La materia de Tecnolog\u00eda aporta al estudiante <strong>\u201csaber c\u00f3mo hacer\u201d<\/strong> al integrar ciencia y t\u00e9cnica, es decir \u201cpor qu\u00e9 se puede hacer\u201d y \u201cc\u00f3mo se puede hacer\u201d. Por tanto, un elemento fundamental de la tecnolog\u00eda es el <strong>car\u00e1cter integrador<\/strong> de diferentes disciplinas con un referente disciplinar com\u00fan basado en un modo ordenado y met\u00f3dico de intervenir en el entorno.<\/p>\n<p>El departamento de Tecnolog\u00eda del I.E.S. Mapi Valle que est\u00e1 compuesto por:<\/p>\n<ul style=\"list-style-type: circle\">\n<li>Marta Bravo Santos<\/li>\n<li>Ignacio Enr\u00edquez<\/li>\n<li>M\u00aa Teresa Callejas<\/li>\n<li>Domingo Nieto&nbsp;<\/li>\n<\/ul>\n<p>Las asignaturas que se imparten son Tecnolog\u00eda Aplicada de 1\u00baESO, Tecnolog\u00eda de 2\u00ba, 3\u00ba y 4\u00baESO, TICs de 4\u00baESO y Computaci\u00f3n y Rob\u00f3tica en 1\u00ba, 2\u00ba y 3\u00ba ESO.<\/p>\n<p style=\"text-align: justify\"><a href=\"https:\/\/blogsaverroes.juntadeandalucia.es\/iessebastianfernandez\/files\/2025\/05\/PD-CyR-2o-3o-y-4o-24-25-completa.pdf\">PD CyR 2\u00ba 3\u00ba y 4\u00ba 24-25 <\/a><\/p>\n<p style=\"text-align: justify\"><a href=\"https:\/\/blogsaverroes.juntadeandalucia.es\/iessebastianfernandez\/files\/2025\/05\/PD-Tecn-4o-24-25-completa.pdf\">PD Tecn 4\u00ba 24-25 <\/a><\/p>\n<p style=\"text-align: justify\"><a href=\"https:\/\/blogsaverroes.juntadeandalucia.es\/iessebastianfernandez\/files\/2025\/05\/PD-TyD-2oy3o-completa.pdf\">PD TyD 2\u00bay3\u00ba<\/a><\/p>\n<p style=\"text-align: justify\">&nbsp;<\/p>\n","protected":false},"excerpt":{"rendered":"<p>Tecnolog\u00eda El desarrollo tecnol\u00f3gico configura el mundo actual que conocemos. En muchas ocasiones la tecnolog\u00eda interact\u00faa en nuestra vida, aunque pasa desapercibida por lo habituados que estamos a ella. Este contexto hace necesaria la formaci\u00f3n de ciudadanos en la toma de decisiones relacionadas con procesos tecnol\u00f3gicos, con sentido cr\u00edtico, con capacidad de resolver problemas relacionados &hellip; <a href=\"https:\/\/blogsaverroes.juntadeandalucia.es\/iessebastianfernandez\/tecnologia\/\" class=\"more-link\">Continuar leyendo<span class=\"screen-reader-text\"> \u00abTecnolog\u00eda\u00bb<\/span><\/a><\/p>\n","protected":false},"author":1,"featured_media":0,"parent":0,"menu_order":0,"comment_status":"closed","ping_status":"open","template":"","meta":{"ngg_post_thumbnail":0,"footnotes":"","_mc_calendar":[]},"aioseo_notices":[],"_links":{"self":[{"href":"https:\/\/blogsaverroes.juntadeandalucia.es\/iessebastianfernandez\/wp-json\/wp\/v2\/pages\/162"}],"collection":[{"href":"https:\/\/blogsaverroes.juntadeandalucia.es\/iessebastianfernandez\/wp-json\/wp\/v2\/pages"}],"about":[{"href":"https:\/\/blogsaverroes.juntadeandalucia.es\/iessebastianfernandez\/wp-json\/wp\/v2\/types\/page"}],"author":[{"embeddable":true,"href":"https:\/\/blogsaverroes.juntadeandalucia.es\/iessebastianfernandez\/wp-json\/wp\/v2\/users\/1"}],"replies":[{"embeddable":true,"href":"https:\/\/blogsaverroes.juntadeandalucia.es\/iessebastianfernandez\/wp-json\/wp\/v2\/comments?post=162"}],"version-history":[{"count":11,"href":"https:\/\/blogsaverroes.juntadeandalucia.es\/iessebastianfernandez\/wp-json\/wp\/v2\/pages\/162\/revisions"}],"predecessor-version":[{"id":3606,"href":"https:\/\/blogsaverroes.juntadeandalucia.es\/iessebastianfernandez\/wp-json\/wp\/v2\/pages\/162\/revisions\/3606"}],"wp:attachment":[{"href":"https:\/\/blogsaverroes.juntadeandalucia.es\/iessebastianfernandez\/wp-json\/wp\/v2\/media?parent=162"}],"curies":[{"name":"wp","href":"https:\/\/api.w.org\/{rel}","templated":true}]}}