{"id":164,"date":"2015-03-17T07:52:28","date_gmt":"2015-03-17T07:52:28","guid":{"rendered":"http:\/\/blogsaverroes.juntadeandalucia.es\/pre\/ceip\/?page_id=164"},"modified":"2025-05-16T07:57:36","modified_gmt":"2025-05-16T07:57:36","slug":"ingles","status":"publish","type":"page","link":"https:\/\/blogsaverroes.juntadeandalucia.es\/iessebastianfernandez\/ingles\/","title":{"rendered":"Ingl\u00e9s"},"content":{"rendered":"<p>&nbsp;&nbsp;<a href=\"https:\/\/blogsaverroes.juntadeandalucia.es\/iessebastianfernandez\/files\/2015\/03\/Logotipo-Biling\u00fce-2.jpg\"><img loading=\"lazy\" decoding=\"async\" class=\"size-medium wp-image-2584 aligncenter\" src=\"https:\/\/blogsaverroes.juntadeandalucia.es\/iessebastianfernandez\/files\/2015\/03\/Logotipo-Biling\u00fce-2-300x212.jpg\" alt=\"\" width=\"300\" height=\"212\" srcset=\"https:\/\/blogsaverroes.juntadeandalucia.es\/iessebastianfernandez\/files\/2015\/03\/Logotipo-Biling\u00fce-2-300x212.jpg 300w, https:\/\/blogsaverroes.juntadeandalucia.es\/iessebastianfernandez\/files\/2015\/03\/Logotipo-Biling\u00fce-2-768x543.jpg 768w, https:\/\/blogsaverroes.juntadeandalucia.es\/iessebastianfernandez\/files\/2015\/03\/Logotipo-Biling\u00fce-2-1024x724.jpg 1024w, https:\/\/blogsaverroes.juntadeandalucia.es\/iessebastianfernandez\/files\/2015\/03\/Logotipo-Biling\u00fce-2-700x495.jpg 700w, https:\/\/blogsaverroes.juntadeandalucia.es\/iessebastianfernandez\/files\/2015\/03\/Logotipo-Biling\u00fce-2-24x17.jpg 24w, https:\/\/blogsaverroes.juntadeandalucia.es\/iessebastianfernandez\/files\/2015\/03\/Logotipo-Biling\u00fce-2-36x25.jpg 36w, https:\/\/blogsaverroes.juntadeandalucia.es\/iessebastianfernandez\/files\/2015\/03\/Logotipo-Biling\u00fce-2-48x34.jpg 48w, https:\/\/blogsaverroes.juntadeandalucia.es\/iessebastianfernandez\/files\/2015\/03\/Logotipo-Biling\u00fce-2.jpg 1600w\" sizes=\"(max-width: 300px) 85vw, 300px\" \/><\/a><\/p>\n<p><strong>Bienvenidos al Departamento de Ingl\u00e9s del IES Mapi Valle<\/strong><\/p>\n<p style=\"text-align: justify\">Desde la aprobaci\u00f3n del <strong>Plan de Fomento del Pluriling\u00fcismo en Andaluc\u00eda, <\/strong>se ha producido un gran cambio en la fisonom\u00eda de los centros andaluces de ense\u00f1anza. La sociedad de nuestros d\u00edas exige a los estudiantes una mejor preparaci\u00f3n en idiomas que les permita enfrentarse a los retos que supone la comunicaci\u00f3n con otras culturas y contar con un curr\u00edculo m\u00e1s amplio a la hora de seguir estudiando o encontrar trabajo.<\/p>\n<p><a href=\"https:\/\/blogsaverroes.juntadeandalucia.es\/iessebastianfernandez\/files\/2015\/03\/lond.jpg\"><img loading=\"lazy\" decoding=\"async\" class=\"size-medium wp-image-2585 aligncenter\" src=\"https:\/\/blogsaverroes.juntadeandalucia.es\/iessebastianfernandez\/files\/2015\/03\/lond-300x198.jpg\" alt=\"\" width=\"300\" height=\"198\" srcset=\"https:\/\/blogsaverroes.juntadeandalucia.es\/iessebastianfernandez\/files\/2015\/03\/lond-300x198.jpg 300w, https:\/\/blogsaverroes.juntadeandalucia.es\/iessebastianfernandez\/files\/2015\/03\/lond-700x463.jpg 700w, https:\/\/blogsaverroes.juntadeandalucia.es\/iessebastianfernandez\/files\/2015\/03\/lond-24x16.jpg 24w, https:\/\/blogsaverroes.juntadeandalucia.es\/iessebastianfernandez\/files\/2015\/03\/lond-36x24.jpg 36w, https:\/\/blogsaverroes.juntadeandalucia.es\/iessebastianfernandez\/files\/2015\/03\/lond-48x32.jpg 48w, https:\/\/blogsaverroes.juntadeandalucia.es\/iessebastianfernandez\/files\/2015\/03\/lond.jpg 750w\" sizes=\"(max-width: 300px) 85vw, 300px\" \/><\/a><\/p>\n<p>Las clases biling\u00fces constituyen una respuesta adaptada a la diversificaci\u00f3n ling\u00fc\u00edstica y cultural de Europa, la movilidad profesional, la cooperaci\u00f3n entre pa\u00edses, la participaci\u00f3n en los programas educativos europeos y la intensificaci\u00f3n de los intercambios escolares y universitarios.<\/p>\n<ul>\n<li style=\"text-align: justify\">El Departamento de Ingl\u00e9s durante el curso 2021-2022 est\u00e1 compuesto por:<br \/>\nJos\u00e9 J. Gonz\u00e1lez (Jefe de Departamento)<br \/>\nMar\u00eda del Carmen Vaz<\/li>\n<li style=\"text-align: justify\">Ver\u00f3nica V\u00e1zquez&nbsp;<\/li>\n<li style=\"text-align: justify\">Lourdes Manzano<\/li>\n<li style=\"text-align: justify\">Santiago Javier Sanchez<br \/>\n<img loading=\"lazy\" decoding=\"async\" class=\"size-full wp-image-2583 aligncenter\" src=\"https:\/\/blogsaverroes.juntadeandalucia.es\/iessebastianfernandez\/files\/2015\/03\/d.png\" alt=\"\" width=\"250\" height=\"246\" srcset=\"https:\/\/blogsaverroes.juntadeandalucia.es\/iessebastianfernandez\/files\/2015\/03\/d.png 250w, https:\/\/blogsaverroes.juntadeandalucia.es\/iessebastianfernandez\/files\/2015\/03\/d-24x24.png 24w, https:\/\/blogsaverroes.juntadeandalucia.es\/iessebastianfernandez\/files\/2015\/03\/d-36x36.png 36w, https:\/\/blogsaverroes.juntadeandalucia.es\/iessebastianfernandez\/files\/2015\/03\/d-48x48.png 48w, https:\/\/blogsaverroes.juntadeandalucia.es\/iessebastianfernandez\/files\/2015\/03\/d-50x50.png 50w\" sizes=\"(max-width: 250px) 85vw, 250px\" \/><\/li>\n<\/ul>\n<p><a href=\"https:\/\/blogsaverroes.juntadeandalucia.es\/iessebastianfernandez\/files\/2025\/05\/Programacion-Ingles-24-25-revisada.pdf\">Programaci\u00f3n Ingl\u00e9s 24-25 <\/a><\/p>\n","protected":false},"excerpt":{"rendered":"<p>&nbsp;&nbsp; Bienvenidos al Departamento de Ingl\u00e9s del IES Mapi Valle Desde la aprobaci\u00f3n del Plan de Fomento del Pluriling\u00fcismo en Andaluc\u00eda, se ha producido un gran cambio en la fisonom\u00eda de los centros andaluces de ense\u00f1anza. La sociedad de nuestros d\u00edas exige a los estudiantes una mejor preparaci\u00f3n en idiomas que les permita enfrentarse a &hellip; <a href=\"https:\/\/blogsaverroes.juntadeandalucia.es\/iessebastianfernandez\/ingles\/\" class=\"more-link\">Continuar leyendo<span class=\"screen-reader-text\"> \u00abIngl\u00e9s\u00bb<\/span><\/a><\/p>\n","protected":false},"author":1,"featured_media":0,"parent":0,"menu_order":0,"comment_status":"closed","ping_status":"open","template":"","meta":{"ngg_post_thumbnail":0,"footnotes":"","_mc_calendar":[]},"aioseo_notices":[],"_links":{"self":[{"href":"https:\/\/blogsaverroes.juntadeandalucia.es\/iessebastianfernandez\/wp-json\/wp\/v2\/pages\/164"}],"collection":[{"href":"https:\/\/blogsaverroes.juntadeandalucia.es\/iessebastianfernandez\/wp-json\/wp\/v2\/pages"}],"about":[{"href":"https:\/\/blogsaverroes.juntadeandalucia.es\/iessebastianfernandez\/wp-json\/wp\/v2\/types\/page"}],"author":[{"embeddable":true,"href":"https:\/\/blogsaverroes.juntadeandalucia.es\/iessebastianfernandez\/wp-json\/wp\/v2\/users\/1"}],"replies":[{"embeddable":true,"href":"https:\/\/blogsaverroes.juntadeandalucia.es\/iessebastianfernandez\/wp-json\/wp\/v2\/comments?post=164"}],"version-history":[{"count":11,"href":"https:\/\/blogsaverroes.juntadeandalucia.es\/iessebastianfernandez\/wp-json\/wp\/v2\/pages\/164\/revisions"}],"predecessor-version":[{"id":3612,"href":"https:\/\/blogsaverroes.juntadeandalucia.es\/iessebastianfernandez\/wp-json\/wp\/v2\/pages\/164\/revisions\/3612"}],"wp:attachment":[{"href":"https:\/\/blogsaverroes.juntadeandalucia.es\/iessebastianfernandez\/wp-json\/wp\/v2\/media?parent=164"}],"curies":[{"name":"wp","href":"https:\/\/api.w.org\/{rel}","templated":true}]}}