{"id":174,"date":"2015-03-17T07:56:14","date_gmt":"2015-03-17T07:56:14","guid":{"rendered":"http:\/\/blogsaverroes.juntadeandalucia.es\/pre\/ceip\/?page_id=174"},"modified":"2025-05-16T07:56:10","modified_gmt":"2025-05-16T07:56:10","slug":"dibujo","status":"publish","type":"page","link":"https:\/\/blogsaverroes.juntadeandalucia.es\/iessebastianfernandez\/dibujo\/","title":{"rendered":"Dibujo"},"content":{"rendered":"<p><a href=\"https:\/\/blogsaverroes.juntadeandalucia.es\/iessebastianfernandez\/files\/2021\/03\/mural-dpto-web.jpg\"><img loading=\"lazy\" decoding=\"async\" class=\"alignnone size-medium wp-image-3324 aligncenter\" src=\"https:\/\/blogsaverroes.juntadeandalucia.es\/iessebastianfernandez\/files\/2021\/03\/mural-dpto-web-201x300.jpg\" alt=\"\" width=\"201\" height=\"300\" srcset=\"https:\/\/blogsaverroes.juntadeandalucia.es\/iessebastianfernandez\/files\/2021\/03\/mural-dpto-web-201x300.jpg 201w, https:\/\/blogsaverroes.juntadeandalucia.es\/iessebastianfernandez\/files\/2021\/03\/mural-dpto-web.jpg 564w\" sizes=\"(max-width: 201px) 85vw, 201px\" \/><\/a>Desde el Departamento de Dibujo del IES Mapi Valle queremos apoyar a nuestros alumnos y alumnas en estos a\u00f1os de crecimiento. Les acompa\u00f1amos ayud\u00e1ndoles a ver, a hacer y a ser. Desde nuestra materia, tan actual y necesaria en este momento hist\u00f3rico queremos desarrollar en el alumnado capacidades perceptivas, expresivas y est\u00e9ticas para comprender, interpretar y ser cr\u00edticos con la realidad, cada vez m\u00e1s configurada como un mundo de im\u00e1genes.<\/p>\n<p>Tambi\u00e9n queremos&nbsp; ayudarles a desarrollar su imaginaci\u00f3n, la creatividad y la inteligencia emocional a trav\u00e9s del uso de recursos pl\u00e1sticos, visuales y audiovisuales como recursos expresivos y contribuir al desarrollo integral del alumnado como personas.<\/p>\n<p><span style=\"text-decoration: underline\">Profesora Curso 2024\/2025:<\/span><\/p>\n<ul>\n<li>M\u00aa del Mar Jim\u00e9nez Gonz\u00e1lez<\/li>\n<\/ul>\n<p style=\"text-align: center\">[youtube https:\/\/www.youtube.com\/watch?v=SRLMGDaBHXM]<\/p>\n<p><a href=\"https:\/\/blogsaverroes.juntadeandalucia.es\/iessebastianfernandez\/files\/2025\/05\/Programacion-Didactica-1oESO_EPVA-revisada.pdf\">Programaci\u00f3n Did\u00e1ctica 1\u00baESO_EPVA<\/a><\/p>\n<p><a href=\"https:\/\/blogsaverroes.juntadeandalucia.es\/iessebastianfernandez\/files\/2025\/05\/Programacion-Didactica-2oESO_PEPA-revisada.pdf\">Programaci\u00f3n Did\u00e1ctica 2\u00baESO_PEPA<\/a><\/p>\n<p><a href=\"https:\/\/blogsaverroes.juntadeandalucia.es\/iessebastianfernandez\/files\/2025\/05\/Programacion-Didactica-3oESO_EPVA-revisada.pdf\">Programaci\u00f3n Did\u00e1ctica 3\u00baESO_EPVA <\/a><\/p>\n","protected":false},"excerpt":{"rendered":"<p>Desde el Departamento de Dibujo del IES Mapi Valle queremos apoyar a nuestros alumnos y alumnas en estos a\u00f1os de crecimiento. Les acompa\u00f1amos ayud\u00e1ndoles a ver, a hacer y a ser. Desde nuestra materia, tan actual y necesaria en este momento hist\u00f3rico queremos desarrollar en el alumnado capacidades perceptivas, expresivas y est\u00e9ticas para comprender, interpretar &hellip; <a href=\"https:\/\/blogsaverroes.juntadeandalucia.es\/iessebastianfernandez\/dibujo\/\" class=\"more-link\">Continuar leyendo<span class=\"screen-reader-text\"> \u00abDibujo\u00bb<\/span><\/a><\/p>\n","protected":false},"author":1,"featured_media":0,"parent":0,"menu_order":0,"comment_status":"closed","ping_status":"open","template":"","meta":{"ngg_post_thumbnail":0,"footnotes":"","_mc_calendar":[]},"aioseo_notices":[],"_links":{"self":[{"href":"https:\/\/blogsaverroes.juntadeandalucia.es\/iessebastianfernandez\/wp-json\/wp\/v2\/pages\/174"}],"collection":[{"href":"https:\/\/blogsaverroes.juntadeandalucia.es\/iessebastianfernandez\/wp-json\/wp\/v2\/pages"}],"about":[{"href":"https:\/\/blogsaverroes.juntadeandalucia.es\/iessebastianfernandez\/wp-json\/wp\/v2\/types\/page"}],"author":[{"embeddable":true,"href":"https:\/\/blogsaverroes.juntadeandalucia.es\/iessebastianfernandez\/wp-json\/wp\/v2\/users\/1"}],"replies":[{"embeddable":true,"href":"https:\/\/blogsaverroes.juntadeandalucia.es\/iessebastianfernandez\/wp-json\/wp\/v2\/comments?post=174"}],"version-history":[{"count":16,"href":"https:\/\/blogsaverroes.juntadeandalucia.es\/iessebastianfernandez\/wp-json\/wp\/v2\/pages\/174\/revisions"}],"predecessor-version":[{"id":3611,"href":"https:\/\/blogsaverroes.juntadeandalucia.es\/iessebastianfernandez\/wp-json\/wp\/v2\/pages\/174\/revisions\/3611"}],"wp:attachment":[{"href":"https:\/\/blogsaverroes.juntadeandalucia.es\/iessebastianfernandez\/wp-json\/wp\/v2\/media?parent=174"}],"curies":[{"name":"wp","href":"https:\/\/api.w.org\/{rel}","templated":true}]}}