{"id":2659,"date":"2019-05-17T07:08:36","date_gmt":"2019-05-17T07:08:36","guid":{"rendered":"https:\/\/blogsaverroes.juntadeandalucia.es\/iessebastianfernandez\/?page_id=2659"},"modified":"2019-06-13T08:13:47","modified_gmt":"2019-06-13T08:13:47","slug":"departamentos","status":"publish","type":"page","link":"https:\/\/blogsaverroes.juntadeandalucia.es\/iessebastianfernandez\/departamentos\/","title":{"rendered":"Departamentos"},"content":{"rendered":"<ul>\n<li><a href=\"https:\/\/blogsaverroes.juntadeandalucia.es\/iessebastianfernandez\/ciencias-de-la-naturaleza\/\">Ciencias de la Naturaleza<\/a><\/li>\n<li><a href=\"https:\/\/blogsaverroes.juntadeandalucia.es\/iessebastianfernandez\/dibujo\/\">Dibujo<\/a><\/li>\n<li><a href=\"https:\/\/blogsaverroes.juntadeandalucia.es\/iessebastianfernandez\/educacion-fisica\/\">Educaci\u00f3n F\u00edsica<\/a><\/li>\n<li><a href=\"https:\/\/blogsaverroes.juntadeandalucia.es\/iessebastianfernandez\/frances\/\">Franc\u00e9s<\/a><\/li>\n<li>Geograf\u00eda e Historia<\/li>\n<li><a href=\"https:\/\/blogsaverroes.juntadeandalucia.es\/iessebastianfernandez\/ingles\/\">Ingl\u00e9s<\/a><\/li>\n<li><a href=\"https:\/\/blogsaverroes.juntadeandalucia.es\/iessebastianfernandez\/lengua\/\">Lengua castellana<\/a><\/li>\n<li><a href=\"https:\/\/blogsaverroes.juntadeandalucia.es\/iessebastianfernandez\/matematicas\/\">Matem\u00e1ticas<\/a><\/li>\n<li>M\u00fasica<\/li>\n<li>Orientaci\u00f3n<\/li>\n<li><a href=\"https:\/\/blogsaverroes.juntadeandalucia.es\/iessebastianfernandez\/tecnologia\/\">Tecnolog\u00eda<\/a><\/li>\n<\/ul>\n","protected":false},"excerpt":{"rendered":"<p>Ciencias de la Naturaleza Dibujo Educaci\u00f3n F\u00edsica Franc\u00e9s Geograf\u00eda e Historia Ingl\u00e9s Lengua castellana Matem\u00e1ticas M\u00fasica Orientaci\u00f3n Tecnolog\u00eda<\/p>\n","protected":false},"author":6758,"featured_media":0,"parent":0,"menu_order":0,"comment_status":"closed","ping_status":"closed","template":"","meta":{"ngg_post_thumbnail":0,"footnotes":"","_mc_calendar":[]},"aioseo_notices":[],"_links":{"self":[{"href":"https:\/\/blogsaverroes.juntadeandalucia.es\/iessebastianfernandez\/wp-json\/wp\/v2\/pages\/2659"}],"collection":[{"href":"https:\/\/blogsaverroes.juntadeandalucia.es\/iessebastianfernandez\/wp-json\/wp\/v2\/pages"}],"about":[{"href":"https:\/\/blogsaverroes.juntadeandalucia.es\/iessebastianfernandez\/wp-json\/wp\/v2\/types\/page"}],"author":[{"embeddable":true,"href":"https:\/\/blogsaverroes.juntadeandalucia.es\/iessebastianfernandez\/wp-json\/wp\/v2\/users\/6758"}],"replies":[{"embeddable":true,"href":"https:\/\/blogsaverroes.juntadeandalucia.es\/iessebastianfernandez\/wp-json\/wp\/v2\/comments?post=2659"}],"version-history":[{"count":2,"href":"https:\/\/blogsaverroes.juntadeandalucia.es\/iessebastianfernandez\/wp-json\/wp\/v2\/pages\/2659\/revisions"}],"predecessor-version":[{"id":2751,"href":"https:\/\/blogsaverroes.juntadeandalucia.es\/iessebastianfernandez\/wp-json\/wp\/v2\/pages\/2659\/revisions\/2751"}],"wp:attachment":[{"href":"https:\/\/blogsaverroes.juntadeandalucia.es\/iessebastianfernandez\/wp-json\/wp\/v2\/media?parent=2659"}],"curies":[{"name":"wp","href":"https:\/\/api.w.org\/{rel}","templated":true}]}}