{"id":2830,"date":"2020-01-22T10:02:26","date_gmt":"2020-01-22T10:02:26","guid":{"rendered":"https:\/\/blogsaverroes.juntadeandalucia.es\/iessebastianfernandez\/?page_id=2830"},"modified":"2022-02-13T16:53:10","modified_gmt":"2022-02-13T16:53:10","slug":"erasmus","status":"publish","type":"page","link":"https:\/\/blogsaverroes.juntadeandalucia.es\/iessebastianfernandez\/erasmus\/","title":{"rendered":"Erasmus+"},"content":{"rendered":"<p style=\"text-align: justify\">Erasmus+ es el programa de la UE para apoyar la educaci\u00f3n, la formaci\u00f3n, la juventud y el deporte en Europa. Con su programa se brindar\u00e1 a m\u00e1s de 4 millones de europeos la oportunidad de estudiar, formarse y adquirir experiencia en el extranjero.<\/p>\n<p style=\"text-align: justify\">Durante el curso 2019-2020 comenzamos nuestra europeizaci\u00f3n a trav\u00e9s de nuestro proyecto Erasmus + \u00abARTICS\u00bb cuyo objetivo es disminuir el absentismo escolar con el apoyo del arte y las TICS.&nbsp;<\/p>\n<p>Debido a la pandemia se demor\u00f3 la finalizaci\u00f3n del mismo, pero hoy podemos decir que \u00a1hemos realizado todas las movilidades! y que estamos&nbsp; preparando nuestra pr\u00f3xima experiencia Erasmus.<\/p>\n<p><a href=\"https:\/\/blogsaverroes.juntadeandalucia.es\/iessebastianfernandez\/files\/2020\/01\/logo-erasmus-plus.png\"><img loading=\"lazy\" decoding=\"async\" class=\"size-medium wp-image-2831 aligncenter\" src=\"https:\/\/blogsaverroes.juntadeandalucia.es\/iessebastianfernandez\/files\/2020\/01\/logo-erasmus-plus-300x61.png\" alt=\"\" width=\"300\" height=\"61\" srcset=\"https:\/\/blogsaverroes.juntadeandalucia.es\/iessebastianfernandez\/files\/2020\/01\/logo-erasmus-plus-300x61.png 300w, https:\/\/blogsaverroes.juntadeandalucia.es\/iessebastianfernandez\/files\/2020\/01\/logo-erasmus-plus-768x157.png 768w, https:\/\/blogsaverroes.juntadeandalucia.es\/iessebastianfernandez\/files\/2020\/01\/logo-erasmus-plus-700x143.png 700w, https:\/\/blogsaverroes.juntadeandalucia.es\/iessebastianfernandez\/files\/2020\/01\/logo-erasmus-plus-24x5.png 24w, https:\/\/blogsaverroes.juntadeandalucia.es\/iessebastianfernandez\/files\/2020\/01\/logo-erasmus-plus-36x7.png 36w, https:\/\/blogsaverroes.juntadeandalucia.es\/iessebastianfernandez\/files\/2020\/01\/logo-erasmus-plus-48x10.png 48w, https:\/\/blogsaverroes.juntadeandalucia.es\/iessebastianfernandez\/files\/2020\/01\/logo-erasmus-plus.png 848w\" sizes=\"(max-width: 300px) 85vw, 300px\" \/><\/a><\/p>\n","protected":false},"excerpt":{"rendered":"<p>Erasmus+ es el programa de la UE para apoyar la educaci\u00f3n, la formaci\u00f3n, la juventud y el deporte en Europa. Con su programa se brindar\u00e1 a m\u00e1s de 4 millones de europeos la oportunidad de estudiar, formarse y adquirir experiencia en el extranjero. Durante el curso 2019-2020 comenzamos nuestra europeizaci\u00f3n a trav\u00e9s de nuestro proyecto &hellip; <a href=\"https:\/\/blogsaverroes.juntadeandalucia.es\/iessebastianfernandez\/erasmus\/\" class=\"more-link\">Continuar leyendo<span class=\"screen-reader-text\"> \u00abErasmus+\u00bb<\/span><\/a><\/p>\n","protected":false},"author":6758,"featured_media":0,"parent":0,"menu_order":0,"comment_status":"closed","ping_status":"closed","template":"","meta":{"ngg_post_thumbnail":0,"footnotes":"","_mc_calendar":[]},"aioseo_notices":[],"_links":{"self":[{"href":"https:\/\/blogsaverroes.juntadeandalucia.es\/iessebastianfernandez\/wp-json\/wp\/v2\/pages\/2830"}],"collection":[{"href":"https:\/\/blogsaverroes.juntadeandalucia.es\/iessebastianfernandez\/wp-json\/wp\/v2\/pages"}],"about":[{"href":"https:\/\/blogsaverroes.juntadeandalucia.es\/iessebastianfernandez\/wp-json\/wp\/v2\/types\/page"}],"author":[{"embeddable":true,"href":"https:\/\/blogsaverroes.juntadeandalucia.es\/iessebastianfernandez\/wp-json\/wp\/v2\/users\/6758"}],"replies":[{"embeddable":true,"href":"https:\/\/blogsaverroes.juntadeandalucia.es\/iessebastianfernandez\/wp-json\/wp\/v2\/comments?post=2830"}],"version-history":[{"count":4,"href":"https:\/\/blogsaverroes.juntadeandalucia.es\/iessebastianfernandez\/wp-json\/wp\/v2\/pages\/2830\/revisions"}],"predecessor-version":[{"id":3488,"href":"https:\/\/blogsaverroes.juntadeandalucia.es\/iessebastianfernandez\/wp-json\/wp\/v2\/pages\/2830\/revisions\/3488"}],"wp:attachment":[{"href":"https:\/\/blogsaverroes.juntadeandalucia.es\/iessebastianfernandez\/wp-json\/wp\/v2\/media?parent=2830"}],"curies":[{"name":"wp","href":"https:\/\/api.w.org\/{rel}","templated":true}]}}