{"id":49,"date":"2015-03-13T08:47:05","date_gmt":"2015-03-13T08:47:05","guid":{"rendered":"http:\/\/blogsaverroes.juntadeandalucia.es\/pre\/ceip\/?page_id=49"},"modified":"2024-02-24T08:21:05","modified_gmt":"2024-02-24T08:21:05","slug":"documentoscentro","status":"publish","type":"page","link":"https:\/\/blogsaverroes.juntadeandalucia.es\/iessebastianfernandez\/documentoscentro\/","title":{"rendered":"Documentos de Centro"},"content":{"rendered":"<p><strong>DOCUMENTOS DE CENTRO<\/strong><\/p>\n<p>A continuaci\u00f3n, puede encontrar los documentos m\u00e1s importantes de nuestro centro. Si necesita utilizar algunos de los anexos, puede descargarlo en el apartado <a href=\"https:\/\/blogsaverroes.juntadeandalucia.es\/iessebastianfernandez\/secretaria\/\" target=\"_blank\" rel=\"noopener noreferrer\">Secretar\u00eda<\/a>.<\/p>\n<ul>\n<li><strong><a href=\"https:\/\/blogsaverroes.juntadeandalucia.es\/iessebastianfernandez\/files\/2015\/03\/ROF-IES-Sebasti\u00e1n-Fern\u00e1ndez.pdf\">ROF IES Sebasti\u00e1n Fern\u00e1ndez<\/a><\/strong><\/li>\n<\/ul>\n","protected":false},"excerpt":{"rendered":"<p>DOCUMENTOS DE CENTRO A continuaci\u00f3n, puede encontrar los documentos m\u00e1s importantes de nuestro centro. Si necesita utilizar algunos de los anexos, puede descargarlo en el apartado Secretar\u00eda. ROF IES Sebasti\u00e1n Fern\u00e1ndez<\/p>\n","protected":false},"author":1,"featured_media":0,"parent":0,"menu_order":0,"comment_status":"closed","ping_status":"open","template":"template-full-width.php","meta":{"ngg_post_thumbnail":0,"footnotes":"","_mc_calendar":[]},"aioseo_notices":[],"_links":{"self":[{"href":"https:\/\/blogsaverroes.juntadeandalucia.es\/iessebastianfernandez\/wp-json\/wp\/v2\/pages\/49"}],"collection":[{"href":"https:\/\/blogsaverroes.juntadeandalucia.es\/iessebastianfernandez\/wp-json\/wp\/v2\/pages"}],"about":[{"href":"https:\/\/blogsaverroes.juntadeandalucia.es\/iessebastianfernandez\/wp-json\/wp\/v2\/types\/page"}],"author":[{"embeddable":true,"href":"https:\/\/blogsaverroes.juntadeandalucia.es\/iessebastianfernandez\/wp-json\/wp\/v2\/users\/1"}],"replies":[{"embeddable":true,"href":"https:\/\/blogsaverroes.juntadeandalucia.es\/iessebastianfernandez\/wp-json\/wp\/v2\/comments?post=49"}],"version-history":[{"count":10,"href":"https:\/\/blogsaverroes.juntadeandalucia.es\/iessebastianfernandez\/wp-json\/wp\/v2\/pages\/49\/revisions"}],"predecessor-version":[{"id":3541,"href":"https:\/\/blogsaverroes.juntadeandalucia.es\/iessebastianfernandez\/wp-json\/wp\/v2\/pages\/49\/revisions\/3541"}],"wp:attachment":[{"href":"https:\/\/blogsaverroes.juntadeandalucia.es\/iessebastianfernandez\/wp-json\/wp\/v2\/media?parent=49"}],"curies":[{"name":"wp","href":"https:\/\/api.w.org\/{rel}","templated":true}]}}