{"id":80,"date":"2015-03-16T06:57:36","date_gmt":"2015-03-16T06:57:36","guid":{"rendered":"http:\/\/blogsaverroes.juntadeandalucia.es\/pre\/ceip\/?page_id=80"},"modified":"2019-05-15T21:35:29","modified_gmt":"2019-05-15T21:35:29","slug":"curso-escolar","status":"publish","type":"page","link":"https:\/\/blogsaverroes.juntadeandalucia.es\/iessebastianfernandez\/curso-escolar\/","title":{"rendered":"Organizaci\u00f3n Educativa"},"content":{"rendered":"<p>P\u00e1gina presentaci\u00f3n del curso escolar actual:<\/p>\n<ul style=\"list-style-type: square\">\n<li><a href=\"https:\/\/blogsaverroes.juntadeandalucia.es\/iessebastianfernandez\/escolarizacion\/\">Escolarizaci\u00f3n<\/a><\/li>\n<li><a href=\"https:\/\/blogsaverroes.juntadeandalucia.es\/iessebastianfernandez\/horarios\/\">Horarios<\/a><\/li>\n<li><a href=\"https:\/\/blogsaverroes.juntadeandalucia.es\/iessebastianfernandez\/calendario\/\">Eventos<\/a><\/li>\n<li><a href=\"https:\/\/blogsaverroes.juntadeandalucia.es\/iessebastianfernandez\/calendario-escolar\/\">Calendario Escolar<\/a><\/li>\n<li><a href=\"https:\/\/blogsaverroes.juntadeandalucia.es\/iessebastianfernandez\/actividades-extraescolares\/\">Actividades extraescolares<\/a><\/li>\n<\/ul>\n<p>&nbsp;<\/p>\n","protected":false},"excerpt":{"rendered":"<p>P\u00e1gina presentaci\u00f3n del curso escolar actual: Escolarizaci\u00f3n Horarios Eventos Calendario Escolar Actividades extraescolares &nbsp;<\/p>\n","protected":false},"author":1,"featured_media":0,"parent":0,"menu_order":0,"comment_status":"closed","ping_status":"open","template":"template-full-width.php","meta":{"ngg_post_thumbnail":0,"footnotes":"","_mc_calendar":[]},"aioseo_notices":[],"_links":{"self":[{"href":"https:\/\/blogsaverroes.juntadeandalucia.es\/iessebastianfernandez\/wp-json\/wp\/v2\/pages\/80"}],"collection":[{"href":"https:\/\/blogsaverroes.juntadeandalucia.es\/iessebastianfernandez\/wp-json\/wp\/v2\/pages"}],"about":[{"href":"https:\/\/blogsaverroes.juntadeandalucia.es\/iessebastianfernandez\/wp-json\/wp\/v2\/types\/page"}],"author":[{"embeddable":true,"href":"https:\/\/blogsaverroes.juntadeandalucia.es\/iessebastianfernandez\/wp-json\/wp\/v2\/users\/1"}],"replies":[{"embeddable":true,"href":"https:\/\/blogsaverroes.juntadeandalucia.es\/iessebastianfernandez\/wp-json\/wp\/v2\/comments?post=80"}],"version-history":[{"count":5,"href":"https:\/\/blogsaverroes.juntadeandalucia.es\/iessebastianfernandez\/wp-json\/wp\/v2\/pages\/80\/revisions"}],"predecessor-version":[{"id":2653,"href":"https:\/\/blogsaverroes.juntadeandalucia.es\/iessebastianfernandez\/wp-json\/wp\/v2\/pages\/80\/revisions\/2653"}],"wp:attachment":[{"href":"https:\/\/blogsaverroes.juntadeandalucia.es\/iessebastianfernandez\/wp-json\/wp\/v2\/media?parent=80"}],"curies":[{"name":"wp","href":"https:\/\/api.w.org\/{rel}","templated":true}]}}