{"id":141,"date":"2015-03-17T07:13:24","date_gmt":"2015-03-17T07:13:24","guid":{"rendered":"http:\/\/blogsaverroes.juntadeandalucia.es\/pre\/ceip\/?page_id=141"},"modified":"2023-03-07T09:54:11","modified_gmt":"2023-03-07T09:54:11","slug":"escolarizacion","status":"publish","type":"page","link":"https:\/\/blogsaverroes.juntadeandalucia.es\/iesseneca\/secretaria\/escolarizacion\/","title":{"rendered":"Escolarizaci\u00f3n: Admisi\u00f3n"},"content":{"rendered":"<div style=\"text-align: justify\"><span style=\"color: #000000\">El plazo para solicitar la admisi\u00f3n en nuestro centro es desde el 1 de marzo al 31 de marzo.<\/span><\/div>\n<div style=\"text-align: justify\">&nbsp;<\/div>\n<div style=\"text-align: justify\"><span style=\"color: #000000\">Procedimiento para presentar la solicitud:<\/span><\/div>\n<div style=\"text-align: justify\">&nbsp;<\/div>\n<div style=\"text-align: justify\"><span style=\"color: #000000\">A) Preferentemente a trav\u00e9s de la \u00abSecretar\u00eda Virtual\u00bb, en el siguiente enlace:<\/span><\/div>\n<div><strong><a href=\"https:\/\/www.juntadeandalucia.es\/educacion\/secretariavirtual\/solicitudes\/\">Presentaci\u00f3n de solicitud<\/a><\/strong><\/div>\n<div style=\"text-align: justify\">&nbsp;<\/div>\n<div style=\"text-align: justify\"><span style=\"color: #000000\">B) Descargar el Modelo de Solicitud, <strong><a href=\"https:\/\/blogsaverroes.juntadeandalucia.es\/iesseneca\/files\/2022\/03\/Anexo-III-Impreso-Solicitud-Admision.pdf\">Anexo III &#8211; Impreso Solicitud Admision<\/a>,<\/strong> rellenar y remitirla al centro por correo electr\u00f3nico a<\/span>&nbsp;<strong><a href=\"http:\/\/14002972.administracion@g.educaand.es\" target=\"_blank\" rel=\"noopener noreferrer\">14002972.administracion@g.educaand.es<\/a><\/strong><span style=\"color: #000000\">, en el plazo previsto.<\/span><\/div>\n<div style=\"text-align: justify\">&nbsp;<\/div>\n<div style=\"text-align: justify\"><span style=\"color: #000000\">C) Descargar el Modelo de Solicitud, <strong><a href=\"https:\/\/blogsaverroes.juntadeandalucia.es\/iesseneca\/files\/2022\/03\/Anexo-III-Impreso-Solicitud-Admision.pdf\">Anexo III &#8211; Impreso Solicitud Admision<\/a>, <\/strong>rellenar y entregarla presencialmente en el centro, sin cita previa, en horario de 10:00 a 13:00 horas.<\/span><\/div>\n<div style=\"text-align: justify\">&nbsp;<\/div>\n<div style=\"text-align: justify\"><span style=\"color: #000000\"><strong>Informaci\u00f3n de inter\u00e9s<\/strong>:<\/span><\/div>\n<div>&nbsp;<\/div>\n<div>a) Direcci\u00f3n web de la Consejer\u00eda con informaci\u00f3n general sobre procedimiento de admisi\u00f3n con<br \/>\nlos criterios de admisi\u00f3n.<\/div>\n<div>&nbsp;<\/div>\n<div><strong><a href=\"https:\/\/www.juntadeandalucia.es\/educacion\/portales\/web\/escolarizacion\/infantil-a-bachillerato\">https:\/\/www.juntadeandalucia.es\/educacion\/portales\/web\/escolarizacion\/infantil-a-bachillerato<\/a> <\/strong><\/div>\n<div>&nbsp;<\/div>\n<div>b) Documento donde se detalla la programaci\u00f3n de la oferta educativa<\/div>\n<div>&nbsp;<\/div>\n<div><a href=\"https:\/\/blogsaverroes.juntadeandalucia.es\/iesseneca\/files\/2023\/03\/b-Programacio\u0301n-de-la-oferta-educativa.pdf\"><strong>Programacio\u0301n de la oferta educativa<\/strong><\/a><\/div>\n<div>&nbsp;<\/div>\n<div>c) \u00c1reas de influencia<\/div>\n<div>&nbsp;<\/div>\n<div><strong><a href=\"https:\/\/blogsaverroes.juntadeandalucia.es\/iesseneca\/files\/2022\/03\/Callejaro-del-a\u0301rea-de-influencia-Secundaria.pdf\">Callejero del a\u0301rea de influencia Secundaria<\/a><\/strong><\/div>\n<div>&nbsp;<\/div>\n<div><strong><a href=\"https:\/\/blogsaverroes.juntadeandalucia.es\/iesseneca\/files\/2022\/03\/Callejero-del-a\u0301rea-de-influencia-Bachillerato.pdf\">Callejero del a\u0301rea de influencia Bachillerato<\/a><\/strong><\/div>\n<div>&nbsp;<\/div>\n<div><strong><a href=\"https:\/\/blogsaverroes.juntadeandalucia.es\/iesseneca\/files\/2022\/03\/Mapa-del-a\u0301rea-de-influencia-Secundaria.pdf\">Mapa del a\u0301rea de influencia Secundaria<\/a><\/strong><\/div>\n<div>&nbsp;<\/div>\n<div><strong><a href=\"https:\/\/blogsaverroes.juntadeandalucia.es\/iesseneca\/files\/2022\/03\/Mapa-del-a\u0301rea-de-influencia-Bachillerato.pdf\">Mapa del a\u0301rea de influencia Bachillerato<\/a><\/strong><\/div>\n<div>&nbsp;<\/div>\n<div>d) y g) Adscripci\u00f3n autorizada con otros centros docentes y Servicio complementario de transporte escolar<\/div>\n<p><strong><a href=\"https:\/\/blogsaverroes.juntadeandalucia.es\/iesseneca\/files\/2023\/03\/d-y-g-Adscripcio\u0301n-autorizada-y-Servicios-complementarios.pdf\">Adscripcio\u0301n autorizada y Servicios complementarios<\/a><\/strong><\/p>\n<p>e) Plan de Centro<\/p>\n<p>Proyecto educativo<\/p>\n<p><strong><a href=\"https:\/\/blogsaverroes.juntadeandalucia.es\/iesseneca\/proyecto-educativo\/\">https:\/\/blogsaverroes.juntadeandalucia.es\/iesseneca\/proyecto-educativo\/<\/a><\/strong><\/p>\n<p>Planes y Programas<\/p>\n<p><strong><a href=\"https:\/\/blogsaverroes.juntadeandalucia.es\/iesseneca\/planes-y-proyectos\/\">https:\/\/blogsaverroes.juntadeandalucia.es\/iesseneca\/planes-y-proyectos\/<\/a><\/strong><\/p>\n<p>f) Recursos para el alumnado con necesidades educativas especiales : No hay ninguno autorizado<\/p>\n<p>h) Normativa vigente de aplicaci\u00f3n del procedimiento.<\/p>\n<p><strong><a href=\"https:\/\/www.juntadeandalucia.es\/educacion\/portales\/web\/escolarizacion\/infantil-a-bachillerato\/normativa\">https:\/\/www.juntadeandalucia.es\/educacion\/portales\/web\/escolarizacion\/infantil-a-bachillerato\/normativa<\/a><\/strong><\/p>\n<p>i) Calendario del procedimiento ordinario de admisi\u00f3n.<\/p>\n<p><strong><a href=\"https:\/\/www.juntadeandalucia.es\/eboja\/2023\/17\/BOJA23-017-00001-1382-01_00276438.pdf\">https:\/\/www.juntadeandalucia.es\/eboja\/2023\/17\/BOJA23-017-00001-1382-01_00276438.pdf<\/a><\/strong><\/p>\n<p>j) Cuadro informativo criterios baremaci\u00f3n<\/p>\n<p><strong><a href=\"https:\/\/blogsaverroes.juntadeandalucia.es\/iesseneca\/files\/2022\/03\/Cuadro-informativo-criterios-baremacio\u0301n-22-23.pdf\">Cuadro informativo criterios baremacio\u0301n<\/a><\/strong><\/p>\n<p>k) Resumen: Nota informativa sobre Tramitaci\u00f3n y Plazos<\/p>\n<p><strong><a href=\"https:\/\/blogsaverroes.juntadeandalucia.es\/iesseneca\/files\/2023\/03\/j-RESUMEN.pdf\">Resumen<\/a><\/strong><\/p>\n<p>&nbsp;<\/p>\n","protected":false},"excerpt":{"rendered":"<p>El plazo para solicitar la admisi\u00f3n en nuestro centro es desde el 1 de marzo al 31 de marzo. &nbsp; Procedimiento para presentar la solicitud: &nbsp; A) Preferentemente a trav\u00e9s de la \u00abSecretar\u00eda Virtual\u00bb,&#46;&#46;&#46;<\/p>\n","protected":false},"author":1,"featured_media":0,"parent":77,"menu_order":0,"comment_status":"open","ping_status":"open","template":"page-templates\/child-menu.php","meta":{"ngg_post_thumbnail":0,"footnotes":"","_mc_calendar":[]},"aioseo_notices":[],"_links":{"self":[{"href":"https:\/\/blogsaverroes.juntadeandalucia.es\/iesseneca\/wp-json\/wp\/v2\/pages\/141"}],"collection":[{"href":"https:\/\/blogsaverroes.juntadeandalucia.es\/iesseneca\/wp-json\/wp\/v2\/pages"}],"about":[{"href":"https:\/\/blogsaverroes.juntadeandalucia.es\/iesseneca\/wp-json\/wp\/v2\/types\/page"}],"author":[{"embeddable":true,"href":"https:\/\/blogsaverroes.juntadeandalucia.es\/iesseneca\/wp-json\/wp\/v2\/users\/1"}],"replies":[{"embeddable":true,"href":"https:\/\/blogsaverroes.juntadeandalucia.es\/iesseneca\/wp-json\/wp\/v2\/comments?post=141"}],"version-history":[{"count":18,"href":"https:\/\/blogsaverroes.juntadeandalucia.es\/iesseneca\/wp-json\/wp\/v2\/pages\/141\/revisions"}],"predecessor-version":[{"id":5547,"href":"https:\/\/blogsaverroes.juntadeandalucia.es\/iesseneca\/wp-json\/wp\/v2\/pages\/141\/revisions\/5547"}],"up":[{"embeddable":true,"href":"https:\/\/blogsaverroes.juntadeandalucia.es\/iesseneca\/wp-json\/wp\/v2\/pages\/77"}],"wp:attachment":[{"href":"https:\/\/blogsaverroes.juntadeandalucia.es\/iesseneca\/wp-json\/wp\/v2\/media?parent=141"}],"curies":[{"name":"wp","href":"https:\/\/api.w.org\/{rel}","templated":true}]}}