{"id":147,"date":"2015-03-17T07:46:52","date_gmt":"2015-03-17T07:46:52","guid":{"rendered":"http:\/\/blogsaverroes.juntadeandalucia.es\/pre\/ceip\/?page_id=147"},"modified":"2024-09-12T06:33:55","modified_gmt":"2024-09-12T06:33:55","slug":"economia","status":"publish","type":"page","link":"https:\/\/blogsaverroes.juntadeandalucia.es\/iesseneca\/economia\/","title":{"rendered":"Econom\u00eda"},"content":{"rendered":"<p><a href=\"https:\/\/blogsaverroes.juntadeandalucia.es\/iesseneca\/files\/2021\/01\/Econom\u00eda-escalado.png\"><img loading=\"lazy\" decoding=\"async\" class=\"wp-image-3177 alignleft\" src=\"https:\/\/blogsaverroes.juntadeandalucia.es\/iesseneca\/files\/2021\/01\/Econom\u00eda-escalado.png\" alt=\"\" width=\"450\" height=\"100\" srcset=\"https:\/\/blogsaverroes.juntadeandalucia.es\/iesseneca\/files\/2021\/01\/Econom\u00eda-escalado.png 1000w, https:\/\/blogsaverroes.juntadeandalucia.es\/iesseneca\/files\/2021\/01\/Econom\u00eda-escalado-300x67.png 300w, https:\/\/blogsaverroes.juntadeandalucia.es\/iesseneca\/files\/2021\/01\/Econom\u00eda-escalado-768x170.png 768w, https:\/\/blogsaverroes.juntadeandalucia.es\/iesseneca\/files\/2021\/01\/Econom\u00eda-escalado-24x5.png 24w, https:\/\/blogsaverroes.juntadeandalucia.es\/iesseneca\/files\/2021\/01\/Econom\u00eda-escalado-36x8.png 36w, https:\/\/blogsaverroes.juntadeandalucia.es\/iesseneca\/files\/2021\/01\/Econom\u00eda-escalado-48x11.png 48w\" sizes=\"(max-width: 450px) 100vw, 450px\" \/><\/a><\/p>\n<p>&nbsp;<\/p>\n<p>&nbsp;<\/p>\n<p>&nbsp;<\/p>\n<p>&nbsp;<\/p>\n<p style=\"text-align: justify\"><span style=\"color: #000000\">Mi nombre es \u00c1ngel Abascal, como responsable del Departamento de Econom\u00eda, es un orgullo para m\u00ed poderme dirigir a toda la comunidad educativa para poder hablar de mi Departamento.<\/span><\/p>\n<p style=\"text-align: justify\"><span style=\"color: #000000\">Los profesores de este Departamento son:<\/span><\/p>\n<ul style=\"text-align: justify\">\n<li><span style=\"color: #000000\">Abascal Estrada, \u00c1ngel.<\/span><\/li>\n<li><span style=\"color: #000000\">Priego Mar\u00edn, Mar\u00eda.<\/span><\/li>\n<li><span style=\"color: #000000\">S\u00e1nchez Naranjo, M\u00aa \u00c1ngeles.<\/span><\/li>\n<\/ul>\n<p style=\"text-align: justify\"><span style=\"color: #000000\">Ya sabemos la gran importancia que tiene a nivel mundial la Econom\u00eda, no hay nada m\u00e1s que ver los medios de comunicaci\u00f3n y la gran influencia que tiene en todos los sectores.<\/span><\/p>\n<p style=\"text-align: justify\"><span style=\"color: #000000\">Los profesores de nuestro Departamento imparten clase en la ESO, Bachilleres (Ciencias Sociales) y M\u00f3dulos Superiores de Obra Civil y Edificaci\u00f3n.<\/span><\/p>\n<p style=\"text-align: justify\"><span style=\"color: #000000\">Nuestro gran objetivo es que salgan bien formados cuando terminen sus estudios.<\/span><\/p>\n<p style=\"text-align: justify\"><span style=\"color: #000000\">Los Bachilleratos los enfocamos para que cuando realicen estudios superiores en la Universidad (\u00e1rea de Econom\u00eda), tengan los suficientes conocimientos para desenvolverse sin ning\u00fan problema.<\/span><\/p>\n<p style=\"text-align: justify\"><span style=\"color: #000000\">Para los Ciclos Superiores, el reto es todav\u00eda m\u00e1s complicado, ya que los alumnos\/as salen preparados para ejercer una actividad laboral.<\/span><\/p>\n<div dir=\"auto\"><span style=\"color: #000000\">El departamento lleva a cabo el programa INNICIA coordinado por M \u00c1ngeles S\u00e1nchez.<\/span><\/div>\n<p style=\"text-align: justify\"><span style=\"color: #000000\">Escribo estas palabras para animaros a que sus hijos\/as vengan a nuestro IES S\u00e9neca a recibir estos estudios.<\/span><\/p>\n<p style=\"text-align: justify\">&nbsp;<\/p>\n<p style=\"text-align: justify\"><div class=\"pt-cv-wrapper\"><div class=\"pt-cv-view pt-cv-grid pt-cv-colsys\" id=\"pt-cv-view-e72bec627u\"><div data-id=\"pt-cv-page-1\" class=\"pt-cv-page cv-npf\" data-cvc=\"2\"><div class=\"col-md-6 col-sm-6 col-xs-12 pt-cv-content-item pt-cv-1-col\" ><div class='pt-cv-ifield'><div class=\"pt-cv-no-post\">No se han encontrado entradas.<\/div><\/div><\/div><\/div><\/div><\/div><\/p>\n","protected":false},"excerpt":{"rendered":"<p>&nbsp; &nbsp; &nbsp; &nbsp; Mi nombre es \u00c1ngel Abascal, como responsable del Departamento de Econom\u00eda, es un orgullo para m\u00ed poderme dirigir a toda la comunidad educativa para poder hablar de mi Departamento. Los&#46;&#46;&#46;<\/p>\n","protected":false},"author":1,"featured_media":0,"parent":0,"menu_order":0,"comment_status":"open","ping_status":"open","template":"page-templates\/child-menu.php","meta":{"ngg_post_thumbnail":0,"footnotes":"","_mc_calendar":[]},"aioseo_notices":[],"_links":{"self":[{"href":"https:\/\/blogsaverroes.juntadeandalucia.es\/iesseneca\/wp-json\/wp\/v2\/pages\/147"}],"collection":[{"href":"https:\/\/blogsaverroes.juntadeandalucia.es\/iesseneca\/wp-json\/wp\/v2\/pages"}],"about":[{"href":"https:\/\/blogsaverroes.juntadeandalucia.es\/iesseneca\/wp-json\/wp\/v2\/types\/page"}],"author":[{"embeddable":true,"href":"https:\/\/blogsaverroes.juntadeandalucia.es\/iesseneca\/wp-json\/wp\/v2\/users\/1"}],"replies":[{"embeddable":true,"href":"https:\/\/blogsaverroes.juntadeandalucia.es\/iesseneca\/wp-json\/wp\/v2\/comments?post=147"}],"version-history":[{"count":26,"href":"https:\/\/blogsaverroes.juntadeandalucia.es\/iesseneca\/wp-json\/wp\/v2\/pages\/147\/revisions"}],"predecessor-version":[{"id":6166,"href":"https:\/\/blogsaverroes.juntadeandalucia.es\/iesseneca\/wp-json\/wp\/v2\/pages\/147\/revisions\/6166"}],"wp:attachment":[{"href":"https:\/\/blogsaverroes.juntadeandalucia.es\/iesseneca\/wp-json\/wp\/v2\/media?parent=147"}],"curies":[{"name":"wp","href":"https:\/\/api.w.org\/{rel}","templated":true}]}}